{"id":21522,"date":"2025-11-12T09:58:05","date_gmt":"2025-11-12T08:58:05","guid":{"rendered":"https:\/\/koster-italia.it\/prodotto\/deep-cleanse-primer-pour-le-cuir-chevelu\/"},"modified":"2025-11-12T10:05:38","modified_gmt":"2025-11-12T09:05:38","slug":"deep-cleanse-primer-pour-le-cuir-chevelu","status":"publish","type":"product","link":"https:\/\/koster-italia.it\/fr\/prodotto\/deep-cleanse-primer-pour-le-cuir-chevelu\/","title":{"rendered":"Deep Cleanse \u2013 Primer pour le cuir chevelu"},"content":{"rendered":"<ul>\n<li style=\"font-weight: 400;\" aria-level=\"1\"><span style=\"font-weight: 400;\">Huile essentielle de thym \u2013 purifiante, antiseptique, r\u00e9\u00e9quilibrante; l\u2019un des actifs les plus appr\u00e9ci\u00e9s par les coiffeurs et les cr\u00e9ateurs<\/span><\/li>\n<li style=\"font-weight: 400;\" aria-level=\"1\"><span style=\"font-weight: 400;\">Avec romarin et lavande: une synergie qui stimule la repousse et am\u00e9liore la sant\u00e9 du cuir chevelu<\/span><\/li>\n<li style=\"font-weight: 400;\" aria-level=\"1\"><span style=\"font-weight: 400;\">Formule professionnelle con\u00e7ue pour amplifier l\u2019efficacit\u00e9 des gammes Nutris, Argan Oil, Hairvive et Phitja<\/span><\/li>\n<\/ul>\n","protected":false},"excerpt":{"rendered":"<p><span style=\"font-weight: 400;\"><strong>Deep Cleanse<\/strong> est le primer professionnel pr\u00e9-shampooing sign\u00e9 Koster. Un v\u00e9ritable reset du cuir chevelu qui amplifie l\u2019efficacit\u00e9 des soins suivants. D\u00e9tox profonde, effet \u00e9quilibrant et fra\u00eecheur durable. C\u2019est la premi\u00e8re \u00e9tape d\u2019un parcours capillaire complet et sensoriel qui \u00e9l\u00e8ve la performance du service en salon.<\/span><\/p>\n<p><span style=\"font-weight: 400;\">150 ml<\/span><\/p>\n","protected":false},"featured_media":21525,"template":"","meta":[],"product_brand":[],"product_cat":[735,736,737,738,739,1647,740,754,741,742],"product_tag":[],"class_list":{"0":"post-21522","1":"product","2":"type-product","3":"status-publish","4":"has-post-thumbnail","6":"product_cat-argan-oil-fr","7":"product_cat-hairvive-fr","8":"product_cat-nutris-balance-fr","9":"product_cat-nutris-color-fr","10":"product_cat-nutris-curl-fr","11":"product_cat-nutris-hydra-fr","12":"product_cat-nutris-nourish-fr","13":"product_cat-nutris-pump-fr","14":"product_cat-nutris-sleek-fr","15":"product_cat-nutris-vital-fr","17":"first","18":"instock","19":"shipping-taxable","20":"product-type-simple"},"yoast_head":"<!-- This site is optimized with the Yoast SEO plugin v26.8 - https:\/\/yoast.com\/product\/yoast-seo-wordpress\/ -->\n<title>Deep Cleanse \u2013 Primer pour le cuir chevelu<\/title>\n<meta name=\"description\" content=\"Deep Cleanse est le primer professionnel pr\u00e9-shampooing sign\u00e9 Koster.\" \/>\n<meta name=\"robots\" content=\"index, follow, max-snippet:-1, max-image-preview:large, max-video-preview:-1\" \/>\n<link rel=\"canonical\" href=\"https:\/\/koster-italia.it\/fr\/prodotto\/deep-cleanse-primer-pour-le-cuir-chevelu\/\" \/>\n<meta property=\"og:locale\" content=\"fr_FR\" \/>\n<meta property=\"og:type\" content=\"article\" \/>\n<meta property=\"og:title\" content=\"Deep Cleanse \u2013 Primer pour le cuir chevelu\" \/>\n<meta property=\"og:description\" content=\"Deep Cleanse est le primer professionnel pr\u00e9-shampooing sign\u00e9 Koster.\" \/>\n<meta property=\"og:url\" content=\"https:\/\/koster-italia.it\/fr\/prodotto\/deep-cleanse-primer-pour-le-cuir-chevelu\/\" \/>\n<meta property=\"og:site_name\" content=\"Koster Italia\" \/>\n<meta property=\"article:modified_time\" content=\"2025-11-12T09:05:38+00:00\" \/>\n<meta property=\"og:image\" content=\"https:\/\/koster-italia.it\/wp-content\/uploads\/2025\/11\/deep-cleanse-150-ml.png\" \/>\n\t<meta property=\"og:image:width\" content=\"600\" \/>\n\t<meta property=\"og:image:height\" content=\"600\" \/>\n\t<meta property=\"og:image:type\" content=\"image\/png\" \/>\n<meta name=\"twitter:card\" content=\"summary_large_image\" \/>\n<meta name=\"twitter:label1\" content=\"Dur\u00e9e de lecture estim\u00e9e\" \/>\n\t<meta name=\"twitter:data1\" content=\"1 minute\" \/>\n<script type=\"application\/ld+json\" class=\"yoast-schema-graph\">{\"@context\":\"https:\/\/schema.org\",\"@graph\":[{\"@type\":\"WebPage\",\"@id\":\"https:\/\/koster-italia.it\/fr\/prodotto\/deep-cleanse-primer-pour-le-cuir-chevelu\/\",\"url\":\"https:\/\/koster-italia.it\/fr\/prodotto\/deep-cleanse-primer-pour-le-cuir-chevelu\/\",\"name\":\"Deep Cleanse \u2013 Primer pour le cuir chevelu\",\"isPartOf\":{\"@id\":\"https:\/\/koster-italia.it\/fr\/#website\"},\"primaryImageOfPage\":{\"@id\":\"https:\/\/koster-italia.it\/fr\/prodotto\/deep-cleanse-primer-pour-le-cuir-chevelu\/#primaryimage\"},\"image\":{\"@id\":\"https:\/\/koster-italia.it\/fr\/prodotto\/deep-cleanse-primer-pour-le-cuir-chevelu\/#primaryimage\"},\"thumbnailUrl\":\"https:\/\/koster-italia.it\/wp-content\/uploads\/2025\/11\/deep-cleanse-150-ml.png\",\"datePublished\":\"2025-11-12T08:58:05+00:00\",\"dateModified\":\"2025-11-12T09:05:38+00:00\",\"description\":\"Deep Cleanse est le primer professionnel pr\u00e9-shampooing sign\u00e9 Koster.\",\"breadcrumb\":{\"@id\":\"https:\/\/koster-italia.it\/fr\/prodotto\/deep-cleanse-primer-pour-le-cuir-chevelu\/#breadcrumb\"},\"inLanguage\":\"fr-FR\",\"potentialAction\":[{\"@type\":\"ReadAction\",\"target\":[\"https:\/\/koster-italia.it\/fr\/prodotto\/deep-cleanse-primer-pour-le-cuir-chevelu\/\"]}]},{\"@type\":\"ImageObject\",\"inLanguage\":\"fr-FR\",\"@id\":\"https:\/\/koster-italia.it\/fr\/prodotto\/deep-cleanse-primer-pour-le-cuir-chevelu\/#primaryimage\",\"url\":\"https:\/\/koster-italia.it\/wp-content\/uploads\/2025\/11\/deep-cleanse-150-ml.png\",\"contentUrl\":\"https:\/\/koster-italia.it\/wp-content\/uploads\/2025\/11\/deep-cleanse-150-ml.png\",\"width\":600,\"height\":600},{\"@type\":\"BreadcrumbList\",\"@id\":\"https:\/\/koster-italia.it\/fr\/prodotto\/deep-cleanse-primer-pour-le-cuir-chevelu\/#breadcrumb\",\"itemListElement\":[{\"@type\":\"ListItem\",\"position\":1,\"name\":\"Home\",\"item\":\"https:\/\/koster-italia.it\/fr\/\"},{\"@type\":\"ListItem\",\"position\":2,\"name\":\"Produits\",\"item\":\"https:\/\/koster-italia.it\/fr\/shop\/\"},{\"@type\":\"ListItem\",\"position\":3,\"name\":\"Deep Cleanse \u2013 Primer pour le cuir chevelu\"}]},{\"@type\":\"WebSite\",\"@id\":\"https:\/\/koster-italia.it\/fr\/#website\",\"url\":\"https:\/\/koster-italia.it\/fr\/\",\"name\":\"Koster Italia\",\"description\":\"Prodotti professionali per parrucchieri\",\"potentialAction\":[{\"@type\":\"SearchAction\",\"target\":{\"@type\":\"EntryPoint\",\"urlTemplate\":\"https:\/\/koster-italia.it\/fr\/?s={search_term_string}\"},\"query-input\":{\"@type\":\"PropertyValueSpecification\",\"valueRequired\":true,\"valueName\":\"search_term_string\"}}],\"inLanguage\":\"fr-FR\"}]}<\/script>\n<!-- \/ Yoast SEO plugin. -->","yoast_head_json":{"title":"Deep Cleanse \u2013 Primer pour le cuir chevelu","description":"Deep Cleanse est le primer professionnel pr\u00e9-shampooing sign\u00e9 Koster.","robots":{"index":"index","follow":"follow","max-snippet":"max-snippet:-1","max-image-preview":"max-image-preview:large","max-video-preview":"max-video-preview:-1"},"canonical":"https:\/\/koster-italia.it\/fr\/prodotto\/deep-cleanse-primer-pour-le-cuir-chevelu\/","og_locale":"fr_FR","og_type":"article","og_title":"Deep Cleanse \u2013 Primer pour le cuir chevelu","og_description":"Deep Cleanse est le primer professionnel pr\u00e9-shampooing sign\u00e9 Koster.","og_url":"https:\/\/koster-italia.it\/fr\/prodotto\/deep-cleanse-primer-pour-le-cuir-chevelu\/","og_site_name":"Koster Italia","article_modified_time":"2025-11-12T09:05:38+00:00","og_image":[{"width":600,"height":600,"url":"https:\/\/koster-italia.it\/wp-content\/uploads\/2025\/11\/deep-cleanse-150-ml.png","type":"image\/png"}],"twitter_card":"summary_large_image","twitter_misc":{"Dur\u00e9e de lecture estim\u00e9e":"1 minute"},"schema":{"@context":"https:\/\/schema.org","@graph":[{"@type":"WebPage","@id":"https:\/\/koster-italia.it\/fr\/prodotto\/deep-cleanse-primer-pour-le-cuir-chevelu\/","url":"https:\/\/koster-italia.it\/fr\/prodotto\/deep-cleanse-primer-pour-le-cuir-chevelu\/","name":"Deep Cleanse \u2013 Primer pour le cuir chevelu","isPartOf":{"@id":"https:\/\/koster-italia.it\/fr\/#website"},"primaryImageOfPage":{"@id":"https:\/\/koster-italia.it\/fr\/prodotto\/deep-cleanse-primer-pour-le-cuir-chevelu\/#primaryimage"},"image":{"@id":"https:\/\/koster-italia.it\/fr\/prodotto\/deep-cleanse-primer-pour-le-cuir-chevelu\/#primaryimage"},"thumbnailUrl":"https:\/\/koster-italia.it\/wp-content\/uploads\/2025\/11\/deep-cleanse-150-ml.png","datePublished":"2025-11-12T08:58:05+00:00","dateModified":"2025-11-12T09:05:38+00:00","description":"Deep Cleanse est le primer professionnel pr\u00e9-shampooing sign\u00e9 Koster.","breadcrumb":{"@id":"https:\/\/koster-italia.it\/fr\/prodotto\/deep-cleanse-primer-pour-le-cuir-chevelu\/#breadcrumb"},"inLanguage":"fr-FR","potentialAction":[{"@type":"ReadAction","target":["https:\/\/koster-italia.it\/fr\/prodotto\/deep-cleanse-primer-pour-le-cuir-chevelu\/"]}]},{"@type":"ImageObject","inLanguage":"fr-FR","@id":"https:\/\/koster-italia.it\/fr\/prodotto\/deep-cleanse-primer-pour-le-cuir-chevelu\/#primaryimage","url":"https:\/\/koster-italia.it\/wp-content\/uploads\/2025\/11\/deep-cleanse-150-ml.png","contentUrl":"https:\/\/koster-italia.it\/wp-content\/uploads\/2025\/11\/deep-cleanse-150-ml.png","width":600,"height":600},{"@type":"BreadcrumbList","@id":"https:\/\/koster-italia.it\/fr\/prodotto\/deep-cleanse-primer-pour-le-cuir-chevelu\/#breadcrumb","itemListElement":[{"@type":"ListItem","position":1,"name":"Home","item":"https:\/\/koster-italia.it\/fr\/"},{"@type":"ListItem","position":2,"name":"Produits","item":"https:\/\/koster-italia.it\/fr\/shop\/"},{"@type":"ListItem","position":3,"name":"Deep Cleanse \u2013 Primer pour le cuir chevelu"}]},{"@type":"WebSite","@id":"https:\/\/koster-italia.it\/fr\/#website","url":"https:\/\/koster-italia.it\/fr\/","name":"Koster Italia","description":"Prodotti professionali per parrucchieri","potentialAction":[{"@type":"SearchAction","target":{"@type":"EntryPoint","urlTemplate":"https:\/\/koster-italia.it\/fr\/?s={search_term_string}"},"query-input":{"@type":"PropertyValueSpecification","valueRequired":true,"valueName":"search_term_string"}}],"inLanguage":"fr-FR"}]}},"_links":{"self":[{"href":"https:\/\/koster-italia.it\/fr\/wp-json\/wp\/v2\/product\/21522","targetHints":{"allow":["GET"]}}],"collection":[{"href":"https:\/\/koster-italia.it\/fr\/wp-json\/wp\/v2\/product"}],"about":[{"href":"https:\/\/koster-italia.it\/fr\/wp-json\/wp\/v2\/types\/product"}],"wp:featuredmedia":[{"embeddable":true,"href":"https:\/\/koster-italia.it\/fr\/wp-json\/wp\/v2\/media\/21525"}],"wp:attachment":[{"href":"https:\/\/koster-italia.it\/fr\/wp-json\/wp\/v2\/media?parent=21522"}],"wp:term":[{"taxonomy":"product_brand","embeddable":true,"href":"https:\/\/koster-italia.it\/fr\/wp-json\/wp\/v2\/product_brand?post=21522"},{"taxonomy":"product_cat","embeddable":true,"href":"https:\/\/koster-italia.it\/fr\/wp-json\/wp\/v2\/product_cat?post=21522"},{"taxonomy":"product_tag","embeddable":true,"href":"https:\/\/koster-italia.it\/fr\/wp-json\/wp\/v2\/product_tag?post=21522"}],"curies":[{"name":"wp","href":"https:\/\/api.w.org\/{rel}","templated":true}]}}