{"id":21436,"date":"2024-11-06T10:14:26","date_gmt":"2024-11-06T09:14:26","guid":{"rendered":"https:\/\/koster-italia.it\/?post_type=product&#038;p=21436"},"modified":"2024-11-06T10:18:22","modified_gmt":"2024-11-06T09:18:22","slug":"koster-wave-up-neutralisant-cosmetique","status":"publish","type":"product","link":"https:\/\/koster-italia.it\/fr\/prodotto\/koster-wave-up-neutralisant-cosmetique\/","title":{"rendered":"Koster Wave Up &#8211; Neutralisant cosm\u00e9tique"},"content":{"rendered":"<p><strong>Fixe l&rsquo;ondulation<\/strong> en \u00e9liminant les r\u00e9sidus alcalins de la permanente.<\/p>\n<p>Formule enrichie en <strong>th\u00e9 vert<\/strong>.<\/p>\n","protected":false},"excerpt":{"rendered":"<p><strong>Lotion<\/strong> sp\u00e9cialement con\u00e7ue pour <strong>fixer la permanente Wave Up<\/strong>.<\/p>\n<p>Gr\u00e2ce \u00e0 sa formule enrichie en <strong>th\u00e9 vert<\/strong>,<strong> elle neutralise les r\u00e9sidus alcalins<\/strong> de la permanente <strong>en fixant les boucles <\/strong>, pour un <strong>r\u00e9sultat optimal<\/strong> et durable.<\/p>\n<p>&nbsp;<\/p>\n<p>Usage professionnel<\/p>\n<p>Format 1000 ml<\/p>\n","protected":false},"featured_media":21440,"template":"","meta":[],"product_brand":[],"product_cat":[724,727],"product_tag":[],"class_list":{"0":"post-21436","1":"product","2":"type-product","3":"status-publish","4":"has-post-thumbnail","6":"product_cat-basic-deco-fr","7":"product_cat-texture-fr","9":"first","10":"instock","11":"shipping-taxable","12":"product-type-simple"},"yoast_head":"<!-- This site is optimized with the Yoast SEO plugin v26.8 - https:\/\/yoast.com\/product\/yoast-seo-wordpress\/ -->\n<title>Koster Wave Up - Neutralisant cosm\u00e9tique<\/title>\n<meta name=\"description\" content=\"Lotion sp\u00e9cialement con\u00e7ue pour fixer la permanente Wave Up. Elle neutralise les r\u00e9sidus alcalins de la permanente en fixant les boucles\" \/>\n<meta name=\"robots\" content=\"index, follow, max-snippet:-1, max-image-preview:large, max-video-preview:-1\" \/>\n<link rel=\"canonical\" href=\"https:\/\/koster-italia.it\/fr\/prodotto\/koster-wave-up-neutralisant-cosmetique\/\" \/>\n<meta property=\"og:locale\" content=\"fr_FR\" \/>\n<meta property=\"og:type\" content=\"article\" \/>\n<meta property=\"og:title\" content=\"Koster Wave Up - Neutralisant cosm\u00e9tique\" \/>\n<meta property=\"og:description\" content=\"Lotion sp\u00e9cialement con\u00e7ue pour fixer la permanente Wave Up. Elle neutralise les r\u00e9sidus alcalins de la permanente en fixant les boucles\" \/>\n<meta property=\"og:url\" content=\"https:\/\/koster-italia.it\/fr\/prodotto\/koster-wave-up-neutralisant-cosmetique\/\" \/>\n<meta property=\"og:site_name\" content=\"Koster Italia\" \/>\n<meta property=\"article:modified_time\" content=\"2024-11-06T09:18:22+00:00\" \/>\n<meta property=\"og:image\" content=\"https:\/\/koster-italia.it\/wp-content\/uploads\/2024\/11\/51016_koster_wave_up_cosmetic_neutralizer_1000ml.png\" \/>\n\t<meta property=\"og:image:width\" content=\"800\" \/>\n\t<meta property=\"og:image:height\" content=\"800\" \/>\n\t<meta property=\"og:image:type\" content=\"image\/png\" \/>\n<meta name=\"twitter:card\" content=\"summary_large_image\" \/>\n<meta name=\"twitter:label1\" content=\"Dur\u00e9e de lecture estim\u00e9e\" \/>\n\t<meta name=\"twitter:data1\" content=\"1 minute\" \/>\n<script type=\"application\/ld+json\" class=\"yoast-schema-graph\">{\"@context\":\"https:\/\/schema.org\",\"@graph\":[{\"@type\":\"WebPage\",\"@id\":\"https:\/\/koster-italia.it\/fr\/prodotto\/koster-wave-up-neutralisant-cosmetique\/\",\"url\":\"https:\/\/koster-italia.it\/fr\/prodotto\/koster-wave-up-neutralisant-cosmetique\/\",\"name\":\"Koster Wave Up - Neutralisant cosm\u00e9tique\",\"isPartOf\":{\"@id\":\"https:\/\/koster-italia.it\/fr\/#website\"},\"primaryImageOfPage\":{\"@id\":\"https:\/\/koster-italia.it\/fr\/prodotto\/koster-wave-up-neutralisant-cosmetique\/#primaryimage\"},\"image\":{\"@id\":\"https:\/\/koster-italia.it\/fr\/prodotto\/koster-wave-up-neutralisant-cosmetique\/#primaryimage\"},\"thumbnailUrl\":\"https:\/\/koster-italia.it\/wp-content\/uploads\/2024\/11\/51016_koster_wave_up_cosmetic_neutralizer_1000ml.png\",\"datePublished\":\"2024-11-06T09:14:26+00:00\",\"dateModified\":\"2024-11-06T09:18:22+00:00\",\"description\":\"Lotion sp\u00e9cialement con\u00e7ue pour fixer la permanente Wave Up. Elle neutralise les r\u00e9sidus alcalins de la permanente en fixant les boucles\",\"breadcrumb\":{\"@id\":\"https:\/\/koster-italia.it\/fr\/prodotto\/koster-wave-up-neutralisant-cosmetique\/#breadcrumb\"},\"inLanguage\":\"fr-FR\",\"potentialAction\":[{\"@type\":\"ReadAction\",\"target\":[\"https:\/\/koster-italia.it\/fr\/prodotto\/koster-wave-up-neutralisant-cosmetique\/\"]}]},{\"@type\":\"ImageObject\",\"inLanguage\":\"fr-FR\",\"@id\":\"https:\/\/koster-italia.it\/fr\/prodotto\/koster-wave-up-neutralisant-cosmetique\/#primaryimage\",\"url\":\"https:\/\/koster-italia.it\/wp-content\/uploads\/2024\/11\/51016_koster_wave_up_cosmetic_neutralizer_1000ml.png\",\"contentUrl\":\"https:\/\/koster-italia.it\/wp-content\/uploads\/2024\/11\/51016_koster_wave_up_cosmetic_neutralizer_1000ml.png\",\"width\":800,\"height\":800},{\"@type\":\"BreadcrumbList\",\"@id\":\"https:\/\/koster-italia.it\/fr\/prodotto\/koster-wave-up-neutralisant-cosmetique\/#breadcrumb\",\"itemListElement\":[{\"@type\":\"ListItem\",\"position\":1,\"name\":\"Home\",\"item\":\"https:\/\/koster-italia.it\/fr\/\"},{\"@type\":\"ListItem\",\"position\":2,\"name\":\"Produits\",\"item\":\"https:\/\/koster-italia.it\/fr\/shop\/\"},{\"@type\":\"ListItem\",\"position\":3,\"name\":\"Koster Wave Up &#8211; Neutralisant cosm\u00e9tique\"}]},{\"@type\":\"WebSite\",\"@id\":\"https:\/\/koster-italia.it\/fr\/#website\",\"url\":\"https:\/\/koster-italia.it\/fr\/\",\"name\":\"Koster Italia\",\"description\":\"Prodotti professionali per parrucchieri\",\"potentialAction\":[{\"@type\":\"SearchAction\",\"target\":{\"@type\":\"EntryPoint\",\"urlTemplate\":\"https:\/\/koster-italia.it\/fr\/?s={search_term_string}\"},\"query-input\":{\"@type\":\"PropertyValueSpecification\",\"valueRequired\":true,\"valueName\":\"search_term_string\"}}],\"inLanguage\":\"fr-FR\"}]}<\/script>\n<!-- \/ Yoast SEO plugin. -->","yoast_head_json":{"title":"Koster Wave Up - Neutralisant cosm\u00e9tique","description":"Lotion sp\u00e9cialement con\u00e7ue pour fixer la permanente Wave Up. Elle neutralise les r\u00e9sidus alcalins de la permanente en fixant les boucles","robots":{"index":"index","follow":"follow","max-snippet":"max-snippet:-1","max-image-preview":"max-image-preview:large","max-video-preview":"max-video-preview:-1"},"canonical":"https:\/\/koster-italia.it\/fr\/prodotto\/koster-wave-up-neutralisant-cosmetique\/","og_locale":"fr_FR","og_type":"article","og_title":"Koster Wave Up - Neutralisant cosm\u00e9tique","og_description":"Lotion sp\u00e9cialement con\u00e7ue pour fixer la permanente Wave Up. Elle neutralise les r\u00e9sidus alcalins de la permanente en fixant les boucles","og_url":"https:\/\/koster-italia.it\/fr\/prodotto\/koster-wave-up-neutralisant-cosmetique\/","og_site_name":"Koster Italia","article_modified_time":"2024-11-06T09:18:22+00:00","og_image":[{"width":800,"height":800,"url":"https:\/\/koster-italia.it\/wp-content\/uploads\/2024\/11\/51016_koster_wave_up_cosmetic_neutralizer_1000ml.png","type":"image\/png"}],"twitter_card":"summary_large_image","twitter_misc":{"Dur\u00e9e de lecture estim\u00e9e":"1 minute"},"schema":{"@context":"https:\/\/schema.org","@graph":[{"@type":"WebPage","@id":"https:\/\/koster-italia.it\/fr\/prodotto\/koster-wave-up-neutralisant-cosmetique\/","url":"https:\/\/koster-italia.it\/fr\/prodotto\/koster-wave-up-neutralisant-cosmetique\/","name":"Koster Wave Up - Neutralisant cosm\u00e9tique","isPartOf":{"@id":"https:\/\/koster-italia.it\/fr\/#website"},"primaryImageOfPage":{"@id":"https:\/\/koster-italia.it\/fr\/prodotto\/koster-wave-up-neutralisant-cosmetique\/#primaryimage"},"image":{"@id":"https:\/\/koster-italia.it\/fr\/prodotto\/koster-wave-up-neutralisant-cosmetique\/#primaryimage"},"thumbnailUrl":"https:\/\/koster-italia.it\/wp-content\/uploads\/2024\/11\/51016_koster_wave_up_cosmetic_neutralizer_1000ml.png","datePublished":"2024-11-06T09:14:26+00:00","dateModified":"2024-11-06T09:18:22+00:00","description":"Lotion sp\u00e9cialement con\u00e7ue pour fixer la permanente Wave Up. Elle neutralise les r\u00e9sidus alcalins de la permanente en fixant les boucles","breadcrumb":{"@id":"https:\/\/koster-italia.it\/fr\/prodotto\/koster-wave-up-neutralisant-cosmetique\/#breadcrumb"},"inLanguage":"fr-FR","potentialAction":[{"@type":"ReadAction","target":["https:\/\/koster-italia.it\/fr\/prodotto\/koster-wave-up-neutralisant-cosmetique\/"]}]},{"@type":"ImageObject","inLanguage":"fr-FR","@id":"https:\/\/koster-italia.it\/fr\/prodotto\/koster-wave-up-neutralisant-cosmetique\/#primaryimage","url":"https:\/\/koster-italia.it\/wp-content\/uploads\/2024\/11\/51016_koster_wave_up_cosmetic_neutralizer_1000ml.png","contentUrl":"https:\/\/koster-italia.it\/wp-content\/uploads\/2024\/11\/51016_koster_wave_up_cosmetic_neutralizer_1000ml.png","width":800,"height":800},{"@type":"BreadcrumbList","@id":"https:\/\/koster-italia.it\/fr\/prodotto\/koster-wave-up-neutralisant-cosmetique\/#breadcrumb","itemListElement":[{"@type":"ListItem","position":1,"name":"Home","item":"https:\/\/koster-italia.it\/fr\/"},{"@type":"ListItem","position":2,"name":"Produits","item":"https:\/\/koster-italia.it\/fr\/shop\/"},{"@type":"ListItem","position":3,"name":"Koster Wave Up &#8211; Neutralisant cosm\u00e9tique"}]},{"@type":"WebSite","@id":"https:\/\/koster-italia.it\/fr\/#website","url":"https:\/\/koster-italia.it\/fr\/","name":"Koster Italia","description":"Prodotti professionali per parrucchieri","potentialAction":[{"@type":"SearchAction","target":{"@type":"EntryPoint","urlTemplate":"https:\/\/koster-italia.it\/fr\/?s={search_term_string}"},"query-input":{"@type":"PropertyValueSpecification","valueRequired":true,"valueName":"search_term_string"}}],"inLanguage":"fr-FR"}]}},"_links":{"self":[{"href":"https:\/\/koster-italia.it\/fr\/wp-json\/wp\/v2\/product\/21436","targetHints":{"allow":["GET"]}}],"collection":[{"href":"https:\/\/koster-italia.it\/fr\/wp-json\/wp\/v2\/product"}],"about":[{"href":"https:\/\/koster-italia.it\/fr\/wp-json\/wp\/v2\/types\/product"}],"wp:featuredmedia":[{"embeddable":true,"href":"https:\/\/koster-italia.it\/fr\/wp-json\/wp\/v2\/media\/21440"}],"wp:attachment":[{"href":"https:\/\/koster-italia.it\/fr\/wp-json\/wp\/v2\/media?parent=21436"}],"wp:term":[{"taxonomy":"product_brand","embeddable":true,"href":"https:\/\/koster-italia.it\/fr\/wp-json\/wp\/v2\/product_brand?post=21436"},{"taxonomy":"product_cat","embeddable":true,"href":"https:\/\/koster-italia.it\/fr\/wp-json\/wp\/v2\/product_cat?post=21436"},{"taxonomy":"product_tag","embeddable":true,"href":"https:\/\/koster-italia.it\/fr\/wp-json\/wp\/v2\/product_tag?post=21436"}],"curies":[{"name":"wp","href":"https:\/\/api.w.org\/{rel}","templated":true}]}}