{"id":21410,"date":"2024-05-28T09:10:51","date_gmt":"2024-05-28T07:10:51","guid":{"rendered":"https:\/\/koster-italia.it\/?post_type=product&#038;p=21410"},"modified":"2024-05-28T09:21:08","modified_gmt":"2024-05-28T07:21:08","slug":"dekolor-plex-poudre-decolorante-compacte-violette","status":"publish","type":"product","link":"https:\/\/koster-italia.it\/fr\/prodotto\/dekolor-plex-poudre-decolorante-compacte-violette\/","title":{"rendered":"Dekolor Plex &#8211; Poudre d\u00e9colorante compacte violette"},"content":{"rendered":"<p>Formule non volatile, pour une utilisation en toute s\u00e9curit\u00e9 sur les cheveux<\/p>\n<p>\u00c9claircissement<strong> jusqu&rsquo;\u00e0 9 tons<\/strong><\/p>\n<p>Ratio<strong> de m\u00e9lange 1:1,5 \u00e0 1:2<\/strong><\/p>\n<p>Temps de pose :<strong> de 20 \u00e0 40\/45 minutes<\/strong><\/p>\n<p>\u00c9mulsion oxydante<strong> 20\/10\/30 vol.<\/strong><\/p>\n","protected":false},"excerpt":{"rendered":"<p>La <strong>poudre d\u00e9colorante violette Dekolor Plex<\/strong> est un produit professionnel \u00e0 base de <strong>Plex<\/strong> et de <strong>prot\u00e9ines de bl\u00e9 hydrolys\u00e9es<\/strong>. Elle est indiqu\u00e9e pour plusieurs <strong>techniques de travail<\/strong>\u00a0: des <strong>m\u00e8ches<\/strong> de couleur au <strong>balayage<\/strong>, en passant par les <strong>effets coup de soleil<\/strong>.<\/p>\n<p>Dekolor Plex est indispensable pour <strong>d\u00e9colorer de mani\u00e8re intense et s\u00fbre<\/strong> gr\u00e2ce \u00e0 sa <strong>formulation non volatile<\/strong> et \u00e0 ses principes actifs\u00a0:<\/p>\n<ul>\n<li>Le <strong>Plex<\/strong> prot\u00e8ge la fibre capillaire pendant la d\u00e9coloration, et assure un <strong>r\u00e9sultat brillant et des cheveux pleins de vitalit\u00e9<\/strong>.<\/li>\n<li>Les <strong>prot\u00e9ines de bl\u00e9 hydrolys\u00e9es<\/strong> garantissent<strong> hydratation et luminosit\u00e9<\/strong> pour un <strong>r\u00e9sultat \u00e9clatant et brillant<\/strong>.<\/li>\n<\/ul>\n<p>Usage professionnel<\/p>\n<p>Format 500 g<\/p>\n","protected":false},"featured_media":21413,"template":"","meta":[],"product_brand":[],"product_cat":[724,725],"product_tag":[],"class_list":{"0":"post-21410","1":"product","2":"type-product","3":"status-publish","4":"has-post-thumbnail","6":"product_cat-basic-deco-fr","7":"product_cat-bleaching-fr","9":"first","10":"instock","11":"shipping-taxable","12":"product-type-simple"},"yoast_head":"<!-- This site is optimized with the Yoast SEO plugin v26.8 - https:\/\/yoast.com\/product\/yoast-seo-wordpress\/ -->\n<title>Dekolor Plex | Poudre d\u00e9colorante compacte violette<\/title>\n<meta name=\"description\" content=\"La poudre d\u00e9colorante violette Dekolor Plex est un produit professionnel \u00e0 base de Plex et de prot\u00e9ines de bl\u00e9 hydrolys\u00e9es.\" \/>\n<meta name=\"robots\" content=\"index, follow, max-snippet:-1, max-image-preview:large, max-video-preview:-1\" \/>\n<link rel=\"canonical\" href=\"https:\/\/koster-italia.it\/fr\/prodotto\/dekolor-plex-poudre-decolorante-compacte-violette\/\" \/>\n<meta property=\"og:locale\" content=\"fr_FR\" \/>\n<meta property=\"og:type\" content=\"article\" \/>\n<meta property=\"og:title\" content=\"Dekolor Plex | Poudre d\u00e9colorante compacte violette\" \/>\n<meta property=\"og:description\" content=\"La poudre d\u00e9colorante violette Dekolor Plex est un produit professionnel \u00e0 base de Plex et de prot\u00e9ines de bl\u00e9 hydrolys\u00e9es.\" \/>\n<meta property=\"og:url\" content=\"https:\/\/koster-italia.it\/fr\/prodotto\/dekolor-plex-poudre-decolorante-compacte-violette\/\" \/>\n<meta property=\"og:site_name\" content=\"Koster Italia\" \/>\n<meta property=\"article:modified_time\" content=\"2024-05-28T07:21:08+00:00\" \/>\n<meta property=\"og:image\" content=\"https:\/\/koster-italia.it\/wp-content\/uploads\/2024\/05\/51018_koster_dekolor_plex_500ml.png\" \/>\n\t<meta property=\"og:image:width\" content=\"800\" \/>\n\t<meta property=\"og:image:height\" content=\"800\" \/>\n\t<meta property=\"og:image:type\" content=\"image\/png\" \/>\n<meta name=\"twitter:card\" content=\"summary_large_image\" \/>\n<meta name=\"twitter:label1\" content=\"Dur\u00e9e de lecture estim\u00e9e\" \/>\n\t<meta name=\"twitter:data1\" content=\"1 minute\" \/>\n<script type=\"application\/ld+json\" class=\"yoast-schema-graph\">{\"@context\":\"https:\/\/schema.org\",\"@graph\":[{\"@type\":\"WebPage\",\"@id\":\"https:\/\/koster-italia.it\/fr\/prodotto\/dekolor-plex-poudre-decolorante-compacte-violette\/\",\"url\":\"https:\/\/koster-italia.it\/fr\/prodotto\/dekolor-plex-poudre-decolorante-compacte-violette\/\",\"name\":\"Dekolor Plex | Poudre d\u00e9colorante compacte violette\",\"isPartOf\":{\"@id\":\"https:\/\/koster-italia.it\/fr\/#website\"},\"primaryImageOfPage\":{\"@id\":\"https:\/\/koster-italia.it\/fr\/prodotto\/dekolor-plex-poudre-decolorante-compacte-violette\/#primaryimage\"},\"image\":{\"@id\":\"https:\/\/koster-italia.it\/fr\/prodotto\/dekolor-plex-poudre-decolorante-compacte-violette\/#primaryimage\"},\"thumbnailUrl\":\"https:\/\/koster-italia.it\/wp-content\/uploads\/2024\/05\/51018_koster_dekolor_plex_500ml.png\",\"datePublished\":\"2024-05-28T07:10:51+00:00\",\"dateModified\":\"2024-05-28T07:21:08+00:00\",\"description\":\"La poudre d\u00e9colorante violette Dekolor Plex est un produit professionnel \u00e0 base de Plex et de prot\u00e9ines de bl\u00e9 hydrolys\u00e9es.\",\"breadcrumb\":{\"@id\":\"https:\/\/koster-italia.it\/fr\/prodotto\/dekolor-plex-poudre-decolorante-compacte-violette\/#breadcrumb\"},\"inLanguage\":\"fr-FR\",\"potentialAction\":[{\"@type\":\"ReadAction\",\"target\":[\"https:\/\/koster-italia.it\/fr\/prodotto\/dekolor-plex-poudre-decolorante-compacte-violette\/\"]}]},{\"@type\":\"ImageObject\",\"inLanguage\":\"fr-FR\",\"@id\":\"https:\/\/koster-italia.it\/fr\/prodotto\/dekolor-plex-poudre-decolorante-compacte-violette\/#primaryimage\",\"url\":\"https:\/\/koster-italia.it\/wp-content\/uploads\/2024\/05\/51018_koster_dekolor_plex_500ml.png\",\"contentUrl\":\"https:\/\/koster-italia.it\/wp-content\/uploads\/2024\/05\/51018_koster_dekolor_plex_500ml.png\",\"width\":800,\"height\":800},{\"@type\":\"BreadcrumbList\",\"@id\":\"https:\/\/koster-italia.it\/fr\/prodotto\/dekolor-plex-poudre-decolorante-compacte-violette\/#breadcrumb\",\"itemListElement\":[{\"@type\":\"ListItem\",\"position\":1,\"name\":\"Home\",\"item\":\"https:\/\/koster-italia.it\/fr\/\"},{\"@type\":\"ListItem\",\"position\":2,\"name\":\"Produits\",\"item\":\"https:\/\/koster-italia.it\/fr\/shop\/\"},{\"@type\":\"ListItem\",\"position\":3,\"name\":\"Dekolor Plex &#8211; Poudre d\u00e9colorante compacte violette\"}]},{\"@type\":\"WebSite\",\"@id\":\"https:\/\/koster-italia.it\/fr\/#website\",\"url\":\"https:\/\/koster-italia.it\/fr\/\",\"name\":\"Koster Italia\",\"description\":\"Prodotti professionali per parrucchieri\",\"potentialAction\":[{\"@type\":\"SearchAction\",\"target\":{\"@type\":\"EntryPoint\",\"urlTemplate\":\"https:\/\/koster-italia.it\/fr\/?s={search_term_string}\"},\"query-input\":{\"@type\":\"PropertyValueSpecification\",\"valueRequired\":true,\"valueName\":\"search_term_string\"}}],\"inLanguage\":\"fr-FR\"}]}<\/script>\n<!-- \/ Yoast SEO plugin. -->","yoast_head_json":{"title":"Dekolor Plex | Poudre d\u00e9colorante compacte violette","description":"La poudre d\u00e9colorante violette Dekolor Plex est un produit professionnel \u00e0 base de Plex et de prot\u00e9ines de bl\u00e9 hydrolys\u00e9es.","robots":{"index":"index","follow":"follow","max-snippet":"max-snippet:-1","max-image-preview":"max-image-preview:large","max-video-preview":"max-video-preview:-1"},"canonical":"https:\/\/koster-italia.it\/fr\/prodotto\/dekolor-plex-poudre-decolorante-compacte-violette\/","og_locale":"fr_FR","og_type":"article","og_title":"Dekolor Plex | Poudre d\u00e9colorante compacte violette","og_description":"La poudre d\u00e9colorante violette Dekolor Plex est un produit professionnel \u00e0 base de Plex et de prot\u00e9ines de bl\u00e9 hydrolys\u00e9es.","og_url":"https:\/\/koster-italia.it\/fr\/prodotto\/dekolor-plex-poudre-decolorante-compacte-violette\/","og_site_name":"Koster Italia","article_modified_time":"2024-05-28T07:21:08+00:00","og_image":[{"width":800,"height":800,"url":"https:\/\/koster-italia.it\/wp-content\/uploads\/2024\/05\/51018_koster_dekolor_plex_500ml.png","type":"image\/png"}],"twitter_card":"summary_large_image","twitter_misc":{"Dur\u00e9e de lecture estim\u00e9e":"1 minute"},"schema":{"@context":"https:\/\/schema.org","@graph":[{"@type":"WebPage","@id":"https:\/\/koster-italia.it\/fr\/prodotto\/dekolor-plex-poudre-decolorante-compacte-violette\/","url":"https:\/\/koster-italia.it\/fr\/prodotto\/dekolor-plex-poudre-decolorante-compacte-violette\/","name":"Dekolor Plex | Poudre d\u00e9colorante compacte violette","isPartOf":{"@id":"https:\/\/koster-italia.it\/fr\/#website"},"primaryImageOfPage":{"@id":"https:\/\/koster-italia.it\/fr\/prodotto\/dekolor-plex-poudre-decolorante-compacte-violette\/#primaryimage"},"image":{"@id":"https:\/\/koster-italia.it\/fr\/prodotto\/dekolor-plex-poudre-decolorante-compacte-violette\/#primaryimage"},"thumbnailUrl":"https:\/\/koster-italia.it\/wp-content\/uploads\/2024\/05\/51018_koster_dekolor_plex_500ml.png","datePublished":"2024-05-28T07:10:51+00:00","dateModified":"2024-05-28T07:21:08+00:00","description":"La poudre d\u00e9colorante violette Dekolor Plex est un produit professionnel \u00e0 base de Plex et de prot\u00e9ines de bl\u00e9 hydrolys\u00e9es.","breadcrumb":{"@id":"https:\/\/koster-italia.it\/fr\/prodotto\/dekolor-plex-poudre-decolorante-compacte-violette\/#breadcrumb"},"inLanguage":"fr-FR","potentialAction":[{"@type":"ReadAction","target":["https:\/\/koster-italia.it\/fr\/prodotto\/dekolor-plex-poudre-decolorante-compacte-violette\/"]}]},{"@type":"ImageObject","inLanguage":"fr-FR","@id":"https:\/\/koster-italia.it\/fr\/prodotto\/dekolor-plex-poudre-decolorante-compacte-violette\/#primaryimage","url":"https:\/\/koster-italia.it\/wp-content\/uploads\/2024\/05\/51018_koster_dekolor_plex_500ml.png","contentUrl":"https:\/\/koster-italia.it\/wp-content\/uploads\/2024\/05\/51018_koster_dekolor_plex_500ml.png","width":800,"height":800},{"@type":"BreadcrumbList","@id":"https:\/\/koster-italia.it\/fr\/prodotto\/dekolor-plex-poudre-decolorante-compacte-violette\/#breadcrumb","itemListElement":[{"@type":"ListItem","position":1,"name":"Home","item":"https:\/\/koster-italia.it\/fr\/"},{"@type":"ListItem","position":2,"name":"Produits","item":"https:\/\/koster-italia.it\/fr\/shop\/"},{"@type":"ListItem","position":3,"name":"Dekolor Plex &#8211; Poudre d\u00e9colorante compacte violette"}]},{"@type":"WebSite","@id":"https:\/\/koster-italia.it\/fr\/#website","url":"https:\/\/koster-italia.it\/fr\/","name":"Koster Italia","description":"Prodotti professionali per parrucchieri","potentialAction":[{"@type":"SearchAction","target":{"@type":"EntryPoint","urlTemplate":"https:\/\/koster-italia.it\/fr\/?s={search_term_string}"},"query-input":{"@type":"PropertyValueSpecification","valueRequired":true,"valueName":"search_term_string"}}],"inLanguage":"fr-FR"}]}},"_links":{"self":[{"href":"https:\/\/koster-italia.it\/fr\/wp-json\/wp\/v2\/product\/21410","targetHints":{"allow":["GET"]}}],"collection":[{"href":"https:\/\/koster-italia.it\/fr\/wp-json\/wp\/v2\/product"}],"about":[{"href":"https:\/\/koster-italia.it\/fr\/wp-json\/wp\/v2\/types\/product"}],"wp:featuredmedia":[{"embeddable":true,"href":"https:\/\/koster-italia.it\/fr\/wp-json\/wp\/v2\/media\/21413"}],"wp:attachment":[{"href":"https:\/\/koster-italia.it\/fr\/wp-json\/wp\/v2\/media?parent=21410"}],"wp:term":[{"taxonomy":"product_brand","embeddable":true,"href":"https:\/\/koster-italia.it\/fr\/wp-json\/wp\/v2\/product_brand?post=21410"},{"taxonomy":"product_cat","embeddable":true,"href":"https:\/\/koster-italia.it\/fr\/wp-json\/wp\/v2\/product_cat?post=21410"},{"taxonomy":"product_tag","embeddable":true,"href":"https:\/\/koster-italia.it\/fr\/wp-json\/wp\/v2\/product_tag?post=21410"}],"curies":[{"name":"wp","href":"https:\/\/api.w.org\/{rel}","templated":true}]}}