{"id":21334,"date":"2024-01-26T17:06:15","date_gmt":"2024-01-26T16:06:15","guid":{"rendered":"https:\/\/koster-italia.it\/?post_type=product&#038;p=21334"},"modified":"2024-01-26T17:07:50","modified_gmt":"2024-01-26T16:07:50","slug":"nutris-hydra-apres-shampooing-adoucissant-pour-lavages-frequents-2","status":"publish","type":"product","link":"https:\/\/koster-italia.it\/fr\/prodotto\/nutris-hydra-apres-shampooing-adoucissant-pour-lavages-frequents-2\/","title":{"rendered":"Nutris Hydra &#8211; Apr\u00e8s-shampooing adoucissant pour lavages fr\u00e9quents"},"content":{"rendered":"<p><b>Extrait de cassis<\/b> : excellente source d&rsquo;acides gras, il agit comme un puissant antioxydant pour rendre les cheveux plus vigoureux et plus brillants.<\/p>\n<p><b>Extrait de safran<\/b> : vos cheveux b\u00e9n\u00e9ficient des propri\u00e9t\u00e9s revitalisantes, anti-oxydantes, purifiantes et anti-inflammatoires des stigmates de safran.<\/p>\n<p>&nbsp;<\/p>\n","protected":false},"excerpt":{"rendered":"<p class=\"p1\">Le baume adoucissant Nutris Hydra poss\u00e8de une <b>formule sans silicone<\/b>, d\u00e9velopp\u00e9e afin d&rsquo;offrir aux cheveux un <b>soin d\u00e9licat et hydratant<\/b>. Sa combinaison unique d&rsquo;<b>extraits de cassis et de safran<\/b> agit en synergie pour apporter de l&rsquo;\u00e9clat et de la docilit\u00e9 \u00e0 vos cheveux, ils sont <b>soyeux et faciles \u00e0 coiffer<\/b>.<\/p>\n<p class=\"p1\">200 ml<\/p>\n","protected":false},"featured_media":21319,"template":"","meta":[],"product_brand":[],"product_cat":[1647,734],"product_tag":[],"class_list":{"0":"post-21334","1":"product","2":"type-product","3":"status-publish","4":"has-post-thumbnail","6":"product_cat-nutris-hydra-fr","7":"product_cat-treatments-fr","9":"first","10":"instock","11":"shipping-taxable","12":"product-type-simple"},"yoast_head":"<!-- This site is optimized with the Yoast SEO plugin v26.8 - https:\/\/yoast.com\/product\/yoast-seo-wordpress\/ -->\n<title>Nutris Hydra - Apr\u00e8s-shampooing adoucissant pour lavages fr\u00e9quents<\/title>\n<meta name=\"description\" content=\"Le baume adoucissant Nutris Hydra poss\u00e8de une formule sans silicone, d\u00e9velopp\u00e9e afin d&#039;offrir aux cheveux un soin d\u00e9licat et hydratant.\" \/>\n<meta name=\"robots\" content=\"index, follow, max-snippet:-1, max-image-preview:large, max-video-preview:-1\" \/>\n<link rel=\"canonical\" href=\"https:\/\/koster-italia.it\/fr\/prodotto\/nutris-hydra-apres-shampooing-adoucissant-pour-lavages-frequents-2\/\" \/>\n<meta property=\"og:locale\" content=\"fr_FR\" \/>\n<meta property=\"og:type\" content=\"article\" \/>\n<meta property=\"og:title\" content=\"Nutris Hydra - Apr\u00e8s-shampooing adoucissant pour lavages fr\u00e9quents\" \/>\n<meta property=\"og:description\" content=\"Le baume adoucissant Nutris Hydra poss\u00e8de une formule sans silicone, d\u00e9velopp\u00e9e afin d&#039;offrir aux cheveux un soin d\u00e9licat et hydratant.\" \/>\n<meta property=\"og:url\" content=\"https:\/\/koster-italia.it\/fr\/prodotto\/nutris-hydra-apres-shampooing-adoucissant-pour-lavages-frequents-2\/\" \/>\n<meta property=\"og:site_name\" content=\"Koster Italia\" \/>\n<meta property=\"article:modified_time\" content=\"2024-01-26T16:07:50+00:00\" \/>\n<meta property=\"og:image\" content=\"https:\/\/koster-italia.it\/wp-content\/uploads\/2024\/01\/52068_koster_nutris_hydra_cream_200ml.png\" \/>\n\t<meta property=\"og:image:width\" content=\"800\" \/>\n\t<meta property=\"og:image:height\" content=\"800\" \/>\n\t<meta property=\"og:image:type\" content=\"image\/png\" \/>\n<meta name=\"twitter:card\" content=\"summary_large_image\" \/>\n<meta name=\"twitter:label1\" content=\"Dur\u00e9e de lecture estim\u00e9e\" \/>\n\t<meta name=\"twitter:data1\" content=\"1 minute\" \/>\n<script type=\"application\/ld+json\" class=\"yoast-schema-graph\">{\"@context\":\"https:\/\/schema.org\",\"@graph\":[{\"@type\":\"WebPage\",\"@id\":\"https:\/\/koster-italia.it\/fr\/prodotto\/nutris-hydra-apres-shampooing-adoucissant-pour-lavages-frequents-2\/\",\"url\":\"https:\/\/koster-italia.it\/fr\/prodotto\/nutris-hydra-apres-shampooing-adoucissant-pour-lavages-frequents-2\/\",\"name\":\"Nutris Hydra - Apr\u00e8s-shampooing adoucissant pour lavages fr\u00e9quents\",\"isPartOf\":{\"@id\":\"https:\/\/koster-italia.it\/fr\/#website\"},\"primaryImageOfPage\":{\"@id\":\"https:\/\/koster-italia.it\/fr\/prodotto\/nutris-hydra-apres-shampooing-adoucissant-pour-lavages-frequents-2\/#primaryimage\"},\"image\":{\"@id\":\"https:\/\/koster-italia.it\/fr\/prodotto\/nutris-hydra-apres-shampooing-adoucissant-pour-lavages-frequents-2\/#primaryimage\"},\"thumbnailUrl\":\"https:\/\/koster-italia.it\/wp-content\/uploads\/2024\/01\/52068_koster_nutris_hydra_cream_200ml.png\",\"datePublished\":\"2024-01-26T16:06:15+00:00\",\"dateModified\":\"2024-01-26T16:07:50+00:00\",\"description\":\"Le baume adoucissant Nutris Hydra poss\u00e8de une formule sans silicone, d\u00e9velopp\u00e9e afin d'offrir aux cheveux un soin d\u00e9licat et hydratant.\",\"breadcrumb\":{\"@id\":\"https:\/\/koster-italia.it\/fr\/prodotto\/nutris-hydra-apres-shampooing-adoucissant-pour-lavages-frequents-2\/#breadcrumb\"},\"inLanguage\":\"fr-FR\",\"potentialAction\":[{\"@type\":\"ReadAction\",\"target\":[\"https:\/\/koster-italia.it\/fr\/prodotto\/nutris-hydra-apres-shampooing-adoucissant-pour-lavages-frequents-2\/\"]}]},{\"@type\":\"ImageObject\",\"inLanguage\":\"fr-FR\",\"@id\":\"https:\/\/koster-italia.it\/fr\/prodotto\/nutris-hydra-apres-shampooing-adoucissant-pour-lavages-frequents-2\/#primaryimage\",\"url\":\"https:\/\/koster-italia.it\/wp-content\/uploads\/2024\/01\/52068_koster_nutris_hydra_cream_200ml.png\",\"contentUrl\":\"https:\/\/koster-italia.it\/wp-content\/uploads\/2024\/01\/52068_koster_nutris_hydra_cream_200ml.png\",\"width\":800,\"height\":800},{\"@type\":\"BreadcrumbList\",\"@id\":\"https:\/\/koster-italia.it\/fr\/prodotto\/nutris-hydra-apres-shampooing-adoucissant-pour-lavages-frequents-2\/#breadcrumb\",\"itemListElement\":[{\"@type\":\"ListItem\",\"position\":1,\"name\":\"Home\",\"item\":\"https:\/\/koster-italia.it\/fr\/\"},{\"@type\":\"ListItem\",\"position\":2,\"name\":\"Produits\",\"item\":\"https:\/\/koster-italia.it\/fr\/shop\/\"},{\"@type\":\"ListItem\",\"position\":3,\"name\":\"Nutris Hydra &#8211; Apr\u00e8s-shampooing adoucissant pour lavages fr\u00e9quents\"}]},{\"@type\":\"WebSite\",\"@id\":\"https:\/\/koster-italia.it\/fr\/#website\",\"url\":\"https:\/\/koster-italia.it\/fr\/\",\"name\":\"Koster Italia\",\"description\":\"Prodotti professionali per parrucchieri\",\"potentialAction\":[{\"@type\":\"SearchAction\",\"target\":{\"@type\":\"EntryPoint\",\"urlTemplate\":\"https:\/\/koster-italia.it\/fr\/?s={search_term_string}\"},\"query-input\":{\"@type\":\"PropertyValueSpecification\",\"valueRequired\":true,\"valueName\":\"search_term_string\"}}],\"inLanguage\":\"fr-FR\"}]}<\/script>\n<!-- \/ Yoast SEO plugin. -->","yoast_head_json":{"title":"Nutris Hydra - Apr\u00e8s-shampooing adoucissant pour lavages fr\u00e9quents","description":"Le baume adoucissant Nutris Hydra poss\u00e8de une formule sans silicone, d\u00e9velopp\u00e9e afin d'offrir aux cheveux un soin d\u00e9licat et hydratant.","robots":{"index":"index","follow":"follow","max-snippet":"max-snippet:-1","max-image-preview":"max-image-preview:large","max-video-preview":"max-video-preview:-1"},"canonical":"https:\/\/koster-italia.it\/fr\/prodotto\/nutris-hydra-apres-shampooing-adoucissant-pour-lavages-frequents-2\/","og_locale":"fr_FR","og_type":"article","og_title":"Nutris Hydra - Apr\u00e8s-shampooing adoucissant pour lavages fr\u00e9quents","og_description":"Le baume adoucissant Nutris Hydra poss\u00e8de une formule sans silicone, d\u00e9velopp\u00e9e afin d'offrir aux cheveux un soin d\u00e9licat et hydratant.","og_url":"https:\/\/koster-italia.it\/fr\/prodotto\/nutris-hydra-apres-shampooing-adoucissant-pour-lavages-frequents-2\/","og_site_name":"Koster Italia","article_modified_time":"2024-01-26T16:07:50+00:00","og_image":[{"width":800,"height":800,"url":"https:\/\/koster-italia.it\/wp-content\/uploads\/2024\/01\/52068_koster_nutris_hydra_cream_200ml.png","type":"image\/png"}],"twitter_card":"summary_large_image","twitter_misc":{"Dur\u00e9e de lecture estim\u00e9e":"1 minute"},"schema":{"@context":"https:\/\/schema.org","@graph":[{"@type":"WebPage","@id":"https:\/\/koster-italia.it\/fr\/prodotto\/nutris-hydra-apres-shampooing-adoucissant-pour-lavages-frequents-2\/","url":"https:\/\/koster-italia.it\/fr\/prodotto\/nutris-hydra-apres-shampooing-adoucissant-pour-lavages-frequents-2\/","name":"Nutris Hydra - Apr\u00e8s-shampooing adoucissant pour lavages fr\u00e9quents","isPartOf":{"@id":"https:\/\/koster-italia.it\/fr\/#website"},"primaryImageOfPage":{"@id":"https:\/\/koster-italia.it\/fr\/prodotto\/nutris-hydra-apres-shampooing-adoucissant-pour-lavages-frequents-2\/#primaryimage"},"image":{"@id":"https:\/\/koster-italia.it\/fr\/prodotto\/nutris-hydra-apres-shampooing-adoucissant-pour-lavages-frequents-2\/#primaryimage"},"thumbnailUrl":"https:\/\/koster-italia.it\/wp-content\/uploads\/2024\/01\/52068_koster_nutris_hydra_cream_200ml.png","datePublished":"2024-01-26T16:06:15+00:00","dateModified":"2024-01-26T16:07:50+00:00","description":"Le baume adoucissant Nutris Hydra poss\u00e8de une formule sans silicone, d\u00e9velopp\u00e9e afin d'offrir aux cheveux un soin d\u00e9licat et hydratant.","breadcrumb":{"@id":"https:\/\/koster-italia.it\/fr\/prodotto\/nutris-hydra-apres-shampooing-adoucissant-pour-lavages-frequents-2\/#breadcrumb"},"inLanguage":"fr-FR","potentialAction":[{"@type":"ReadAction","target":["https:\/\/koster-italia.it\/fr\/prodotto\/nutris-hydra-apres-shampooing-adoucissant-pour-lavages-frequents-2\/"]}]},{"@type":"ImageObject","inLanguage":"fr-FR","@id":"https:\/\/koster-italia.it\/fr\/prodotto\/nutris-hydra-apres-shampooing-adoucissant-pour-lavages-frequents-2\/#primaryimage","url":"https:\/\/koster-italia.it\/wp-content\/uploads\/2024\/01\/52068_koster_nutris_hydra_cream_200ml.png","contentUrl":"https:\/\/koster-italia.it\/wp-content\/uploads\/2024\/01\/52068_koster_nutris_hydra_cream_200ml.png","width":800,"height":800},{"@type":"BreadcrumbList","@id":"https:\/\/koster-italia.it\/fr\/prodotto\/nutris-hydra-apres-shampooing-adoucissant-pour-lavages-frequents-2\/#breadcrumb","itemListElement":[{"@type":"ListItem","position":1,"name":"Home","item":"https:\/\/koster-italia.it\/fr\/"},{"@type":"ListItem","position":2,"name":"Produits","item":"https:\/\/koster-italia.it\/fr\/shop\/"},{"@type":"ListItem","position":3,"name":"Nutris Hydra &#8211; Apr\u00e8s-shampooing adoucissant pour lavages fr\u00e9quents"}]},{"@type":"WebSite","@id":"https:\/\/koster-italia.it\/fr\/#website","url":"https:\/\/koster-italia.it\/fr\/","name":"Koster Italia","description":"Prodotti professionali per parrucchieri","potentialAction":[{"@type":"SearchAction","target":{"@type":"EntryPoint","urlTemplate":"https:\/\/koster-italia.it\/fr\/?s={search_term_string}"},"query-input":{"@type":"PropertyValueSpecification","valueRequired":true,"valueName":"search_term_string"}}],"inLanguage":"fr-FR"}]}},"_links":{"self":[{"href":"https:\/\/koster-italia.it\/fr\/wp-json\/wp\/v2\/product\/21334","targetHints":{"allow":["GET"]}}],"collection":[{"href":"https:\/\/koster-italia.it\/fr\/wp-json\/wp\/v2\/product"}],"about":[{"href":"https:\/\/koster-italia.it\/fr\/wp-json\/wp\/v2\/types\/product"}],"wp:featuredmedia":[{"embeddable":true,"href":"https:\/\/koster-italia.it\/fr\/wp-json\/wp\/v2\/media\/21319"}],"wp:attachment":[{"href":"https:\/\/koster-italia.it\/fr\/wp-json\/wp\/v2\/media?parent=21334"}],"wp:term":[{"taxonomy":"product_brand","embeddable":true,"href":"https:\/\/koster-italia.it\/fr\/wp-json\/wp\/v2\/product_brand?post=21334"},{"taxonomy":"product_cat","embeddable":true,"href":"https:\/\/koster-italia.it\/fr\/wp-json\/wp\/v2\/product_cat?post=21334"},{"taxonomy":"product_tag","embeddable":true,"href":"https:\/\/koster-italia.it\/fr\/wp-json\/wp\/v2\/product_tag?post=21334"}],"curies":[{"name":"wp","href":"https:\/\/api.w.org\/{rel}","templated":true}]}}