{"id":20676,"date":"2023-04-07T09:00:58","date_gmt":"2023-04-07T07:00:58","guid":{"rendered":"https:\/\/koster-italia.it\/?post_type=product&#038;p=20676"},"modified":"2023-03-30T12:30:29","modified_gmt":"2023-03-30T10:30:29","slug":"phitja-baume-aux-extraits-de-mangue-et-daloe-vera","status":"publish","type":"product","link":"https:\/\/koster-italia.it\/fr\/prodotto\/phitja-baume-aux-extraits-de-mangue-et-daloe-vera\/","title":{"rendered":"Phitj\u00e0  \u2013 Baume aux Extraits de Mangue et d&rsquo;Aloe Vera"},"content":{"rendered":"<p><b>Mango<\/b><span style=\"font-weight: 400;\">: exerce une action protectrice et hydratante en reconstituant et en pr\u00e9servant le film hydrolipidique du cuir chevelu et en nourrissant ad\u00e9quatement les cheveux, sans les alourdir.<\/span><\/p>\n<p><b>Aloe Vera<\/b><span style=\"font-weight: 400;\">: plante aux propri\u00e9t\u00e9s apaisantes et r\u00e9g\u00e9n\u00e9rantes reconnues qui aide \u00e0 obtenir des cheveux sains, forts et pleins de vie.\u00a0<\/span><\/p>\n<p><span style=\"font-weight: 400;\">Formulation extr\u00eamement d\u00e9licate, id\u00e9ale pour des lavages fr\u00e9quents.<\/span><\/p>\n","protected":false},"excerpt":{"rendered":"<p><span style=\"font-weight: 400;\">Le <\/span><b>baume Phitj\u00e0 aux extraits de mangue et d&rsquo;aloe vera<\/b><span style=\"font-weight: 400;\"> se caract\u00e9rise par une texture riche et cr\u00e9meuse qui nourrit et hydrate en profondeur les cheveux.<\/span><\/p>\n<p><span style=\"font-weight: 400;\">Sa <\/span><b>formule ultra d\u00e9licate <\/b><span style=\"font-weight: 400;\">aux propri\u00e9t\u00e9s hydratantes et \u00e9mollientes, est id\u00e9al <\/span><b>pour les lavages fr\u00e9quents<\/b><span style=\"font-weight: 400;\">. Le baume Phitj\u00e0 agit dans le plein respect de la tige capillaire, apporte aux <\/span><b>cheveux vigueur et brillance et les rend faciles \u00e0 coiffer.<\/b><\/p>\n<p><span style=\"font-weight: 400;\">Usage professionnel<\/span><\/p>\n<p>&nbsp;<\/p>\n<p><span style=\"font-weight: 400;\">Format 1000 ml<\/span><\/p>\n","protected":false},"featured_media":20673,"template":"","meta":[],"product_brand":[],"product_cat":[732],"product_tag":[],"class_list":{"0":"post-20676","1":"product","2":"type-product","3":"status-publish","4":"has-post-thumbnail","6":"product_cat-salon-fr","8":"first","9":"instock","10":"shipping-taxable","11":"product-type-simple"},"yoast_head":"<!-- This site is optimized with the Yoast SEO plugin v26.8 - https:\/\/yoast.com\/product\/yoast-seo-wordpress\/ -->\n<title>Phitj\u00e0 \u2013 Baume aux Extraits de Mangue et d&#039;Aloe Vera<\/title>\n<meta name=\"description\" content=\"Le baume Phitj\u00e0 aux extraits de mangue et d&#039;aloe vera se caract\u00e9rise par une texture riche et cr\u00e9meuse qui nourrit et hydrate en profondeur les cheveux.\" \/>\n<meta name=\"robots\" content=\"index, follow, max-snippet:-1, max-image-preview:large, max-video-preview:-1\" \/>\n<link rel=\"canonical\" href=\"https:\/\/koster-italia.it\/fr\/prodotto\/phitja-baume-aux-extraits-de-mangue-et-daloe-vera\/\" \/>\n<meta property=\"og:locale\" content=\"fr_FR\" \/>\n<meta property=\"og:type\" content=\"article\" \/>\n<meta property=\"og:title\" content=\"Phitj\u00e0 \u2013 Baume aux Extraits de Mangue et d&#039;Aloe Vera\" \/>\n<meta property=\"og:description\" content=\"Le baume Phitj\u00e0 aux extraits de mangue et d&#039;aloe vera se caract\u00e9rise par une texture riche et cr\u00e9meuse qui nourrit et hydrate en profondeur les cheveux.\" \/>\n<meta property=\"og:url\" content=\"https:\/\/koster-italia.it\/fr\/prodotto\/phitja-baume-aux-extraits-de-mangue-et-daloe-vera\/\" \/>\n<meta property=\"og:site_name\" content=\"Koster Italia\" \/>\n<meta property=\"og:image\" content=\"https:\/\/koster-italia.it\/wp-content\/uploads\/2023\/03\/52057_koster_phitja_conditioner_mango_extract_aloe_vera_1000ml.png\" \/>\n\t<meta property=\"og:image:width\" content=\"600\" \/>\n\t<meta property=\"og:image:height\" content=\"600\" \/>\n\t<meta property=\"og:image:type\" content=\"image\/png\" \/>\n<meta name=\"twitter:card\" content=\"summary_large_image\" \/>\n<meta name=\"twitter:label1\" content=\"Dur\u00e9e de lecture estim\u00e9e\" \/>\n\t<meta name=\"twitter:data1\" content=\"1 minute\" \/>\n<script type=\"application\/ld+json\" class=\"yoast-schema-graph\">{\"@context\":\"https:\/\/schema.org\",\"@graph\":[{\"@type\":\"WebPage\",\"@id\":\"https:\/\/koster-italia.it\/fr\/prodotto\/phitja-baume-aux-extraits-de-mangue-et-daloe-vera\/\",\"url\":\"https:\/\/koster-italia.it\/fr\/prodotto\/phitja-baume-aux-extraits-de-mangue-et-daloe-vera\/\",\"name\":\"Phitj\u00e0 \u2013 Baume aux Extraits de Mangue et d'Aloe Vera\",\"isPartOf\":{\"@id\":\"https:\/\/koster-italia.it\/fr\/#website\"},\"primaryImageOfPage\":{\"@id\":\"https:\/\/koster-italia.it\/fr\/prodotto\/phitja-baume-aux-extraits-de-mangue-et-daloe-vera\/#primaryimage\"},\"image\":{\"@id\":\"https:\/\/koster-italia.it\/fr\/prodotto\/phitja-baume-aux-extraits-de-mangue-et-daloe-vera\/#primaryimage\"},\"thumbnailUrl\":\"https:\/\/koster-italia.it\/wp-content\/uploads\/2023\/03\/52057_koster_phitja_conditioner_mango_extract_aloe_vera_1000ml.png\",\"datePublished\":\"2023-04-07T07:00:58+00:00\",\"description\":\"Le baume Phitj\u00e0 aux extraits de mangue et d'aloe vera se caract\u00e9rise par une texture riche et cr\u00e9meuse qui nourrit et hydrate en profondeur les cheveux.\",\"breadcrumb\":{\"@id\":\"https:\/\/koster-italia.it\/fr\/prodotto\/phitja-baume-aux-extraits-de-mangue-et-daloe-vera\/#breadcrumb\"},\"inLanguage\":\"fr-FR\",\"potentialAction\":[{\"@type\":\"ReadAction\",\"target\":[\"https:\/\/koster-italia.it\/fr\/prodotto\/phitja-baume-aux-extraits-de-mangue-et-daloe-vera\/\"]}]},{\"@type\":\"ImageObject\",\"inLanguage\":\"fr-FR\",\"@id\":\"https:\/\/koster-italia.it\/fr\/prodotto\/phitja-baume-aux-extraits-de-mangue-et-daloe-vera\/#primaryimage\",\"url\":\"https:\/\/koster-italia.it\/wp-content\/uploads\/2023\/03\/52057_koster_phitja_conditioner_mango_extract_aloe_vera_1000ml.png\",\"contentUrl\":\"https:\/\/koster-italia.it\/wp-content\/uploads\/2023\/03\/52057_koster_phitja_conditioner_mango_extract_aloe_vera_1000ml.png\",\"width\":600,\"height\":600,\"caption\":\"balsamo uso frequente\"},{\"@type\":\"BreadcrumbList\",\"@id\":\"https:\/\/koster-italia.it\/fr\/prodotto\/phitja-baume-aux-extraits-de-mangue-et-daloe-vera\/#breadcrumb\",\"itemListElement\":[{\"@type\":\"ListItem\",\"position\":1,\"name\":\"Home\",\"item\":\"https:\/\/koster-italia.it\/fr\/\"},{\"@type\":\"ListItem\",\"position\":2,\"name\":\"Produits\",\"item\":\"https:\/\/koster-italia.it\/fr\/shop\/\"},{\"@type\":\"ListItem\",\"position\":3,\"name\":\"Phitj\u00e0 \u2013 Baume aux Extraits de Mangue et d&#8217;Aloe Vera\"}]},{\"@type\":\"WebSite\",\"@id\":\"https:\/\/koster-italia.it\/fr\/#website\",\"url\":\"https:\/\/koster-italia.it\/fr\/\",\"name\":\"Koster Italia\",\"description\":\"Prodotti professionali per parrucchieri\",\"potentialAction\":[{\"@type\":\"SearchAction\",\"target\":{\"@type\":\"EntryPoint\",\"urlTemplate\":\"https:\/\/koster-italia.it\/fr\/?s={search_term_string}\"},\"query-input\":{\"@type\":\"PropertyValueSpecification\",\"valueRequired\":true,\"valueName\":\"search_term_string\"}}],\"inLanguage\":\"fr-FR\"}]}<\/script>\n<!-- \/ Yoast SEO plugin. -->","yoast_head_json":{"title":"Phitj\u00e0 \u2013 Baume aux Extraits de Mangue et d'Aloe Vera","description":"Le baume Phitj\u00e0 aux extraits de mangue et d'aloe vera se caract\u00e9rise par une texture riche et cr\u00e9meuse qui nourrit et hydrate en profondeur les cheveux.","robots":{"index":"index","follow":"follow","max-snippet":"max-snippet:-1","max-image-preview":"max-image-preview:large","max-video-preview":"max-video-preview:-1"},"canonical":"https:\/\/koster-italia.it\/fr\/prodotto\/phitja-baume-aux-extraits-de-mangue-et-daloe-vera\/","og_locale":"fr_FR","og_type":"article","og_title":"Phitj\u00e0 \u2013 Baume aux Extraits de Mangue et d'Aloe Vera","og_description":"Le baume Phitj\u00e0 aux extraits de mangue et d'aloe vera se caract\u00e9rise par une texture riche et cr\u00e9meuse qui nourrit et hydrate en profondeur les cheveux.","og_url":"https:\/\/koster-italia.it\/fr\/prodotto\/phitja-baume-aux-extraits-de-mangue-et-daloe-vera\/","og_site_name":"Koster Italia","og_image":[{"width":600,"height":600,"url":"https:\/\/koster-italia.it\/wp-content\/uploads\/2023\/03\/52057_koster_phitja_conditioner_mango_extract_aloe_vera_1000ml.png","type":"image\/png"}],"twitter_card":"summary_large_image","twitter_misc":{"Dur\u00e9e de lecture estim\u00e9e":"1 minute"},"schema":{"@context":"https:\/\/schema.org","@graph":[{"@type":"WebPage","@id":"https:\/\/koster-italia.it\/fr\/prodotto\/phitja-baume-aux-extraits-de-mangue-et-daloe-vera\/","url":"https:\/\/koster-italia.it\/fr\/prodotto\/phitja-baume-aux-extraits-de-mangue-et-daloe-vera\/","name":"Phitj\u00e0 \u2013 Baume aux Extraits de Mangue et d'Aloe Vera","isPartOf":{"@id":"https:\/\/koster-italia.it\/fr\/#website"},"primaryImageOfPage":{"@id":"https:\/\/koster-italia.it\/fr\/prodotto\/phitja-baume-aux-extraits-de-mangue-et-daloe-vera\/#primaryimage"},"image":{"@id":"https:\/\/koster-italia.it\/fr\/prodotto\/phitja-baume-aux-extraits-de-mangue-et-daloe-vera\/#primaryimage"},"thumbnailUrl":"https:\/\/koster-italia.it\/wp-content\/uploads\/2023\/03\/52057_koster_phitja_conditioner_mango_extract_aloe_vera_1000ml.png","datePublished":"2023-04-07T07:00:58+00:00","description":"Le baume Phitj\u00e0 aux extraits de mangue et d'aloe vera se caract\u00e9rise par une texture riche et cr\u00e9meuse qui nourrit et hydrate en profondeur les cheveux.","breadcrumb":{"@id":"https:\/\/koster-italia.it\/fr\/prodotto\/phitja-baume-aux-extraits-de-mangue-et-daloe-vera\/#breadcrumb"},"inLanguage":"fr-FR","potentialAction":[{"@type":"ReadAction","target":["https:\/\/koster-italia.it\/fr\/prodotto\/phitja-baume-aux-extraits-de-mangue-et-daloe-vera\/"]}]},{"@type":"ImageObject","inLanguage":"fr-FR","@id":"https:\/\/koster-italia.it\/fr\/prodotto\/phitja-baume-aux-extraits-de-mangue-et-daloe-vera\/#primaryimage","url":"https:\/\/koster-italia.it\/wp-content\/uploads\/2023\/03\/52057_koster_phitja_conditioner_mango_extract_aloe_vera_1000ml.png","contentUrl":"https:\/\/koster-italia.it\/wp-content\/uploads\/2023\/03\/52057_koster_phitja_conditioner_mango_extract_aloe_vera_1000ml.png","width":600,"height":600,"caption":"balsamo uso frequente"},{"@type":"BreadcrumbList","@id":"https:\/\/koster-italia.it\/fr\/prodotto\/phitja-baume-aux-extraits-de-mangue-et-daloe-vera\/#breadcrumb","itemListElement":[{"@type":"ListItem","position":1,"name":"Home","item":"https:\/\/koster-italia.it\/fr\/"},{"@type":"ListItem","position":2,"name":"Produits","item":"https:\/\/koster-italia.it\/fr\/shop\/"},{"@type":"ListItem","position":3,"name":"Phitj\u00e0 \u2013 Baume aux Extraits de Mangue et d&#8217;Aloe Vera"}]},{"@type":"WebSite","@id":"https:\/\/koster-italia.it\/fr\/#website","url":"https:\/\/koster-italia.it\/fr\/","name":"Koster Italia","description":"Prodotti professionali per parrucchieri","potentialAction":[{"@type":"SearchAction","target":{"@type":"EntryPoint","urlTemplate":"https:\/\/koster-italia.it\/fr\/?s={search_term_string}"},"query-input":{"@type":"PropertyValueSpecification","valueRequired":true,"valueName":"search_term_string"}}],"inLanguage":"fr-FR"}]}},"_links":{"self":[{"href":"https:\/\/koster-italia.it\/fr\/wp-json\/wp\/v2\/product\/20676","targetHints":{"allow":["GET"]}}],"collection":[{"href":"https:\/\/koster-italia.it\/fr\/wp-json\/wp\/v2\/product"}],"about":[{"href":"https:\/\/koster-italia.it\/fr\/wp-json\/wp\/v2\/types\/product"}],"wp:featuredmedia":[{"embeddable":true,"href":"https:\/\/koster-italia.it\/fr\/wp-json\/wp\/v2\/media\/20673"}],"wp:attachment":[{"href":"https:\/\/koster-italia.it\/fr\/wp-json\/wp\/v2\/media?parent=20676"}],"wp:term":[{"taxonomy":"product_brand","embeddable":true,"href":"https:\/\/koster-italia.it\/fr\/wp-json\/wp\/v2\/product_brand?post=20676"},{"taxonomy":"product_cat","embeddable":true,"href":"https:\/\/koster-italia.it\/fr\/wp-json\/wp\/v2\/product_cat?post=20676"},{"taxonomy":"product_tag","embeddable":true,"href":"https:\/\/koster-italia.it\/fr\/wp-json\/wp\/v2\/product_tag?post=20676"}],"curies":[{"name":"wp","href":"https:\/\/api.w.org\/{rel}","templated":true}]}}