{"id":20664,"date":"2023-03-28T08:57:07","date_gmt":"2023-03-28T06:57:07","guid":{"rendered":"https:\/\/koster-italia.it\/?post_type=product&#038;p=20664"},"modified":"2023-03-28T09:36:23","modified_gmt":"2023-03-28T07:36:23","slug":"phitja-soin-cosmetique-au-placenta-vegetal","status":"publish","type":"product","link":"https:\/\/koster-italia.it\/fr\/prodotto\/phitja-soin-cosmetique-au-placenta-vegetal\/","title":{"rendered":"Phitj\u00e0  \u2013 Soin Cosm\u00e9tique au Placenta V\u00e9g\u00e9tal"},"content":{"rendered":"<p><b>Placenta v\u00e9g\u00e9tal<\/b><span style=\"font-weight: 400;\">: pr\u00e9vient la chute des cheveux, revitalise la fibre et stimule le bulbe capillaire du cuir chevelu.<\/span><\/p>\n<p><span style=\"font-weight: 400;\">\u00c0 utiliser <\/span><b>apr\u00e8s chaque lavage<\/b><span style=\"font-weight: 400;\">. <\/span><\/p>\n","protected":false},"excerpt":{"rendered":"<p><span style=\"font-weight: 400;\">Le <\/span><b>soin en fioles Phitj\u00e0 <\/b><span style=\"font-weight: 400;\">\u00e0 base de<\/span><b> placenta v\u00e9g\u00e9tal <\/b><span style=\"font-weight: 400;\">est essentiel pour les <\/span><b>cheveux fragiles et sensibilis\u00e9s<\/b><span style=\"font-weight: 400;\">, peu r\u00e9sistants et qui s&rsquo;ab\u00eement tr\u00e8s facilement. Il r\u00e9pare et fortifie les cuticules endommag\u00e9es en d\u00e9clenchant une <\/span><b>action tonifiante et r\u00e9g\u00e9n\u00e9rante<\/b><span style=\"font-weight: 400;\">. Non seulement les cheveux para\u00eetront <\/span><b>visiblement plus forts<\/b><span style=\"font-weight: 400;\">, mais ils sembleront aussi <\/span><b>plus hydrat\u00e9s au toucher<\/b><span style=\"font-weight: 400;\">.\u00a0<\/span><\/p>\n<p><span style=\"font-weight: 400;\">Usage professionnel<\/span><\/p>\n<p><span style=\"font-weight: 400;\">Format 10 x 10 ml<\/span><\/p>\n","protected":false},"featured_media":20670,"template":"","meta":[],"product_brand":[],"product_cat":[732],"product_tag":[],"class_list":{"0":"post-20664","1":"product","2":"type-product","3":"status-publish","4":"has-post-thumbnail","6":"product_cat-salon-fr","8":"first","9":"instock","10":"shipping-taxable","11":"product-type-simple"},"yoast_head":"<!-- This site is optimized with the Yoast SEO plugin v26.8 - https:\/\/yoast.com\/product\/yoast-seo-wordpress\/ -->\n<title>Phitj\u00e0 \u2013 Soin Cosm\u00e9tique au Placenta V\u00e9g\u00e9tal<\/title>\n<meta name=\"description\" content=\"Le soin en fioles Phitj\u00e0 \u00e0 base de placenta v\u00e9g\u00e9tal est essentiel pour les cheveux fragiles et sensibilis\u00e9s, peu r\u00e9sistants et qui s&#039;ab\u00eement facilement.\" \/>\n<meta name=\"robots\" content=\"index, follow, max-snippet:-1, max-image-preview:large, max-video-preview:-1\" \/>\n<link rel=\"canonical\" href=\"https:\/\/koster-italia.it\/fr\/prodotto\/phitja-soin-cosmetique-au-placenta-vegetal\/\" \/>\n<meta property=\"og:locale\" content=\"fr_FR\" \/>\n<meta property=\"og:type\" content=\"article\" \/>\n<meta property=\"og:title\" content=\"Phitj\u00e0 \u2013 Soin Cosm\u00e9tique au Placenta V\u00e9g\u00e9tal\" \/>\n<meta property=\"og:description\" content=\"Le soin en fioles Phitj\u00e0 \u00e0 base de placenta v\u00e9g\u00e9tal est essentiel pour les cheveux fragiles et sensibilis\u00e9s, peu r\u00e9sistants et qui s&#039;ab\u00eement facilement.\" \/>\n<meta property=\"og:url\" content=\"https:\/\/koster-italia.it\/fr\/prodotto\/phitja-soin-cosmetique-au-placenta-vegetal\/\" \/>\n<meta property=\"og:site_name\" content=\"Koster Italia\" \/>\n<meta property=\"article:modified_time\" content=\"2023-03-28T07:36:23+00:00\" \/>\n<meta property=\"og:image\" content=\"https:\/\/koster-italia.it\/wp-content\/uploads\/2023\/03\/52013_koster_phitja_cosmetic_treatment_placenta-1.png\" \/>\n\t<meta property=\"og:image:width\" content=\"600\" \/>\n\t<meta property=\"og:image:height\" content=\"600\" \/>\n\t<meta property=\"og:image:type\" content=\"image\/png\" \/>\n<meta name=\"twitter:card\" content=\"summary_large_image\" \/>\n<meta name=\"twitter:label1\" content=\"Dur\u00e9e de lecture estim\u00e9e\" \/>\n\t<meta name=\"twitter:data1\" content=\"1 minute\" \/>\n<script type=\"application\/ld+json\" class=\"yoast-schema-graph\">{\"@context\":\"https:\/\/schema.org\",\"@graph\":[{\"@type\":\"WebPage\",\"@id\":\"https:\/\/koster-italia.it\/fr\/prodotto\/phitja-soin-cosmetique-au-placenta-vegetal\/\",\"url\":\"https:\/\/koster-italia.it\/fr\/prodotto\/phitja-soin-cosmetique-au-placenta-vegetal\/\",\"name\":\"Phitj\u00e0 \u2013 Soin Cosm\u00e9tique au Placenta V\u00e9g\u00e9tal\",\"isPartOf\":{\"@id\":\"https:\/\/koster-italia.it\/fr\/#website\"},\"primaryImageOfPage\":{\"@id\":\"https:\/\/koster-italia.it\/fr\/prodotto\/phitja-soin-cosmetique-au-placenta-vegetal\/#primaryimage\"},\"image\":{\"@id\":\"https:\/\/koster-italia.it\/fr\/prodotto\/phitja-soin-cosmetique-au-placenta-vegetal\/#primaryimage\"},\"thumbnailUrl\":\"https:\/\/koster-italia.it\/wp-content\/uploads\/2023\/03\/52013_koster_phitja_cosmetic_treatment_placenta-1.png\",\"datePublished\":\"2023-03-28T06:57:07+00:00\",\"dateModified\":\"2023-03-28T07:36:23+00:00\",\"description\":\"Le soin en fioles Phitj\u00e0 \u00e0 base de placenta v\u00e9g\u00e9tal est essentiel pour les cheveux fragiles et sensibilis\u00e9s, peu r\u00e9sistants et qui s'ab\u00eement facilement.\",\"breadcrumb\":{\"@id\":\"https:\/\/koster-italia.it\/fr\/prodotto\/phitja-soin-cosmetique-au-placenta-vegetal\/#breadcrumb\"},\"inLanguage\":\"fr-FR\",\"potentialAction\":[{\"@type\":\"ReadAction\",\"target\":[\"https:\/\/koster-italia.it\/fr\/prodotto\/phitja-soin-cosmetique-au-placenta-vegetal\/\"]}]},{\"@type\":\"ImageObject\",\"inLanguage\":\"fr-FR\",\"@id\":\"https:\/\/koster-italia.it\/fr\/prodotto\/phitja-soin-cosmetique-au-placenta-vegetal\/#primaryimage\",\"url\":\"https:\/\/koster-italia.it\/wp-content\/uploads\/2023\/03\/52013_koster_phitja_cosmetic_treatment_placenta-1.png\",\"contentUrl\":\"https:\/\/koster-italia.it\/wp-content\/uploads\/2023\/03\/52013_koster_phitja_cosmetic_treatment_placenta-1.png\",\"width\":600,\"height\":600},{\"@type\":\"BreadcrumbList\",\"@id\":\"https:\/\/koster-italia.it\/fr\/prodotto\/phitja-soin-cosmetique-au-placenta-vegetal\/#breadcrumb\",\"itemListElement\":[{\"@type\":\"ListItem\",\"position\":1,\"name\":\"Home\",\"item\":\"https:\/\/koster-italia.it\/fr\/\"},{\"@type\":\"ListItem\",\"position\":2,\"name\":\"Produits\",\"item\":\"https:\/\/koster-italia.it\/fr\/shop\/\"},{\"@type\":\"ListItem\",\"position\":3,\"name\":\"Phitj\u00e0 \u2013 Soin Cosm\u00e9tique au Placenta V\u00e9g\u00e9tal\"}]},{\"@type\":\"WebSite\",\"@id\":\"https:\/\/koster-italia.it\/fr\/#website\",\"url\":\"https:\/\/koster-italia.it\/fr\/\",\"name\":\"Koster Italia\",\"description\":\"Prodotti professionali per parrucchieri\",\"potentialAction\":[{\"@type\":\"SearchAction\",\"target\":{\"@type\":\"EntryPoint\",\"urlTemplate\":\"https:\/\/koster-italia.it\/fr\/?s={search_term_string}\"},\"query-input\":{\"@type\":\"PropertyValueSpecification\",\"valueRequired\":true,\"valueName\":\"search_term_string\"}}],\"inLanguage\":\"fr-FR\"}]}<\/script>\n<!-- \/ Yoast SEO plugin. -->","yoast_head_json":{"title":"Phitj\u00e0 \u2013 Soin Cosm\u00e9tique au Placenta V\u00e9g\u00e9tal","description":"Le soin en fioles Phitj\u00e0 \u00e0 base de placenta v\u00e9g\u00e9tal est essentiel pour les cheveux fragiles et sensibilis\u00e9s, peu r\u00e9sistants et qui s'ab\u00eement facilement.","robots":{"index":"index","follow":"follow","max-snippet":"max-snippet:-1","max-image-preview":"max-image-preview:large","max-video-preview":"max-video-preview:-1"},"canonical":"https:\/\/koster-italia.it\/fr\/prodotto\/phitja-soin-cosmetique-au-placenta-vegetal\/","og_locale":"fr_FR","og_type":"article","og_title":"Phitj\u00e0 \u2013 Soin Cosm\u00e9tique au Placenta V\u00e9g\u00e9tal","og_description":"Le soin en fioles Phitj\u00e0 \u00e0 base de placenta v\u00e9g\u00e9tal est essentiel pour les cheveux fragiles et sensibilis\u00e9s, peu r\u00e9sistants et qui s'ab\u00eement facilement.","og_url":"https:\/\/koster-italia.it\/fr\/prodotto\/phitja-soin-cosmetique-au-placenta-vegetal\/","og_site_name":"Koster Italia","article_modified_time":"2023-03-28T07:36:23+00:00","og_image":[{"width":600,"height":600,"url":"https:\/\/koster-italia.it\/wp-content\/uploads\/2023\/03\/52013_koster_phitja_cosmetic_treatment_placenta-1.png","type":"image\/png"}],"twitter_card":"summary_large_image","twitter_misc":{"Dur\u00e9e de lecture estim\u00e9e":"1 minute"},"schema":{"@context":"https:\/\/schema.org","@graph":[{"@type":"WebPage","@id":"https:\/\/koster-italia.it\/fr\/prodotto\/phitja-soin-cosmetique-au-placenta-vegetal\/","url":"https:\/\/koster-italia.it\/fr\/prodotto\/phitja-soin-cosmetique-au-placenta-vegetal\/","name":"Phitj\u00e0 \u2013 Soin Cosm\u00e9tique au Placenta V\u00e9g\u00e9tal","isPartOf":{"@id":"https:\/\/koster-italia.it\/fr\/#website"},"primaryImageOfPage":{"@id":"https:\/\/koster-italia.it\/fr\/prodotto\/phitja-soin-cosmetique-au-placenta-vegetal\/#primaryimage"},"image":{"@id":"https:\/\/koster-italia.it\/fr\/prodotto\/phitja-soin-cosmetique-au-placenta-vegetal\/#primaryimage"},"thumbnailUrl":"https:\/\/koster-italia.it\/wp-content\/uploads\/2023\/03\/52013_koster_phitja_cosmetic_treatment_placenta-1.png","datePublished":"2023-03-28T06:57:07+00:00","dateModified":"2023-03-28T07:36:23+00:00","description":"Le soin en fioles Phitj\u00e0 \u00e0 base de placenta v\u00e9g\u00e9tal est essentiel pour les cheveux fragiles et sensibilis\u00e9s, peu r\u00e9sistants et qui s'ab\u00eement facilement.","breadcrumb":{"@id":"https:\/\/koster-italia.it\/fr\/prodotto\/phitja-soin-cosmetique-au-placenta-vegetal\/#breadcrumb"},"inLanguage":"fr-FR","potentialAction":[{"@type":"ReadAction","target":["https:\/\/koster-italia.it\/fr\/prodotto\/phitja-soin-cosmetique-au-placenta-vegetal\/"]}]},{"@type":"ImageObject","inLanguage":"fr-FR","@id":"https:\/\/koster-italia.it\/fr\/prodotto\/phitja-soin-cosmetique-au-placenta-vegetal\/#primaryimage","url":"https:\/\/koster-italia.it\/wp-content\/uploads\/2023\/03\/52013_koster_phitja_cosmetic_treatment_placenta-1.png","contentUrl":"https:\/\/koster-italia.it\/wp-content\/uploads\/2023\/03\/52013_koster_phitja_cosmetic_treatment_placenta-1.png","width":600,"height":600},{"@type":"BreadcrumbList","@id":"https:\/\/koster-italia.it\/fr\/prodotto\/phitja-soin-cosmetique-au-placenta-vegetal\/#breadcrumb","itemListElement":[{"@type":"ListItem","position":1,"name":"Home","item":"https:\/\/koster-italia.it\/fr\/"},{"@type":"ListItem","position":2,"name":"Produits","item":"https:\/\/koster-italia.it\/fr\/shop\/"},{"@type":"ListItem","position":3,"name":"Phitj\u00e0 \u2013 Soin Cosm\u00e9tique au Placenta V\u00e9g\u00e9tal"}]},{"@type":"WebSite","@id":"https:\/\/koster-italia.it\/fr\/#website","url":"https:\/\/koster-italia.it\/fr\/","name":"Koster Italia","description":"Prodotti professionali per parrucchieri","potentialAction":[{"@type":"SearchAction","target":{"@type":"EntryPoint","urlTemplate":"https:\/\/koster-italia.it\/fr\/?s={search_term_string}"},"query-input":{"@type":"PropertyValueSpecification","valueRequired":true,"valueName":"search_term_string"}}],"inLanguage":"fr-FR"}]}},"_links":{"self":[{"href":"https:\/\/koster-italia.it\/fr\/wp-json\/wp\/v2\/product\/20664","targetHints":{"allow":["GET"]}}],"collection":[{"href":"https:\/\/koster-italia.it\/fr\/wp-json\/wp\/v2\/product"}],"about":[{"href":"https:\/\/koster-italia.it\/fr\/wp-json\/wp\/v2\/types\/product"}],"wp:featuredmedia":[{"embeddable":true,"href":"https:\/\/koster-italia.it\/fr\/wp-json\/wp\/v2\/media\/20670"}],"wp:attachment":[{"href":"https:\/\/koster-italia.it\/fr\/wp-json\/wp\/v2\/media?parent=20664"}],"wp:term":[{"taxonomy":"product_brand","embeddable":true,"href":"https:\/\/koster-italia.it\/fr\/wp-json\/wp\/v2\/product_brand?post=20664"},{"taxonomy":"product_cat","embeddable":true,"href":"https:\/\/koster-italia.it\/fr\/wp-json\/wp\/v2\/product_cat?post=20664"},{"taxonomy":"product_tag","embeddable":true,"href":"https:\/\/koster-italia.it\/fr\/wp-json\/wp\/v2\/product_tag?post=20664"}],"curies":[{"name":"wp","href":"https:\/\/api.w.org\/{rel}","templated":true}]}}