{"id":19655,"date":"2023-03-15T09:39:13","date_gmt":"2023-03-15T08:39:13","guid":{"rendered":"https:\/\/koster-italia.it\/?post_type=product&#038;p=19655"},"modified":"2024-03-18T10:57:10","modified_gmt":"2024-03-18T09:57:10","slug":"cream-color-creme-colorante-pour-cheveux","status":"publish","type":"product","link":"https:\/\/koster-italia.it\/fr\/prodotto\/cream-color-creme-colorante-pour-cheveux\/","title":{"rendered":"Cream Color \u2013 Cr\u00e8me colorante pour cheveux"},"content":{"rendered":"<p><strong>Huile de Mono\u00ef<\/strong>, riche en acides gras, elle poss\u00e8de un fort pouvoir hydratant et \u00e9mollient.<\/p>\n<p><strong>K\u00e9ratine Hydrolys\u00e9e,<\/strong>\u00a0elle b\u00e9n\u00e9ficie d\u2019une bonne affinit\u00e9 avec la k\u00e9ratine des cheveux, sur laquelle elle exerce une action substantielle, protectrice et filmog\u00e8ne.<\/p>\n<p><strong>Extrait de Th\u00e9 Vert<\/strong>, gr\u00e2ce \u00e0 sa concentration en vitamines et oligo-\u00e9l\u00e9ments, il se caract\u00e9rise par des propri\u00e9t\u00e9s antioxydantes in\u00e9dites.<\/p>\n","protected":false},"excerpt":{"rendered":"<p><strong>Cream Color de Koster<\/strong> est une <strong>cr\u00e8me colorante pour cheveux<\/strong> au pouvoir cosm\u00e9tique \u00e9lev\u00e9. Sa formule est enrichie d\u2019un complexe de substances innovantes fonctionnelles \u2013\u00a0<strong>Huile de Mono\u00ef, K\u00e9ratine Hydrolys\u00e9e et Extrait de Th\u00e9 vert<\/strong>\u00a0\u2013 qui prot\u00e8gent <strong>l\u2019int\u00e9grit\u00e9 et la structure<\/strong>\u00a0du cheveu en phase de coloration. Le m\u00e9lange d\u2019oxydants fait p\u00e9n\u00e9trer les pigments chromatiques dans la profondeur de la structure capillaire, pour une\u00a0<strong>chevelure lumineuse et brillante<\/strong>.<\/p>\n<p>&nbsp;<\/p>\n<p>Usage professionnel<\/p>\n<p>106 nuances<\/p>\n<p>Rapport m\u00e9lange 1:1<\/p>\n<p>Format 100 ml<\/p>\n","protected":false},"featured_media":20815,"template":"","meta":[],"product_brand":[],"product_cat":[728,729],"product_tag":[],"class_list":{"0":"post-19655","1":"product","2":"type-product","3":"status-publish","4":"has-post-thumbnail","6":"product_cat-colouring-fr","7":"product_cat-cream-color-fr","9":"first","10":"instock","11":"shipping-taxable","12":"purchasable","13":"product-type-variable"},"yoast_head":"<!-- This site is optimized with the Yoast SEO plugin v26.8 - https:\/\/yoast.com\/product\/yoast-seo-wordpress\/ -->\n<title>Cream Color \u2013 Cr\u00e8me colorante pour cheveux<\/title>\n<meta name=\"description\" content=\"Cream Color de Koster est une cr\u00e8me colorante pour cheveux au pouvoir cosm\u00e9tique \u00e9lev\u00e9.\" \/>\n<meta name=\"robots\" content=\"index, follow, max-snippet:-1, max-image-preview:large, max-video-preview:-1\" \/>\n<link rel=\"canonical\" href=\"https:\/\/koster-italia.it\/fr\/prodotto\/cream-color-creme-colorante-pour-cheveux\/\" \/>\n<meta property=\"og:locale\" content=\"fr_FR\" \/>\n<meta property=\"og:type\" content=\"article\" \/>\n<meta property=\"og:title\" content=\"Cream Color \u2013 Cr\u00e8me colorante pour cheveux\" \/>\n<meta property=\"og:description\" content=\"Cream Color de Koster est une cr\u00e8me colorante pour cheveux au pouvoir cosm\u00e9tique \u00e9lev\u00e9.\" \/>\n<meta property=\"og:url\" content=\"https:\/\/koster-italia.it\/fr\/prodotto\/cream-color-creme-colorante-pour-cheveux\/\" \/>\n<meta property=\"og:site_name\" content=\"Koster Italia\" \/>\n<meta property=\"article:modified_time\" content=\"2024-03-18T09:57:10+00:00\" \/>\n<meta property=\"og:image\" content=\"https:\/\/koster-italia.it\/wp-content\/uploads\/2023\/03\/50000_koster_cream_color_hair_colouring_cream-1.png\" \/>\n\t<meta property=\"og:image:width\" content=\"600\" \/>\n\t<meta property=\"og:image:height\" content=\"600\" \/>\n\t<meta property=\"og:image:type\" content=\"image\/png\" \/>\n<meta name=\"twitter:card\" content=\"summary_large_image\" \/>\n<meta name=\"twitter:label1\" content=\"Dur\u00e9e de lecture estim\u00e9e\" \/>\n\t<meta name=\"twitter:data1\" content=\"1 minute\" \/>\n<script type=\"application\/ld+json\" class=\"yoast-schema-graph\">{\"@context\":\"https:\/\/schema.org\",\"@graph\":[{\"@type\":\"WebPage\",\"@id\":\"https:\/\/koster-italia.it\/fr\/prodotto\/cream-color-creme-colorante-pour-cheveux\/\",\"url\":\"https:\/\/koster-italia.it\/fr\/prodotto\/cream-color-creme-colorante-pour-cheveux\/\",\"name\":\"Cream Color \u2013 Cr\u00e8me colorante pour cheveux\",\"isPartOf\":{\"@id\":\"https:\/\/koster-italia.it\/fr\/#website\"},\"primaryImageOfPage\":{\"@id\":\"https:\/\/koster-italia.it\/fr\/prodotto\/cream-color-creme-colorante-pour-cheveux\/#primaryimage\"},\"image\":{\"@id\":\"https:\/\/koster-italia.it\/fr\/prodotto\/cream-color-creme-colorante-pour-cheveux\/#primaryimage\"},\"thumbnailUrl\":\"https:\/\/koster-italia.it\/wp-content\/uploads\/2023\/03\/50000_koster_cream_color_hair_colouring_cream-1.png\",\"datePublished\":\"2023-03-15T08:39:13+00:00\",\"dateModified\":\"2024-03-18T09:57:10+00:00\",\"description\":\"Cream Color de Koster est une cr\u00e8me colorante pour cheveux au pouvoir cosm\u00e9tique \u00e9lev\u00e9.\",\"breadcrumb\":{\"@id\":\"https:\/\/koster-italia.it\/fr\/prodotto\/cream-color-creme-colorante-pour-cheveux\/#breadcrumb\"},\"inLanguage\":\"fr-FR\",\"potentialAction\":[{\"@type\":\"ReadAction\",\"target\":[\"https:\/\/koster-italia.it\/fr\/prodotto\/cream-color-creme-colorante-pour-cheveux\/\"]}]},{\"@type\":\"ImageObject\",\"inLanguage\":\"fr-FR\",\"@id\":\"https:\/\/koster-italia.it\/fr\/prodotto\/cream-color-creme-colorante-pour-cheveux\/#primaryimage\",\"url\":\"https:\/\/koster-italia.it\/wp-content\/uploads\/2023\/03\/50000_koster_cream_color_hair_colouring_cream-1.png\",\"contentUrl\":\"https:\/\/koster-italia.it\/wp-content\/uploads\/2023\/03\/50000_koster_cream_color_hair_colouring_cream-1.png\",\"width\":600,\"height\":600},{\"@type\":\"BreadcrumbList\",\"@id\":\"https:\/\/koster-italia.it\/fr\/prodotto\/cream-color-creme-colorante-pour-cheveux\/#breadcrumb\",\"itemListElement\":[{\"@type\":\"ListItem\",\"position\":1,\"name\":\"Home\",\"item\":\"https:\/\/koster-italia.it\/fr\/\"},{\"@type\":\"ListItem\",\"position\":2,\"name\":\"Produits\",\"item\":\"https:\/\/koster-italia.it\/fr\/shop\/\"},{\"@type\":\"ListItem\",\"position\":3,\"name\":\"Cream Color \u2013 Cr\u00e8me colorante pour cheveux\"}]},{\"@type\":\"WebSite\",\"@id\":\"https:\/\/koster-italia.it\/fr\/#website\",\"url\":\"https:\/\/koster-italia.it\/fr\/\",\"name\":\"Koster Italia\",\"description\":\"Prodotti professionali per parrucchieri\",\"potentialAction\":[{\"@type\":\"SearchAction\",\"target\":{\"@type\":\"EntryPoint\",\"urlTemplate\":\"https:\/\/koster-italia.it\/fr\/?s={search_term_string}\"},\"query-input\":{\"@type\":\"PropertyValueSpecification\",\"valueRequired\":true,\"valueName\":\"search_term_string\"}}],\"inLanguage\":\"fr-FR\"}]}<\/script>\n<!-- \/ Yoast SEO plugin. -->","yoast_head_json":{"title":"Cream Color \u2013 Cr\u00e8me colorante pour cheveux","description":"Cream Color de Koster est une cr\u00e8me colorante pour cheveux au pouvoir cosm\u00e9tique \u00e9lev\u00e9.","robots":{"index":"index","follow":"follow","max-snippet":"max-snippet:-1","max-image-preview":"max-image-preview:large","max-video-preview":"max-video-preview:-1"},"canonical":"https:\/\/koster-italia.it\/fr\/prodotto\/cream-color-creme-colorante-pour-cheveux\/","og_locale":"fr_FR","og_type":"article","og_title":"Cream Color \u2013 Cr\u00e8me colorante pour cheveux","og_description":"Cream Color de Koster est une cr\u00e8me colorante pour cheveux au pouvoir cosm\u00e9tique \u00e9lev\u00e9.","og_url":"https:\/\/koster-italia.it\/fr\/prodotto\/cream-color-creme-colorante-pour-cheveux\/","og_site_name":"Koster Italia","article_modified_time":"2024-03-18T09:57:10+00:00","og_image":[{"width":600,"height":600,"url":"https:\/\/koster-italia.it\/wp-content\/uploads\/2023\/03\/50000_koster_cream_color_hair_colouring_cream-1.png","type":"image\/png"}],"twitter_card":"summary_large_image","twitter_misc":{"Dur\u00e9e de lecture estim\u00e9e":"1 minute"},"schema":{"@context":"https:\/\/schema.org","@graph":[{"@type":"WebPage","@id":"https:\/\/koster-italia.it\/fr\/prodotto\/cream-color-creme-colorante-pour-cheveux\/","url":"https:\/\/koster-italia.it\/fr\/prodotto\/cream-color-creme-colorante-pour-cheveux\/","name":"Cream Color \u2013 Cr\u00e8me colorante pour cheveux","isPartOf":{"@id":"https:\/\/koster-italia.it\/fr\/#website"},"primaryImageOfPage":{"@id":"https:\/\/koster-italia.it\/fr\/prodotto\/cream-color-creme-colorante-pour-cheveux\/#primaryimage"},"image":{"@id":"https:\/\/koster-italia.it\/fr\/prodotto\/cream-color-creme-colorante-pour-cheveux\/#primaryimage"},"thumbnailUrl":"https:\/\/koster-italia.it\/wp-content\/uploads\/2023\/03\/50000_koster_cream_color_hair_colouring_cream-1.png","datePublished":"2023-03-15T08:39:13+00:00","dateModified":"2024-03-18T09:57:10+00:00","description":"Cream Color de Koster est une cr\u00e8me colorante pour cheveux au pouvoir cosm\u00e9tique \u00e9lev\u00e9.","breadcrumb":{"@id":"https:\/\/koster-italia.it\/fr\/prodotto\/cream-color-creme-colorante-pour-cheveux\/#breadcrumb"},"inLanguage":"fr-FR","potentialAction":[{"@type":"ReadAction","target":["https:\/\/koster-italia.it\/fr\/prodotto\/cream-color-creme-colorante-pour-cheveux\/"]}]},{"@type":"ImageObject","inLanguage":"fr-FR","@id":"https:\/\/koster-italia.it\/fr\/prodotto\/cream-color-creme-colorante-pour-cheveux\/#primaryimage","url":"https:\/\/koster-italia.it\/wp-content\/uploads\/2023\/03\/50000_koster_cream_color_hair_colouring_cream-1.png","contentUrl":"https:\/\/koster-italia.it\/wp-content\/uploads\/2023\/03\/50000_koster_cream_color_hair_colouring_cream-1.png","width":600,"height":600},{"@type":"BreadcrumbList","@id":"https:\/\/koster-italia.it\/fr\/prodotto\/cream-color-creme-colorante-pour-cheveux\/#breadcrumb","itemListElement":[{"@type":"ListItem","position":1,"name":"Home","item":"https:\/\/koster-italia.it\/fr\/"},{"@type":"ListItem","position":2,"name":"Produits","item":"https:\/\/koster-italia.it\/fr\/shop\/"},{"@type":"ListItem","position":3,"name":"Cream Color \u2013 Cr\u00e8me colorante pour cheveux"}]},{"@type":"WebSite","@id":"https:\/\/koster-italia.it\/fr\/#website","url":"https:\/\/koster-italia.it\/fr\/","name":"Koster Italia","description":"Prodotti professionali per parrucchieri","potentialAction":[{"@type":"SearchAction","target":{"@type":"EntryPoint","urlTemplate":"https:\/\/koster-italia.it\/fr\/?s={search_term_string}"},"query-input":{"@type":"PropertyValueSpecification","valueRequired":true,"valueName":"search_term_string"}}],"inLanguage":"fr-FR"}]}},"_links":{"self":[{"href":"https:\/\/koster-italia.it\/fr\/wp-json\/wp\/v2\/product\/19655","targetHints":{"allow":["GET"]}}],"collection":[{"href":"https:\/\/koster-italia.it\/fr\/wp-json\/wp\/v2\/product"}],"about":[{"href":"https:\/\/koster-italia.it\/fr\/wp-json\/wp\/v2\/types\/product"}],"wp:featuredmedia":[{"embeddable":true,"href":"https:\/\/koster-italia.it\/fr\/wp-json\/wp\/v2\/media\/20815"}],"wp:attachment":[{"href":"https:\/\/koster-italia.it\/fr\/wp-json\/wp\/v2\/media?parent=19655"}],"wp:term":[{"taxonomy":"product_brand","embeddable":true,"href":"https:\/\/koster-italia.it\/fr\/wp-json\/wp\/v2\/product_brand?post=19655"},{"taxonomy":"product_cat","embeddable":true,"href":"https:\/\/koster-italia.it\/fr\/wp-json\/wp\/v2\/product_cat?post=19655"},{"taxonomy":"product_tag","embeddable":true,"href":"https:\/\/koster-italia.it\/fr\/wp-json\/wp\/v2\/product_tag?post=19655"}],"curies":[{"name":"wp","href":"https:\/\/api.w.org\/{rel}","templated":true}]}}