{"id":18992,"date":"2023-03-14T16:40:01","date_gmt":"2023-03-14T15:40:01","guid":{"rendered":"https:\/\/koster-italia.it\/?post_type=product&#038;p=18992"},"modified":"2023-03-15T16:00:32","modified_gmt":"2023-03-15T15:00:32","slug":"hi-sense-coloration-cosmetique-permanente","status":"publish","type":"product","link":"https:\/\/koster-italia.it\/fr\/prodotto\/hi-sense-coloration-cosmetique-permanente\/","title":{"rendered":"Hi_Sense \u2013 Coloration cosm\u00e9tique permanente"},"content":{"rendered":"<p><strong>Huile de Macadamia<\/strong>, offre un aspect plus doux et luisant aux cheveux<\/p>\n<p><strong>Complexe Q10,<\/strong> exerce une action antioxydante<\/p>\n<p><strong>K\u00e9ratine,<\/strong> renforce et restructure la fibre capillaire durant la coloration<\/p>\n<p><strong>Ne contient pas d\u2019ammoniaque, de PPD ni de Paraben<\/strong><\/p>\n","protected":false},"excerpt":{"rendered":"<p><strong>Hi_Sense de Koster<\/strong> est la <strong>coloration cosm\u00e9tique permanente <\/strong>\u00e0 la technologie d\u2019avant-garde qui renforce et nourrit les cheveux durant le traitement. Parfaite <strong>couverture<\/strong> des cheveux blancs. Elle met en valeur la luminosit\u00e9 de la couleur naturelle de la chevelure sans en alt\u00e9rer le bien-\u00eatre, car elle est <strong>sans ammoniaque, PPD ni paraben<\/strong>. Toucher d\u00e9licat et finition brillante, pour une protection in\u00e9dite gr\u00e2ce \u00e0 l\u2019<strong>Huile de Macadamia, au Complexe Q10 et \u00e0 la K\u00e9ratine<\/strong>.<\/p>\n<p>Usage professionnel<\/p>\n<p>46 Nuances<\/p>\n<p>Rapport m\u00e9lange 1:1<\/p>\n<p>Format 100 ml<\/p>\n","protected":false},"featured_media":21256,"template":"","meta":[],"product_brand":[],"product_cat":[728,731],"product_tag":[],"class_list":{"0":"post-18992","1":"product","2":"type-product","3":"status-publish","4":"has-post-thumbnail","6":"product_cat-colouring-fr","7":"product_cat-hi-sense-fr","9":"first","10":"instock","11":"featured","12":"shipping-taxable","13":"purchasable","14":"product-type-variable"},"yoast_head":"<!-- This site is optimized with the Yoast SEO plugin v26.8 - https:\/\/yoast.com\/product\/yoast-seo-wordpress\/ -->\n<title>Hi_Sense \u2013 Coloration cosm\u00e9tique permanente<\/title>\n<meta name=\"description\" content=\"Hi_Sense de Koster est la coloration cosm\u00e9tique permanente \u00e0 la technologie d\u2019avant-garde qui renforce et nourrit les cheveux durant le traitement.\" \/>\n<meta name=\"robots\" content=\"index, follow, max-snippet:-1, max-image-preview:large, max-video-preview:-1\" \/>\n<link rel=\"canonical\" href=\"https:\/\/koster-italia.it\/fr\/prodotto\/hi-sense-coloration-cosmetique-permanente\/\" \/>\n<meta property=\"og:locale\" content=\"fr_FR\" \/>\n<meta property=\"og:type\" content=\"article\" \/>\n<meta property=\"og:title\" content=\"Hi_Sense \u2013 Coloration cosm\u00e9tique permanente\" \/>\n<meta property=\"og:description\" content=\"Hi_Sense de Koster est la coloration cosm\u00e9tique permanente \u00e0 la technologie d\u2019avant-garde qui renforce et nourrit les cheveux durant le traitement.\" \/>\n<meta property=\"og:url\" content=\"https:\/\/koster-italia.it\/fr\/prodotto\/hi-sense-coloration-cosmetique-permanente\/\" \/>\n<meta property=\"og:site_name\" content=\"Koster Italia\" \/>\n<meta property=\"article:modified_time\" content=\"2023-03-15T15:00:32+00:00\" \/>\n<meta property=\"og:image\" content=\"https:\/\/koster-italia.it\/wp-content\/uploads\/2023\/03\/koster_hi_sense.png\" \/>\n\t<meta property=\"og:image:width\" content=\"600\" \/>\n\t<meta property=\"og:image:height\" content=\"600\" \/>\n\t<meta property=\"og:image:type\" content=\"image\/png\" \/>\n<meta name=\"twitter:card\" content=\"summary_large_image\" \/>\n<meta name=\"twitter:label1\" content=\"Dur\u00e9e de lecture estim\u00e9e\" \/>\n\t<meta name=\"twitter:data1\" content=\"1 minute\" \/>\n<script type=\"application\/ld+json\" class=\"yoast-schema-graph\">{\"@context\":\"https:\/\/schema.org\",\"@graph\":[{\"@type\":\"WebPage\",\"@id\":\"https:\/\/koster-italia.it\/fr\/prodotto\/hi-sense-coloration-cosmetique-permanente\/\",\"url\":\"https:\/\/koster-italia.it\/fr\/prodotto\/hi-sense-coloration-cosmetique-permanente\/\",\"name\":\"Hi_Sense \u2013 Coloration cosm\u00e9tique permanente\",\"isPartOf\":{\"@id\":\"https:\/\/koster-italia.it\/fr\/#website\"},\"primaryImageOfPage\":{\"@id\":\"https:\/\/koster-italia.it\/fr\/prodotto\/hi-sense-coloration-cosmetique-permanente\/#primaryimage\"},\"image\":{\"@id\":\"https:\/\/koster-italia.it\/fr\/prodotto\/hi-sense-coloration-cosmetique-permanente\/#primaryimage\"},\"thumbnailUrl\":\"https:\/\/koster-italia.it\/wp-content\/uploads\/2023\/03\/koster_hi_sense-1.png\",\"datePublished\":\"2023-03-14T15:40:01+00:00\",\"dateModified\":\"2023-03-15T15:00:32+00:00\",\"description\":\"Hi_Sense de Koster est la coloration cosm\u00e9tique permanente \u00e0 la technologie d\u2019avant-garde qui renforce et nourrit les cheveux durant le traitement.\",\"breadcrumb\":{\"@id\":\"https:\/\/koster-italia.it\/fr\/prodotto\/hi-sense-coloration-cosmetique-permanente\/#breadcrumb\"},\"inLanguage\":\"fr-FR\",\"potentialAction\":[{\"@type\":\"ReadAction\",\"target\":[\"https:\/\/koster-italia.it\/fr\/prodotto\/hi-sense-coloration-cosmetique-permanente\/\"]}]},{\"@type\":\"ImageObject\",\"inLanguage\":\"fr-FR\",\"@id\":\"https:\/\/koster-italia.it\/fr\/prodotto\/hi-sense-coloration-cosmetique-permanente\/#primaryimage\",\"url\":\"https:\/\/koster-italia.it\/wp-content\/uploads\/2023\/03\/koster_hi_sense-1.png\",\"contentUrl\":\"https:\/\/koster-italia.it\/wp-content\/uploads\/2023\/03\/koster_hi_sense-1.png\",\"width\":600,\"height\":600},{\"@type\":\"BreadcrumbList\",\"@id\":\"https:\/\/koster-italia.it\/fr\/prodotto\/hi-sense-coloration-cosmetique-permanente\/#breadcrumb\",\"itemListElement\":[{\"@type\":\"ListItem\",\"position\":1,\"name\":\"Home\",\"item\":\"https:\/\/koster-italia.it\/fr\/\"},{\"@type\":\"ListItem\",\"position\":2,\"name\":\"Produits\",\"item\":\"https:\/\/koster-italia.it\/fr\/shop\/\"},{\"@type\":\"ListItem\",\"position\":3,\"name\":\"Hi_Sense \u2013 Coloration cosm\u00e9tique permanente\"}]},{\"@type\":\"WebSite\",\"@id\":\"https:\/\/koster-italia.it\/fr\/#website\",\"url\":\"https:\/\/koster-italia.it\/fr\/\",\"name\":\"Koster Italia\",\"description\":\"Prodotti professionali per parrucchieri\",\"potentialAction\":[{\"@type\":\"SearchAction\",\"target\":{\"@type\":\"EntryPoint\",\"urlTemplate\":\"https:\/\/koster-italia.it\/fr\/?s={search_term_string}\"},\"query-input\":{\"@type\":\"PropertyValueSpecification\",\"valueRequired\":true,\"valueName\":\"search_term_string\"}}],\"inLanguage\":\"fr-FR\"}]}<\/script>\n<!-- \/ Yoast SEO plugin. -->","yoast_head_json":{"title":"Hi_Sense \u2013 Coloration cosm\u00e9tique permanente","description":"Hi_Sense de Koster est la coloration cosm\u00e9tique permanente \u00e0 la technologie d\u2019avant-garde qui renforce et nourrit les cheveux durant le traitement.","robots":{"index":"index","follow":"follow","max-snippet":"max-snippet:-1","max-image-preview":"max-image-preview:large","max-video-preview":"max-video-preview:-1"},"canonical":"https:\/\/koster-italia.it\/fr\/prodotto\/hi-sense-coloration-cosmetique-permanente\/","og_locale":"fr_FR","og_type":"article","og_title":"Hi_Sense \u2013 Coloration cosm\u00e9tique permanente","og_description":"Hi_Sense de Koster est la coloration cosm\u00e9tique permanente \u00e0 la technologie d\u2019avant-garde qui renforce et nourrit les cheveux durant le traitement.","og_url":"https:\/\/koster-italia.it\/fr\/prodotto\/hi-sense-coloration-cosmetique-permanente\/","og_site_name":"Koster Italia","article_modified_time":"2023-03-15T15:00:32+00:00","og_image":[{"width":600,"height":600,"url":"https:\/\/koster-italia.it\/wp-content\/uploads\/2023\/03\/koster_hi_sense.png","type":"image\/png"}],"twitter_card":"summary_large_image","twitter_misc":{"Dur\u00e9e de lecture estim\u00e9e":"1 minute"},"schema":{"@context":"https:\/\/schema.org","@graph":[{"@type":"WebPage","@id":"https:\/\/koster-italia.it\/fr\/prodotto\/hi-sense-coloration-cosmetique-permanente\/","url":"https:\/\/koster-italia.it\/fr\/prodotto\/hi-sense-coloration-cosmetique-permanente\/","name":"Hi_Sense \u2013 Coloration cosm\u00e9tique permanente","isPartOf":{"@id":"https:\/\/koster-italia.it\/fr\/#website"},"primaryImageOfPage":{"@id":"https:\/\/koster-italia.it\/fr\/prodotto\/hi-sense-coloration-cosmetique-permanente\/#primaryimage"},"image":{"@id":"https:\/\/koster-italia.it\/fr\/prodotto\/hi-sense-coloration-cosmetique-permanente\/#primaryimage"},"thumbnailUrl":"https:\/\/koster-italia.it\/wp-content\/uploads\/2023\/03\/koster_hi_sense-1.png","datePublished":"2023-03-14T15:40:01+00:00","dateModified":"2023-03-15T15:00:32+00:00","description":"Hi_Sense de Koster est la coloration cosm\u00e9tique permanente \u00e0 la technologie d\u2019avant-garde qui renforce et nourrit les cheveux durant le traitement.","breadcrumb":{"@id":"https:\/\/koster-italia.it\/fr\/prodotto\/hi-sense-coloration-cosmetique-permanente\/#breadcrumb"},"inLanguage":"fr-FR","potentialAction":[{"@type":"ReadAction","target":["https:\/\/koster-italia.it\/fr\/prodotto\/hi-sense-coloration-cosmetique-permanente\/"]}]},{"@type":"ImageObject","inLanguage":"fr-FR","@id":"https:\/\/koster-italia.it\/fr\/prodotto\/hi-sense-coloration-cosmetique-permanente\/#primaryimage","url":"https:\/\/koster-italia.it\/wp-content\/uploads\/2023\/03\/koster_hi_sense-1.png","contentUrl":"https:\/\/koster-italia.it\/wp-content\/uploads\/2023\/03\/koster_hi_sense-1.png","width":600,"height":600},{"@type":"BreadcrumbList","@id":"https:\/\/koster-italia.it\/fr\/prodotto\/hi-sense-coloration-cosmetique-permanente\/#breadcrumb","itemListElement":[{"@type":"ListItem","position":1,"name":"Home","item":"https:\/\/koster-italia.it\/fr\/"},{"@type":"ListItem","position":2,"name":"Produits","item":"https:\/\/koster-italia.it\/fr\/shop\/"},{"@type":"ListItem","position":3,"name":"Hi_Sense \u2013 Coloration cosm\u00e9tique permanente"}]},{"@type":"WebSite","@id":"https:\/\/koster-italia.it\/fr\/#website","url":"https:\/\/koster-italia.it\/fr\/","name":"Koster Italia","description":"Prodotti professionali per parrucchieri","potentialAction":[{"@type":"SearchAction","target":{"@type":"EntryPoint","urlTemplate":"https:\/\/koster-italia.it\/fr\/?s={search_term_string}"},"query-input":{"@type":"PropertyValueSpecification","valueRequired":true,"valueName":"search_term_string"}}],"inLanguage":"fr-FR"}]}},"_links":{"self":[{"href":"https:\/\/koster-italia.it\/fr\/wp-json\/wp\/v2\/product\/18992","targetHints":{"allow":["GET"]}}],"collection":[{"href":"https:\/\/koster-italia.it\/fr\/wp-json\/wp\/v2\/product"}],"about":[{"href":"https:\/\/koster-italia.it\/fr\/wp-json\/wp\/v2\/types\/product"}],"wp:featuredmedia":[{"embeddable":true,"href":"https:\/\/koster-italia.it\/fr\/wp-json\/wp\/v2\/media\/21256"}],"wp:attachment":[{"href":"https:\/\/koster-italia.it\/fr\/wp-json\/wp\/v2\/media?parent=18992"}],"wp:term":[{"taxonomy":"product_brand","embeddable":true,"href":"https:\/\/koster-italia.it\/fr\/wp-json\/wp\/v2\/product_brand?post=18992"},{"taxonomy":"product_cat","embeddable":true,"href":"https:\/\/koster-italia.it\/fr\/wp-json\/wp\/v2\/product_cat?post=18992"},{"taxonomy":"product_tag","embeddable":true,"href":"https:\/\/koster-italia.it\/fr\/wp-json\/wp\/v2\/product_tag?post=18992"}],"curies":[{"name":"wp","href":"https:\/\/api.w.org\/{rel}","templated":true}]}}