{"id":18760,"date":"2023-02-06T09:07:33","date_gmt":"2023-02-06T08:07:33","guid":{"rendered":"https:\/\/koster-italia.it\/?post_type=product&#038;p=18760"},"modified":"2023-03-06T14:57:46","modified_gmt":"2023-03-06T13:57:46","slug":"nutris-pump-spray-volume-pur-cheveux-fins-et-fatigues","status":"publish","type":"product","link":"https:\/\/koster-italia.it\/fr\/prodotto\/nutris-pump-spray-volume-pur-cheveux-fins-et-fatigues\/","title":{"rendered":"Nutris Pump &#8211; Spray Volume pur Cheveux Fins et Fatigu\u00e9s"},"content":{"rendered":"<p class=\"p1\"><span style=\"font-weight: 400;\">L&rsquo;<\/span><b>extrait de feuilles d&rsquo;oranger<\/b><span style=\"font-weight: 400;\"> est efficace pour rendre les cheveux brillants et vigoureux. Gr\u00e2ce \u00e0 son action calmante, cet extrait aide \u00e9galement \u00e0 pr\u00e9server la bonne sant\u00e9 des cheveux en r\u00e9gulant la production de s\u00e9bum.<\/span><\/p>\n<p class=\"p2\">\n","protected":false},"excerpt":{"rendered":"<p class=\"p1\"><span style=\"font-weight: 400;\">Le spray Volume Nutris Pump est un <\/span><b>soin sans rin\u00e7age<\/b><span style=\"font-weight: 400;\"> con\u00e7u pour les cheveux fins et fatigu\u00e9s. Vaporis\u00e9 sur cheveux humides, en commen\u00e7ant par les racines, il donne aux cheveux un <\/span><b>effet volume sur toute la longueur<\/b><span style=\"font-weight: 400;\">. Sans les alourdir, il rend vos cheveux plus doux, plus brillants et plus volumineux. <\/span><\/p>\n<p>&nbsp;<\/p>\n<p class=\"p1\">150 ml<\/p>\n","protected":false},"featured_media":18748,"template":"","meta":[],"product_brand":[],"product_cat":[754,734],"product_tag":[],"class_list":{"0":"post-18760","1":"product","2":"type-product","3":"status-publish","4":"has-post-thumbnail","6":"product_cat-nutris-pump-fr","7":"product_cat-treatments-fr","9":"first","10":"instock","11":"shipping-taxable","12":"product-type-simple"},"yoast_head":"<!-- This site is optimized with the Yoast SEO plugin v26.8 - https:\/\/yoast.com\/product\/yoast-seo-wordpress\/ -->\n<title>Nutris Pump - Spray Volume pur Cheveux Fins et Fatigu\u00e9s<\/title>\n<meta name=\"description\" content=\"Appliqu\u00e9 apr\u00e8s le shampooing, le masque volume Nutris Pump exerce une action b\u00e9n\u00e9fique sur les cheveux fins, fragiles et fatigu\u00e9s.\" \/>\n<meta name=\"robots\" content=\"index, follow, max-snippet:-1, max-image-preview:large, max-video-preview:-1\" \/>\n<link rel=\"canonical\" href=\"https:\/\/koster-italia.it\/fr\/prodotto\/nutris-pump-spray-volume-pur-cheveux-fins-et-fatigues\/\" \/>\n<meta property=\"og:locale\" content=\"fr_FR\" \/>\n<meta property=\"og:type\" content=\"article\" \/>\n<meta property=\"og:title\" content=\"Nutris Pump - Spray Volume pur Cheveux Fins et Fatigu\u00e9s\" \/>\n<meta property=\"og:description\" content=\"Appliqu\u00e9 apr\u00e8s le shampooing, le masque volume Nutris Pump exerce une action b\u00e9n\u00e9fique sur les cheveux fins, fragiles et fatigu\u00e9s.\" \/>\n<meta property=\"og:url\" content=\"https:\/\/koster-italia.it\/fr\/prodotto\/nutris-pump-spray-volume-pur-cheveux-fins-et-fatigues\/\" \/>\n<meta property=\"og:site_name\" content=\"Koster Italia\" \/>\n<meta property=\"article:modified_time\" content=\"2023-03-06T13:57:46+00:00\" \/>\n<meta property=\"og:image\" content=\"https:\/\/koster-italia.it\/wp-content\/uploads\/2023\/01\/52063_koster_nutris_pump_spray_150ml.png\" \/>\n\t<meta property=\"og:image:width\" content=\"600\" \/>\n\t<meta property=\"og:image:height\" content=\"600\" \/>\n\t<meta property=\"og:image:type\" content=\"image\/png\" \/>\n<meta name=\"twitter:card\" content=\"summary_large_image\" \/>\n<meta name=\"twitter:label1\" content=\"Dur\u00e9e de lecture estim\u00e9e\" \/>\n\t<meta name=\"twitter:data1\" content=\"1 minute\" \/>\n<script type=\"application\/ld+json\" class=\"yoast-schema-graph\">{\"@context\":\"https:\/\/schema.org\",\"@graph\":[{\"@type\":\"WebPage\",\"@id\":\"https:\/\/koster-italia.it\/fr\/prodotto\/nutris-pump-spray-volume-pur-cheveux-fins-et-fatigues\/\",\"url\":\"https:\/\/koster-italia.it\/fr\/prodotto\/nutris-pump-spray-volume-pur-cheveux-fins-et-fatigues\/\",\"name\":\"Nutris Pump - Spray Volume pur Cheveux Fins et Fatigu\u00e9s\",\"isPartOf\":{\"@id\":\"https:\/\/koster-italia.it\/fr\/#website\"},\"primaryImageOfPage\":{\"@id\":\"https:\/\/koster-italia.it\/fr\/prodotto\/nutris-pump-spray-volume-pur-cheveux-fins-et-fatigues\/#primaryimage\"},\"image\":{\"@id\":\"https:\/\/koster-italia.it\/fr\/prodotto\/nutris-pump-spray-volume-pur-cheveux-fins-et-fatigues\/#primaryimage\"},\"thumbnailUrl\":\"https:\/\/koster-italia.it\/wp-content\/uploads\/2023\/01\/52063_koster_nutris_pump_spray_150ml.png\",\"datePublished\":\"2023-02-06T08:07:33+00:00\",\"dateModified\":\"2023-03-06T13:57:46+00:00\",\"description\":\"Appliqu\u00e9 apr\u00e8s le shampooing, le masque volume Nutris Pump exerce une action b\u00e9n\u00e9fique sur les cheveux fins, fragiles et fatigu\u00e9s.\",\"breadcrumb\":{\"@id\":\"https:\/\/koster-italia.it\/fr\/prodotto\/nutris-pump-spray-volume-pur-cheveux-fins-et-fatigues\/#breadcrumb\"},\"inLanguage\":\"fr-FR\",\"potentialAction\":[{\"@type\":\"ReadAction\",\"target\":[\"https:\/\/koster-italia.it\/fr\/prodotto\/nutris-pump-spray-volume-pur-cheveux-fins-et-fatigues\/\"]}]},{\"@type\":\"ImageObject\",\"inLanguage\":\"fr-FR\",\"@id\":\"https:\/\/koster-italia.it\/fr\/prodotto\/nutris-pump-spray-volume-pur-cheveux-fins-et-fatigues\/#primaryimage\",\"url\":\"https:\/\/koster-italia.it\/wp-content\/uploads\/2023\/01\/52063_koster_nutris_pump_spray_150ml.png\",\"contentUrl\":\"https:\/\/koster-italia.it\/wp-content\/uploads\/2023\/01\/52063_koster_nutris_pump_spray_150ml.png\",\"width\":600,\"height\":600},{\"@type\":\"BreadcrumbList\",\"@id\":\"https:\/\/koster-italia.it\/fr\/prodotto\/nutris-pump-spray-volume-pur-cheveux-fins-et-fatigues\/#breadcrumb\",\"itemListElement\":[{\"@type\":\"ListItem\",\"position\":1,\"name\":\"Home\",\"item\":\"https:\/\/koster-italia.it\/fr\/\"},{\"@type\":\"ListItem\",\"position\":2,\"name\":\"Produits\",\"item\":\"https:\/\/koster-italia.it\/fr\/shop\/\"},{\"@type\":\"ListItem\",\"position\":3,\"name\":\"Nutris Pump &#8211; Spray Volume pur Cheveux Fins et Fatigu\u00e9s\"}]},{\"@type\":\"WebSite\",\"@id\":\"https:\/\/koster-italia.it\/fr\/#website\",\"url\":\"https:\/\/koster-italia.it\/fr\/\",\"name\":\"Koster Italia\",\"description\":\"Prodotti professionali per parrucchieri\",\"potentialAction\":[{\"@type\":\"SearchAction\",\"target\":{\"@type\":\"EntryPoint\",\"urlTemplate\":\"https:\/\/koster-italia.it\/fr\/?s={search_term_string}\"},\"query-input\":{\"@type\":\"PropertyValueSpecification\",\"valueRequired\":true,\"valueName\":\"search_term_string\"}}],\"inLanguage\":\"fr-FR\"}]}<\/script>\n<!-- \/ Yoast SEO plugin. -->","yoast_head_json":{"title":"Nutris Pump - Spray Volume pur Cheveux Fins et Fatigu\u00e9s","description":"Appliqu\u00e9 apr\u00e8s le shampooing, le masque volume Nutris Pump exerce une action b\u00e9n\u00e9fique sur les cheveux fins, fragiles et fatigu\u00e9s.","robots":{"index":"index","follow":"follow","max-snippet":"max-snippet:-1","max-image-preview":"max-image-preview:large","max-video-preview":"max-video-preview:-1"},"canonical":"https:\/\/koster-italia.it\/fr\/prodotto\/nutris-pump-spray-volume-pur-cheveux-fins-et-fatigues\/","og_locale":"fr_FR","og_type":"article","og_title":"Nutris Pump - Spray Volume pur Cheveux Fins et Fatigu\u00e9s","og_description":"Appliqu\u00e9 apr\u00e8s le shampooing, le masque volume Nutris Pump exerce une action b\u00e9n\u00e9fique sur les cheveux fins, fragiles et fatigu\u00e9s.","og_url":"https:\/\/koster-italia.it\/fr\/prodotto\/nutris-pump-spray-volume-pur-cheveux-fins-et-fatigues\/","og_site_name":"Koster Italia","article_modified_time":"2023-03-06T13:57:46+00:00","og_image":[{"width":600,"height":600,"url":"https:\/\/koster-italia.it\/wp-content\/uploads\/2023\/01\/52063_koster_nutris_pump_spray_150ml.png","type":"image\/png"}],"twitter_card":"summary_large_image","twitter_misc":{"Dur\u00e9e de lecture estim\u00e9e":"1 minute"},"schema":{"@context":"https:\/\/schema.org","@graph":[{"@type":"WebPage","@id":"https:\/\/koster-italia.it\/fr\/prodotto\/nutris-pump-spray-volume-pur-cheveux-fins-et-fatigues\/","url":"https:\/\/koster-italia.it\/fr\/prodotto\/nutris-pump-spray-volume-pur-cheveux-fins-et-fatigues\/","name":"Nutris Pump - Spray Volume pur Cheveux Fins et Fatigu\u00e9s","isPartOf":{"@id":"https:\/\/koster-italia.it\/fr\/#website"},"primaryImageOfPage":{"@id":"https:\/\/koster-italia.it\/fr\/prodotto\/nutris-pump-spray-volume-pur-cheveux-fins-et-fatigues\/#primaryimage"},"image":{"@id":"https:\/\/koster-italia.it\/fr\/prodotto\/nutris-pump-spray-volume-pur-cheveux-fins-et-fatigues\/#primaryimage"},"thumbnailUrl":"https:\/\/koster-italia.it\/wp-content\/uploads\/2023\/01\/52063_koster_nutris_pump_spray_150ml.png","datePublished":"2023-02-06T08:07:33+00:00","dateModified":"2023-03-06T13:57:46+00:00","description":"Appliqu\u00e9 apr\u00e8s le shampooing, le masque volume Nutris Pump exerce une action b\u00e9n\u00e9fique sur les cheveux fins, fragiles et fatigu\u00e9s.","breadcrumb":{"@id":"https:\/\/koster-italia.it\/fr\/prodotto\/nutris-pump-spray-volume-pur-cheveux-fins-et-fatigues\/#breadcrumb"},"inLanguage":"fr-FR","potentialAction":[{"@type":"ReadAction","target":["https:\/\/koster-italia.it\/fr\/prodotto\/nutris-pump-spray-volume-pur-cheveux-fins-et-fatigues\/"]}]},{"@type":"ImageObject","inLanguage":"fr-FR","@id":"https:\/\/koster-italia.it\/fr\/prodotto\/nutris-pump-spray-volume-pur-cheveux-fins-et-fatigues\/#primaryimage","url":"https:\/\/koster-italia.it\/wp-content\/uploads\/2023\/01\/52063_koster_nutris_pump_spray_150ml.png","contentUrl":"https:\/\/koster-italia.it\/wp-content\/uploads\/2023\/01\/52063_koster_nutris_pump_spray_150ml.png","width":600,"height":600},{"@type":"BreadcrumbList","@id":"https:\/\/koster-italia.it\/fr\/prodotto\/nutris-pump-spray-volume-pur-cheveux-fins-et-fatigues\/#breadcrumb","itemListElement":[{"@type":"ListItem","position":1,"name":"Home","item":"https:\/\/koster-italia.it\/fr\/"},{"@type":"ListItem","position":2,"name":"Produits","item":"https:\/\/koster-italia.it\/fr\/shop\/"},{"@type":"ListItem","position":3,"name":"Nutris Pump &#8211; Spray Volume pur Cheveux Fins et Fatigu\u00e9s"}]},{"@type":"WebSite","@id":"https:\/\/koster-italia.it\/fr\/#website","url":"https:\/\/koster-italia.it\/fr\/","name":"Koster Italia","description":"Prodotti professionali per parrucchieri","potentialAction":[{"@type":"SearchAction","target":{"@type":"EntryPoint","urlTemplate":"https:\/\/koster-italia.it\/fr\/?s={search_term_string}"},"query-input":{"@type":"PropertyValueSpecification","valueRequired":true,"valueName":"search_term_string"}}],"inLanguage":"fr-FR"}]}},"_links":{"self":[{"href":"https:\/\/koster-italia.it\/fr\/wp-json\/wp\/v2\/product\/18760","targetHints":{"allow":["GET"]}}],"collection":[{"href":"https:\/\/koster-italia.it\/fr\/wp-json\/wp\/v2\/product"}],"about":[{"href":"https:\/\/koster-italia.it\/fr\/wp-json\/wp\/v2\/types\/product"}],"wp:featuredmedia":[{"embeddable":true,"href":"https:\/\/koster-italia.it\/fr\/wp-json\/wp\/v2\/media\/18748"}],"wp:attachment":[{"href":"https:\/\/koster-italia.it\/fr\/wp-json\/wp\/v2\/media?parent=18760"}],"wp:term":[{"taxonomy":"product_brand","embeddable":true,"href":"https:\/\/koster-italia.it\/fr\/wp-json\/wp\/v2\/product_brand?post=18760"},{"taxonomy":"product_cat","embeddable":true,"href":"https:\/\/koster-italia.it\/fr\/wp-json\/wp\/v2\/product_cat?post=18760"},{"taxonomy":"product_tag","embeddable":true,"href":"https:\/\/koster-italia.it\/fr\/wp-json\/wp\/v2\/product_tag?post=18760"}],"curies":[{"name":"wp","href":"https:\/\/api.w.org\/{rel}","templated":true}]}}