{"id":18751,"date":"2023-02-06T09:06:35","date_gmt":"2023-02-06T08:06:35","guid":{"rendered":"https:\/\/koster-italia.it\/?post_type=product&#038;p=18751"},"modified":"2023-03-06T14:57:47","modified_gmt":"2023-03-06T13:57:47","slug":"nutris-pump-shampooing-volume-pur-cheveux-fins-et-fatigues-1000-ml","status":"publish","type":"product","link":"https:\/\/koster-italia.it\/fr\/prodotto\/nutris-pump-shampooing-volume-pur-cheveux-fins-et-fatigues-1000-ml\/","title":{"rendered":"Nutris Pump &#8211; Shampooing Volume pur Cheveux Fins et Fatigu\u00e9s"},"content":{"rendered":"<p class=\"p1\"><span style=\"font-weight: 400;\">L&rsquo;<\/span><b>extrait de feuilles d&rsquo;oranger<\/b><span style=\"font-weight: 400;\"> est efficace pour rendre les cheveux brillants et vigoureux. Gr\u00e2ce \u00e0 son action calmante, cet extrait aide \u00e9galement \u00e0 pr\u00e9server la bonne sant\u00e9 des cheveux en r\u00e9gulant la production de s\u00e9bum.<\/span><\/p>\n<p class=\"p2\">\n","protected":false},"excerpt":{"rendered":"<p class=\"p1\"><span style=\"font-weight: 400;\">Nutris Pump est un <\/span><b>shampooing volumisant<\/b><span style=\"font-weight: 400;\"> con\u00e7u pour r\u00e9tablir l&rsquo;hydratation des <\/span><b>cheveux fins et fatigu\u00e9s<\/b><span style=\"font-weight: 400;\">. Il lave les cheveux, leur conf\u00e8re de la <\/span><b>vigueur<\/b><span style=\"font-weight: 400;\"> et un <\/span><b>volume naturel<\/b><span style=\"font-weight: 400;\">, et les rend <\/span><b>brillants et vigoureux<\/b><span style=\"font-weight: 400;\"> sans les alourdir. D\u00e8s la premi\u00e8re utilisation, vous remarquerez que vos <\/span><b>cheveux sont plus \u00e9pais<\/b><span style=\"font-weight: 400;\"> au toucher, des racines aux pointes. <\/span><\/p>\n<p>&nbsp;<\/p>\n<p class=\"p1\">1000 ml<\/p>\n","protected":false},"featured_media":18736,"template":"","meta":[],"product_brand":[],"product_cat":[754,734],"product_tag":[],"class_list":{"0":"post-18751","1":"product","2":"type-product","3":"status-publish","4":"has-post-thumbnail","6":"product_cat-nutris-pump-fr","7":"product_cat-treatments-fr","9":"first","10":"instock","11":"shipping-taxable","12":"product-type-simple"},"yoast_head":"<!-- This site is optimized with the Yoast SEO plugin v26.8 - https:\/\/yoast.com\/product\/yoast-seo-wordpress\/ -->\n<title>Nutris Pump - Shampooing Volume pur Cheveux Fins et Fatigu\u00e9s<\/title>\n<meta name=\"description\" content=\"Nutris Pump est un shampooing volumisant pour r\u00e9tablir l&#039;hydratation des cheveux fins.\" \/>\n<meta name=\"robots\" content=\"index, follow, max-snippet:-1, max-image-preview:large, max-video-preview:-1\" \/>\n<link rel=\"canonical\" href=\"https:\/\/koster-italia.it\/fr\/prodotto\/nutris-pump-shampooing-volume-pur-cheveux-fins-et-fatigues-1000-ml\/\" \/>\n<meta property=\"og:locale\" content=\"fr_FR\" \/>\n<meta property=\"og:type\" content=\"article\" \/>\n<meta property=\"og:title\" content=\"Nutris Pump - Shampooing Volume pur Cheveux Fins et Fatigu\u00e9s\" \/>\n<meta property=\"og:description\" content=\"Nutris Pump est un shampooing volumisant pour r\u00e9tablir l&#039;hydratation des cheveux fins.\" \/>\n<meta property=\"og:url\" content=\"https:\/\/koster-italia.it\/fr\/prodotto\/nutris-pump-shampooing-volume-pur-cheveux-fins-et-fatigues-1000-ml\/\" \/>\n<meta property=\"og:site_name\" content=\"Koster Italia\" \/>\n<meta property=\"article:modified_time\" content=\"2023-03-06T13:57:47+00:00\" \/>\n<meta property=\"og:image\" content=\"https:\/\/koster-italia.it\/wp-content\/uploads\/2023\/01\/52059_koster_nutris_pump_shampoo_1000ml.png\" \/>\n\t<meta property=\"og:image:width\" content=\"600\" \/>\n\t<meta property=\"og:image:height\" content=\"600\" \/>\n\t<meta property=\"og:image:type\" content=\"image\/png\" \/>\n<meta name=\"twitter:card\" content=\"summary_large_image\" \/>\n<meta name=\"twitter:label1\" content=\"Dur\u00e9e de lecture estim\u00e9e\" \/>\n\t<meta name=\"twitter:data1\" content=\"1 minute\" \/>\n<script type=\"application\/ld+json\" class=\"yoast-schema-graph\">{\"@context\":\"https:\/\/schema.org\",\"@graph\":[{\"@type\":\"WebPage\",\"@id\":\"https:\/\/koster-italia.it\/fr\/prodotto\/nutris-pump-shampooing-volume-pur-cheveux-fins-et-fatigues-1000-ml\/\",\"url\":\"https:\/\/koster-italia.it\/fr\/prodotto\/nutris-pump-shampooing-volume-pur-cheveux-fins-et-fatigues-1000-ml\/\",\"name\":\"Nutris Pump - Shampooing Volume pur Cheveux Fins et Fatigu\u00e9s\",\"isPartOf\":{\"@id\":\"https:\/\/koster-italia.it\/fr\/#website\"},\"primaryImageOfPage\":{\"@id\":\"https:\/\/koster-italia.it\/fr\/prodotto\/nutris-pump-shampooing-volume-pur-cheveux-fins-et-fatigues-1000-ml\/#primaryimage\"},\"image\":{\"@id\":\"https:\/\/koster-italia.it\/fr\/prodotto\/nutris-pump-shampooing-volume-pur-cheveux-fins-et-fatigues-1000-ml\/#primaryimage\"},\"thumbnailUrl\":\"https:\/\/koster-italia.it\/wp-content\/uploads\/2023\/01\/52059_koster_nutris_pump_shampoo_1000ml.png\",\"datePublished\":\"2023-02-06T08:06:35+00:00\",\"dateModified\":\"2023-03-06T13:57:47+00:00\",\"description\":\"Nutris Pump est un shampooing volumisant pour r\u00e9tablir l'hydratation des cheveux fins.\",\"breadcrumb\":{\"@id\":\"https:\/\/koster-italia.it\/fr\/prodotto\/nutris-pump-shampooing-volume-pur-cheveux-fins-et-fatigues-1000-ml\/#breadcrumb\"},\"inLanguage\":\"fr-FR\",\"potentialAction\":[{\"@type\":\"ReadAction\",\"target\":[\"https:\/\/koster-italia.it\/fr\/prodotto\/nutris-pump-shampooing-volume-pur-cheveux-fins-et-fatigues-1000-ml\/\"]}]},{\"@type\":\"ImageObject\",\"inLanguage\":\"fr-FR\",\"@id\":\"https:\/\/koster-italia.it\/fr\/prodotto\/nutris-pump-shampooing-volume-pur-cheveux-fins-et-fatigues-1000-ml\/#primaryimage\",\"url\":\"https:\/\/koster-italia.it\/wp-content\/uploads\/2023\/01\/52059_koster_nutris_pump_shampoo_1000ml.png\",\"contentUrl\":\"https:\/\/koster-italia.it\/wp-content\/uploads\/2023\/01\/52059_koster_nutris_pump_shampoo_1000ml.png\",\"width\":600,\"height\":600},{\"@type\":\"BreadcrumbList\",\"@id\":\"https:\/\/koster-italia.it\/fr\/prodotto\/nutris-pump-shampooing-volume-pur-cheveux-fins-et-fatigues-1000-ml\/#breadcrumb\",\"itemListElement\":[{\"@type\":\"ListItem\",\"position\":1,\"name\":\"Home\",\"item\":\"https:\/\/koster-italia.it\/fr\/\"},{\"@type\":\"ListItem\",\"position\":2,\"name\":\"Produits\",\"item\":\"https:\/\/koster-italia.it\/fr\/shop\/\"},{\"@type\":\"ListItem\",\"position\":3,\"name\":\"Nutris Pump &#8211; Shampooing Volume pur Cheveux Fins et Fatigu\u00e9s\"}]},{\"@type\":\"WebSite\",\"@id\":\"https:\/\/koster-italia.it\/fr\/#website\",\"url\":\"https:\/\/koster-italia.it\/fr\/\",\"name\":\"Koster Italia\",\"description\":\"Prodotti professionali per parrucchieri\",\"potentialAction\":[{\"@type\":\"SearchAction\",\"target\":{\"@type\":\"EntryPoint\",\"urlTemplate\":\"https:\/\/koster-italia.it\/fr\/?s={search_term_string}\"},\"query-input\":{\"@type\":\"PropertyValueSpecification\",\"valueRequired\":true,\"valueName\":\"search_term_string\"}}],\"inLanguage\":\"fr-FR\"}]}<\/script>\n<!-- \/ Yoast SEO plugin. -->","yoast_head_json":{"title":"Nutris Pump - Shampooing Volume pur Cheveux Fins et Fatigu\u00e9s","description":"Nutris Pump est un shampooing volumisant pour r\u00e9tablir l'hydratation des cheveux fins.","robots":{"index":"index","follow":"follow","max-snippet":"max-snippet:-1","max-image-preview":"max-image-preview:large","max-video-preview":"max-video-preview:-1"},"canonical":"https:\/\/koster-italia.it\/fr\/prodotto\/nutris-pump-shampooing-volume-pur-cheveux-fins-et-fatigues-1000-ml\/","og_locale":"fr_FR","og_type":"article","og_title":"Nutris Pump - Shampooing Volume pur Cheveux Fins et Fatigu\u00e9s","og_description":"Nutris Pump est un shampooing volumisant pour r\u00e9tablir l'hydratation des cheveux fins.","og_url":"https:\/\/koster-italia.it\/fr\/prodotto\/nutris-pump-shampooing-volume-pur-cheveux-fins-et-fatigues-1000-ml\/","og_site_name":"Koster Italia","article_modified_time":"2023-03-06T13:57:47+00:00","og_image":[{"width":600,"height":600,"url":"https:\/\/koster-italia.it\/wp-content\/uploads\/2023\/01\/52059_koster_nutris_pump_shampoo_1000ml.png","type":"image\/png"}],"twitter_card":"summary_large_image","twitter_misc":{"Dur\u00e9e de lecture estim\u00e9e":"1 minute"},"schema":{"@context":"https:\/\/schema.org","@graph":[{"@type":"WebPage","@id":"https:\/\/koster-italia.it\/fr\/prodotto\/nutris-pump-shampooing-volume-pur-cheveux-fins-et-fatigues-1000-ml\/","url":"https:\/\/koster-italia.it\/fr\/prodotto\/nutris-pump-shampooing-volume-pur-cheveux-fins-et-fatigues-1000-ml\/","name":"Nutris Pump - Shampooing Volume pur Cheveux Fins et Fatigu\u00e9s","isPartOf":{"@id":"https:\/\/koster-italia.it\/fr\/#website"},"primaryImageOfPage":{"@id":"https:\/\/koster-italia.it\/fr\/prodotto\/nutris-pump-shampooing-volume-pur-cheveux-fins-et-fatigues-1000-ml\/#primaryimage"},"image":{"@id":"https:\/\/koster-italia.it\/fr\/prodotto\/nutris-pump-shampooing-volume-pur-cheveux-fins-et-fatigues-1000-ml\/#primaryimage"},"thumbnailUrl":"https:\/\/koster-italia.it\/wp-content\/uploads\/2023\/01\/52059_koster_nutris_pump_shampoo_1000ml.png","datePublished":"2023-02-06T08:06:35+00:00","dateModified":"2023-03-06T13:57:47+00:00","description":"Nutris Pump est un shampooing volumisant pour r\u00e9tablir l'hydratation des cheveux fins.","breadcrumb":{"@id":"https:\/\/koster-italia.it\/fr\/prodotto\/nutris-pump-shampooing-volume-pur-cheveux-fins-et-fatigues-1000-ml\/#breadcrumb"},"inLanguage":"fr-FR","potentialAction":[{"@type":"ReadAction","target":["https:\/\/koster-italia.it\/fr\/prodotto\/nutris-pump-shampooing-volume-pur-cheveux-fins-et-fatigues-1000-ml\/"]}]},{"@type":"ImageObject","inLanguage":"fr-FR","@id":"https:\/\/koster-italia.it\/fr\/prodotto\/nutris-pump-shampooing-volume-pur-cheveux-fins-et-fatigues-1000-ml\/#primaryimage","url":"https:\/\/koster-italia.it\/wp-content\/uploads\/2023\/01\/52059_koster_nutris_pump_shampoo_1000ml.png","contentUrl":"https:\/\/koster-italia.it\/wp-content\/uploads\/2023\/01\/52059_koster_nutris_pump_shampoo_1000ml.png","width":600,"height":600},{"@type":"BreadcrumbList","@id":"https:\/\/koster-italia.it\/fr\/prodotto\/nutris-pump-shampooing-volume-pur-cheveux-fins-et-fatigues-1000-ml\/#breadcrumb","itemListElement":[{"@type":"ListItem","position":1,"name":"Home","item":"https:\/\/koster-italia.it\/fr\/"},{"@type":"ListItem","position":2,"name":"Produits","item":"https:\/\/koster-italia.it\/fr\/shop\/"},{"@type":"ListItem","position":3,"name":"Nutris Pump &#8211; Shampooing Volume pur Cheveux Fins et Fatigu\u00e9s"}]},{"@type":"WebSite","@id":"https:\/\/koster-italia.it\/fr\/#website","url":"https:\/\/koster-italia.it\/fr\/","name":"Koster Italia","description":"Prodotti professionali per parrucchieri","potentialAction":[{"@type":"SearchAction","target":{"@type":"EntryPoint","urlTemplate":"https:\/\/koster-italia.it\/fr\/?s={search_term_string}"},"query-input":{"@type":"PropertyValueSpecification","valueRequired":true,"valueName":"search_term_string"}}],"inLanguage":"fr-FR"}]}},"_links":{"self":[{"href":"https:\/\/koster-italia.it\/fr\/wp-json\/wp\/v2\/product\/18751","targetHints":{"allow":["GET"]}}],"collection":[{"href":"https:\/\/koster-italia.it\/fr\/wp-json\/wp\/v2\/product"}],"about":[{"href":"https:\/\/koster-italia.it\/fr\/wp-json\/wp\/v2\/types\/product"}],"wp:featuredmedia":[{"embeddable":true,"href":"https:\/\/koster-italia.it\/fr\/wp-json\/wp\/v2\/media\/18736"}],"wp:attachment":[{"href":"https:\/\/koster-italia.it\/fr\/wp-json\/wp\/v2\/media?parent=18751"}],"wp:term":[{"taxonomy":"product_brand","embeddable":true,"href":"https:\/\/koster-italia.it\/fr\/wp-json\/wp\/v2\/product_brand?post=18751"},{"taxonomy":"product_cat","embeddable":true,"href":"https:\/\/koster-italia.it\/fr\/wp-json\/wp\/v2\/product_cat?post=18751"},{"taxonomy":"product_tag","embeddable":true,"href":"https:\/\/koster-italia.it\/fr\/wp-json\/wp\/v2\/product_tag?post=18751"}],"curies":[{"name":"wp","href":"https:\/\/api.w.org\/{rel}","templated":true}]}}