{"id":18667,"date":"2016-04-07T17:55:29","date_gmt":"2016-04-07T15:55:29","guid":{"rendered":"https:\/\/koster-italia.it\/prodotto\/nutris-vital-shampooing-adjuvant-prevention-chute\/"},"modified":"2016-04-07T17:55:29","modified_gmt":"2016-04-07T15:55:29","slug":"nutris-vital-shampooing-adjuvant-prevention-chute","status":"publish","type":"product","link":"https:\/\/koster-italia.it\/fr\/prodotto\/nutris-vital-shampooing-adjuvant-prevention-chute\/","title":{"rendered":"Nutris Vital \u2013 Shampooing adjuvant pr\u00e9vention chute"},"content":{"rendered":"<p><strong>Polyquaternium-7<\/strong>, est un conditionnant polym\u00e9rique \u00e0 effet <strong>substantiel et filmog\u00e8ne<\/strong><\/p>\n<p><strong>Panth\u00e9nol,<\/strong> nourrit les cheveux \u00e0 la racine et <strong>augmente la r\u00e9sistance<\/strong> de la tige capillaire<\/p>\n<p><strong>Sans paraben<\/strong><\/p>\n<p>&nbsp;<\/p>\n<p>&nbsp;<\/p>\n<p>La chevelure est <strong>r\u00e9g\u00e9n\u00e9r\u00e9e et nourrie<\/strong><\/p>\n<p>Action <strong>de lutte et de pr\u00e9vention<\/strong> dans la chute des cheveux<\/p>\n","protected":false},"excerpt":{"rendered":"<p>Le <strong>shampooing pr\u00e9vention<\/strong> chute <strong>Nutris Vital<\/strong> exerce une action stimulante et tonifiante, en nettoyant d\u00e9licatement les cheveux faibles et ayant tendance \u00e0 la chute. La structure capillaire est fortifi\u00e9e par l\u2019action profonde des substances <strong>r\u00e9activantes et purifiantes<\/strong> de sa formulation qui favorisent l\u2019\u00e9quilibre physiologique de la peau et <strong>revitalisent les cheveux<\/strong>.<\/p>\n<p>Usage professionnel<\/p>\n<p>Format 300 ml<\/p>\n","protected":false},"featured_media":20755,"template":"","meta":[],"product_brand":[],"product_cat":[742,734],"product_tag":[],"class_list":{"0":"post-18667","1":"product","2":"type-product","3":"status-publish","4":"has-post-thumbnail","6":"product_cat-nutris-vital-fr","7":"product_cat-treatments-fr","9":"first","10":"instock","11":"shipping-taxable","12":"product-type-simple"},"yoast_head":"<!-- This site is optimized with the Yoast SEO plugin v26.8 - https:\/\/yoast.com\/product\/yoast-seo-wordpress\/ -->\n<title>Nutris Vital \u2013 Shampooing adjuvant pr\u00e9vention chute<\/title>\n<meta name=\"description\" content=\"Le shampooing pr\u00e9vention chute Nutris Vital exerce une action stimulante et tonifiante, en nettoyant d\u00e9licatement les cheveux faibles et ayant tendance \u00e0 la chute.\" \/>\n<meta name=\"robots\" content=\"index, follow, max-snippet:-1, max-image-preview:large, max-video-preview:-1\" \/>\n<link rel=\"canonical\" href=\"https:\/\/koster-italia.it\/fr\/prodotto\/nutris-vital-shampooing-adjuvant-prevention-chute\/\" \/>\n<meta property=\"og:locale\" content=\"fr_FR\" \/>\n<meta property=\"og:type\" content=\"article\" \/>\n<meta property=\"og:title\" content=\"Nutris Vital \u2013 Shampooing adjuvant pr\u00e9vention chute\" \/>\n<meta property=\"og:description\" content=\"Le shampooing pr\u00e9vention chute Nutris Vital exerce une action stimulante et tonifiante, en nettoyant d\u00e9licatement les cheveux faibles et ayant tendance \u00e0 la chute.\" \/>\n<meta property=\"og:url\" content=\"https:\/\/koster-italia.it\/fr\/prodotto\/nutris-vital-shampooing-adjuvant-prevention-chute\/\" \/>\n<meta property=\"og:site_name\" content=\"Koster Italia\" \/>\n<meta property=\"og:image\" content=\"https:\/\/koster-italia.it\/wp-content\/uploads\/2020\/11\/52016_koster_nutris_vital_adjuvant_shampoo_300ml.png\" \/>\n\t<meta property=\"og:image:width\" content=\"600\" \/>\n\t<meta property=\"og:image:height\" content=\"600\" \/>\n\t<meta property=\"og:image:type\" content=\"image\/png\" \/>\n<meta name=\"twitter:card\" content=\"summary_large_image\" \/>\n<script type=\"application\/ld+json\" class=\"yoast-schema-graph\">{\"@context\":\"https:\/\/schema.org\",\"@graph\":[{\"@type\":\"WebPage\",\"@id\":\"https:\/\/koster-italia.it\/fr\/prodotto\/nutris-vital-shampooing-adjuvant-prevention-chute\/\",\"url\":\"https:\/\/koster-italia.it\/fr\/prodotto\/nutris-vital-shampooing-adjuvant-prevention-chute\/\",\"name\":\"Nutris Vital \u2013 Shampooing adjuvant pr\u00e9vention chute\",\"isPartOf\":{\"@id\":\"https:\/\/koster-italia.it\/fr\/#website\"},\"primaryImageOfPage\":{\"@id\":\"https:\/\/koster-italia.it\/fr\/prodotto\/nutris-vital-shampooing-adjuvant-prevention-chute\/#primaryimage\"},\"image\":{\"@id\":\"https:\/\/koster-italia.it\/fr\/prodotto\/nutris-vital-shampooing-adjuvant-prevention-chute\/#primaryimage\"},\"thumbnailUrl\":\"https:\/\/koster-italia.it\/wp-content\/uploads\/2016\/04\/52016_koster_nutris_vital_adjuvant_shampoo_300ml.png\",\"datePublished\":\"2016-04-07T15:55:29+00:00\",\"description\":\"Le shampooing pr\u00e9vention chute Nutris Vital exerce une action stimulante et tonifiante, en nettoyant d\u00e9licatement les cheveux faibles et ayant tendance \u00e0 la chute.\",\"breadcrumb\":{\"@id\":\"https:\/\/koster-italia.it\/fr\/prodotto\/nutris-vital-shampooing-adjuvant-prevention-chute\/#breadcrumb\"},\"inLanguage\":\"fr-FR\",\"potentialAction\":[{\"@type\":\"ReadAction\",\"target\":[\"https:\/\/koster-italia.it\/fr\/prodotto\/nutris-vital-shampooing-adjuvant-prevention-chute\/\"]}]},{\"@type\":\"ImageObject\",\"inLanguage\":\"fr-FR\",\"@id\":\"https:\/\/koster-italia.it\/fr\/prodotto\/nutris-vital-shampooing-adjuvant-prevention-chute\/#primaryimage\",\"url\":\"https:\/\/koster-italia.it\/wp-content\/uploads\/2016\/04\/52016_koster_nutris_vital_adjuvant_shampoo_300ml.png\",\"contentUrl\":\"https:\/\/koster-italia.it\/wp-content\/uploads\/2016\/04\/52016_koster_nutris_vital_adjuvant_shampoo_300ml.png\",\"width\":600,\"height\":600},{\"@type\":\"BreadcrumbList\",\"@id\":\"https:\/\/koster-italia.it\/fr\/prodotto\/nutris-vital-shampooing-adjuvant-prevention-chute\/#breadcrumb\",\"itemListElement\":[{\"@type\":\"ListItem\",\"position\":1,\"name\":\"Home\",\"item\":\"https:\/\/koster-italia.it\/fr\/\"},{\"@type\":\"ListItem\",\"position\":2,\"name\":\"Produits\",\"item\":\"https:\/\/koster-italia.it\/fr\/shop\/\"},{\"@type\":\"ListItem\",\"position\":3,\"name\":\"Nutris Vital \u2013 Shampooing adjuvant pr\u00e9vention chute\"}]},{\"@type\":\"WebSite\",\"@id\":\"https:\/\/koster-italia.it\/fr\/#website\",\"url\":\"https:\/\/koster-italia.it\/fr\/\",\"name\":\"Koster Italia\",\"description\":\"Prodotti professionali per parrucchieri\",\"potentialAction\":[{\"@type\":\"SearchAction\",\"target\":{\"@type\":\"EntryPoint\",\"urlTemplate\":\"https:\/\/koster-italia.it\/fr\/?s={search_term_string}\"},\"query-input\":{\"@type\":\"PropertyValueSpecification\",\"valueRequired\":true,\"valueName\":\"search_term_string\"}}],\"inLanguage\":\"fr-FR\"}]}<\/script>\n<!-- \/ Yoast SEO plugin. -->","yoast_head_json":{"title":"Nutris Vital \u2013 Shampooing adjuvant pr\u00e9vention chute","description":"Le shampooing pr\u00e9vention chute Nutris Vital exerce une action stimulante et tonifiante, en nettoyant d\u00e9licatement les cheveux faibles et ayant tendance \u00e0 la chute.","robots":{"index":"index","follow":"follow","max-snippet":"max-snippet:-1","max-image-preview":"max-image-preview:large","max-video-preview":"max-video-preview:-1"},"canonical":"https:\/\/koster-italia.it\/fr\/prodotto\/nutris-vital-shampooing-adjuvant-prevention-chute\/","og_locale":"fr_FR","og_type":"article","og_title":"Nutris Vital \u2013 Shampooing adjuvant pr\u00e9vention chute","og_description":"Le shampooing pr\u00e9vention chute Nutris Vital exerce une action stimulante et tonifiante, en nettoyant d\u00e9licatement les cheveux faibles et ayant tendance \u00e0 la chute.","og_url":"https:\/\/koster-italia.it\/fr\/prodotto\/nutris-vital-shampooing-adjuvant-prevention-chute\/","og_site_name":"Koster Italia","og_image":[{"width":600,"height":600,"url":"https:\/\/koster-italia.it\/wp-content\/uploads\/2020\/11\/52016_koster_nutris_vital_adjuvant_shampoo_300ml.png","type":"image\/png"}],"twitter_card":"summary_large_image","schema":{"@context":"https:\/\/schema.org","@graph":[{"@type":"WebPage","@id":"https:\/\/koster-italia.it\/fr\/prodotto\/nutris-vital-shampooing-adjuvant-prevention-chute\/","url":"https:\/\/koster-italia.it\/fr\/prodotto\/nutris-vital-shampooing-adjuvant-prevention-chute\/","name":"Nutris Vital \u2013 Shampooing adjuvant pr\u00e9vention chute","isPartOf":{"@id":"https:\/\/koster-italia.it\/fr\/#website"},"primaryImageOfPage":{"@id":"https:\/\/koster-italia.it\/fr\/prodotto\/nutris-vital-shampooing-adjuvant-prevention-chute\/#primaryimage"},"image":{"@id":"https:\/\/koster-italia.it\/fr\/prodotto\/nutris-vital-shampooing-adjuvant-prevention-chute\/#primaryimage"},"thumbnailUrl":"https:\/\/koster-italia.it\/wp-content\/uploads\/2016\/04\/52016_koster_nutris_vital_adjuvant_shampoo_300ml.png","datePublished":"2016-04-07T15:55:29+00:00","description":"Le shampooing pr\u00e9vention chute Nutris Vital exerce une action stimulante et tonifiante, en nettoyant d\u00e9licatement les cheveux faibles et ayant tendance \u00e0 la chute.","breadcrumb":{"@id":"https:\/\/koster-italia.it\/fr\/prodotto\/nutris-vital-shampooing-adjuvant-prevention-chute\/#breadcrumb"},"inLanguage":"fr-FR","potentialAction":[{"@type":"ReadAction","target":["https:\/\/koster-italia.it\/fr\/prodotto\/nutris-vital-shampooing-adjuvant-prevention-chute\/"]}]},{"@type":"ImageObject","inLanguage":"fr-FR","@id":"https:\/\/koster-italia.it\/fr\/prodotto\/nutris-vital-shampooing-adjuvant-prevention-chute\/#primaryimage","url":"https:\/\/koster-italia.it\/wp-content\/uploads\/2016\/04\/52016_koster_nutris_vital_adjuvant_shampoo_300ml.png","contentUrl":"https:\/\/koster-italia.it\/wp-content\/uploads\/2016\/04\/52016_koster_nutris_vital_adjuvant_shampoo_300ml.png","width":600,"height":600},{"@type":"BreadcrumbList","@id":"https:\/\/koster-italia.it\/fr\/prodotto\/nutris-vital-shampooing-adjuvant-prevention-chute\/#breadcrumb","itemListElement":[{"@type":"ListItem","position":1,"name":"Home","item":"https:\/\/koster-italia.it\/fr\/"},{"@type":"ListItem","position":2,"name":"Produits","item":"https:\/\/koster-italia.it\/fr\/shop\/"},{"@type":"ListItem","position":3,"name":"Nutris Vital \u2013 Shampooing adjuvant pr\u00e9vention chute"}]},{"@type":"WebSite","@id":"https:\/\/koster-italia.it\/fr\/#website","url":"https:\/\/koster-italia.it\/fr\/","name":"Koster Italia","description":"Prodotti professionali per parrucchieri","potentialAction":[{"@type":"SearchAction","target":{"@type":"EntryPoint","urlTemplate":"https:\/\/koster-italia.it\/fr\/?s={search_term_string}"},"query-input":{"@type":"PropertyValueSpecification","valueRequired":true,"valueName":"search_term_string"}}],"inLanguage":"fr-FR"}]}},"_links":{"self":[{"href":"https:\/\/koster-italia.it\/fr\/wp-json\/wp\/v2\/product\/18667","targetHints":{"allow":["GET"]}}],"collection":[{"href":"https:\/\/koster-italia.it\/fr\/wp-json\/wp\/v2\/product"}],"about":[{"href":"https:\/\/koster-italia.it\/fr\/wp-json\/wp\/v2\/types\/product"}],"wp:featuredmedia":[{"embeddable":true,"href":"https:\/\/koster-italia.it\/fr\/wp-json\/wp\/v2\/media\/20755"}],"wp:attachment":[{"href":"https:\/\/koster-italia.it\/fr\/wp-json\/wp\/v2\/media?parent=18667"}],"wp:term":[{"taxonomy":"product_brand","embeddable":true,"href":"https:\/\/koster-italia.it\/fr\/wp-json\/wp\/v2\/product_brand?post=18667"},{"taxonomy":"product_cat","embeddable":true,"href":"https:\/\/koster-italia.it\/fr\/wp-json\/wp\/v2\/product_cat?post=18667"},{"taxonomy":"product_tag","embeddable":true,"href":"https:\/\/koster-italia.it\/fr\/wp-json\/wp\/v2\/product_tag?post=18667"}],"curies":[{"name":"wp","href":"https:\/\/api.w.org\/{rel}","templated":true}]}}