{"id":18665,"date":"2022-09-12T14:37:16","date_gmt":"2022-09-12T12:37:16","guid":{"rendered":"https:\/\/koster-italia.it\/prodotto\/nutris-vital-kit-de-prevention-de-la-chute-des-cheveux\/"},"modified":"2022-12-06T11:57:13","modified_gmt":"2022-12-06T10:57:13","slug":"nutris-vital-kit-de-prevention-de-la-chute-des-cheveux","status":"publish","type":"product","link":"https:\/\/koster-italia.it\/fr\/prodotto\/nutris-vital-kit-de-prevention-de-la-chute-des-cheveux\/","title":{"rendered":"Nutris Vital \u2013  Kit de pr\u00e9vention de la chute des cheveux"},"content":{"rendered":"<p><strong>Substances fonctionnelles<\/strong>, activent la microcirculation et favorisent la repousse<\/p>\n<p><strong>Sans paraben<\/strong><\/p>\n","protected":false},"excerpt":{"rendered":"<p><span style=\"font-weight: 400;\">Le kit anti-chute Nutris Vital<strong> redonne mati\u00e8re et \u00e9nergie aux cheveux fragiles<\/strong> en luttant contre la chute des cheveux. Le shampooing, le soin en fiole et le masseur de cuir chevelu <\/span><span style=\"font-weight: 400;\">agissent en synergie, <strong>stimulent et tonifient la structure capillaire pour fortifier les cheveux<\/strong> et les r\u00e9g\u00e9n\u00e9rer.<\/span><\/p>\n<p><span style=\"font-weight: 400;\">Le kit contient un shampooing adjuvant anti-chute de cheveux de 300 ml, <\/span><span style=\"font-weight: 400;\">une bo\u00eete de 10 ampoules jetables de 8 ml et le masseur de cuir chevelu, <\/span><span style=\"font-weight: 400;\">qui favorisent la r\u00e9activation de la microcirculation, fortifient les cheveux et les rendent plus brillants.<\/span><\/p>\n","protected":false},"featured_media":17963,"template":"","meta":[],"product_brand":[],"product_cat":[742,734],"product_tag":[],"class_list":{"0":"post-18665","1":"product","2":"type-product","3":"status-publish","4":"has-post-thumbnail","6":"product_cat-nutris-vital-fr","7":"product_cat-treatments-fr","9":"first","10":"instock","11":"shipping-taxable","12":"product-type-simple"},"yoast_head":"<!-- This site is optimized with the Yoast SEO plugin v26.8 - https:\/\/yoast.com\/product\/yoast-seo-wordpress\/ -->\n<title>Le kit anti-chute Nutris Vital redonne mati\u00e8re et \u00e9nergie aux cheveux fragiles en luttant contre la chute des cheveux.<\/title>\n<meta name=\"description\" content=\"Le kit anti-chute Nutris Vital redonne mati\u00e8re et \u00e9nergie aux cheveux fragiles en luttant contre la chute des cheveux.\" \/>\n<meta name=\"robots\" content=\"index, follow, max-snippet:-1, max-image-preview:large, max-video-preview:-1\" \/>\n<link rel=\"canonical\" href=\"https:\/\/koster-italia.it\/fr\/prodotto\/nutris-vital-kit-de-prevention-de-la-chute-des-cheveux\/\" \/>\n<meta property=\"og:locale\" content=\"fr_FR\" \/>\n<meta property=\"og:type\" content=\"article\" \/>\n<meta property=\"og:title\" content=\"Le kit anti-chute Nutris Vital redonne mati\u00e8re et \u00e9nergie aux cheveux fragiles en luttant contre la chute des cheveux.\" \/>\n<meta property=\"og:description\" content=\"Le kit anti-chute Nutris Vital redonne mati\u00e8re et \u00e9nergie aux cheveux fragiles en luttant contre la chute des cheveux.\" \/>\n<meta property=\"og:url\" content=\"https:\/\/koster-italia.it\/fr\/prodotto\/nutris-vital-kit-de-prevention-de-la-chute-des-cheveux\/\" \/>\n<meta property=\"og:site_name\" content=\"Koster Italia\" \/>\n<meta property=\"article:modified_time\" content=\"2022-12-06T10:57:13+00:00\" \/>\n<meta property=\"og:image\" content=\"https:\/\/koster-italia.it\/wp-content\/uploads\/2022\/08\/koster_nutris_vital_kit_massaggiatore.png\" \/>\n\t<meta property=\"og:image:width\" content=\"600\" \/>\n\t<meta property=\"og:image:height\" content=\"600\" \/>\n\t<meta property=\"og:image:type\" content=\"image\/png\" \/>\n<meta name=\"twitter:card\" content=\"summary_large_image\" \/>\n<meta name=\"twitter:label1\" content=\"Dur\u00e9e de lecture estim\u00e9e\" \/>\n\t<meta name=\"twitter:data1\" content=\"1 minute\" \/>\n<script type=\"application\/ld+json\" class=\"yoast-schema-graph\">{\"@context\":\"https:\/\/schema.org\",\"@graph\":[{\"@type\":\"WebPage\",\"@id\":\"https:\/\/koster-italia.it\/fr\/prodotto\/nutris-vital-kit-de-prevention-de-la-chute-des-cheveux\/\",\"url\":\"https:\/\/koster-italia.it\/fr\/prodotto\/nutris-vital-kit-de-prevention-de-la-chute-des-cheveux\/\",\"name\":\"Le kit anti-chute Nutris Vital redonne mati\u00e8re et \u00e9nergie aux cheveux fragiles en luttant contre la chute des cheveux.\",\"isPartOf\":{\"@id\":\"https:\/\/koster-italia.it\/fr\/#website\"},\"primaryImageOfPage\":{\"@id\":\"https:\/\/koster-italia.it\/fr\/prodotto\/nutris-vital-kit-de-prevention-de-la-chute-des-cheveux\/#primaryimage\"},\"image\":{\"@id\":\"https:\/\/koster-italia.it\/fr\/prodotto\/nutris-vital-kit-de-prevention-de-la-chute-des-cheveux\/#primaryimage\"},\"thumbnailUrl\":\"https:\/\/koster-italia.it\/wp-content\/uploads\/2022\/08\/koster_nutris_vital_kit_massaggiatore.png\",\"datePublished\":\"2022-09-12T12:37:16+00:00\",\"dateModified\":\"2022-12-06T10:57:13+00:00\",\"description\":\"Le kit anti-chute Nutris Vital redonne mati\u00e8re et \u00e9nergie aux cheveux fragiles en luttant contre la chute des cheveux.\",\"breadcrumb\":{\"@id\":\"https:\/\/koster-italia.it\/fr\/prodotto\/nutris-vital-kit-de-prevention-de-la-chute-des-cheveux\/#breadcrumb\"},\"inLanguage\":\"fr-FR\",\"potentialAction\":[{\"@type\":\"ReadAction\",\"target\":[\"https:\/\/koster-italia.it\/fr\/prodotto\/nutris-vital-kit-de-prevention-de-la-chute-des-cheveux\/\"]}]},{\"@type\":\"ImageObject\",\"inLanguage\":\"fr-FR\",\"@id\":\"https:\/\/koster-italia.it\/fr\/prodotto\/nutris-vital-kit-de-prevention-de-la-chute-des-cheveux\/#primaryimage\",\"url\":\"https:\/\/koster-italia.it\/wp-content\/uploads\/2022\/08\/koster_nutris_vital_kit_massaggiatore.png\",\"contentUrl\":\"https:\/\/koster-italia.it\/wp-content\/uploads\/2022\/08\/koster_nutris_vital_kit_massaggiatore.png\",\"width\":600,\"height\":600},{\"@type\":\"BreadcrumbList\",\"@id\":\"https:\/\/koster-italia.it\/fr\/prodotto\/nutris-vital-kit-de-prevention-de-la-chute-des-cheveux\/#breadcrumb\",\"itemListElement\":[{\"@type\":\"ListItem\",\"position\":1,\"name\":\"Home\",\"item\":\"https:\/\/koster-italia.it\/fr\/\"},{\"@type\":\"ListItem\",\"position\":2,\"name\":\"Produits\",\"item\":\"https:\/\/koster-italia.it\/fr\/shop\/\"},{\"@type\":\"ListItem\",\"position\":3,\"name\":\"Nutris Vital \u2013 Kit de pr\u00e9vention de la chute des cheveux\"}]},{\"@type\":\"WebSite\",\"@id\":\"https:\/\/koster-italia.it\/fr\/#website\",\"url\":\"https:\/\/koster-italia.it\/fr\/\",\"name\":\"Koster Italia\",\"description\":\"Prodotti professionali per parrucchieri\",\"potentialAction\":[{\"@type\":\"SearchAction\",\"target\":{\"@type\":\"EntryPoint\",\"urlTemplate\":\"https:\/\/koster-italia.it\/fr\/?s={search_term_string}\"},\"query-input\":{\"@type\":\"PropertyValueSpecification\",\"valueRequired\":true,\"valueName\":\"search_term_string\"}}],\"inLanguage\":\"fr-FR\"}]}<\/script>\n<!-- \/ Yoast SEO plugin. -->","yoast_head_json":{"title":"Le kit anti-chute Nutris Vital redonne mati\u00e8re et \u00e9nergie aux cheveux fragiles en luttant contre la chute des cheveux.","description":"Le kit anti-chute Nutris Vital redonne mati\u00e8re et \u00e9nergie aux cheveux fragiles en luttant contre la chute des cheveux.","robots":{"index":"index","follow":"follow","max-snippet":"max-snippet:-1","max-image-preview":"max-image-preview:large","max-video-preview":"max-video-preview:-1"},"canonical":"https:\/\/koster-italia.it\/fr\/prodotto\/nutris-vital-kit-de-prevention-de-la-chute-des-cheveux\/","og_locale":"fr_FR","og_type":"article","og_title":"Le kit anti-chute Nutris Vital redonne mati\u00e8re et \u00e9nergie aux cheveux fragiles en luttant contre la chute des cheveux.","og_description":"Le kit anti-chute Nutris Vital redonne mati\u00e8re et \u00e9nergie aux cheveux fragiles en luttant contre la chute des cheveux.","og_url":"https:\/\/koster-italia.it\/fr\/prodotto\/nutris-vital-kit-de-prevention-de-la-chute-des-cheveux\/","og_site_name":"Koster Italia","article_modified_time":"2022-12-06T10:57:13+00:00","og_image":[{"width":600,"height":600,"url":"https:\/\/koster-italia.it\/wp-content\/uploads\/2022\/08\/koster_nutris_vital_kit_massaggiatore.png","type":"image\/png"}],"twitter_card":"summary_large_image","twitter_misc":{"Dur\u00e9e de lecture estim\u00e9e":"1 minute"},"schema":{"@context":"https:\/\/schema.org","@graph":[{"@type":"WebPage","@id":"https:\/\/koster-italia.it\/fr\/prodotto\/nutris-vital-kit-de-prevention-de-la-chute-des-cheveux\/","url":"https:\/\/koster-italia.it\/fr\/prodotto\/nutris-vital-kit-de-prevention-de-la-chute-des-cheveux\/","name":"Le kit anti-chute Nutris Vital redonne mati\u00e8re et \u00e9nergie aux cheveux fragiles en luttant contre la chute des cheveux.","isPartOf":{"@id":"https:\/\/koster-italia.it\/fr\/#website"},"primaryImageOfPage":{"@id":"https:\/\/koster-italia.it\/fr\/prodotto\/nutris-vital-kit-de-prevention-de-la-chute-des-cheveux\/#primaryimage"},"image":{"@id":"https:\/\/koster-italia.it\/fr\/prodotto\/nutris-vital-kit-de-prevention-de-la-chute-des-cheveux\/#primaryimage"},"thumbnailUrl":"https:\/\/koster-italia.it\/wp-content\/uploads\/2022\/08\/koster_nutris_vital_kit_massaggiatore.png","datePublished":"2022-09-12T12:37:16+00:00","dateModified":"2022-12-06T10:57:13+00:00","description":"Le kit anti-chute Nutris Vital redonne mati\u00e8re et \u00e9nergie aux cheveux fragiles en luttant contre la chute des cheveux.","breadcrumb":{"@id":"https:\/\/koster-italia.it\/fr\/prodotto\/nutris-vital-kit-de-prevention-de-la-chute-des-cheveux\/#breadcrumb"},"inLanguage":"fr-FR","potentialAction":[{"@type":"ReadAction","target":["https:\/\/koster-italia.it\/fr\/prodotto\/nutris-vital-kit-de-prevention-de-la-chute-des-cheveux\/"]}]},{"@type":"ImageObject","inLanguage":"fr-FR","@id":"https:\/\/koster-italia.it\/fr\/prodotto\/nutris-vital-kit-de-prevention-de-la-chute-des-cheveux\/#primaryimage","url":"https:\/\/koster-italia.it\/wp-content\/uploads\/2022\/08\/koster_nutris_vital_kit_massaggiatore.png","contentUrl":"https:\/\/koster-italia.it\/wp-content\/uploads\/2022\/08\/koster_nutris_vital_kit_massaggiatore.png","width":600,"height":600},{"@type":"BreadcrumbList","@id":"https:\/\/koster-italia.it\/fr\/prodotto\/nutris-vital-kit-de-prevention-de-la-chute-des-cheveux\/#breadcrumb","itemListElement":[{"@type":"ListItem","position":1,"name":"Home","item":"https:\/\/koster-italia.it\/fr\/"},{"@type":"ListItem","position":2,"name":"Produits","item":"https:\/\/koster-italia.it\/fr\/shop\/"},{"@type":"ListItem","position":3,"name":"Nutris Vital \u2013 Kit de pr\u00e9vention de la chute des cheveux"}]},{"@type":"WebSite","@id":"https:\/\/koster-italia.it\/fr\/#website","url":"https:\/\/koster-italia.it\/fr\/","name":"Koster Italia","description":"Prodotti professionali per parrucchieri","potentialAction":[{"@type":"SearchAction","target":{"@type":"EntryPoint","urlTemplate":"https:\/\/koster-italia.it\/fr\/?s={search_term_string}"},"query-input":{"@type":"PropertyValueSpecification","valueRequired":true,"valueName":"search_term_string"}}],"inLanguage":"fr-FR"}]}},"_links":{"self":[{"href":"https:\/\/koster-italia.it\/fr\/wp-json\/wp\/v2\/product\/18665","targetHints":{"allow":["GET"]}}],"collection":[{"href":"https:\/\/koster-italia.it\/fr\/wp-json\/wp\/v2\/product"}],"about":[{"href":"https:\/\/koster-italia.it\/fr\/wp-json\/wp\/v2\/types\/product"}],"wp:featuredmedia":[{"embeddable":true,"href":"https:\/\/koster-italia.it\/fr\/wp-json\/wp\/v2\/media\/17963"}],"wp:attachment":[{"href":"https:\/\/koster-italia.it\/fr\/wp-json\/wp\/v2\/media?parent=18665"}],"wp:term":[{"taxonomy":"product_brand","embeddable":true,"href":"https:\/\/koster-italia.it\/fr\/wp-json\/wp\/v2\/product_brand?post=18665"},{"taxonomy":"product_cat","embeddable":true,"href":"https:\/\/koster-italia.it\/fr\/wp-json\/wp\/v2\/product_cat?post=18665"},{"taxonomy":"product_tag","embeddable":true,"href":"https:\/\/koster-italia.it\/fr\/wp-json\/wp\/v2\/product_tag?post=18665"}],"curies":[{"name":"wp","href":"https:\/\/api.w.org\/{rel}","templated":true}]}}