{"id":18660,"date":"2021-03-12T09:18:23","date_gmt":"2021-03-12T08:18:23","guid":{"rendered":"https:\/\/koster-italia.it\/prodotto\/nutris-sleek-creme-cheveux-crepus-et-indisciplines\/"},"modified":"2022-12-06T11:50:36","modified_gmt":"2022-12-06T10:50:36","slug":"nutris-sleek-creme-cheveux-crepus-et-indisciplines","status":"publish","type":"product","link":"https:\/\/koster-italia.it\/fr\/prodotto\/nutris-sleek-creme-cheveux-crepus-et-indisciplines\/","title":{"rendered":"Nutris Sleek \u2013 Cr\u00e8me cheveux cr\u00e9pus et indisciplin\u00e9s"},"content":{"rendered":"<p>Les <strong>Phytoprot\u00e9ines de Soja<\/strong> ont un haut pouvoir renfor\u00e7ant et conf\u00e8rent une grande \u00e9lasticit\u00e9<\/p>\n<p>&nbsp;<\/p>\n","protected":false},"excerpt":{"rendered":"<p>Compl\u00e9tez le traitement pour <strong>cheveux cr\u00e9pus et indisciplin\u00e9s<\/strong> avec la cr\u00e8me <strong>Nutris Sleek <\/strong>qui garantit une action <strong>lissante et d\u00e9m\u00ealante<\/strong> intense et imm\u00e9diate. Elle \u00e9limine les charges \u00e9lectrostatiques qui causent l\u2019effet cr\u00e9pu, \u00e9lectrisant les cheveux\u00a0: gr\u00e2ce \u00e0 son utilisation en synergie avec le shampooing, la cr\u00e8me rend la chevelure <strong>facile \u00e0 coiffer et \u00e0 d\u00e9m\u00ealer<\/strong> en quelques passages.<\/p>\n<p>Format 200 ml<\/p>\n","protected":false},"featured_media":20745,"template":"","meta":[],"product_brand":[],"product_cat":[741,734],"product_tag":[],"class_list":{"0":"post-18660","1":"product","2":"type-product","3":"status-publish","4":"has-post-thumbnail","6":"product_cat-nutris-sleek-fr","7":"product_cat-treatments-fr","9":"first","10":"instock","11":"shipping-taxable","12":"product-type-simple"},"yoast_head":"<!-- This site is optimized with the Yoast SEO plugin v26.8 - https:\/\/yoast.com\/product\/yoast-seo-wordpress\/ -->\n<title>Nutris Sleek \u2013 Cr\u00e8me cheveux cr\u00e9pus et indisciplin\u00e9s - Koster Italia<\/title>\n<meta name=\"description\" content=\"Compl\u00e9tez le traitement pour cheveux cr\u00e9pus et indisciplin\u00e9s avec la cr\u00e8me Nutris Sleek qui garantit une action lissante et d\u00e9m\u00ealante intense et imm\u00e9diate.\" \/>\n<meta name=\"robots\" content=\"index, follow, max-snippet:-1, max-image-preview:large, max-video-preview:-1\" \/>\n<link rel=\"canonical\" href=\"https:\/\/koster-italia.it\/fr\/prodotto\/nutris-sleek-creme-cheveux-crepus-et-indisciplines\/\" \/>\n<meta property=\"og:locale\" content=\"fr_FR\" \/>\n<meta property=\"og:type\" content=\"article\" \/>\n<meta property=\"og:title\" content=\"Nutris Sleek \u2013 Cr\u00e8me cheveux cr\u00e9pus et indisciplin\u00e9s - Koster Italia\" \/>\n<meta property=\"og:description\" content=\"Compl\u00e9tez le traitement pour cheveux cr\u00e9pus et indisciplin\u00e9s avec la cr\u00e8me Nutris Sleek qui garantit une action lissante et d\u00e9m\u00ealante intense et imm\u00e9diate.\" \/>\n<meta property=\"og:url\" content=\"https:\/\/koster-italia.it\/fr\/prodotto\/nutris-sleek-creme-cheveux-crepus-et-indisciplines\/\" \/>\n<meta property=\"og:site_name\" content=\"Koster Italia\" \/>\n<meta property=\"article:modified_time\" content=\"2022-12-06T10:50:36+00:00\" \/>\n<meta property=\"og:image\" content=\"https:\/\/koster-italia.it\/wp-content\/uploads\/2021\/03\/52004_koster_nutris_sleek_cream_200ml-1.png\" \/>\n\t<meta property=\"og:image:width\" content=\"600\" \/>\n\t<meta property=\"og:image:height\" content=\"600\" \/>\n\t<meta property=\"og:image:type\" content=\"image\/png\" \/>\n<meta name=\"twitter:card\" content=\"summary_large_image\" \/>\n<meta name=\"twitter:label1\" content=\"Dur\u00e9e de lecture estim\u00e9e\" \/>\n\t<meta name=\"twitter:data1\" content=\"1 minute\" \/>\n<script type=\"application\/ld+json\" class=\"yoast-schema-graph\">{\"@context\":\"https:\/\/schema.org\",\"@graph\":[{\"@type\":\"WebPage\",\"@id\":\"https:\/\/koster-italia.it\/fr\/prodotto\/nutris-sleek-creme-cheveux-crepus-et-indisciplines\/\",\"url\":\"https:\/\/koster-italia.it\/fr\/prodotto\/nutris-sleek-creme-cheveux-crepus-et-indisciplines\/\",\"name\":\"Nutris Sleek \u2013 Cr\u00e8me cheveux cr\u00e9pus et indisciplin\u00e9s - Koster Italia\",\"isPartOf\":{\"@id\":\"https:\/\/koster-italia.it\/fr\/#website\"},\"primaryImageOfPage\":{\"@id\":\"https:\/\/koster-italia.it\/fr\/prodotto\/nutris-sleek-creme-cheveux-crepus-et-indisciplines\/#primaryimage\"},\"image\":{\"@id\":\"https:\/\/koster-italia.it\/fr\/prodotto\/nutris-sleek-creme-cheveux-crepus-et-indisciplines\/#primaryimage\"},\"thumbnailUrl\":\"https:\/\/koster-italia.it\/wp-content\/uploads\/2021\/03\/52004_koster_nutris_sleek_cream_200ml-1.png\",\"datePublished\":\"2021-03-12T08:18:23+00:00\",\"dateModified\":\"2022-12-06T10:50:36+00:00\",\"description\":\"Compl\u00e9tez le traitement pour cheveux cr\u00e9pus et indisciplin\u00e9s avec la cr\u00e8me Nutris Sleek qui garantit une action lissante et d\u00e9m\u00ealante intense et imm\u00e9diate.\",\"breadcrumb\":{\"@id\":\"https:\/\/koster-italia.it\/fr\/prodotto\/nutris-sleek-creme-cheveux-crepus-et-indisciplines\/#breadcrumb\"},\"inLanguage\":\"fr-FR\",\"potentialAction\":[{\"@type\":\"ReadAction\",\"target\":[\"https:\/\/koster-italia.it\/fr\/prodotto\/nutris-sleek-creme-cheveux-crepus-et-indisciplines\/\"]}]},{\"@type\":\"ImageObject\",\"inLanguage\":\"fr-FR\",\"@id\":\"https:\/\/koster-italia.it\/fr\/prodotto\/nutris-sleek-creme-cheveux-crepus-et-indisciplines\/#primaryimage\",\"url\":\"https:\/\/koster-italia.it\/wp-content\/uploads\/2021\/03\/52004_koster_nutris_sleek_cream_200ml-1.png\",\"contentUrl\":\"https:\/\/koster-italia.it\/wp-content\/uploads\/2021\/03\/52004_koster_nutris_sleek_cream_200ml-1.png\",\"width\":600,\"height\":600},{\"@type\":\"BreadcrumbList\",\"@id\":\"https:\/\/koster-italia.it\/fr\/prodotto\/nutris-sleek-creme-cheveux-crepus-et-indisciplines\/#breadcrumb\",\"itemListElement\":[{\"@type\":\"ListItem\",\"position\":1,\"name\":\"Home\",\"item\":\"https:\/\/koster-italia.it\/fr\/\"},{\"@type\":\"ListItem\",\"position\":2,\"name\":\"Produits\",\"item\":\"https:\/\/koster-italia.it\/fr\/shop\/\"},{\"@type\":\"ListItem\",\"position\":3,\"name\":\"Nutris Sleek \u2013 Cr\u00e8me cheveux cr\u00e9pus et indisciplin\u00e9s\"}]},{\"@type\":\"WebSite\",\"@id\":\"https:\/\/koster-italia.it\/fr\/#website\",\"url\":\"https:\/\/koster-italia.it\/fr\/\",\"name\":\"Koster Italia\",\"description\":\"Prodotti professionali per parrucchieri\",\"potentialAction\":[{\"@type\":\"SearchAction\",\"target\":{\"@type\":\"EntryPoint\",\"urlTemplate\":\"https:\/\/koster-italia.it\/fr\/?s={search_term_string}\"},\"query-input\":{\"@type\":\"PropertyValueSpecification\",\"valueRequired\":true,\"valueName\":\"search_term_string\"}}],\"inLanguage\":\"fr-FR\"}]}<\/script>\n<!-- \/ Yoast SEO plugin. -->","yoast_head_json":{"title":"Nutris Sleek \u2013 Cr\u00e8me cheveux cr\u00e9pus et indisciplin\u00e9s - Koster Italia","description":"Compl\u00e9tez le traitement pour cheveux cr\u00e9pus et indisciplin\u00e9s avec la cr\u00e8me Nutris Sleek qui garantit une action lissante et d\u00e9m\u00ealante intense et imm\u00e9diate.","robots":{"index":"index","follow":"follow","max-snippet":"max-snippet:-1","max-image-preview":"max-image-preview:large","max-video-preview":"max-video-preview:-1"},"canonical":"https:\/\/koster-italia.it\/fr\/prodotto\/nutris-sleek-creme-cheveux-crepus-et-indisciplines\/","og_locale":"fr_FR","og_type":"article","og_title":"Nutris Sleek \u2013 Cr\u00e8me cheveux cr\u00e9pus et indisciplin\u00e9s - Koster Italia","og_description":"Compl\u00e9tez le traitement pour cheveux cr\u00e9pus et indisciplin\u00e9s avec la cr\u00e8me Nutris Sleek qui garantit une action lissante et d\u00e9m\u00ealante intense et imm\u00e9diate.","og_url":"https:\/\/koster-italia.it\/fr\/prodotto\/nutris-sleek-creme-cheveux-crepus-et-indisciplines\/","og_site_name":"Koster Italia","article_modified_time":"2022-12-06T10:50:36+00:00","og_image":[{"width":600,"height":600,"url":"https:\/\/koster-italia.it\/wp-content\/uploads\/2021\/03\/52004_koster_nutris_sleek_cream_200ml-1.png","type":"image\/png"}],"twitter_card":"summary_large_image","twitter_misc":{"Dur\u00e9e de lecture estim\u00e9e":"1 minute"},"schema":{"@context":"https:\/\/schema.org","@graph":[{"@type":"WebPage","@id":"https:\/\/koster-italia.it\/fr\/prodotto\/nutris-sleek-creme-cheveux-crepus-et-indisciplines\/","url":"https:\/\/koster-italia.it\/fr\/prodotto\/nutris-sleek-creme-cheveux-crepus-et-indisciplines\/","name":"Nutris Sleek \u2013 Cr\u00e8me cheveux cr\u00e9pus et indisciplin\u00e9s - Koster Italia","isPartOf":{"@id":"https:\/\/koster-italia.it\/fr\/#website"},"primaryImageOfPage":{"@id":"https:\/\/koster-italia.it\/fr\/prodotto\/nutris-sleek-creme-cheveux-crepus-et-indisciplines\/#primaryimage"},"image":{"@id":"https:\/\/koster-italia.it\/fr\/prodotto\/nutris-sleek-creme-cheveux-crepus-et-indisciplines\/#primaryimage"},"thumbnailUrl":"https:\/\/koster-italia.it\/wp-content\/uploads\/2021\/03\/52004_koster_nutris_sleek_cream_200ml-1.png","datePublished":"2021-03-12T08:18:23+00:00","dateModified":"2022-12-06T10:50:36+00:00","description":"Compl\u00e9tez le traitement pour cheveux cr\u00e9pus et indisciplin\u00e9s avec la cr\u00e8me Nutris Sleek qui garantit une action lissante et d\u00e9m\u00ealante intense et imm\u00e9diate.","breadcrumb":{"@id":"https:\/\/koster-italia.it\/fr\/prodotto\/nutris-sleek-creme-cheveux-crepus-et-indisciplines\/#breadcrumb"},"inLanguage":"fr-FR","potentialAction":[{"@type":"ReadAction","target":["https:\/\/koster-italia.it\/fr\/prodotto\/nutris-sleek-creme-cheveux-crepus-et-indisciplines\/"]}]},{"@type":"ImageObject","inLanguage":"fr-FR","@id":"https:\/\/koster-italia.it\/fr\/prodotto\/nutris-sleek-creme-cheveux-crepus-et-indisciplines\/#primaryimage","url":"https:\/\/koster-italia.it\/wp-content\/uploads\/2021\/03\/52004_koster_nutris_sleek_cream_200ml-1.png","contentUrl":"https:\/\/koster-italia.it\/wp-content\/uploads\/2021\/03\/52004_koster_nutris_sleek_cream_200ml-1.png","width":600,"height":600},{"@type":"BreadcrumbList","@id":"https:\/\/koster-italia.it\/fr\/prodotto\/nutris-sleek-creme-cheveux-crepus-et-indisciplines\/#breadcrumb","itemListElement":[{"@type":"ListItem","position":1,"name":"Home","item":"https:\/\/koster-italia.it\/fr\/"},{"@type":"ListItem","position":2,"name":"Produits","item":"https:\/\/koster-italia.it\/fr\/shop\/"},{"@type":"ListItem","position":3,"name":"Nutris Sleek \u2013 Cr\u00e8me cheveux cr\u00e9pus et indisciplin\u00e9s"}]},{"@type":"WebSite","@id":"https:\/\/koster-italia.it\/fr\/#website","url":"https:\/\/koster-italia.it\/fr\/","name":"Koster Italia","description":"Prodotti professionali per parrucchieri","potentialAction":[{"@type":"SearchAction","target":{"@type":"EntryPoint","urlTemplate":"https:\/\/koster-italia.it\/fr\/?s={search_term_string}"},"query-input":{"@type":"PropertyValueSpecification","valueRequired":true,"valueName":"search_term_string"}}],"inLanguage":"fr-FR"}]}},"_links":{"self":[{"href":"https:\/\/koster-italia.it\/fr\/wp-json\/wp\/v2\/product\/18660","targetHints":{"allow":["GET"]}}],"collection":[{"href":"https:\/\/koster-italia.it\/fr\/wp-json\/wp\/v2\/product"}],"about":[{"href":"https:\/\/koster-italia.it\/fr\/wp-json\/wp\/v2\/types\/product"}],"wp:featuredmedia":[{"embeddable":true,"href":"https:\/\/koster-italia.it\/fr\/wp-json\/wp\/v2\/media\/20745"}],"wp:attachment":[{"href":"https:\/\/koster-italia.it\/fr\/wp-json\/wp\/v2\/media?parent=18660"}],"wp:term":[{"taxonomy":"product_brand","embeddable":true,"href":"https:\/\/koster-italia.it\/fr\/wp-json\/wp\/v2\/product_brand?post=18660"},{"taxonomy":"product_cat","embeddable":true,"href":"https:\/\/koster-italia.it\/fr\/wp-json\/wp\/v2\/product_cat?post=18660"},{"taxonomy":"product_tag","embeddable":true,"href":"https:\/\/koster-italia.it\/fr\/wp-json\/wp\/v2\/product_tag?post=18660"}],"curies":[{"name":"wp","href":"https:\/\/api.w.org\/{rel}","templated":true}]}}