{"id":18659,"date":"2021-02-11T11:57:09","date_gmt":"2021-02-11T10:57:09","guid":{"rendered":"https:\/\/koster-italia.it\/prodotto\/nutris-nourish-shampooing-nourrissant-pour-cheveux-secs-et-abimes-2\/"},"modified":"2022-12-06T11:38:51","modified_gmt":"2022-12-06T10:38:51","slug":"nutris-nourish-shampooing-nourrissant-pour-cheveux-secs-et-abimes-2","status":"publish","type":"product","link":"https:\/\/koster-italia.it\/fr\/prodotto\/nutris-nourish-shampooing-nourrissant-pour-cheveux-secs-et-abimes-2\/","title":{"rendered":"Nutris Nourish &#8211; Shampooing nourrissant pour cheveux secs et ab\u00eem\u00e9s"},"content":{"rendered":"<p><strong>Extrait de Magnolia <\/strong>: poss\u00e8de d&rsquo;importantes propri\u00e9t\u00e9s antioxydantes et cosm\u00e9tiques<\/p>\n<p><strong>Extrait d&rsquo;Amande Douce <\/strong>: l&rsquo;amande douce poss\u00e8de un fort pouvoir \u00e9mollient et redonne douceur et brillance<\/p>\n","protected":false},"excerpt":{"rendered":"<p><strong>Le shampooing Nutris Nourish <\/strong>pour cheveux secs et ab\u00eem\u00e9s exerce une action nettoyante douce, id\u00e9ale pour redonner <strong>force et vitalit\u00e9 <\/strong>aux cheveux. Sa formulation \u00e0 l&rsquo;<strong>Extrait de Magnolia et \u00e0 l&rsquo;Extrait d&rsquo;Amande Douce <\/strong>nourrit intens\u00e9ment, favorisant ainsi une revigoration naturelle des cheveux fragilis\u00e9s par les traitements invasifs. Dans le shampooing Koster, les <strong>propri\u00e9t\u00e9s nettoyantes <\/strong>d\u00e9licates s&rsquo;associent \u00e0 une <strong>hydratation optimale <\/strong>de la tige.<\/p>\n<p>Format 300 ml<\/p>\n","protected":false},"featured_media":17901,"template":"","meta":[],"product_brand":[],"product_cat":[740,734],"product_tag":[],"class_list":{"0":"post-18659","1":"product","2":"type-product","3":"status-publish","4":"has-post-thumbnail","6":"product_cat-nutris-nourish-fr","7":"product_cat-treatments-fr","9":"first","10":"instock","11":"shipping-taxable","12":"product-type-simple"},"yoast_head":"<!-- This site is optimized with the Yoast SEO plugin v26.8 - https:\/\/yoast.com\/product\/yoast-seo-wordpress\/ -->\n<title>Nutris Nourish - Shampooing nourrissant pour cheveux secs et ab\u00eem\u00e9s<\/title>\n<meta name=\"description\" content=\"Le shampooing Nutris Nourish pour cheveux secs et ab\u00eem\u00e9s exerce une action nettoyante douce, id\u00e9ale pour redonner force et vitalit\u00e9 aux cheveux.\" \/>\n<meta name=\"robots\" content=\"index, follow, max-snippet:-1, max-image-preview:large, max-video-preview:-1\" \/>\n<link rel=\"canonical\" href=\"https:\/\/koster-italia.it\/fr\/prodotto\/nutris-nourish-shampooing-nourrissant-pour-cheveux-secs-et-abimes-2\/\" \/>\n<meta property=\"og:locale\" content=\"fr_FR\" \/>\n<meta property=\"og:type\" content=\"article\" \/>\n<meta property=\"og:title\" content=\"Nutris Nourish - Shampooing nourrissant pour cheveux secs et ab\u00eem\u00e9s\" \/>\n<meta property=\"og:description\" content=\"Le shampooing Nutris Nourish pour cheveux secs et ab\u00eem\u00e9s exerce une action nettoyante douce, id\u00e9ale pour redonner force et vitalit\u00e9 aux cheveux.\" \/>\n<meta property=\"og:url\" content=\"https:\/\/koster-italia.it\/fr\/prodotto\/nutris-nourish-shampooing-nourrissant-pour-cheveux-secs-et-abimes-2\/\" \/>\n<meta property=\"og:site_name\" content=\"Koster Italia\" \/>\n<meta property=\"article:modified_time\" content=\"2022-12-06T10:38:51+00:00\" \/>\n<meta property=\"og:image\" content=\"https:\/\/koster-italia.it\/wp-content\/uploads\/2021\/03\/52010_koster_nutris_nourishing_shampoo_300ml.png\" \/>\n\t<meta property=\"og:image:width\" content=\"600\" \/>\n\t<meta property=\"og:image:height\" content=\"600\" \/>\n\t<meta property=\"og:image:type\" content=\"image\/png\" \/>\n<meta name=\"twitter:card\" content=\"summary_large_image\" \/>\n<meta name=\"twitter:label1\" content=\"Dur\u00e9e de lecture estim\u00e9e\" \/>\n\t<meta name=\"twitter:data1\" content=\"1 minute\" \/>\n<script type=\"application\/ld+json\" class=\"yoast-schema-graph\">{\"@context\":\"https:\/\/schema.org\",\"@graph\":[{\"@type\":\"WebPage\",\"@id\":\"https:\/\/koster-italia.it\/fr\/prodotto\/nutris-nourish-shampooing-nourrissant-pour-cheveux-secs-et-abimes-2\/\",\"url\":\"https:\/\/koster-italia.it\/fr\/prodotto\/nutris-nourish-shampooing-nourrissant-pour-cheveux-secs-et-abimes-2\/\",\"name\":\"Nutris Nourish - Shampooing nourrissant pour cheveux secs et ab\u00eem\u00e9s\",\"isPartOf\":{\"@id\":\"https:\/\/koster-italia.it\/fr\/#website\"},\"primaryImageOfPage\":{\"@id\":\"https:\/\/koster-italia.it\/fr\/prodotto\/nutris-nourish-shampooing-nourrissant-pour-cheveux-secs-et-abimes-2\/#primaryimage\"},\"image\":{\"@id\":\"https:\/\/koster-italia.it\/fr\/prodotto\/nutris-nourish-shampooing-nourrissant-pour-cheveux-secs-et-abimes-2\/#primaryimage\"},\"thumbnailUrl\":\"https:\/\/koster-italia.it\/wp-content\/uploads\/2021\/03\/52010_koster_nutris_nourishing_shampoo_300ml.png\",\"datePublished\":\"2021-02-11T10:57:09+00:00\",\"dateModified\":\"2022-12-06T10:38:51+00:00\",\"description\":\"Le shampooing Nutris Nourish pour cheveux secs et ab\u00eem\u00e9s exerce une action nettoyante douce, id\u00e9ale pour redonner force et vitalit\u00e9 aux cheveux.\",\"breadcrumb\":{\"@id\":\"https:\/\/koster-italia.it\/fr\/prodotto\/nutris-nourish-shampooing-nourrissant-pour-cheveux-secs-et-abimes-2\/#breadcrumb\"},\"inLanguage\":\"fr-FR\",\"potentialAction\":[{\"@type\":\"ReadAction\",\"target\":[\"https:\/\/koster-italia.it\/fr\/prodotto\/nutris-nourish-shampooing-nourrissant-pour-cheveux-secs-et-abimes-2\/\"]}]},{\"@type\":\"ImageObject\",\"inLanguage\":\"fr-FR\",\"@id\":\"https:\/\/koster-italia.it\/fr\/prodotto\/nutris-nourish-shampooing-nourrissant-pour-cheveux-secs-et-abimes-2\/#primaryimage\",\"url\":\"https:\/\/koster-italia.it\/wp-content\/uploads\/2021\/03\/52010_koster_nutris_nourishing_shampoo_300ml.png\",\"contentUrl\":\"https:\/\/koster-italia.it\/wp-content\/uploads\/2021\/03\/52010_koster_nutris_nourishing_shampoo_300ml.png\",\"width\":600,\"height\":600},{\"@type\":\"BreadcrumbList\",\"@id\":\"https:\/\/koster-italia.it\/fr\/prodotto\/nutris-nourish-shampooing-nourrissant-pour-cheveux-secs-et-abimes-2\/#breadcrumb\",\"itemListElement\":[{\"@type\":\"ListItem\",\"position\":1,\"name\":\"Home\",\"item\":\"https:\/\/koster-italia.it\/fr\/\"},{\"@type\":\"ListItem\",\"position\":2,\"name\":\"Produits\",\"item\":\"https:\/\/koster-italia.it\/fr\/shop\/\"},{\"@type\":\"ListItem\",\"position\":3,\"name\":\"Nutris Nourish &#8211; Shampooing nourrissant pour cheveux secs et ab\u00eem\u00e9s\"}]},{\"@type\":\"WebSite\",\"@id\":\"https:\/\/koster-italia.it\/fr\/#website\",\"url\":\"https:\/\/koster-italia.it\/fr\/\",\"name\":\"Koster Italia\",\"description\":\"Prodotti professionali per parrucchieri\",\"potentialAction\":[{\"@type\":\"SearchAction\",\"target\":{\"@type\":\"EntryPoint\",\"urlTemplate\":\"https:\/\/koster-italia.it\/fr\/?s={search_term_string}\"},\"query-input\":{\"@type\":\"PropertyValueSpecification\",\"valueRequired\":true,\"valueName\":\"search_term_string\"}}],\"inLanguage\":\"fr-FR\"}]}<\/script>\n<!-- \/ Yoast SEO plugin. -->","yoast_head_json":{"title":"Nutris Nourish - Shampooing nourrissant pour cheveux secs et ab\u00eem\u00e9s","description":"Le shampooing Nutris Nourish pour cheveux secs et ab\u00eem\u00e9s exerce une action nettoyante douce, id\u00e9ale pour redonner force et vitalit\u00e9 aux cheveux.","robots":{"index":"index","follow":"follow","max-snippet":"max-snippet:-1","max-image-preview":"max-image-preview:large","max-video-preview":"max-video-preview:-1"},"canonical":"https:\/\/koster-italia.it\/fr\/prodotto\/nutris-nourish-shampooing-nourrissant-pour-cheveux-secs-et-abimes-2\/","og_locale":"fr_FR","og_type":"article","og_title":"Nutris Nourish - Shampooing nourrissant pour cheveux secs et ab\u00eem\u00e9s","og_description":"Le shampooing Nutris Nourish pour cheveux secs et ab\u00eem\u00e9s exerce une action nettoyante douce, id\u00e9ale pour redonner force et vitalit\u00e9 aux cheveux.","og_url":"https:\/\/koster-italia.it\/fr\/prodotto\/nutris-nourish-shampooing-nourrissant-pour-cheveux-secs-et-abimes-2\/","og_site_name":"Koster Italia","article_modified_time":"2022-12-06T10:38:51+00:00","og_image":[{"width":600,"height":600,"url":"https:\/\/koster-italia.it\/wp-content\/uploads\/2021\/03\/52010_koster_nutris_nourishing_shampoo_300ml.png","type":"image\/png"}],"twitter_card":"summary_large_image","twitter_misc":{"Dur\u00e9e de lecture estim\u00e9e":"1 minute"},"schema":{"@context":"https:\/\/schema.org","@graph":[{"@type":"WebPage","@id":"https:\/\/koster-italia.it\/fr\/prodotto\/nutris-nourish-shampooing-nourrissant-pour-cheveux-secs-et-abimes-2\/","url":"https:\/\/koster-italia.it\/fr\/prodotto\/nutris-nourish-shampooing-nourrissant-pour-cheveux-secs-et-abimes-2\/","name":"Nutris Nourish - Shampooing nourrissant pour cheveux secs et ab\u00eem\u00e9s","isPartOf":{"@id":"https:\/\/koster-italia.it\/fr\/#website"},"primaryImageOfPage":{"@id":"https:\/\/koster-italia.it\/fr\/prodotto\/nutris-nourish-shampooing-nourrissant-pour-cheveux-secs-et-abimes-2\/#primaryimage"},"image":{"@id":"https:\/\/koster-italia.it\/fr\/prodotto\/nutris-nourish-shampooing-nourrissant-pour-cheveux-secs-et-abimes-2\/#primaryimage"},"thumbnailUrl":"https:\/\/koster-italia.it\/wp-content\/uploads\/2021\/03\/52010_koster_nutris_nourishing_shampoo_300ml.png","datePublished":"2021-02-11T10:57:09+00:00","dateModified":"2022-12-06T10:38:51+00:00","description":"Le shampooing Nutris Nourish pour cheveux secs et ab\u00eem\u00e9s exerce une action nettoyante douce, id\u00e9ale pour redonner force et vitalit\u00e9 aux cheveux.","breadcrumb":{"@id":"https:\/\/koster-italia.it\/fr\/prodotto\/nutris-nourish-shampooing-nourrissant-pour-cheveux-secs-et-abimes-2\/#breadcrumb"},"inLanguage":"fr-FR","potentialAction":[{"@type":"ReadAction","target":["https:\/\/koster-italia.it\/fr\/prodotto\/nutris-nourish-shampooing-nourrissant-pour-cheveux-secs-et-abimes-2\/"]}]},{"@type":"ImageObject","inLanguage":"fr-FR","@id":"https:\/\/koster-italia.it\/fr\/prodotto\/nutris-nourish-shampooing-nourrissant-pour-cheveux-secs-et-abimes-2\/#primaryimage","url":"https:\/\/koster-italia.it\/wp-content\/uploads\/2021\/03\/52010_koster_nutris_nourishing_shampoo_300ml.png","contentUrl":"https:\/\/koster-italia.it\/wp-content\/uploads\/2021\/03\/52010_koster_nutris_nourishing_shampoo_300ml.png","width":600,"height":600},{"@type":"BreadcrumbList","@id":"https:\/\/koster-italia.it\/fr\/prodotto\/nutris-nourish-shampooing-nourrissant-pour-cheveux-secs-et-abimes-2\/#breadcrumb","itemListElement":[{"@type":"ListItem","position":1,"name":"Home","item":"https:\/\/koster-italia.it\/fr\/"},{"@type":"ListItem","position":2,"name":"Produits","item":"https:\/\/koster-italia.it\/fr\/shop\/"},{"@type":"ListItem","position":3,"name":"Nutris Nourish &#8211; Shampooing nourrissant pour cheveux secs et ab\u00eem\u00e9s"}]},{"@type":"WebSite","@id":"https:\/\/koster-italia.it\/fr\/#website","url":"https:\/\/koster-italia.it\/fr\/","name":"Koster Italia","description":"Prodotti professionali per parrucchieri","potentialAction":[{"@type":"SearchAction","target":{"@type":"EntryPoint","urlTemplate":"https:\/\/koster-italia.it\/fr\/?s={search_term_string}"},"query-input":{"@type":"PropertyValueSpecification","valueRequired":true,"valueName":"search_term_string"}}],"inLanguage":"fr-FR"}]}},"_links":{"self":[{"href":"https:\/\/koster-italia.it\/fr\/wp-json\/wp\/v2\/product\/18659","targetHints":{"allow":["GET"]}}],"collection":[{"href":"https:\/\/koster-italia.it\/fr\/wp-json\/wp\/v2\/product"}],"about":[{"href":"https:\/\/koster-italia.it\/fr\/wp-json\/wp\/v2\/types\/product"}],"wp:featuredmedia":[{"embeddable":true,"href":"https:\/\/koster-italia.it\/fr\/wp-json\/wp\/v2\/media\/17901"}],"wp:attachment":[{"href":"https:\/\/koster-italia.it\/fr\/wp-json\/wp\/v2\/media?parent=18659"}],"wp:term":[{"taxonomy":"product_brand","embeddable":true,"href":"https:\/\/koster-italia.it\/fr\/wp-json\/wp\/v2\/product_brand?post=18659"},{"taxonomy":"product_cat","embeddable":true,"href":"https:\/\/koster-italia.it\/fr\/wp-json\/wp\/v2\/product_cat?post=18659"},{"taxonomy":"product_tag","embeddable":true,"href":"https:\/\/koster-italia.it\/fr\/wp-json\/wp\/v2\/product_tag?post=18659"}],"curies":[{"name":"wp","href":"https:\/\/api.w.org\/{rel}","templated":true}]}}