{"id":18658,"date":"2021-02-11T11:59:18","date_gmt":"2021-02-11T10:59:18","guid":{"rendered":"https:\/\/koster-italia.it\/prodotto\/nutris-nourish-masque-nourrissant-pour-cheveux-secs-et-abimes-2\/"},"modified":"2022-12-06T11:31:54","modified_gmt":"2022-12-06T10:31:54","slug":"nutris-nourish-masque-nourrissant-pour-cheveux-secs-et-abimes-2","status":"publish","type":"product","link":"https:\/\/koster-italia.it\/fr\/prodotto\/nutris-nourish-masque-nourrissant-pour-cheveux-secs-et-abimes-2\/","title":{"rendered":"Nutris Nourish &#8211; Masque nourrissant pour cheveux secs et ab\u00eem\u00e9s"},"content":{"rendered":"<p><strong>Extrait de Magnolia <\/strong>: poss\u00e8de d&rsquo;importantes propri\u00e9t\u00e9s antioxydantes et cosm\u00e9tiques<\/p>\n<p><strong>Extrait d&rsquo;Amande Douce <\/strong>: l&rsquo;amande douce poss\u00e8de un fort pouvoir \u00e9mollient et redonne douceur et brillance<\/p>\n","protected":false},"excerpt":{"rendered":"<p>Appliqu\u00e9 apr\u00e8s le shampooing, le masque <strong>avec rin\u00e7age Nutris Nourish <\/strong>exerce une action b\u00e9n\u00e9fique sur <strong>les cheveux secs et ab\u00eem\u00e9s <\/strong>: le soin combine une <strong>nutrition \u00e9lev\u00e9e de la fibre <\/strong>et une capacit\u00e9 de <strong>r\u00e9parer la structure du cheveu<\/strong>. D\u00e8s les premi\u00e8res utilisations, la fibre capillaire est <strong>revitalis\u00e9e <\/strong>en profondeur et les <strong>cheveux volumineux et lumineux<\/strong>.<\/p>\n<p>Format 300 ml<\/p>\n","protected":false},"featured_media":17903,"template":"","meta":[],"product_brand":[],"product_cat":[740,734],"product_tag":[],"class_list":{"0":"post-18658","1":"product","2":"type-product","3":"status-publish","4":"has-post-thumbnail","6":"product_cat-nutris-nourish-fr","7":"product_cat-treatments-fr","9":"first","10":"instock","11":"shipping-taxable","12":"product-type-simple"},"yoast_head":"<!-- This site is optimized with the Yoast SEO plugin v26.8 - https:\/\/yoast.com\/product\/yoast-seo-wordpress\/ -->\n<title>Nutris Nourish - Masque nourrissant pour cheveux secs et ab\u00eem\u00e9s<\/title>\n<meta name=\"description\" content=\"Appliqu\u00e9 apr\u00e8s le shampooing, le masque avec rin\u00e7age Nutris Nourish exerce une action b\u00e9n\u00e9fique sur les cheveux secs et ab\u00eem\u00e9s\" \/>\n<meta name=\"robots\" content=\"index, follow, max-snippet:-1, max-image-preview:large, max-video-preview:-1\" \/>\n<link rel=\"canonical\" href=\"https:\/\/koster-italia.it\/fr\/prodotto\/nutris-nourish-masque-nourrissant-pour-cheveux-secs-et-abimes-2\/\" \/>\n<meta property=\"og:locale\" content=\"fr_FR\" \/>\n<meta property=\"og:type\" content=\"article\" \/>\n<meta property=\"og:title\" content=\"Nutris Nourish - Masque nourrissant pour cheveux secs et ab\u00eem\u00e9s\" \/>\n<meta property=\"og:description\" content=\"Appliqu\u00e9 apr\u00e8s le shampooing, le masque avec rin\u00e7age Nutris Nourish exerce une action b\u00e9n\u00e9fique sur les cheveux secs et ab\u00eem\u00e9s\" \/>\n<meta property=\"og:url\" content=\"https:\/\/koster-italia.it\/fr\/prodotto\/nutris-nourish-masque-nourrissant-pour-cheveux-secs-et-abimes-2\/\" \/>\n<meta property=\"og:site_name\" content=\"Koster Italia\" \/>\n<meta property=\"article:modified_time\" content=\"2022-12-06T10:31:54+00:00\" \/>\n<meta property=\"og:image\" content=\"https:\/\/koster-italia.it\/wp-content\/uploads\/2021\/03\/52054_koster_nutris_nourishing_mask_300ml.png\" \/>\n\t<meta property=\"og:image:width\" content=\"600\" \/>\n\t<meta property=\"og:image:height\" content=\"600\" \/>\n\t<meta property=\"og:image:type\" content=\"image\/png\" \/>\n<meta name=\"twitter:card\" content=\"summary_large_image\" \/>\n<meta name=\"twitter:label1\" content=\"Dur\u00e9e de lecture estim\u00e9e\" \/>\n\t<meta name=\"twitter:data1\" content=\"1 minute\" \/>\n<script type=\"application\/ld+json\" class=\"yoast-schema-graph\">{\"@context\":\"https:\/\/schema.org\",\"@graph\":[{\"@type\":\"WebPage\",\"@id\":\"https:\/\/koster-italia.it\/fr\/prodotto\/nutris-nourish-masque-nourrissant-pour-cheveux-secs-et-abimes-2\/\",\"url\":\"https:\/\/koster-italia.it\/fr\/prodotto\/nutris-nourish-masque-nourrissant-pour-cheveux-secs-et-abimes-2\/\",\"name\":\"Nutris Nourish - Masque nourrissant pour cheveux secs et ab\u00eem\u00e9s\",\"isPartOf\":{\"@id\":\"https:\/\/koster-italia.it\/fr\/#website\"},\"primaryImageOfPage\":{\"@id\":\"https:\/\/koster-italia.it\/fr\/prodotto\/nutris-nourish-masque-nourrissant-pour-cheveux-secs-et-abimes-2\/#primaryimage\"},\"image\":{\"@id\":\"https:\/\/koster-italia.it\/fr\/prodotto\/nutris-nourish-masque-nourrissant-pour-cheveux-secs-et-abimes-2\/#primaryimage\"},\"thumbnailUrl\":\"https:\/\/koster-italia.it\/wp-content\/uploads\/2021\/03\/52054_koster_nutris_nourishing_mask_300ml.png\",\"datePublished\":\"2021-02-11T10:59:18+00:00\",\"dateModified\":\"2022-12-06T10:31:54+00:00\",\"description\":\"Appliqu\u00e9 apr\u00e8s le shampooing, le masque avec rin\u00e7age Nutris Nourish exerce une action b\u00e9n\u00e9fique sur les cheveux secs et ab\u00eem\u00e9s\",\"breadcrumb\":{\"@id\":\"https:\/\/koster-italia.it\/fr\/prodotto\/nutris-nourish-masque-nourrissant-pour-cheveux-secs-et-abimes-2\/#breadcrumb\"},\"inLanguage\":\"fr-FR\",\"potentialAction\":[{\"@type\":\"ReadAction\",\"target\":[\"https:\/\/koster-italia.it\/fr\/prodotto\/nutris-nourish-masque-nourrissant-pour-cheveux-secs-et-abimes-2\/\"]}]},{\"@type\":\"ImageObject\",\"inLanguage\":\"fr-FR\",\"@id\":\"https:\/\/koster-italia.it\/fr\/prodotto\/nutris-nourish-masque-nourrissant-pour-cheveux-secs-et-abimes-2\/#primaryimage\",\"url\":\"https:\/\/koster-italia.it\/wp-content\/uploads\/2021\/03\/52054_koster_nutris_nourishing_mask_300ml.png\",\"contentUrl\":\"https:\/\/koster-italia.it\/wp-content\/uploads\/2021\/03\/52054_koster_nutris_nourishing_mask_300ml.png\",\"width\":600,\"height\":600},{\"@type\":\"BreadcrumbList\",\"@id\":\"https:\/\/koster-italia.it\/fr\/prodotto\/nutris-nourish-masque-nourrissant-pour-cheveux-secs-et-abimes-2\/#breadcrumb\",\"itemListElement\":[{\"@type\":\"ListItem\",\"position\":1,\"name\":\"Home\",\"item\":\"https:\/\/koster-italia.it\/fr\/\"},{\"@type\":\"ListItem\",\"position\":2,\"name\":\"Produits\",\"item\":\"https:\/\/koster-italia.it\/fr\/shop\/\"},{\"@type\":\"ListItem\",\"position\":3,\"name\":\"Nutris Nourish &#8211; Masque nourrissant pour cheveux secs et ab\u00eem\u00e9s\"}]},{\"@type\":\"WebSite\",\"@id\":\"https:\/\/koster-italia.it\/fr\/#website\",\"url\":\"https:\/\/koster-italia.it\/fr\/\",\"name\":\"Koster Italia\",\"description\":\"Prodotti professionali per parrucchieri\",\"potentialAction\":[{\"@type\":\"SearchAction\",\"target\":{\"@type\":\"EntryPoint\",\"urlTemplate\":\"https:\/\/koster-italia.it\/fr\/?s={search_term_string}\"},\"query-input\":{\"@type\":\"PropertyValueSpecification\",\"valueRequired\":true,\"valueName\":\"search_term_string\"}}],\"inLanguage\":\"fr-FR\"}]}<\/script>\n<!-- \/ Yoast SEO plugin. -->","yoast_head_json":{"title":"Nutris Nourish - Masque nourrissant pour cheveux secs et ab\u00eem\u00e9s","description":"Appliqu\u00e9 apr\u00e8s le shampooing, le masque avec rin\u00e7age Nutris Nourish exerce une action b\u00e9n\u00e9fique sur les cheveux secs et ab\u00eem\u00e9s","robots":{"index":"index","follow":"follow","max-snippet":"max-snippet:-1","max-image-preview":"max-image-preview:large","max-video-preview":"max-video-preview:-1"},"canonical":"https:\/\/koster-italia.it\/fr\/prodotto\/nutris-nourish-masque-nourrissant-pour-cheveux-secs-et-abimes-2\/","og_locale":"fr_FR","og_type":"article","og_title":"Nutris Nourish - Masque nourrissant pour cheveux secs et ab\u00eem\u00e9s","og_description":"Appliqu\u00e9 apr\u00e8s le shampooing, le masque avec rin\u00e7age Nutris Nourish exerce une action b\u00e9n\u00e9fique sur les cheveux secs et ab\u00eem\u00e9s","og_url":"https:\/\/koster-italia.it\/fr\/prodotto\/nutris-nourish-masque-nourrissant-pour-cheveux-secs-et-abimes-2\/","og_site_name":"Koster Italia","article_modified_time":"2022-12-06T10:31:54+00:00","og_image":[{"width":600,"height":600,"url":"https:\/\/koster-italia.it\/wp-content\/uploads\/2021\/03\/52054_koster_nutris_nourishing_mask_300ml.png","type":"image\/png"}],"twitter_card":"summary_large_image","twitter_misc":{"Dur\u00e9e de lecture estim\u00e9e":"1 minute"},"schema":{"@context":"https:\/\/schema.org","@graph":[{"@type":"WebPage","@id":"https:\/\/koster-italia.it\/fr\/prodotto\/nutris-nourish-masque-nourrissant-pour-cheveux-secs-et-abimes-2\/","url":"https:\/\/koster-italia.it\/fr\/prodotto\/nutris-nourish-masque-nourrissant-pour-cheveux-secs-et-abimes-2\/","name":"Nutris Nourish - Masque nourrissant pour cheveux secs et ab\u00eem\u00e9s","isPartOf":{"@id":"https:\/\/koster-italia.it\/fr\/#website"},"primaryImageOfPage":{"@id":"https:\/\/koster-italia.it\/fr\/prodotto\/nutris-nourish-masque-nourrissant-pour-cheveux-secs-et-abimes-2\/#primaryimage"},"image":{"@id":"https:\/\/koster-italia.it\/fr\/prodotto\/nutris-nourish-masque-nourrissant-pour-cheveux-secs-et-abimes-2\/#primaryimage"},"thumbnailUrl":"https:\/\/koster-italia.it\/wp-content\/uploads\/2021\/03\/52054_koster_nutris_nourishing_mask_300ml.png","datePublished":"2021-02-11T10:59:18+00:00","dateModified":"2022-12-06T10:31:54+00:00","description":"Appliqu\u00e9 apr\u00e8s le shampooing, le masque avec rin\u00e7age Nutris Nourish exerce une action b\u00e9n\u00e9fique sur les cheveux secs et ab\u00eem\u00e9s","breadcrumb":{"@id":"https:\/\/koster-italia.it\/fr\/prodotto\/nutris-nourish-masque-nourrissant-pour-cheveux-secs-et-abimes-2\/#breadcrumb"},"inLanguage":"fr-FR","potentialAction":[{"@type":"ReadAction","target":["https:\/\/koster-italia.it\/fr\/prodotto\/nutris-nourish-masque-nourrissant-pour-cheveux-secs-et-abimes-2\/"]}]},{"@type":"ImageObject","inLanguage":"fr-FR","@id":"https:\/\/koster-italia.it\/fr\/prodotto\/nutris-nourish-masque-nourrissant-pour-cheveux-secs-et-abimes-2\/#primaryimage","url":"https:\/\/koster-italia.it\/wp-content\/uploads\/2021\/03\/52054_koster_nutris_nourishing_mask_300ml.png","contentUrl":"https:\/\/koster-italia.it\/wp-content\/uploads\/2021\/03\/52054_koster_nutris_nourishing_mask_300ml.png","width":600,"height":600},{"@type":"BreadcrumbList","@id":"https:\/\/koster-italia.it\/fr\/prodotto\/nutris-nourish-masque-nourrissant-pour-cheveux-secs-et-abimes-2\/#breadcrumb","itemListElement":[{"@type":"ListItem","position":1,"name":"Home","item":"https:\/\/koster-italia.it\/fr\/"},{"@type":"ListItem","position":2,"name":"Produits","item":"https:\/\/koster-italia.it\/fr\/shop\/"},{"@type":"ListItem","position":3,"name":"Nutris Nourish &#8211; Masque nourrissant pour cheveux secs et ab\u00eem\u00e9s"}]},{"@type":"WebSite","@id":"https:\/\/koster-italia.it\/fr\/#website","url":"https:\/\/koster-italia.it\/fr\/","name":"Koster Italia","description":"Prodotti professionali per parrucchieri","potentialAction":[{"@type":"SearchAction","target":{"@type":"EntryPoint","urlTemplate":"https:\/\/koster-italia.it\/fr\/?s={search_term_string}"},"query-input":{"@type":"PropertyValueSpecification","valueRequired":true,"valueName":"search_term_string"}}],"inLanguage":"fr-FR"}]}},"_links":{"self":[{"href":"https:\/\/koster-italia.it\/fr\/wp-json\/wp\/v2\/product\/18658","targetHints":{"allow":["GET"]}}],"collection":[{"href":"https:\/\/koster-italia.it\/fr\/wp-json\/wp\/v2\/product"}],"about":[{"href":"https:\/\/koster-italia.it\/fr\/wp-json\/wp\/v2\/types\/product"}],"wp:featuredmedia":[{"embeddable":true,"href":"https:\/\/koster-italia.it\/fr\/wp-json\/wp\/v2\/media\/17903"}],"wp:attachment":[{"href":"https:\/\/koster-italia.it\/fr\/wp-json\/wp\/v2\/media?parent=18658"}],"wp:term":[{"taxonomy":"product_brand","embeddable":true,"href":"https:\/\/koster-italia.it\/fr\/wp-json\/wp\/v2\/product_brand?post=18658"},{"taxonomy":"product_cat","embeddable":true,"href":"https:\/\/koster-italia.it\/fr\/wp-json\/wp\/v2\/product_cat?post=18658"},{"taxonomy":"product_tag","embeddable":true,"href":"https:\/\/koster-italia.it\/fr\/wp-json\/wp\/v2\/product_tag?post=18658"}],"curies":[{"name":"wp","href":"https:\/\/api.w.org\/{rel}","templated":true}]}}