{"id":18653,"date":"2021-03-11T12:51:34","date_gmt":"2021-03-11T11:51:34","guid":{"rendered":"https:\/\/koster-italia.it\/prodotto\/nutris-curl-shampooing-cheveux-frises\/"},"modified":"2022-12-06T10:51:17","modified_gmt":"2022-12-06T09:51:17","slug":"nutris-curl-shampooing-cheveux-frises","status":"publish","type":"product","link":"https:\/\/koster-italia.it\/fr\/prodotto\/nutris-curl-shampooing-cheveux-frises\/","title":{"rendered":"Nutris Curl \u2013 Shampooing cheveux fris\u00e9s"},"content":{"rendered":"<p><strong>Extrait de Tilleul. <\/strong>Il est obtenu \u00e0 partir des fleurs et des bract\u00e9es des plantes du genre Tilia, famille des Tiliac\u00e9es. Gr\u00e2ce \u00e0 la pr\u00e9sence de flavono\u00efdes (comme la rutoside et la querc\u00e9tine) et de tanins, il est capable d\u2019exercer une action tonifiante et l\u00e9nitive.<\/p>\n","protected":false},"excerpt":{"rendered":"<p>Le <strong>shampooing Nutris Curl<\/strong>\u00a0nettoie d\u00e9licatement les cheveux\u00a0<strong>fris\u00e9s et boucl\u00e9s <\/strong>(naturels ou permanent\u00e9s), en les ravivant d\u00e8s les premi\u00e8res applications.\u00a0L\u2019<strong>Extrait de Tilleul<\/strong>\u00a0r\u00e9v\u00e8le des propri\u00e9t\u00e9s protectrices et l\u00e9nitives, rendant la chevelure docile au coiffage, flexible et souple. Les bienfaits de sa formulation r\u00e9g\u00e9n\u00e9rante contribuent \u00e0 d\u00e9finir un contr\u00f4le et une action<strong> disciplinante <\/strong>extraordinaires, offrant une boucle souple et ondul\u00e9e.<\/p>\n<p>Format 300 ml<\/p>\n","protected":false},"featured_media":17891,"template":"","meta":[],"product_brand":[],"product_cat":[739,734],"product_tag":[],"class_list":{"0":"post-18653","1":"product","2":"type-product","3":"status-publish","4":"has-post-thumbnail","6":"product_cat-nutris-curl-fr","7":"product_cat-treatments-fr","9":"first","10":"instock","11":"shipping-taxable","12":"product-type-simple"},"yoast_head":"<!-- This site is optimized with the Yoast SEO plugin v26.8 - https:\/\/yoast.com\/product\/yoast-seo-wordpress\/ -->\n<title>Nutris Curl \u2013 Shampooing cheveux fris\u00e9s - Koster Italia<\/title>\n<meta name=\"description\" content=\"Le shampooing Nutris Curl\u00a0nettoie d\u00e9licatement les cheveux\u00a0fris\u00e9s et boucl\u00e9s (naturels ou permanent\u00e9s), en les ravivant d\u00e8s les premi\u00e8res applications.\" \/>\n<meta name=\"robots\" content=\"index, follow, max-snippet:-1, max-image-preview:large, max-video-preview:-1\" \/>\n<link rel=\"canonical\" href=\"https:\/\/koster-italia.it\/fr\/prodotto\/nutris-curl-shampooing-cheveux-frises\/\" \/>\n<meta property=\"og:locale\" content=\"fr_FR\" \/>\n<meta property=\"og:type\" content=\"article\" \/>\n<meta property=\"og:title\" content=\"Nutris Curl \u2013 Shampooing cheveux fris\u00e9s - Koster Italia\" \/>\n<meta property=\"og:description\" content=\"Le shampooing Nutris Curl\u00a0nettoie d\u00e9licatement les cheveux\u00a0fris\u00e9s et boucl\u00e9s (naturels ou permanent\u00e9s), en les ravivant d\u00e8s les premi\u00e8res applications.\" \/>\n<meta property=\"og:url\" content=\"https:\/\/koster-italia.it\/fr\/prodotto\/nutris-curl-shampooing-cheveux-frises\/\" \/>\n<meta property=\"og:site_name\" content=\"Koster Italia\" \/>\n<meta property=\"article:modified_time\" content=\"2022-12-06T09:51:17+00:00\" \/>\n<meta property=\"og:image\" content=\"https:\/\/koster-italia.it\/wp-content\/uploads\/2021\/03\/52000_koster_nutris_curl_shampoo_300ml.png\" \/>\n\t<meta property=\"og:image:width\" content=\"600\" \/>\n\t<meta property=\"og:image:height\" content=\"600\" \/>\n\t<meta property=\"og:image:type\" content=\"image\/png\" \/>\n<meta name=\"twitter:card\" content=\"summary_large_image\" \/>\n<meta name=\"twitter:label1\" content=\"Dur\u00e9e de lecture estim\u00e9e\" \/>\n\t<meta name=\"twitter:data1\" content=\"1 minute\" \/>\n<script type=\"application\/ld+json\" class=\"yoast-schema-graph\">{\"@context\":\"https:\/\/schema.org\",\"@graph\":[{\"@type\":\"WebPage\",\"@id\":\"https:\/\/koster-italia.it\/fr\/prodotto\/nutris-curl-shampooing-cheveux-frises\/\",\"url\":\"https:\/\/koster-italia.it\/fr\/prodotto\/nutris-curl-shampooing-cheveux-frises\/\",\"name\":\"Nutris Curl \u2013 Shampooing cheveux fris\u00e9s - Koster Italia\",\"isPartOf\":{\"@id\":\"https:\/\/koster-italia.it\/fr\/#website\"},\"primaryImageOfPage\":{\"@id\":\"https:\/\/koster-italia.it\/fr\/prodotto\/nutris-curl-shampooing-cheveux-frises\/#primaryimage\"},\"image\":{\"@id\":\"https:\/\/koster-italia.it\/fr\/prodotto\/nutris-curl-shampooing-cheveux-frises\/#primaryimage\"},\"thumbnailUrl\":\"https:\/\/koster-italia.it\/wp-content\/uploads\/2021\/03\/52000_koster_nutris_curl_shampoo_300ml.png\",\"datePublished\":\"2021-03-11T11:51:34+00:00\",\"dateModified\":\"2022-12-06T09:51:17+00:00\",\"description\":\"Le shampooing Nutris Curl\u00a0nettoie d\u00e9licatement les cheveux\u00a0fris\u00e9s et boucl\u00e9s (naturels ou permanent\u00e9s), en les ravivant d\u00e8s les premi\u00e8res applications.\",\"breadcrumb\":{\"@id\":\"https:\/\/koster-italia.it\/fr\/prodotto\/nutris-curl-shampooing-cheveux-frises\/#breadcrumb\"},\"inLanguage\":\"fr-FR\",\"potentialAction\":[{\"@type\":\"ReadAction\",\"target\":[\"https:\/\/koster-italia.it\/fr\/prodotto\/nutris-curl-shampooing-cheveux-frises\/\"]}]},{\"@type\":\"ImageObject\",\"inLanguage\":\"fr-FR\",\"@id\":\"https:\/\/koster-italia.it\/fr\/prodotto\/nutris-curl-shampooing-cheveux-frises\/#primaryimage\",\"url\":\"https:\/\/koster-italia.it\/wp-content\/uploads\/2021\/03\/52000_koster_nutris_curl_shampoo_300ml.png\",\"contentUrl\":\"https:\/\/koster-italia.it\/wp-content\/uploads\/2021\/03\/52000_koster_nutris_curl_shampoo_300ml.png\",\"width\":600,\"height\":600},{\"@type\":\"BreadcrumbList\",\"@id\":\"https:\/\/koster-italia.it\/fr\/prodotto\/nutris-curl-shampooing-cheveux-frises\/#breadcrumb\",\"itemListElement\":[{\"@type\":\"ListItem\",\"position\":1,\"name\":\"Home\",\"item\":\"https:\/\/koster-italia.it\/fr\/\"},{\"@type\":\"ListItem\",\"position\":2,\"name\":\"Produits\",\"item\":\"https:\/\/koster-italia.it\/fr\/shop\/\"},{\"@type\":\"ListItem\",\"position\":3,\"name\":\"Nutris Curl \u2013 Shampooing cheveux fris\u00e9s\"}]},{\"@type\":\"WebSite\",\"@id\":\"https:\/\/koster-italia.it\/fr\/#website\",\"url\":\"https:\/\/koster-italia.it\/fr\/\",\"name\":\"Koster Italia\",\"description\":\"Prodotti professionali per parrucchieri\",\"potentialAction\":[{\"@type\":\"SearchAction\",\"target\":{\"@type\":\"EntryPoint\",\"urlTemplate\":\"https:\/\/koster-italia.it\/fr\/?s={search_term_string}\"},\"query-input\":{\"@type\":\"PropertyValueSpecification\",\"valueRequired\":true,\"valueName\":\"search_term_string\"}}],\"inLanguage\":\"fr-FR\"}]}<\/script>\n<!-- \/ Yoast SEO plugin. -->","yoast_head_json":{"title":"Nutris Curl \u2013 Shampooing cheveux fris\u00e9s - Koster Italia","description":"Le shampooing Nutris Curl\u00a0nettoie d\u00e9licatement les cheveux\u00a0fris\u00e9s et boucl\u00e9s (naturels ou permanent\u00e9s), en les ravivant d\u00e8s les premi\u00e8res applications.","robots":{"index":"index","follow":"follow","max-snippet":"max-snippet:-1","max-image-preview":"max-image-preview:large","max-video-preview":"max-video-preview:-1"},"canonical":"https:\/\/koster-italia.it\/fr\/prodotto\/nutris-curl-shampooing-cheveux-frises\/","og_locale":"fr_FR","og_type":"article","og_title":"Nutris Curl \u2013 Shampooing cheveux fris\u00e9s - Koster Italia","og_description":"Le shampooing Nutris Curl\u00a0nettoie d\u00e9licatement les cheveux\u00a0fris\u00e9s et boucl\u00e9s (naturels ou permanent\u00e9s), en les ravivant d\u00e8s les premi\u00e8res applications.","og_url":"https:\/\/koster-italia.it\/fr\/prodotto\/nutris-curl-shampooing-cheveux-frises\/","og_site_name":"Koster Italia","article_modified_time":"2022-12-06T09:51:17+00:00","og_image":[{"width":600,"height":600,"url":"https:\/\/koster-italia.it\/wp-content\/uploads\/2021\/03\/52000_koster_nutris_curl_shampoo_300ml.png","type":"image\/png"}],"twitter_card":"summary_large_image","twitter_misc":{"Dur\u00e9e de lecture estim\u00e9e":"1 minute"},"schema":{"@context":"https:\/\/schema.org","@graph":[{"@type":"WebPage","@id":"https:\/\/koster-italia.it\/fr\/prodotto\/nutris-curl-shampooing-cheveux-frises\/","url":"https:\/\/koster-italia.it\/fr\/prodotto\/nutris-curl-shampooing-cheveux-frises\/","name":"Nutris Curl \u2013 Shampooing cheveux fris\u00e9s - Koster Italia","isPartOf":{"@id":"https:\/\/koster-italia.it\/fr\/#website"},"primaryImageOfPage":{"@id":"https:\/\/koster-italia.it\/fr\/prodotto\/nutris-curl-shampooing-cheveux-frises\/#primaryimage"},"image":{"@id":"https:\/\/koster-italia.it\/fr\/prodotto\/nutris-curl-shampooing-cheveux-frises\/#primaryimage"},"thumbnailUrl":"https:\/\/koster-italia.it\/wp-content\/uploads\/2021\/03\/52000_koster_nutris_curl_shampoo_300ml.png","datePublished":"2021-03-11T11:51:34+00:00","dateModified":"2022-12-06T09:51:17+00:00","description":"Le shampooing Nutris Curl\u00a0nettoie d\u00e9licatement les cheveux\u00a0fris\u00e9s et boucl\u00e9s (naturels ou permanent\u00e9s), en les ravivant d\u00e8s les premi\u00e8res applications.","breadcrumb":{"@id":"https:\/\/koster-italia.it\/fr\/prodotto\/nutris-curl-shampooing-cheveux-frises\/#breadcrumb"},"inLanguage":"fr-FR","potentialAction":[{"@type":"ReadAction","target":["https:\/\/koster-italia.it\/fr\/prodotto\/nutris-curl-shampooing-cheveux-frises\/"]}]},{"@type":"ImageObject","inLanguage":"fr-FR","@id":"https:\/\/koster-italia.it\/fr\/prodotto\/nutris-curl-shampooing-cheveux-frises\/#primaryimage","url":"https:\/\/koster-italia.it\/wp-content\/uploads\/2021\/03\/52000_koster_nutris_curl_shampoo_300ml.png","contentUrl":"https:\/\/koster-italia.it\/wp-content\/uploads\/2021\/03\/52000_koster_nutris_curl_shampoo_300ml.png","width":600,"height":600},{"@type":"BreadcrumbList","@id":"https:\/\/koster-italia.it\/fr\/prodotto\/nutris-curl-shampooing-cheveux-frises\/#breadcrumb","itemListElement":[{"@type":"ListItem","position":1,"name":"Home","item":"https:\/\/koster-italia.it\/fr\/"},{"@type":"ListItem","position":2,"name":"Produits","item":"https:\/\/koster-italia.it\/fr\/shop\/"},{"@type":"ListItem","position":3,"name":"Nutris Curl \u2013 Shampooing cheveux fris\u00e9s"}]},{"@type":"WebSite","@id":"https:\/\/koster-italia.it\/fr\/#website","url":"https:\/\/koster-italia.it\/fr\/","name":"Koster Italia","description":"Prodotti professionali per parrucchieri","potentialAction":[{"@type":"SearchAction","target":{"@type":"EntryPoint","urlTemplate":"https:\/\/koster-italia.it\/fr\/?s={search_term_string}"},"query-input":{"@type":"PropertyValueSpecification","valueRequired":true,"valueName":"search_term_string"}}],"inLanguage":"fr-FR"}]}},"_links":{"self":[{"href":"https:\/\/koster-italia.it\/fr\/wp-json\/wp\/v2\/product\/18653","targetHints":{"allow":["GET"]}}],"collection":[{"href":"https:\/\/koster-italia.it\/fr\/wp-json\/wp\/v2\/product"}],"about":[{"href":"https:\/\/koster-italia.it\/fr\/wp-json\/wp\/v2\/types\/product"}],"wp:featuredmedia":[{"embeddable":true,"href":"https:\/\/koster-italia.it\/fr\/wp-json\/wp\/v2\/media\/17891"}],"wp:attachment":[{"href":"https:\/\/koster-italia.it\/fr\/wp-json\/wp\/v2\/media?parent=18653"}],"wp:term":[{"taxonomy":"product_brand","embeddable":true,"href":"https:\/\/koster-italia.it\/fr\/wp-json\/wp\/v2\/product_brand?post=18653"},{"taxonomy":"product_cat","embeddable":true,"href":"https:\/\/koster-italia.it\/fr\/wp-json\/wp\/v2\/product_cat?post=18653"},{"taxonomy":"product_tag","embeddable":true,"href":"https:\/\/koster-italia.it\/fr\/wp-json\/wp\/v2\/product_tag?post=18653"}],"curies":[{"name":"wp","href":"https:\/\/api.w.org\/{rel}","templated":true}]}}