{"id":18652,"date":"2021-03-12T09:18:22","date_gmt":"2021-03-12T08:18:22","guid":{"rendered":"https:\/\/koster-italia.it\/prodotto\/nutris-curl-masque-pour-cheveux-frises-2\/"},"modified":"2022-12-06T10:50:43","modified_gmt":"2022-12-06T09:50:43","slug":"nutris-curl-masque-pour-cheveux-frises-2","status":"publish","type":"product","link":"https:\/\/koster-italia.it\/fr\/prodotto\/nutris-curl-masque-pour-cheveux-frises-2\/","title":{"rendered":"Nutris Curl \u2013 Masque pour cheveux fris\u00e9s"},"content":{"rendered":"<p><strong>Extrait de Tilleul. <\/strong>Il est obtenu \u00e0 partir des fleurs et des bract\u00e9es des plantes du genre Tilia, famille des Tiliac\u00e9es. Gr\u00e2ce \u00e0 la pr\u00e9sence de flavono\u00efdes (comme la rutoside et la querc\u00e9tine) et de tanins, il est capable d\u2019exercer une action tonifiante et l\u00e9nitive.<\/p>\n","protected":false},"excerpt":{"rendered":"<p>Id\u00e9al pour les cheveux fris\u00e9s ou boucl\u00e9s, le <strong>masque Nutris Curl<\/strong> apporte souplesse et hydratation, m\u00eame si les cheveux sont tr\u00e8s \u00e9pais et tr\u00e8s indisciplin\u00e9s. Gr\u00e2ce \u00e0 sa formule ultra-riche, il fa\u00e7onne tout en l\u00e9g\u00e8ret\u00e9, conf\u00e9rant de la souplesse sans alourdir. Sa texture soyeuse et onctueuse sculpte chaque m\u00e8che de cheveux, pour des <strong>boucles compactes et \u00e9lastiques<\/strong>. Avec ses propri\u00e9t\u00e9s filmog\u00e8nes, l\u2019<strong>extrait de tilleul<\/strong> pr\u00e9sent dans la formule limite la perte en eau, prot\u00e9geant la tige capillaire et accroissant le brillant du cheveu.<\/p>\n<p>Format 500\u00a0ml<\/p>\n","protected":false},"featured_media":17897,"template":"","meta":[],"product_brand":[],"product_cat":[739,734],"product_tag":[],"class_list":{"0":"post-18652","1":"product","2":"type-product","3":"status-publish","4":"has-post-thumbnail","6":"product_cat-nutris-curl-fr","7":"product_cat-treatments-fr","9":"first","10":"instock","11":"shipping-taxable","12":"product-type-simple"},"yoast_head":"<!-- This site is optimized with the Yoast SEO plugin v26.8 - https:\/\/yoast.com\/product\/yoast-seo-wordpress\/ -->\n<title>Nutris Curl \u2013 Masque pour cheveux fris\u00e9s - Koster Italia<\/title>\n<meta name=\"description\" content=\"Id\u00e9al pour les cheveux fris\u00e9s ou boucl\u00e9s, le masque Nutris Curl apporte souplesse et hydratation, m\u00eame si les cheveux sont tr\u00e8s \u00e9pais et tr\u00e8s indisciplin\u00e9s.\" \/>\n<meta name=\"robots\" content=\"index, follow, max-snippet:-1, max-image-preview:large, max-video-preview:-1\" \/>\n<link rel=\"canonical\" href=\"https:\/\/koster-italia.it\/fr\/prodotto\/nutris-curl-masque-pour-cheveux-frises-2\/\" \/>\n<meta property=\"og:locale\" content=\"fr_FR\" \/>\n<meta property=\"og:type\" content=\"article\" \/>\n<meta property=\"og:title\" content=\"Nutris Curl \u2013 Masque pour cheveux fris\u00e9s - Koster Italia\" \/>\n<meta property=\"og:description\" content=\"Id\u00e9al pour les cheveux fris\u00e9s ou boucl\u00e9s, le masque Nutris Curl apporte souplesse et hydratation, m\u00eame si les cheveux sont tr\u00e8s \u00e9pais et tr\u00e8s indisciplin\u00e9s.\" \/>\n<meta property=\"og:url\" content=\"https:\/\/koster-italia.it\/fr\/prodotto\/nutris-curl-masque-pour-cheveux-frises-2\/\" \/>\n<meta property=\"og:site_name\" content=\"Koster Italia\" \/>\n<meta property=\"article:modified_time\" content=\"2022-12-06T09:50:43+00:00\" \/>\n<meta property=\"og:image\" content=\"https:\/\/koster-italia.it\/wp-content\/uploads\/2021\/03\/52018_koster_nutris_curl_mask_500ml.png\" \/>\n\t<meta property=\"og:image:width\" content=\"600\" \/>\n\t<meta property=\"og:image:height\" content=\"600\" \/>\n\t<meta property=\"og:image:type\" content=\"image\/png\" \/>\n<meta name=\"twitter:card\" content=\"summary_large_image\" \/>\n<meta name=\"twitter:label1\" content=\"Dur\u00e9e de lecture estim\u00e9e\" \/>\n\t<meta name=\"twitter:data1\" content=\"1 minute\" \/>\n<script type=\"application\/ld+json\" class=\"yoast-schema-graph\">{\"@context\":\"https:\/\/schema.org\",\"@graph\":[{\"@type\":\"WebPage\",\"@id\":\"https:\/\/koster-italia.it\/fr\/prodotto\/nutris-curl-masque-pour-cheveux-frises-2\/\",\"url\":\"https:\/\/koster-italia.it\/fr\/prodotto\/nutris-curl-masque-pour-cheveux-frises-2\/\",\"name\":\"Nutris Curl \u2013 Masque pour cheveux fris\u00e9s - Koster Italia\",\"isPartOf\":{\"@id\":\"https:\/\/koster-italia.it\/fr\/#website\"},\"primaryImageOfPage\":{\"@id\":\"https:\/\/koster-italia.it\/fr\/prodotto\/nutris-curl-masque-pour-cheveux-frises-2\/#primaryimage\"},\"image\":{\"@id\":\"https:\/\/koster-italia.it\/fr\/prodotto\/nutris-curl-masque-pour-cheveux-frises-2\/#primaryimage\"},\"thumbnailUrl\":\"https:\/\/koster-italia.it\/wp-content\/uploads\/2021\/03\/52018_koster_nutris_curl_mask_500ml.png\",\"datePublished\":\"2021-03-12T08:18:22+00:00\",\"dateModified\":\"2022-12-06T09:50:43+00:00\",\"description\":\"Id\u00e9al pour les cheveux fris\u00e9s ou boucl\u00e9s, le masque Nutris Curl apporte souplesse et hydratation, m\u00eame si les cheveux sont tr\u00e8s \u00e9pais et tr\u00e8s indisciplin\u00e9s.\",\"breadcrumb\":{\"@id\":\"https:\/\/koster-italia.it\/fr\/prodotto\/nutris-curl-masque-pour-cheveux-frises-2\/#breadcrumb\"},\"inLanguage\":\"fr-FR\",\"potentialAction\":[{\"@type\":\"ReadAction\",\"target\":[\"https:\/\/koster-italia.it\/fr\/prodotto\/nutris-curl-masque-pour-cheveux-frises-2\/\"]}]},{\"@type\":\"ImageObject\",\"inLanguage\":\"fr-FR\",\"@id\":\"https:\/\/koster-italia.it\/fr\/prodotto\/nutris-curl-masque-pour-cheveux-frises-2\/#primaryimage\",\"url\":\"https:\/\/koster-italia.it\/wp-content\/uploads\/2021\/03\/52018_koster_nutris_curl_mask_500ml.png\",\"contentUrl\":\"https:\/\/koster-italia.it\/wp-content\/uploads\/2021\/03\/52018_koster_nutris_curl_mask_500ml.png\",\"width\":600,\"height\":600},{\"@type\":\"BreadcrumbList\",\"@id\":\"https:\/\/koster-italia.it\/fr\/prodotto\/nutris-curl-masque-pour-cheveux-frises-2\/#breadcrumb\",\"itemListElement\":[{\"@type\":\"ListItem\",\"position\":1,\"name\":\"Home\",\"item\":\"https:\/\/koster-italia.it\/fr\/\"},{\"@type\":\"ListItem\",\"position\":2,\"name\":\"Produits\",\"item\":\"https:\/\/koster-italia.it\/fr\/shop\/\"},{\"@type\":\"ListItem\",\"position\":3,\"name\":\"Nutris Curl \u2013 Masque pour cheveux fris\u00e9s\"}]},{\"@type\":\"WebSite\",\"@id\":\"https:\/\/koster-italia.it\/fr\/#website\",\"url\":\"https:\/\/koster-italia.it\/fr\/\",\"name\":\"Koster Italia\",\"description\":\"Prodotti professionali per parrucchieri\",\"potentialAction\":[{\"@type\":\"SearchAction\",\"target\":{\"@type\":\"EntryPoint\",\"urlTemplate\":\"https:\/\/koster-italia.it\/fr\/?s={search_term_string}\"},\"query-input\":{\"@type\":\"PropertyValueSpecification\",\"valueRequired\":true,\"valueName\":\"search_term_string\"}}],\"inLanguage\":\"fr-FR\"}]}<\/script>\n<!-- \/ Yoast SEO plugin. -->","yoast_head_json":{"title":"Nutris Curl \u2013 Masque pour cheveux fris\u00e9s - Koster Italia","description":"Id\u00e9al pour les cheveux fris\u00e9s ou boucl\u00e9s, le masque Nutris Curl apporte souplesse et hydratation, m\u00eame si les cheveux sont tr\u00e8s \u00e9pais et tr\u00e8s indisciplin\u00e9s.","robots":{"index":"index","follow":"follow","max-snippet":"max-snippet:-1","max-image-preview":"max-image-preview:large","max-video-preview":"max-video-preview:-1"},"canonical":"https:\/\/koster-italia.it\/fr\/prodotto\/nutris-curl-masque-pour-cheveux-frises-2\/","og_locale":"fr_FR","og_type":"article","og_title":"Nutris Curl \u2013 Masque pour cheveux fris\u00e9s - Koster Italia","og_description":"Id\u00e9al pour les cheveux fris\u00e9s ou boucl\u00e9s, le masque Nutris Curl apporte souplesse et hydratation, m\u00eame si les cheveux sont tr\u00e8s \u00e9pais et tr\u00e8s indisciplin\u00e9s.","og_url":"https:\/\/koster-italia.it\/fr\/prodotto\/nutris-curl-masque-pour-cheveux-frises-2\/","og_site_name":"Koster Italia","article_modified_time":"2022-12-06T09:50:43+00:00","og_image":[{"width":600,"height":600,"url":"https:\/\/koster-italia.it\/wp-content\/uploads\/2021\/03\/52018_koster_nutris_curl_mask_500ml.png","type":"image\/png"}],"twitter_card":"summary_large_image","twitter_misc":{"Dur\u00e9e de lecture estim\u00e9e":"1 minute"},"schema":{"@context":"https:\/\/schema.org","@graph":[{"@type":"WebPage","@id":"https:\/\/koster-italia.it\/fr\/prodotto\/nutris-curl-masque-pour-cheveux-frises-2\/","url":"https:\/\/koster-italia.it\/fr\/prodotto\/nutris-curl-masque-pour-cheveux-frises-2\/","name":"Nutris Curl \u2013 Masque pour cheveux fris\u00e9s - Koster Italia","isPartOf":{"@id":"https:\/\/koster-italia.it\/fr\/#website"},"primaryImageOfPage":{"@id":"https:\/\/koster-italia.it\/fr\/prodotto\/nutris-curl-masque-pour-cheveux-frises-2\/#primaryimage"},"image":{"@id":"https:\/\/koster-italia.it\/fr\/prodotto\/nutris-curl-masque-pour-cheveux-frises-2\/#primaryimage"},"thumbnailUrl":"https:\/\/koster-italia.it\/wp-content\/uploads\/2021\/03\/52018_koster_nutris_curl_mask_500ml.png","datePublished":"2021-03-12T08:18:22+00:00","dateModified":"2022-12-06T09:50:43+00:00","description":"Id\u00e9al pour les cheveux fris\u00e9s ou boucl\u00e9s, le masque Nutris Curl apporte souplesse et hydratation, m\u00eame si les cheveux sont tr\u00e8s \u00e9pais et tr\u00e8s indisciplin\u00e9s.","breadcrumb":{"@id":"https:\/\/koster-italia.it\/fr\/prodotto\/nutris-curl-masque-pour-cheveux-frises-2\/#breadcrumb"},"inLanguage":"fr-FR","potentialAction":[{"@type":"ReadAction","target":["https:\/\/koster-italia.it\/fr\/prodotto\/nutris-curl-masque-pour-cheveux-frises-2\/"]}]},{"@type":"ImageObject","inLanguage":"fr-FR","@id":"https:\/\/koster-italia.it\/fr\/prodotto\/nutris-curl-masque-pour-cheveux-frises-2\/#primaryimage","url":"https:\/\/koster-italia.it\/wp-content\/uploads\/2021\/03\/52018_koster_nutris_curl_mask_500ml.png","contentUrl":"https:\/\/koster-italia.it\/wp-content\/uploads\/2021\/03\/52018_koster_nutris_curl_mask_500ml.png","width":600,"height":600},{"@type":"BreadcrumbList","@id":"https:\/\/koster-italia.it\/fr\/prodotto\/nutris-curl-masque-pour-cheveux-frises-2\/#breadcrumb","itemListElement":[{"@type":"ListItem","position":1,"name":"Home","item":"https:\/\/koster-italia.it\/fr\/"},{"@type":"ListItem","position":2,"name":"Produits","item":"https:\/\/koster-italia.it\/fr\/shop\/"},{"@type":"ListItem","position":3,"name":"Nutris Curl \u2013 Masque pour cheveux fris\u00e9s"}]},{"@type":"WebSite","@id":"https:\/\/koster-italia.it\/fr\/#website","url":"https:\/\/koster-italia.it\/fr\/","name":"Koster Italia","description":"Prodotti professionali per parrucchieri","potentialAction":[{"@type":"SearchAction","target":{"@type":"EntryPoint","urlTemplate":"https:\/\/koster-italia.it\/fr\/?s={search_term_string}"},"query-input":{"@type":"PropertyValueSpecification","valueRequired":true,"valueName":"search_term_string"}}],"inLanguage":"fr-FR"}]}},"_links":{"self":[{"href":"https:\/\/koster-italia.it\/fr\/wp-json\/wp\/v2\/product\/18652","targetHints":{"allow":["GET"]}}],"collection":[{"href":"https:\/\/koster-italia.it\/fr\/wp-json\/wp\/v2\/product"}],"about":[{"href":"https:\/\/koster-italia.it\/fr\/wp-json\/wp\/v2\/types\/product"}],"wp:featuredmedia":[{"embeddable":true,"href":"https:\/\/koster-italia.it\/fr\/wp-json\/wp\/v2\/media\/17897"}],"wp:attachment":[{"href":"https:\/\/koster-italia.it\/fr\/wp-json\/wp\/v2\/media?parent=18652"}],"wp:term":[{"taxonomy":"product_brand","embeddable":true,"href":"https:\/\/koster-italia.it\/fr\/wp-json\/wp\/v2\/product_brand?post=18652"},{"taxonomy":"product_cat","embeddable":true,"href":"https:\/\/koster-italia.it\/fr\/wp-json\/wp\/v2\/product_cat?post=18652"},{"taxonomy":"product_tag","embeddable":true,"href":"https:\/\/koster-italia.it\/fr\/wp-json\/wp\/v2\/product_tag?post=18652"}],"curies":[{"name":"wp","href":"https:\/\/api.w.org\/{rel}","templated":true}]}}