{"id":18650,"date":"2021-03-12T09:18:22","date_gmt":"2021-03-12T08:18:22","guid":{"rendered":"https:\/\/koster-italia.it\/prodotto\/nutris-curl-creme-boucles\/"},"modified":"2022-12-06T10:50:23","modified_gmt":"2022-12-06T09:50:23","slug":"nutris-curl-creme-boucles","status":"publish","type":"product","link":"https:\/\/koster-italia.it\/fr\/prodotto\/nutris-curl-creme-boucles\/","title":{"rendered":"Nutris Curl \u2013 Cr\u00e8me boucles"},"content":{"rendered":"<p><strong>Extrait de Tilleul. <\/strong>Il est obtenu \u00e0 partir des fleurs et des bract\u00e9es des plantes du genre Tilia, famille des Tiliac\u00e9es. Gr\u00e2ce \u00e0 la pr\u00e9sence de flavono\u00efdes (comme la rutoside et la querc\u00e9tine) et de tanins, il est capable d\u2019exercer une action tonifiante et l\u00e9nitive.<\/p>\n","protected":false},"excerpt":{"rendered":"<p>La cr\u00e8me boucles \u00e9lastiques <strong>Nutris Curl de Koster<\/strong> met en valeur l\u2019action du shampooing lors du traitement sp\u00e9cifique pour la chevelure fris\u00e9e naturelle ou permanent\u00e9e. Les propri\u00e9t\u00e9s <strong>ravivantes<\/strong> du <strong>Extrait de tilleul <\/strong><strong><span style=\"font-weight: normal;\">sont<\/span> <\/strong>transf\u00e9r\u00e9es \u00e0 la chevelure gr\u00e2ce \u00e0 la consistance douce de la cr\u00e8me sans rin\u00e7age\u00a0: Nutris Curl recompacte les squames, offre <strong>d\u00e9finition<\/strong>, contr\u00f4le des frisottis et hydratation profonde aux cheveux.<\/p>\n<p>Format 200 ml<\/p>\n","protected":false},"featured_media":20748,"template":"","meta":[],"product_brand":[],"product_cat":[739,734],"product_tag":[],"class_list":{"0":"post-18650","1":"product","2":"type-product","3":"status-publish","4":"has-post-thumbnail","6":"product_cat-nutris-curl-fr","7":"product_cat-treatments-fr","9":"first","10":"instock","11":"shipping-taxable","12":"product-type-simple"},"yoast_head":"<!-- This site is optimized with the Yoast SEO plugin v26.8 - https:\/\/yoast.com\/product\/yoast-seo-wordpress\/ -->\n<title>Nutris Curl \u2013 Cr\u00e8me boucles - Koster Italia<\/title>\n<meta name=\"description\" content=\"La cr\u00e8me boucles \u00e9lastiques Nutris Curl de Koster met en valeur l\u2019action du shampooing lors du traitement sp\u00e9cifique pour la chevelure fris\u00e9e naturelle ou permanent\u00e9e.\" \/>\n<meta name=\"robots\" content=\"index, follow, max-snippet:-1, max-image-preview:large, max-video-preview:-1\" \/>\n<link rel=\"canonical\" href=\"https:\/\/koster-italia.it\/fr\/prodotto\/nutris-curl-creme-boucles\/\" \/>\n<meta property=\"og:locale\" content=\"fr_FR\" \/>\n<meta property=\"og:type\" content=\"article\" \/>\n<meta property=\"og:title\" content=\"Nutris Curl \u2013 Cr\u00e8me boucles - Koster Italia\" \/>\n<meta property=\"og:description\" content=\"La cr\u00e8me boucles \u00e9lastiques Nutris Curl de Koster met en valeur l\u2019action du shampooing lors du traitement sp\u00e9cifique pour la chevelure fris\u00e9e naturelle ou permanent\u00e9e.\" \/>\n<meta property=\"og:url\" content=\"https:\/\/koster-italia.it\/fr\/prodotto\/nutris-curl-creme-boucles\/\" \/>\n<meta property=\"og:site_name\" content=\"Koster Italia\" \/>\n<meta property=\"article:modified_time\" content=\"2022-12-06T09:50:23+00:00\" \/>\n<meta property=\"og:image\" content=\"https:\/\/koster-italia.it\/wp-content\/uploads\/2021\/03\/52002_koster_nutris_curl_cream_200ml-1.png\" \/>\n\t<meta property=\"og:image:width\" content=\"600\" \/>\n\t<meta property=\"og:image:height\" content=\"600\" \/>\n\t<meta property=\"og:image:type\" content=\"image\/png\" \/>\n<meta name=\"twitter:card\" content=\"summary_large_image\" \/>\n<meta name=\"twitter:label1\" content=\"Dur\u00e9e de lecture estim\u00e9e\" \/>\n\t<meta name=\"twitter:data1\" content=\"1 minute\" \/>\n<script type=\"application\/ld+json\" class=\"yoast-schema-graph\">{\"@context\":\"https:\/\/schema.org\",\"@graph\":[{\"@type\":\"WebPage\",\"@id\":\"https:\/\/koster-italia.it\/fr\/prodotto\/nutris-curl-creme-boucles\/\",\"url\":\"https:\/\/koster-italia.it\/fr\/prodotto\/nutris-curl-creme-boucles\/\",\"name\":\"Nutris Curl \u2013 Cr\u00e8me boucles - Koster Italia\",\"isPartOf\":{\"@id\":\"https:\/\/koster-italia.it\/fr\/#website\"},\"primaryImageOfPage\":{\"@id\":\"https:\/\/koster-italia.it\/fr\/prodotto\/nutris-curl-creme-boucles\/#primaryimage\"},\"image\":{\"@id\":\"https:\/\/koster-italia.it\/fr\/prodotto\/nutris-curl-creme-boucles\/#primaryimage\"},\"thumbnailUrl\":\"https:\/\/koster-italia.it\/wp-content\/uploads\/2021\/03\/52002_koster_nutris_curl_cream_200ml-1.png\",\"datePublished\":\"2021-03-12T08:18:22+00:00\",\"dateModified\":\"2022-12-06T09:50:23+00:00\",\"description\":\"La cr\u00e8me boucles \u00e9lastiques Nutris Curl de Koster met en valeur l\u2019action du shampooing lors du traitement sp\u00e9cifique pour la chevelure fris\u00e9e naturelle ou permanent\u00e9e.\",\"breadcrumb\":{\"@id\":\"https:\/\/koster-italia.it\/fr\/prodotto\/nutris-curl-creme-boucles\/#breadcrumb\"},\"inLanguage\":\"fr-FR\",\"potentialAction\":[{\"@type\":\"ReadAction\",\"target\":[\"https:\/\/koster-italia.it\/fr\/prodotto\/nutris-curl-creme-boucles\/\"]}]},{\"@type\":\"ImageObject\",\"inLanguage\":\"fr-FR\",\"@id\":\"https:\/\/koster-italia.it\/fr\/prodotto\/nutris-curl-creme-boucles\/#primaryimage\",\"url\":\"https:\/\/koster-italia.it\/wp-content\/uploads\/2021\/03\/52002_koster_nutris_curl_cream_200ml-1.png\",\"contentUrl\":\"https:\/\/koster-italia.it\/wp-content\/uploads\/2021\/03\/52002_koster_nutris_curl_cream_200ml-1.png\",\"width\":600,\"height\":600},{\"@type\":\"BreadcrumbList\",\"@id\":\"https:\/\/koster-italia.it\/fr\/prodotto\/nutris-curl-creme-boucles\/#breadcrumb\",\"itemListElement\":[{\"@type\":\"ListItem\",\"position\":1,\"name\":\"Home\",\"item\":\"https:\/\/koster-italia.it\/fr\/\"},{\"@type\":\"ListItem\",\"position\":2,\"name\":\"Produits\",\"item\":\"https:\/\/koster-italia.it\/fr\/shop\/\"},{\"@type\":\"ListItem\",\"position\":3,\"name\":\"Nutris Curl \u2013 Cr\u00e8me boucles\"}]},{\"@type\":\"WebSite\",\"@id\":\"https:\/\/koster-italia.it\/fr\/#website\",\"url\":\"https:\/\/koster-italia.it\/fr\/\",\"name\":\"Koster Italia\",\"description\":\"Prodotti professionali per parrucchieri\",\"potentialAction\":[{\"@type\":\"SearchAction\",\"target\":{\"@type\":\"EntryPoint\",\"urlTemplate\":\"https:\/\/koster-italia.it\/fr\/?s={search_term_string}\"},\"query-input\":{\"@type\":\"PropertyValueSpecification\",\"valueRequired\":true,\"valueName\":\"search_term_string\"}}],\"inLanguage\":\"fr-FR\"}]}<\/script>\n<!-- \/ Yoast SEO plugin. -->","yoast_head_json":{"title":"Nutris Curl \u2013 Cr\u00e8me boucles - Koster Italia","description":"La cr\u00e8me boucles \u00e9lastiques Nutris Curl de Koster met en valeur l\u2019action du shampooing lors du traitement sp\u00e9cifique pour la chevelure fris\u00e9e naturelle ou permanent\u00e9e.","robots":{"index":"index","follow":"follow","max-snippet":"max-snippet:-1","max-image-preview":"max-image-preview:large","max-video-preview":"max-video-preview:-1"},"canonical":"https:\/\/koster-italia.it\/fr\/prodotto\/nutris-curl-creme-boucles\/","og_locale":"fr_FR","og_type":"article","og_title":"Nutris Curl \u2013 Cr\u00e8me boucles - Koster Italia","og_description":"La cr\u00e8me boucles \u00e9lastiques Nutris Curl de Koster met en valeur l\u2019action du shampooing lors du traitement sp\u00e9cifique pour la chevelure fris\u00e9e naturelle ou permanent\u00e9e.","og_url":"https:\/\/koster-italia.it\/fr\/prodotto\/nutris-curl-creme-boucles\/","og_site_name":"Koster Italia","article_modified_time":"2022-12-06T09:50:23+00:00","og_image":[{"width":600,"height":600,"url":"https:\/\/koster-italia.it\/wp-content\/uploads\/2021\/03\/52002_koster_nutris_curl_cream_200ml-1.png","type":"image\/png"}],"twitter_card":"summary_large_image","twitter_misc":{"Dur\u00e9e de lecture estim\u00e9e":"1 minute"},"schema":{"@context":"https:\/\/schema.org","@graph":[{"@type":"WebPage","@id":"https:\/\/koster-italia.it\/fr\/prodotto\/nutris-curl-creme-boucles\/","url":"https:\/\/koster-italia.it\/fr\/prodotto\/nutris-curl-creme-boucles\/","name":"Nutris Curl \u2013 Cr\u00e8me boucles - Koster Italia","isPartOf":{"@id":"https:\/\/koster-italia.it\/fr\/#website"},"primaryImageOfPage":{"@id":"https:\/\/koster-italia.it\/fr\/prodotto\/nutris-curl-creme-boucles\/#primaryimage"},"image":{"@id":"https:\/\/koster-italia.it\/fr\/prodotto\/nutris-curl-creme-boucles\/#primaryimage"},"thumbnailUrl":"https:\/\/koster-italia.it\/wp-content\/uploads\/2021\/03\/52002_koster_nutris_curl_cream_200ml-1.png","datePublished":"2021-03-12T08:18:22+00:00","dateModified":"2022-12-06T09:50:23+00:00","description":"La cr\u00e8me boucles \u00e9lastiques Nutris Curl de Koster met en valeur l\u2019action du shampooing lors du traitement sp\u00e9cifique pour la chevelure fris\u00e9e naturelle ou permanent\u00e9e.","breadcrumb":{"@id":"https:\/\/koster-italia.it\/fr\/prodotto\/nutris-curl-creme-boucles\/#breadcrumb"},"inLanguage":"fr-FR","potentialAction":[{"@type":"ReadAction","target":["https:\/\/koster-italia.it\/fr\/prodotto\/nutris-curl-creme-boucles\/"]}]},{"@type":"ImageObject","inLanguage":"fr-FR","@id":"https:\/\/koster-italia.it\/fr\/prodotto\/nutris-curl-creme-boucles\/#primaryimage","url":"https:\/\/koster-italia.it\/wp-content\/uploads\/2021\/03\/52002_koster_nutris_curl_cream_200ml-1.png","contentUrl":"https:\/\/koster-italia.it\/wp-content\/uploads\/2021\/03\/52002_koster_nutris_curl_cream_200ml-1.png","width":600,"height":600},{"@type":"BreadcrumbList","@id":"https:\/\/koster-italia.it\/fr\/prodotto\/nutris-curl-creme-boucles\/#breadcrumb","itemListElement":[{"@type":"ListItem","position":1,"name":"Home","item":"https:\/\/koster-italia.it\/fr\/"},{"@type":"ListItem","position":2,"name":"Produits","item":"https:\/\/koster-italia.it\/fr\/shop\/"},{"@type":"ListItem","position":3,"name":"Nutris Curl \u2013 Cr\u00e8me boucles"}]},{"@type":"WebSite","@id":"https:\/\/koster-italia.it\/fr\/#website","url":"https:\/\/koster-italia.it\/fr\/","name":"Koster Italia","description":"Prodotti professionali per parrucchieri","potentialAction":[{"@type":"SearchAction","target":{"@type":"EntryPoint","urlTemplate":"https:\/\/koster-italia.it\/fr\/?s={search_term_string}"},"query-input":{"@type":"PropertyValueSpecification","valueRequired":true,"valueName":"search_term_string"}}],"inLanguage":"fr-FR"}]}},"_links":{"self":[{"href":"https:\/\/koster-italia.it\/fr\/wp-json\/wp\/v2\/product\/18650","targetHints":{"allow":["GET"]}}],"collection":[{"href":"https:\/\/koster-italia.it\/fr\/wp-json\/wp\/v2\/product"}],"about":[{"href":"https:\/\/koster-italia.it\/fr\/wp-json\/wp\/v2\/types\/product"}],"wp:featuredmedia":[{"embeddable":true,"href":"https:\/\/koster-italia.it\/fr\/wp-json\/wp\/v2\/media\/20748"}],"wp:attachment":[{"href":"https:\/\/koster-italia.it\/fr\/wp-json\/wp\/v2\/media?parent=18650"}],"wp:term":[{"taxonomy":"product_brand","embeddable":true,"href":"https:\/\/koster-italia.it\/fr\/wp-json\/wp\/v2\/product_brand?post=18650"},{"taxonomy":"product_cat","embeddable":true,"href":"https:\/\/koster-italia.it\/fr\/wp-json\/wp\/v2\/product_cat?post=18650"},{"taxonomy":"product_tag","embeddable":true,"href":"https:\/\/koster-italia.it\/fr\/wp-json\/wp\/v2\/product_tag?post=18650"}],"curies":[{"name":"wp","href":"https:\/\/api.w.org\/{rel}","templated":true}]}}