{"id":18644,"date":"2016-04-07T18:02:41","date_gmt":"2016-04-07T16:02:41","guid":{"rendered":"https:\/\/koster-italia.it\/prodotto\/nutris-balance-shampooing\/"},"modified":"2022-12-06T10:37:44","modified_gmt":"2022-12-06T09:37:44","slug":"nutris-balance-shampooing","status":"publish","type":"product","link":"https:\/\/koster-italia.it\/fr\/prodotto\/nutris-balance-shampooing\/","title":{"rendered":"Nutris Balance \u2013 Shampooing"},"content":{"rendered":"<p><strong>Piroctone Olamine<\/strong>, actif adapt\u00e9 au traitement <strong>antipelliculaire et anti-s\u00e9borrh\u00e9e<\/strong><\/p>\n<p><strong>Polyquaternium-10<\/strong>, conditionnant polym\u00e9rique \u00e0 effet <strong>substantiel et filmog\u00e8ne<\/strong> sur le cheveu<\/p>\n<p><strong>Sans paraben<\/strong><\/p>\n","protected":false},"excerpt":{"rendered":"<p><strong>Nutris Balance<\/strong> est le shampooing formul\u00e9 pour cheveux avec <strong>pellicules et peau grasse<\/strong> \u00e0 action bivalente et \u00e9quilibrante. Gr\u00e2ce \u00e0 une intense activit\u00e9 purifiante, il favorise la <strong>normalisation<\/strong> du cuir chevelu ayant tendance \u00e0 la desquamation. \u00c0 travers une formulation hautement cosm\u00e9tique, il associe un nettoyage complet antipelliculaire avec des <strong>fonctions s\u00e9bor\u00e9gulatrices et antimicrobiennes<\/strong> \u00e0 large spectre.<\/p>\n<p>Usage professionnel<\/p>\n<p>Format 300 ml<\/p>\n","protected":false},"featured_media":21558,"template":"","meta":[],"product_brand":[],"product_cat":[737,734],"product_tag":[],"class_list":{"0":"post-18644","1":"product","2":"type-product","3":"status-publish","4":"has-post-thumbnail","6":"product_cat-nutris-balance-fr","7":"product_cat-treatments-fr","9":"first","10":"instock","11":"shipping-taxable","12":"product-type-simple"},"yoast_head":"<!-- This site is optimized with the Yoast SEO plugin v26.8 - https:\/\/yoast.com\/product\/yoast-seo-wordpress\/ -->\n<title>Nutris Balance \u2013 Shampooing<\/title>\n<meta name=\"description\" content=\"Nutris Balance est le shampooing formul\u00e9 pour cheveux avec pellicules et peau grasse \u00e0 action bivalente et \u00e9quilibrante.\" \/>\n<meta name=\"robots\" content=\"index, follow, max-snippet:-1, max-image-preview:large, max-video-preview:-1\" \/>\n<link rel=\"canonical\" href=\"https:\/\/koster-italia.it\/fr\/prodotto\/nutris-balance-shampooing\/\" \/>\n<meta property=\"og:locale\" content=\"fr_FR\" \/>\n<meta property=\"og:type\" content=\"article\" \/>\n<meta property=\"og:title\" content=\"Nutris Balance \u2013 Shampooing\" \/>\n<meta property=\"og:description\" content=\"Nutris Balance est le shampooing formul\u00e9 pour cheveux avec pellicules et peau grasse \u00e0 action bivalente et \u00e9quilibrante.\" \/>\n<meta property=\"og:url\" content=\"https:\/\/koster-italia.it\/fr\/prodotto\/nutris-balance-shampooing\/\" \/>\n<meta property=\"og:site_name\" content=\"Koster Italia\" \/>\n<meta property=\"article:modified_time\" content=\"2022-12-06T09:37:44+00:00\" \/>\n<meta property=\"og:image\" content=\"https:\/\/koster-italia.it\/wp-content\/uploads\/2020\/11\/52015_koster_nutris_rebalancing_shampoo_300ml.png\" \/>\n\t<meta property=\"og:image:width\" content=\"600\" \/>\n\t<meta property=\"og:image:height\" content=\"600\" \/>\n\t<meta property=\"og:image:type\" content=\"image\/png\" \/>\n<meta name=\"twitter:card\" content=\"summary_large_image\" \/>\n<meta name=\"twitter:label1\" content=\"Dur\u00e9e de lecture estim\u00e9e\" \/>\n\t<meta name=\"twitter:data1\" content=\"1 minute\" \/>\n<script type=\"application\/ld+json\" class=\"yoast-schema-graph\">{\"@context\":\"https:\/\/schema.org\",\"@graph\":[{\"@type\":\"WebPage\",\"@id\":\"https:\/\/koster-italia.it\/fr\/prodotto\/nutris-balance-shampooing\/\",\"url\":\"https:\/\/koster-italia.it\/fr\/prodotto\/nutris-balance-shampooing\/\",\"name\":\"Nutris Balance \u2013 Shampooing\",\"isPartOf\":{\"@id\":\"https:\/\/koster-italia.it\/fr\/#website\"},\"primaryImageOfPage\":{\"@id\":\"https:\/\/koster-italia.it\/fr\/prodotto\/nutris-balance-shampooing\/#primaryimage\"},\"image\":{\"@id\":\"https:\/\/koster-italia.it\/fr\/prodotto\/nutris-balance-shampooing\/#primaryimage\"},\"thumbnailUrl\":\"https:\/\/koster-italia.it\/wp-content\/uploads\/2016\/04\/nutris300.png\",\"datePublished\":\"2016-04-07T16:02:41+00:00\",\"dateModified\":\"2022-12-06T09:37:44+00:00\",\"description\":\"Nutris Balance est le shampooing formul\u00e9 pour cheveux avec pellicules et peau grasse \u00e0 action bivalente et \u00e9quilibrante.\",\"breadcrumb\":{\"@id\":\"https:\/\/koster-italia.it\/fr\/prodotto\/nutris-balance-shampooing\/#breadcrumb\"},\"inLanguage\":\"fr-FR\",\"potentialAction\":[{\"@type\":\"ReadAction\",\"target\":[\"https:\/\/koster-italia.it\/fr\/prodotto\/nutris-balance-shampooing\/\"]}]},{\"@type\":\"ImageObject\",\"inLanguage\":\"fr-FR\",\"@id\":\"https:\/\/koster-italia.it\/fr\/prodotto\/nutris-balance-shampooing\/#primaryimage\",\"url\":\"https:\/\/koster-italia.it\/wp-content\/uploads\/2016\/04\/nutris300.png\",\"contentUrl\":\"https:\/\/koster-italia.it\/wp-content\/uploads\/2016\/04\/nutris300.png\",\"width\":600,\"height\":600},{\"@type\":\"BreadcrumbList\",\"@id\":\"https:\/\/koster-italia.it\/fr\/prodotto\/nutris-balance-shampooing\/#breadcrumb\",\"itemListElement\":[{\"@type\":\"ListItem\",\"position\":1,\"name\":\"Home\",\"item\":\"https:\/\/koster-italia.it\/fr\/\"},{\"@type\":\"ListItem\",\"position\":2,\"name\":\"Produits\",\"item\":\"https:\/\/koster-italia.it\/fr\/shop\/\"},{\"@type\":\"ListItem\",\"position\":3,\"name\":\"Nutris Balance \u2013 Shampooing\"}]},{\"@type\":\"WebSite\",\"@id\":\"https:\/\/koster-italia.it\/fr\/#website\",\"url\":\"https:\/\/koster-italia.it\/fr\/\",\"name\":\"Koster Italia\",\"description\":\"Prodotti professionali per parrucchieri\",\"potentialAction\":[{\"@type\":\"SearchAction\",\"target\":{\"@type\":\"EntryPoint\",\"urlTemplate\":\"https:\/\/koster-italia.it\/fr\/?s={search_term_string}\"},\"query-input\":{\"@type\":\"PropertyValueSpecification\",\"valueRequired\":true,\"valueName\":\"search_term_string\"}}],\"inLanguage\":\"fr-FR\"}]}<\/script>\n<!-- \/ Yoast SEO plugin. -->","yoast_head_json":{"title":"Nutris Balance \u2013 Shampooing","description":"Nutris Balance est le shampooing formul\u00e9 pour cheveux avec pellicules et peau grasse \u00e0 action bivalente et \u00e9quilibrante.","robots":{"index":"index","follow":"follow","max-snippet":"max-snippet:-1","max-image-preview":"max-image-preview:large","max-video-preview":"max-video-preview:-1"},"canonical":"https:\/\/koster-italia.it\/fr\/prodotto\/nutris-balance-shampooing\/","og_locale":"fr_FR","og_type":"article","og_title":"Nutris Balance \u2013 Shampooing","og_description":"Nutris Balance est le shampooing formul\u00e9 pour cheveux avec pellicules et peau grasse \u00e0 action bivalente et \u00e9quilibrante.","og_url":"https:\/\/koster-italia.it\/fr\/prodotto\/nutris-balance-shampooing\/","og_site_name":"Koster Italia","article_modified_time":"2022-12-06T09:37:44+00:00","og_image":[{"width":600,"height":600,"url":"https:\/\/koster-italia.it\/wp-content\/uploads\/2020\/11\/52015_koster_nutris_rebalancing_shampoo_300ml.png","type":"image\/png"}],"twitter_card":"summary_large_image","twitter_misc":{"Dur\u00e9e de lecture estim\u00e9e":"1 minute"},"schema":{"@context":"https:\/\/schema.org","@graph":[{"@type":"WebPage","@id":"https:\/\/koster-italia.it\/fr\/prodotto\/nutris-balance-shampooing\/","url":"https:\/\/koster-italia.it\/fr\/prodotto\/nutris-balance-shampooing\/","name":"Nutris Balance \u2013 Shampooing","isPartOf":{"@id":"https:\/\/koster-italia.it\/fr\/#website"},"primaryImageOfPage":{"@id":"https:\/\/koster-italia.it\/fr\/prodotto\/nutris-balance-shampooing\/#primaryimage"},"image":{"@id":"https:\/\/koster-italia.it\/fr\/prodotto\/nutris-balance-shampooing\/#primaryimage"},"thumbnailUrl":"https:\/\/koster-italia.it\/wp-content\/uploads\/2016\/04\/nutris300.png","datePublished":"2016-04-07T16:02:41+00:00","dateModified":"2022-12-06T09:37:44+00:00","description":"Nutris Balance est le shampooing formul\u00e9 pour cheveux avec pellicules et peau grasse \u00e0 action bivalente et \u00e9quilibrante.","breadcrumb":{"@id":"https:\/\/koster-italia.it\/fr\/prodotto\/nutris-balance-shampooing\/#breadcrumb"},"inLanguage":"fr-FR","potentialAction":[{"@type":"ReadAction","target":["https:\/\/koster-italia.it\/fr\/prodotto\/nutris-balance-shampooing\/"]}]},{"@type":"ImageObject","inLanguage":"fr-FR","@id":"https:\/\/koster-italia.it\/fr\/prodotto\/nutris-balance-shampooing\/#primaryimage","url":"https:\/\/koster-italia.it\/wp-content\/uploads\/2016\/04\/nutris300.png","contentUrl":"https:\/\/koster-italia.it\/wp-content\/uploads\/2016\/04\/nutris300.png","width":600,"height":600},{"@type":"BreadcrumbList","@id":"https:\/\/koster-italia.it\/fr\/prodotto\/nutris-balance-shampooing\/#breadcrumb","itemListElement":[{"@type":"ListItem","position":1,"name":"Home","item":"https:\/\/koster-italia.it\/fr\/"},{"@type":"ListItem","position":2,"name":"Produits","item":"https:\/\/koster-italia.it\/fr\/shop\/"},{"@type":"ListItem","position":3,"name":"Nutris Balance \u2013 Shampooing"}]},{"@type":"WebSite","@id":"https:\/\/koster-italia.it\/fr\/#website","url":"https:\/\/koster-italia.it\/fr\/","name":"Koster Italia","description":"Prodotti professionali per parrucchieri","potentialAction":[{"@type":"SearchAction","target":{"@type":"EntryPoint","urlTemplate":"https:\/\/koster-italia.it\/fr\/?s={search_term_string}"},"query-input":{"@type":"PropertyValueSpecification","valueRequired":true,"valueName":"search_term_string"}}],"inLanguage":"fr-FR"}]}},"_links":{"self":[{"href":"https:\/\/koster-italia.it\/fr\/wp-json\/wp\/v2\/product\/18644","targetHints":{"allow":["GET"]}}],"collection":[{"href":"https:\/\/koster-italia.it\/fr\/wp-json\/wp\/v2\/product"}],"about":[{"href":"https:\/\/koster-italia.it\/fr\/wp-json\/wp\/v2\/types\/product"}],"wp:featuredmedia":[{"embeddable":true,"href":"https:\/\/koster-italia.it\/fr\/wp-json\/wp\/v2\/media\/21558"}],"wp:attachment":[{"href":"https:\/\/koster-italia.it\/fr\/wp-json\/wp\/v2\/media?parent=18644"}],"wp:term":[{"taxonomy":"product_brand","embeddable":true,"href":"https:\/\/koster-italia.it\/fr\/wp-json\/wp\/v2\/product_brand?post=18644"},{"taxonomy":"product_cat","embeddable":true,"href":"https:\/\/koster-italia.it\/fr\/wp-json\/wp\/v2\/product_cat?post=18644"},{"taxonomy":"product_tag","embeddable":true,"href":"https:\/\/koster-italia.it\/fr\/wp-json\/wp\/v2\/product_tag?post=18644"}],"curies":[{"name":"wp","href":"https:\/\/api.w.org\/{rel}","templated":true}]}}