{"id":18643,"date":"2020-02-18T14:34:41","date_gmt":"2020-02-18T13:34:41","guid":{"rendered":"https:\/\/koster-italia.it\/prodotto\/nutris-balance-lotion-tonique-2-en-1-cheveux-gras-avec-pellicules\/"},"modified":"2022-12-06T10:37:29","modified_gmt":"2022-12-06T09:37:29","slug":"nutris-balance-lotion-tonique-2-en-1-cheveux-gras-avec-pellicules","status":"publish","type":"product","link":"https:\/\/koster-italia.it\/fr\/prodotto\/nutris-balance-lotion-tonique-2-en-1-cheveux-gras-avec-pellicules\/","title":{"rendered":"Nutris Balance &#8211; Lotion tonique 2 en 1 cheveux gras avec pellicules"},"content":{"rendered":"<p><strong>Extrait de romarin<\/strong> \u00e0 l&rsquo;action dermopurifiante et astringente<\/p>\n<p><strong>Piroctone olamine<\/strong>, un agent antibact\u00e9rien, antifongique et r\u00e9gulateur de s\u00e9bum<\/p>\n<p><strong>Ingr\u00e9dients fonctionnels<\/strong> pour tonifier et rafra\u00eechir le cuir chevelu<\/p>\n","protected":false},"excerpt":{"rendered":"<p>La <strong>lotion tonique Nutris Balance<\/strong> 2 en 1 <strong>purifie<\/strong> <strong>le cuir chevelu <\/strong>gr\u00e2ce aux propri\u00e9t\u00e9s antiseptiques, stimulantes et r\u00e9g\u00e9n\u00e9ratrices de sa formule \u00e0 base d&rsquo;<strong>ingr\u00e9dients fonctionnels, l&rsquo;extrait de romarin et la piroctone olamine<\/strong>.<\/p>\n<p>&nbsp;<\/p>\n<p>Appliqu\u00e9e sur la peau, elle stabilise et <strong>r\u00e9gule la s\u00e9cr\u00e9tion s\u00e9bac\u00e9e<\/strong>, \u00e9quilibre le processus de desquamation, <strong>lutte activement contre les pellicules<\/strong>\u00a0et pr\u00e9vient leur formation. Par son action antioxydante, la lotion combat les radicaux libres pour un <strong>effet d\u00e9tox<\/strong> longue dur\u00e9e. Les cheveux sont hydrat\u00e9s et propres, le cuir chevelu retrouve son \u00e9quilibre naturel et sa fra\u00eecheur, les d\u00e9mangeaisons et irritations sont apais\u00e9es.<\/p>\n<p>150 ml<\/p>\n","protected":false},"featured_media":21400,"template":"","meta":[],"product_brand":[],"product_cat":[737,734],"product_tag":[],"class_list":{"0":"post-18643","1":"product","2":"type-product","3":"status-publish","4":"has-post-thumbnail","6":"product_cat-nutris-balance-fr","7":"product_cat-treatments-fr","9":"first","10":"instock","11":"shipping-taxable","12":"product-type-simple"},"yoast_head":"<!-- This site is optimized with the Yoast SEO plugin v26.8 - https:\/\/yoast.com\/product\/yoast-seo-wordpress\/ -->\n<title>Nutris Balance - Lotion tonique 2 en 1 cheveux gras avec pellicules<\/title>\n<meta name=\"description\" content=\"La lotion tonique Nutris Balance 2 en 1 purifie le cuir chevelu gr\u00e2ce aux propri\u00e9t\u00e9s antiseptiques, stimulantes et r\u00e9g\u00e9n\u00e9ratrices de sa formule \u00e0 base d&#039;ingr\u00e9dients fonctionnels\" \/>\n<meta name=\"robots\" content=\"index, follow, max-snippet:-1, max-image-preview:large, max-video-preview:-1\" \/>\n<link rel=\"canonical\" href=\"https:\/\/koster-italia.it\/fr\/prodotto\/nutris-balance-lotion-tonique-2-en-1-cheveux-gras-avec-pellicules\/\" \/>\n<meta property=\"og:locale\" content=\"fr_FR\" \/>\n<meta property=\"og:type\" content=\"article\" \/>\n<meta property=\"og:title\" content=\"Nutris Balance - Lotion tonique 2 en 1 cheveux gras avec pellicules\" \/>\n<meta property=\"og:description\" content=\"La lotion tonique Nutris Balance 2 en 1 purifie le cuir chevelu gr\u00e2ce aux propri\u00e9t\u00e9s antiseptiques, stimulantes et r\u00e9g\u00e9n\u00e9ratrices de sa formule \u00e0 base d&#039;ingr\u00e9dients fonctionnels\" \/>\n<meta property=\"og:url\" content=\"https:\/\/koster-italia.it\/fr\/prodotto\/nutris-balance-lotion-tonique-2-en-1-cheveux-gras-avec-pellicules\/\" \/>\n<meta property=\"og:site_name\" content=\"Koster Italia\" \/>\n<meta property=\"article:modified_time\" content=\"2022-12-06T09:37:29+00:00\" \/>\n<meta property=\"og:image\" content=\"https:\/\/koster-italia.it\/wp-content\/uploads\/2024\/05\/52049_koster_nutris_balance_dual_action_toning_rebalacing_lotion_150ml-1024x1024.png\" \/>\n\t<meta property=\"og:image:width\" content=\"1024\" \/>\n\t<meta property=\"og:image:height\" content=\"1024\" \/>\n\t<meta property=\"og:image:type\" content=\"image\/png\" \/>\n<meta name=\"twitter:card\" content=\"summary_large_image\" \/>\n<meta name=\"twitter:label1\" content=\"Dur\u00e9e de lecture estim\u00e9e\" \/>\n\t<meta name=\"twitter:data1\" content=\"1 minute\" \/>\n<script type=\"application\/ld+json\" class=\"yoast-schema-graph\">{\"@context\":\"https:\/\/schema.org\",\"@graph\":[{\"@type\":\"WebPage\",\"@id\":\"https:\/\/koster-italia.it\/fr\/prodotto\/nutris-balance-lotion-tonique-2-en-1-cheveux-gras-avec-pellicules\/\",\"url\":\"https:\/\/koster-italia.it\/fr\/prodotto\/nutris-balance-lotion-tonique-2-en-1-cheveux-gras-avec-pellicules\/\",\"name\":\"Nutris Balance - Lotion tonique 2 en 1 cheveux gras avec pellicules\",\"isPartOf\":{\"@id\":\"https:\/\/koster-italia.it\/fr\/#website\"},\"primaryImageOfPage\":{\"@id\":\"https:\/\/koster-italia.it\/fr\/prodotto\/nutris-balance-lotion-tonique-2-en-1-cheveux-gras-avec-pellicules\/#primaryimage\"},\"image\":{\"@id\":\"https:\/\/koster-italia.it\/fr\/prodotto\/nutris-balance-lotion-tonique-2-en-1-cheveux-gras-avec-pellicules\/#primaryimage\"},\"thumbnailUrl\":\"https:\/\/koster-italia.it\/wp-content\/uploads\/2024\/05\/52049_koster_nutris_balance_dual_action_toning_rebalacing_lotion_150ml.png\",\"datePublished\":\"2020-02-18T13:34:41+00:00\",\"dateModified\":\"2022-12-06T09:37:29+00:00\",\"description\":\"La lotion tonique Nutris Balance 2 en 1 purifie le cuir chevelu gr\u00e2ce aux propri\u00e9t\u00e9s antiseptiques, stimulantes et r\u00e9g\u00e9n\u00e9ratrices de sa formule \u00e0 base d'ingr\u00e9dients fonctionnels\",\"breadcrumb\":{\"@id\":\"https:\/\/koster-italia.it\/fr\/prodotto\/nutris-balance-lotion-tonique-2-en-1-cheveux-gras-avec-pellicules\/#breadcrumb\"},\"inLanguage\":\"fr-FR\",\"potentialAction\":[{\"@type\":\"ReadAction\",\"target\":[\"https:\/\/koster-italia.it\/fr\/prodotto\/nutris-balance-lotion-tonique-2-en-1-cheveux-gras-avec-pellicules\/\"]}]},{\"@type\":\"ImageObject\",\"inLanguage\":\"fr-FR\",\"@id\":\"https:\/\/koster-italia.it\/fr\/prodotto\/nutris-balance-lotion-tonique-2-en-1-cheveux-gras-avec-pellicules\/#primaryimage\",\"url\":\"https:\/\/koster-italia.it\/wp-content\/uploads\/2024\/05\/52049_koster_nutris_balance_dual_action_toning_rebalacing_lotion_150ml.png\",\"contentUrl\":\"https:\/\/koster-italia.it\/wp-content\/uploads\/2024\/05\/52049_koster_nutris_balance_dual_action_toning_rebalacing_lotion_150ml.png\",\"width\":2000,\"height\":2000},{\"@type\":\"BreadcrumbList\",\"@id\":\"https:\/\/koster-italia.it\/fr\/prodotto\/nutris-balance-lotion-tonique-2-en-1-cheveux-gras-avec-pellicules\/#breadcrumb\",\"itemListElement\":[{\"@type\":\"ListItem\",\"position\":1,\"name\":\"Home\",\"item\":\"https:\/\/koster-italia.it\/fr\/\"},{\"@type\":\"ListItem\",\"position\":2,\"name\":\"Produits\",\"item\":\"https:\/\/koster-italia.it\/fr\/shop\/\"},{\"@type\":\"ListItem\",\"position\":3,\"name\":\"Nutris Balance &#8211; Lotion tonique 2 en 1 cheveux gras avec pellicules\"}]},{\"@type\":\"WebSite\",\"@id\":\"https:\/\/koster-italia.it\/fr\/#website\",\"url\":\"https:\/\/koster-italia.it\/fr\/\",\"name\":\"Koster Italia\",\"description\":\"Prodotti professionali per parrucchieri\",\"potentialAction\":[{\"@type\":\"SearchAction\",\"target\":{\"@type\":\"EntryPoint\",\"urlTemplate\":\"https:\/\/koster-italia.it\/fr\/?s={search_term_string}\"},\"query-input\":{\"@type\":\"PropertyValueSpecification\",\"valueRequired\":true,\"valueName\":\"search_term_string\"}}],\"inLanguage\":\"fr-FR\"}]}<\/script>\n<!-- \/ Yoast SEO plugin. -->","yoast_head_json":{"title":"Nutris Balance - Lotion tonique 2 en 1 cheveux gras avec pellicules","description":"La lotion tonique Nutris Balance 2 en 1 purifie le cuir chevelu gr\u00e2ce aux propri\u00e9t\u00e9s antiseptiques, stimulantes et r\u00e9g\u00e9n\u00e9ratrices de sa formule \u00e0 base d'ingr\u00e9dients fonctionnels","robots":{"index":"index","follow":"follow","max-snippet":"max-snippet:-1","max-image-preview":"max-image-preview:large","max-video-preview":"max-video-preview:-1"},"canonical":"https:\/\/koster-italia.it\/fr\/prodotto\/nutris-balance-lotion-tonique-2-en-1-cheveux-gras-avec-pellicules\/","og_locale":"fr_FR","og_type":"article","og_title":"Nutris Balance - Lotion tonique 2 en 1 cheveux gras avec pellicules","og_description":"La lotion tonique Nutris Balance 2 en 1 purifie le cuir chevelu gr\u00e2ce aux propri\u00e9t\u00e9s antiseptiques, stimulantes et r\u00e9g\u00e9n\u00e9ratrices de sa formule \u00e0 base d'ingr\u00e9dients fonctionnels","og_url":"https:\/\/koster-italia.it\/fr\/prodotto\/nutris-balance-lotion-tonique-2-en-1-cheveux-gras-avec-pellicules\/","og_site_name":"Koster Italia","article_modified_time":"2022-12-06T09:37:29+00:00","og_image":[{"width":1024,"height":1024,"url":"https:\/\/koster-italia.it\/wp-content\/uploads\/2024\/05\/52049_koster_nutris_balance_dual_action_toning_rebalacing_lotion_150ml-1024x1024.png","type":"image\/png"}],"twitter_card":"summary_large_image","twitter_misc":{"Dur\u00e9e de lecture estim\u00e9e":"1 minute"},"schema":{"@context":"https:\/\/schema.org","@graph":[{"@type":"WebPage","@id":"https:\/\/koster-italia.it\/fr\/prodotto\/nutris-balance-lotion-tonique-2-en-1-cheveux-gras-avec-pellicules\/","url":"https:\/\/koster-italia.it\/fr\/prodotto\/nutris-balance-lotion-tonique-2-en-1-cheveux-gras-avec-pellicules\/","name":"Nutris Balance - Lotion tonique 2 en 1 cheveux gras avec pellicules","isPartOf":{"@id":"https:\/\/koster-italia.it\/fr\/#website"},"primaryImageOfPage":{"@id":"https:\/\/koster-italia.it\/fr\/prodotto\/nutris-balance-lotion-tonique-2-en-1-cheveux-gras-avec-pellicules\/#primaryimage"},"image":{"@id":"https:\/\/koster-italia.it\/fr\/prodotto\/nutris-balance-lotion-tonique-2-en-1-cheveux-gras-avec-pellicules\/#primaryimage"},"thumbnailUrl":"https:\/\/koster-italia.it\/wp-content\/uploads\/2024\/05\/52049_koster_nutris_balance_dual_action_toning_rebalacing_lotion_150ml.png","datePublished":"2020-02-18T13:34:41+00:00","dateModified":"2022-12-06T09:37:29+00:00","description":"La lotion tonique Nutris Balance 2 en 1 purifie le cuir chevelu gr\u00e2ce aux propri\u00e9t\u00e9s antiseptiques, stimulantes et r\u00e9g\u00e9n\u00e9ratrices de sa formule \u00e0 base d'ingr\u00e9dients fonctionnels","breadcrumb":{"@id":"https:\/\/koster-italia.it\/fr\/prodotto\/nutris-balance-lotion-tonique-2-en-1-cheveux-gras-avec-pellicules\/#breadcrumb"},"inLanguage":"fr-FR","potentialAction":[{"@type":"ReadAction","target":["https:\/\/koster-italia.it\/fr\/prodotto\/nutris-balance-lotion-tonique-2-en-1-cheveux-gras-avec-pellicules\/"]}]},{"@type":"ImageObject","inLanguage":"fr-FR","@id":"https:\/\/koster-italia.it\/fr\/prodotto\/nutris-balance-lotion-tonique-2-en-1-cheveux-gras-avec-pellicules\/#primaryimage","url":"https:\/\/koster-italia.it\/wp-content\/uploads\/2024\/05\/52049_koster_nutris_balance_dual_action_toning_rebalacing_lotion_150ml.png","contentUrl":"https:\/\/koster-italia.it\/wp-content\/uploads\/2024\/05\/52049_koster_nutris_balance_dual_action_toning_rebalacing_lotion_150ml.png","width":2000,"height":2000},{"@type":"BreadcrumbList","@id":"https:\/\/koster-italia.it\/fr\/prodotto\/nutris-balance-lotion-tonique-2-en-1-cheveux-gras-avec-pellicules\/#breadcrumb","itemListElement":[{"@type":"ListItem","position":1,"name":"Home","item":"https:\/\/koster-italia.it\/fr\/"},{"@type":"ListItem","position":2,"name":"Produits","item":"https:\/\/koster-italia.it\/fr\/shop\/"},{"@type":"ListItem","position":3,"name":"Nutris Balance &#8211; Lotion tonique 2 en 1 cheveux gras avec pellicules"}]},{"@type":"WebSite","@id":"https:\/\/koster-italia.it\/fr\/#website","url":"https:\/\/koster-italia.it\/fr\/","name":"Koster Italia","description":"Prodotti professionali per parrucchieri","potentialAction":[{"@type":"SearchAction","target":{"@type":"EntryPoint","urlTemplate":"https:\/\/koster-italia.it\/fr\/?s={search_term_string}"},"query-input":{"@type":"PropertyValueSpecification","valueRequired":true,"valueName":"search_term_string"}}],"inLanguage":"fr-FR"}]}},"_links":{"self":[{"href":"https:\/\/koster-italia.it\/fr\/wp-json\/wp\/v2\/product\/18643","targetHints":{"allow":["GET"]}}],"collection":[{"href":"https:\/\/koster-italia.it\/fr\/wp-json\/wp\/v2\/product"}],"about":[{"href":"https:\/\/koster-italia.it\/fr\/wp-json\/wp\/v2\/types\/product"}],"wp:featuredmedia":[{"embeddable":true,"href":"https:\/\/koster-italia.it\/fr\/wp-json\/wp\/v2\/media\/21400"}],"wp:attachment":[{"href":"https:\/\/koster-italia.it\/fr\/wp-json\/wp\/v2\/media?parent=18643"}],"wp:term":[{"taxonomy":"product_brand","embeddable":true,"href":"https:\/\/koster-italia.it\/fr\/wp-json\/wp\/v2\/product_brand?post=18643"},{"taxonomy":"product_cat","embeddable":true,"href":"https:\/\/koster-italia.it\/fr\/wp-json\/wp\/v2\/product_cat?post=18643"},{"taxonomy":"product_tag","embeddable":true,"href":"https:\/\/koster-italia.it\/fr\/wp-json\/wp\/v2\/product_tag?post=18643"}],"curies":[{"name":"wp","href":"https:\/\/api.w.org\/{rel}","templated":true}]}}