{"id":18640,"date":"2022-10-10T16:37:26","date_gmt":"2022-10-10T14:37:26","guid":{"rendered":"https:\/\/koster-italia.it\/prodotto\/hairvive-booster-restructurant\/"},"modified":"2022-12-06T10:34:35","modified_gmt":"2022-12-06T09:34:35","slug":"hairvive-booster-restructurant","status":"publish","type":"product","link":"https:\/\/koster-italia.it\/fr\/prodotto\/hairvive-booster-restructurant\/","title":{"rendered":"Hairvive &#8211; Booster Restructurant"},"content":{"rendered":"<p class=\"p1\"><strong>Extrait de coton<\/strong> : restaure le niveau hydrolipidique naturel des cheveux gr\u00e2ce \u00e0 son action hydratante profonde sur les cheveux secs et ternes<\/p>\n<p class=\"p1\"><strong>Extrait de sureau<\/strong> : actif aux propri\u00e9t\u00e9s antioxydantes reconnues, il ralentit le processus de vieillissement des cheveux en les prot\u00e9geant des facteurs externes critiques<\/p>\n<p class=\"p2\">\n","protected":false},"excerpt":{"rendered":"<p class=\"p1\">Le Booster Restructurant Hairvive, gr\u00e2ce \u00e0 la combinaison performante de la formule avec l&rsquo;Extrait de Coton et l&rsquo;Extrait de Sureau, <strong>apporte vitalit\u00e9, protection et force aux cheveux ab\u00eem\u00e9s.<\/strong> Appliqu\u00e9 apr\u00e8s le shampooing, c&rsquo;est un soin \u00e0 <strong>l&rsquo;action r\u00e9g\u00e9n\u00e9rante et \u00e9paississante qui redonne de l&rsquo;\u00e9clat aux cheveux<\/strong>. Laisser poser 10 \u00e0 15 minutes.<\/p>\n<p>&nbsp;<\/p>\n<p class=\"p1\">1000 ml<\/p>\n","protected":false},"featured_media":17969,"template":"","meta":[],"product_brand":[],"product_cat":[736,734],"product_tag":[],"class_list":{"0":"post-18640","1":"product","2":"type-product","3":"status-publish","4":"has-post-thumbnail","6":"product_cat-hairvive-fr","7":"product_cat-treatments-fr","9":"first","10":"instock","11":"shipping-taxable","12":"product-type-simple"},"yoast_head":"<!-- This site is optimized with the Yoast SEO plugin v26.8 - https:\/\/yoast.com\/product\/yoast-seo-wordpress\/ -->\n<title>Hairvive - Booster Restructurant<\/title>\n<meta name=\"robots\" content=\"index, follow, max-snippet:-1, max-image-preview:large, max-video-preview:-1\" \/>\n<link rel=\"canonical\" href=\"https:\/\/koster-italia.it\/fr\/prodotto\/hairvive-booster-restructurant\/\" \/>\n<meta property=\"og:locale\" content=\"fr_FR\" \/>\n<meta property=\"og:type\" content=\"article\" \/>\n<meta property=\"og:title\" content=\"Hairvive - Booster Restructurant\" \/>\n<meta property=\"og:description\" content=\"Le Booster Restructurant Hairvive, gr\u00e2ce \u00e0 la combinaison performante de la formule avec l&#039;Extrait de Coton et l&#039;Extrait de Sureau, apporte vitalit\u00e9, protection et force aux cheveux ab\u00eem\u00e9s. Appliqu\u00e9 apr\u00e8s le shampooing, c&#039;est un soin \u00e0 l&#039;action r\u00e9g\u00e9n\u00e9rante et \u00e9paississante qui redonne de l&#039;\u00e9clat aux cheveux. Laisser poser 10 \u00e0 15 minutes. &nbsp; 1000 ml\" \/>\n<meta property=\"og:url\" content=\"https:\/\/koster-italia.it\/fr\/prodotto\/hairvive-booster-restructurant\/\" \/>\n<meta property=\"og:site_name\" content=\"Koster Italia\" \/>\n<meta property=\"article:modified_time\" content=\"2022-12-06T09:34:35+00:00\" \/>\n<meta property=\"og:image\" content=\"https:\/\/koster-italia.it\/wp-content\/uploads\/2022\/09\/52056_koster_hairvive_restructuring_booster_1000ml.png\" \/>\n\t<meta property=\"og:image:width\" content=\"600\" \/>\n\t<meta property=\"og:image:height\" content=\"600\" \/>\n\t<meta property=\"og:image:type\" content=\"image\/png\" \/>\n<meta name=\"twitter:card\" content=\"summary_large_image\" \/>\n<meta name=\"twitter:label1\" content=\"Dur\u00e9e de lecture estim\u00e9e\" \/>\n\t<meta name=\"twitter:data1\" content=\"1 minute\" \/>\n<script type=\"application\/ld+json\" class=\"yoast-schema-graph\">{\"@context\":\"https:\/\/schema.org\",\"@graph\":[{\"@type\":\"WebPage\",\"@id\":\"https:\/\/koster-italia.it\/fr\/prodotto\/hairvive-booster-restructurant\/\",\"url\":\"https:\/\/koster-italia.it\/fr\/prodotto\/hairvive-booster-restructurant\/\",\"name\":\"Hairvive - Booster Restructurant\",\"isPartOf\":{\"@id\":\"https:\/\/koster-italia.it\/fr\/#website\"},\"primaryImageOfPage\":{\"@id\":\"https:\/\/koster-italia.it\/fr\/prodotto\/hairvive-booster-restructurant\/#primaryimage\"},\"image\":{\"@id\":\"https:\/\/koster-italia.it\/fr\/prodotto\/hairvive-booster-restructurant\/#primaryimage\"},\"thumbnailUrl\":\"https:\/\/koster-italia.it\/wp-content\/uploads\/2022\/09\/52056_koster_hairvive_restructuring_booster_1000ml.png\",\"datePublished\":\"2022-10-10T14:37:26+00:00\",\"dateModified\":\"2022-12-06T09:34:35+00:00\",\"breadcrumb\":{\"@id\":\"https:\/\/koster-italia.it\/fr\/prodotto\/hairvive-booster-restructurant\/#breadcrumb\"},\"inLanguage\":\"fr-FR\",\"potentialAction\":[{\"@type\":\"ReadAction\",\"target\":[\"https:\/\/koster-italia.it\/fr\/prodotto\/hairvive-booster-restructurant\/\"]}]},{\"@type\":\"ImageObject\",\"inLanguage\":\"fr-FR\",\"@id\":\"https:\/\/koster-italia.it\/fr\/prodotto\/hairvive-booster-restructurant\/#primaryimage\",\"url\":\"https:\/\/koster-italia.it\/wp-content\/uploads\/2022\/09\/52056_koster_hairvive_restructuring_booster_1000ml.png\",\"contentUrl\":\"https:\/\/koster-italia.it\/wp-content\/uploads\/2022\/09\/52056_koster_hairvive_restructuring_booster_1000ml.png\",\"width\":600,\"height\":600},{\"@type\":\"BreadcrumbList\",\"@id\":\"https:\/\/koster-italia.it\/fr\/prodotto\/hairvive-booster-restructurant\/#breadcrumb\",\"itemListElement\":[{\"@type\":\"ListItem\",\"position\":1,\"name\":\"Home\",\"item\":\"https:\/\/koster-italia.it\/fr\/\"},{\"@type\":\"ListItem\",\"position\":2,\"name\":\"Produits\",\"item\":\"https:\/\/koster-italia.it\/fr\/shop\/\"},{\"@type\":\"ListItem\",\"position\":3,\"name\":\"Hairvive &#8211; Booster Restructurant\"}]},{\"@type\":\"WebSite\",\"@id\":\"https:\/\/koster-italia.it\/fr\/#website\",\"url\":\"https:\/\/koster-italia.it\/fr\/\",\"name\":\"Koster Italia\",\"description\":\"Prodotti professionali per parrucchieri\",\"potentialAction\":[{\"@type\":\"SearchAction\",\"target\":{\"@type\":\"EntryPoint\",\"urlTemplate\":\"https:\/\/koster-italia.it\/fr\/?s={search_term_string}\"},\"query-input\":{\"@type\":\"PropertyValueSpecification\",\"valueRequired\":true,\"valueName\":\"search_term_string\"}}],\"inLanguage\":\"fr-FR\"}]}<\/script>\n<!-- \/ Yoast SEO plugin. -->","yoast_head_json":{"title":"Hairvive - Booster Restructurant","robots":{"index":"index","follow":"follow","max-snippet":"max-snippet:-1","max-image-preview":"max-image-preview:large","max-video-preview":"max-video-preview:-1"},"canonical":"https:\/\/koster-italia.it\/fr\/prodotto\/hairvive-booster-restructurant\/","og_locale":"fr_FR","og_type":"article","og_title":"Hairvive - Booster Restructurant","og_description":"Le Booster Restructurant Hairvive, gr\u00e2ce \u00e0 la combinaison performante de la formule avec l'Extrait de Coton et l'Extrait de Sureau, apporte vitalit\u00e9, protection et force aux cheveux ab\u00eem\u00e9s. Appliqu\u00e9 apr\u00e8s le shampooing, c'est un soin \u00e0 l'action r\u00e9g\u00e9n\u00e9rante et \u00e9paississante qui redonne de l'\u00e9clat aux cheveux. Laisser poser 10 \u00e0 15 minutes. &nbsp; 1000 ml","og_url":"https:\/\/koster-italia.it\/fr\/prodotto\/hairvive-booster-restructurant\/","og_site_name":"Koster Italia","article_modified_time":"2022-12-06T09:34:35+00:00","og_image":[{"width":600,"height":600,"url":"https:\/\/koster-italia.it\/wp-content\/uploads\/2022\/09\/52056_koster_hairvive_restructuring_booster_1000ml.png","type":"image\/png"}],"twitter_card":"summary_large_image","twitter_misc":{"Dur\u00e9e de lecture estim\u00e9e":"1 minute"},"schema":{"@context":"https:\/\/schema.org","@graph":[{"@type":"WebPage","@id":"https:\/\/koster-italia.it\/fr\/prodotto\/hairvive-booster-restructurant\/","url":"https:\/\/koster-italia.it\/fr\/prodotto\/hairvive-booster-restructurant\/","name":"Hairvive - Booster Restructurant","isPartOf":{"@id":"https:\/\/koster-italia.it\/fr\/#website"},"primaryImageOfPage":{"@id":"https:\/\/koster-italia.it\/fr\/prodotto\/hairvive-booster-restructurant\/#primaryimage"},"image":{"@id":"https:\/\/koster-italia.it\/fr\/prodotto\/hairvive-booster-restructurant\/#primaryimage"},"thumbnailUrl":"https:\/\/koster-italia.it\/wp-content\/uploads\/2022\/09\/52056_koster_hairvive_restructuring_booster_1000ml.png","datePublished":"2022-10-10T14:37:26+00:00","dateModified":"2022-12-06T09:34:35+00:00","breadcrumb":{"@id":"https:\/\/koster-italia.it\/fr\/prodotto\/hairvive-booster-restructurant\/#breadcrumb"},"inLanguage":"fr-FR","potentialAction":[{"@type":"ReadAction","target":["https:\/\/koster-italia.it\/fr\/prodotto\/hairvive-booster-restructurant\/"]}]},{"@type":"ImageObject","inLanguage":"fr-FR","@id":"https:\/\/koster-italia.it\/fr\/prodotto\/hairvive-booster-restructurant\/#primaryimage","url":"https:\/\/koster-italia.it\/wp-content\/uploads\/2022\/09\/52056_koster_hairvive_restructuring_booster_1000ml.png","contentUrl":"https:\/\/koster-italia.it\/wp-content\/uploads\/2022\/09\/52056_koster_hairvive_restructuring_booster_1000ml.png","width":600,"height":600},{"@type":"BreadcrumbList","@id":"https:\/\/koster-italia.it\/fr\/prodotto\/hairvive-booster-restructurant\/#breadcrumb","itemListElement":[{"@type":"ListItem","position":1,"name":"Home","item":"https:\/\/koster-italia.it\/fr\/"},{"@type":"ListItem","position":2,"name":"Produits","item":"https:\/\/koster-italia.it\/fr\/shop\/"},{"@type":"ListItem","position":3,"name":"Hairvive &#8211; Booster Restructurant"}]},{"@type":"WebSite","@id":"https:\/\/koster-italia.it\/fr\/#website","url":"https:\/\/koster-italia.it\/fr\/","name":"Koster Italia","description":"Prodotti professionali per parrucchieri","potentialAction":[{"@type":"SearchAction","target":{"@type":"EntryPoint","urlTemplate":"https:\/\/koster-italia.it\/fr\/?s={search_term_string}"},"query-input":{"@type":"PropertyValueSpecification","valueRequired":true,"valueName":"search_term_string"}}],"inLanguage":"fr-FR"}]}},"_links":{"self":[{"href":"https:\/\/koster-italia.it\/fr\/wp-json\/wp\/v2\/product\/18640","targetHints":{"allow":["GET"]}}],"collection":[{"href":"https:\/\/koster-italia.it\/fr\/wp-json\/wp\/v2\/product"}],"about":[{"href":"https:\/\/koster-italia.it\/fr\/wp-json\/wp\/v2\/types\/product"}],"wp:featuredmedia":[{"embeddable":true,"href":"https:\/\/koster-italia.it\/fr\/wp-json\/wp\/v2\/media\/17969"}],"wp:attachment":[{"href":"https:\/\/koster-italia.it\/fr\/wp-json\/wp\/v2\/media?parent=18640"}],"wp:term":[{"taxonomy":"product_brand","embeddable":true,"href":"https:\/\/koster-italia.it\/fr\/wp-json\/wp\/v2\/product_brand?post=18640"},{"taxonomy":"product_cat","embeddable":true,"href":"https:\/\/koster-italia.it\/fr\/wp-json\/wp\/v2\/product_cat?post=18640"},{"taxonomy":"product_tag","embeddable":true,"href":"https:\/\/koster-italia.it\/fr\/wp-json\/wp\/v2\/product_tag?post=18640"}],"curies":[{"name":"wp","href":"https:\/\/api.w.org\/{rel}","templated":true}]}}