{"id":18636,"date":"2016-04-07T16:20:53","date_gmt":"2016-04-07T14:20:53","guid":{"rendered":"https:\/\/koster-italia.it\/prodotto\/argan-oil-shampoing-nourrissant\/"},"modified":"2022-12-06T10:27:36","modified_gmt":"2022-12-06T09:27:36","slug":"argan-oil-shampoing-nourrissant","status":"publish","type":"product","link":"https:\/\/koster-italia.it\/fr\/prodotto\/argan-oil-shampoing-nourrissant\/","title":{"rendered":"Argan Oil \u2013 Shampoing nourrissant"},"content":{"rendered":"<p><strong>Huile d&rsquo;argan<\/strong> : \u00e0 l&rsquo;action antioxydante, hydratante et nourrissante, elle aide \u00e0 pr\u00e9venir les fourches et \u00e0 stopper les dommages caus\u00e9s par la chaleur du s\u00e8che-cheveux<\/p>\n<p><strong>Aloe vera<\/strong>\u00a0: contient de la vitamine A, C et E qui contribuent au renouvellement cellulaire et am\u00e9liorent la structure du cheveu qui se r\u00e9v\u00e9lera plus brillant<\/p>\n<p><strong>K\u00e9ratine<\/strong>\u00a0: prot\u00e8ge et renforce la fibre capillaire<\/p>\n","protected":false},"excerpt":{"rendered":"<p>Le shampoing nourrissant et lissant Argan Oil nettoie d\u00e9licatement les cheveux, et aide \u00e0 <strong>pr\u00e9venir le d\u00e9sagr\u00e9able effet cr\u00e9pu<\/strong>. Sa formule enrichie \u00e0 l&rsquo;huile d&rsquo;argan, \u00e0 la k\u00e9ratine et \u00e0 l&rsquo;aloe vera exerce <strong>une action purifiante, nourrissante et fortifiante<\/strong>. Pour des cheveux <strong>souples et brillants<\/strong> \u00e0 chaque shampoing.<\/p>\n<p>Format 500 ml<\/p>\n","protected":false},"featured_media":17933,"template":"","meta":[],"product_brand":[],"product_cat":[735,734],"product_tag":[],"class_list":{"0":"post-18636","1":"product","2":"type-product","3":"status-publish","4":"has-post-thumbnail","6":"product_cat-argan-oil-fr","7":"product_cat-treatments-fr","9":"first","10":"instock","11":"shipping-taxable","12":"product-type-simple"},"yoast_head":"<!-- This site is optimized with the Yoast SEO plugin v26.8 - https:\/\/yoast.com\/product\/yoast-seo-wordpress\/ -->\n<title>Argan Oil \u2013 Shampoing nourrissant<\/title>\n<meta name=\"description\" content=\"Le shampoing nourrissant et lissant Argan Oil nettoie d\u00e9licatement les cheveux, et aide \u00e0 pr\u00e9venir le d\u00e9sagr\u00e9able effet cr\u00e9pu.\" \/>\n<meta name=\"robots\" content=\"index, follow, max-snippet:-1, max-image-preview:large, max-video-preview:-1\" \/>\n<link rel=\"canonical\" href=\"https:\/\/koster-italia.it\/fr\/prodotto\/argan-oil-shampoing-nourrissant\/\" \/>\n<meta property=\"og:locale\" content=\"fr_FR\" \/>\n<meta property=\"og:type\" content=\"article\" \/>\n<meta property=\"og:title\" content=\"Argan Oil \u2013 Shampoing nourrissant\" \/>\n<meta property=\"og:description\" content=\"Le shampoing nourrissant et lissant Argan Oil nettoie d\u00e9licatement les cheveux, et aide \u00e0 pr\u00e9venir le d\u00e9sagr\u00e9able effet cr\u00e9pu.\" \/>\n<meta property=\"og:url\" content=\"https:\/\/koster-italia.it\/fr\/prodotto\/argan-oil-shampoing-nourrissant\/\" \/>\n<meta property=\"og:site_name\" content=\"Koster Italia\" \/>\n<meta property=\"article:modified_time\" content=\"2022-12-06T09:27:36+00:00\" \/>\n<meta property=\"og:image\" content=\"https:\/\/koster-italia.it\/wp-content\/uploads\/2021\/05\/52021_koster_argan_oil_nourishing_shampoo_500ml.png\" \/>\n\t<meta property=\"og:image:width\" content=\"600\" \/>\n\t<meta property=\"og:image:height\" content=\"600\" \/>\n\t<meta property=\"og:image:type\" content=\"image\/png\" \/>\n<meta name=\"twitter:card\" content=\"summary_large_image\" \/>\n<meta name=\"twitter:label1\" content=\"Dur\u00e9e de lecture estim\u00e9e\" \/>\n\t<meta name=\"twitter:data1\" content=\"1 minute\" \/>\n<script type=\"application\/ld+json\" class=\"yoast-schema-graph\">{\"@context\":\"https:\/\/schema.org\",\"@graph\":[{\"@type\":\"WebPage\",\"@id\":\"https:\/\/koster-italia.it\/fr\/prodotto\/argan-oil-shampoing-nourrissant\/\",\"url\":\"https:\/\/koster-italia.it\/fr\/prodotto\/argan-oil-shampoing-nourrissant\/\",\"name\":\"Argan Oil \u2013 Shampoing nourrissant\",\"isPartOf\":{\"@id\":\"https:\/\/koster-italia.it\/fr\/#website\"},\"primaryImageOfPage\":{\"@id\":\"https:\/\/koster-italia.it\/fr\/prodotto\/argan-oil-shampoing-nourrissant\/#primaryimage\"},\"image\":{\"@id\":\"https:\/\/koster-italia.it\/fr\/prodotto\/argan-oil-shampoing-nourrissant\/#primaryimage\"},\"thumbnailUrl\":\"https:\/\/koster-italia.it\/wp-content\/uploads\/2021\/05\/52021_koster_argan_oil_nourishing_shampoo_500ml.png\",\"datePublished\":\"2016-04-07T14:20:53+00:00\",\"dateModified\":\"2022-12-06T09:27:36+00:00\",\"description\":\"Le shampoing nourrissant et lissant Argan Oil nettoie d\u00e9licatement les cheveux, et aide \u00e0 pr\u00e9venir le d\u00e9sagr\u00e9able effet cr\u00e9pu.\",\"breadcrumb\":{\"@id\":\"https:\/\/koster-italia.it\/fr\/prodotto\/argan-oil-shampoing-nourrissant\/#breadcrumb\"},\"inLanguage\":\"fr-FR\",\"potentialAction\":[{\"@type\":\"ReadAction\",\"target\":[\"https:\/\/koster-italia.it\/fr\/prodotto\/argan-oil-shampoing-nourrissant\/\"]}]},{\"@type\":\"ImageObject\",\"inLanguage\":\"fr-FR\",\"@id\":\"https:\/\/koster-italia.it\/fr\/prodotto\/argan-oil-shampoing-nourrissant\/#primaryimage\",\"url\":\"https:\/\/koster-italia.it\/wp-content\/uploads\/2021\/05\/52021_koster_argan_oil_nourishing_shampoo_500ml.png\",\"contentUrl\":\"https:\/\/koster-italia.it\/wp-content\/uploads\/2021\/05\/52021_koster_argan_oil_nourishing_shampoo_500ml.png\",\"width\":600,\"height\":600},{\"@type\":\"BreadcrumbList\",\"@id\":\"https:\/\/koster-italia.it\/fr\/prodotto\/argan-oil-shampoing-nourrissant\/#breadcrumb\",\"itemListElement\":[{\"@type\":\"ListItem\",\"position\":1,\"name\":\"Home\",\"item\":\"https:\/\/koster-italia.it\/fr\/\"},{\"@type\":\"ListItem\",\"position\":2,\"name\":\"Produits\",\"item\":\"https:\/\/koster-italia.it\/fr\/shop\/\"},{\"@type\":\"ListItem\",\"position\":3,\"name\":\"Argan Oil \u2013 Shampoing nourrissant\"}]},{\"@type\":\"WebSite\",\"@id\":\"https:\/\/koster-italia.it\/fr\/#website\",\"url\":\"https:\/\/koster-italia.it\/fr\/\",\"name\":\"Koster Italia\",\"description\":\"Prodotti professionali per parrucchieri\",\"potentialAction\":[{\"@type\":\"SearchAction\",\"target\":{\"@type\":\"EntryPoint\",\"urlTemplate\":\"https:\/\/koster-italia.it\/fr\/?s={search_term_string}\"},\"query-input\":{\"@type\":\"PropertyValueSpecification\",\"valueRequired\":true,\"valueName\":\"search_term_string\"}}],\"inLanguage\":\"fr-FR\"}]}<\/script>\n<!-- \/ Yoast SEO plugin. -->","yoast_head_json":{"title":"Argan Oil \u2013 Shampoing nourrissant","description":"Le shampoing nourrissant et lissant Argan Oil nettoie d\u00e9licatement les cheveux, et aide \u00e0 pr\u00e9venir le d\u00e9sagr\u00e9able effet cr\u00e9pu.","robots":{"index":"index","follow":"follow","max-snippet":"max-snippet:-1","max-image-preview":"max-image-preview:large","max-video-preview":"max-video-preview:-1"},"canonical":"https:\/\/koster-italia.it\/fr\/prodotto\/argan-oil-shampoing-nourrissant\/","og_locale":"fr_FR","og_type":"article","og_title":"Argan Oil \u2013 Shampoing nourrissant","og_description":"Le shampoing nourrissant et lissant Argan Oil nettoie d\u00e9licatement les cheveux, et aide \u00e0 pr\u00e9venir le d\u00e9sagr\u00e9able effet cr\u00e9pu.","og_url":"https:\/\/koster-italia.it\/fr\/prodotto\/argan-oil-shampoing-nourrissant\/","og_site_name":"Koster Italia","article_modified_time":"2022-12-06T09:27:36+00:00","og_image":[{"width":600,"height":600,"url":"https:\/\/koster-italia.it\/wp-content\/uploads\/2021\/05\/52021_koster_argan_oil_nourishing_shampoo_500ml.png","type":"image\/png"}],"twitter_card":"summary_large_image","twitter_misc":{"Dur\u00e9e de lecture estim\u00e9e":"1 minute"},"schema":{"@context":"https:\/\/schema.org","@graph":[{"@type":"WebPage","@id":"https:\/\/koster-italia.it\/fr\/prodotto\/argan-oil-shampoing-nourrissant\/","url":"https:\/\/koster-italia.it\/fr\/prodotto\/argan-oil-shampoing-nourrissant\/","name":"Argan Oil \u2013 Shampoing nourrissant","isPartOf":{"@id":"https:\/\/koster-italia.it\/fr\/#website"},"primaryImageOfPage":{"@id":"https:\/\/koster-italia.it\/fr\/prodotto\/argan-oil-shampoing-nourrissant\/#primaryimage"},"image":{"@id":"https:\/\/koster-italia.it\/fr\/prodotto\/argan-oil-shampoing-nourrissant\/#primaryimage"},"thumbnailUrl":"https:\/\/koster-italia.it\/wp-content\/uploads\/2021\/05\/52021_koster_argan_oil_nourishing_shampoo_500ml.png","datePublished":"2016-04-07T14:20:53+00:00","dateModified":"2022-12-06T09:27:36+00:00","description":"Le shampoing nourrissant et lissant Argan Oil nettoie d\u00e9licatement les cheveux, et aide \u00e0 pr\u00e9venir le d\u00e9sagr\u00e9able effet cr\u00e9pu.","breadcrumb":{"@id":"https:\/\/koster-italia.it\/fr\/prodotto\/argan-oil-shampoing-nourrissant\/#breadcrumb"},"inLanguage":"fr-FR","potentialAction":[{"@type":"ReadAction","target":["https:\/\/koster-italia.it\/fr\/prodotto\/argan-oil-shampoing-nourrissant\/"]}]},{"@type":"ImageObject","inLanguage":"fr-FR","@id":"https:\/\/koster-italia.it\/fr\/prodotto\/argan-oil-shampoing-nourrissant\/#primaryimage","url":"https:\/\/koster-italia.it\/wp-content\/uploads\/2021\/05\/52021_koster_argan_oil_nourishing_shampoo_500ml.png","contentUrl":"https:\/\/koster-italia.it\/wp-content\/uploads\/2021\/05\/52021_koster_argan_oil_nourishing_shampoo_500ml.png","width":600,"height":600},{"@type":"BreadcrumbList","@id":"https:\/\/koster-italia.it\/fr\/prodotto\/argan-oil-shampoing-nourrissant\/#breadcrumb","itemListElement":[{"@type":"ListItem","position":1,"name":"Home","item":"https:\/\/koster-italia.it\/fr\/"},{"@type":"ListItem","position":2,"name":"Produits","item":"https:\/\/koster-italia.it\/fr\/shop\/"},{"@type":"ListItem","position":3,"name":"Argan Oil \u2013 Shampoing nourrissant"}]},{"@type":"WebSite","@id":"https:\/\/koster-italia.it\/fr\/#website","url":"https:\/\/koster-italia.it\/fr\/","name":"Koster Italia","description":"Prodotti professionali per parrucchieri","potentialAction":[{"@type":"SearchAction","target":{"@type":"EntryPoint","urlTemplate":"https:\/\/koster-italia.it\/fr\/?s={search_term_string}"},"query-input":{"@type":"PropertyValueSpecification","valueRequired":true,"valueName":"search_term_string"}}],"inLanguage":"fr-FR"}]}},"_links":{"self":[{"href":"https:\/\/koster-italia.it\/fr\/wp-json\/wp\/v2\/product\/18636","targetHints":{"allow":["GET"]}}],"collection":[{"href":"https:\/\/koster-italia.it\/fr\/wp-json\/wp\/v2\/product"}],"about":[{"href":"https:\/\/koster-italia.it\/fr\/wp-json\/wp\/v2\/types\/product"}],"wp:featuredmedia":[{"embeddable":true,"href":"https:\/\/koster-italia.it\/fr\/wp-json\/wp\/v2\/media\/17933"}],"wp:attachment":[{"href":"https:\/\/koster-italia.it\/fr\/wp-json\/wp\/v2\/media?parent=18636"}],"wp:term":[{"taxonomy":"product_brand","embeddable":true,"href":"https:\/\/koster-italia.it\/fr\/wp-json\/wp\/v2\/product_brand?post=18636"},{"taxonomy":"product_cat","embeddable":true,"href":"https:\/\/koster-italia.it\/fr\/wp-json\/wp\/v2\/product_cat?post=18636"},{"taxonomy":"product_tag","embeddable":true,"href":"https:\/\/koster-italia.it\/fr\/wp-json\/wp\/v2\/product_tag?post=18636"}],"curies":[{"name":"wp","href":"https:\/\/api.w.org\/{rel}","templated":true}]}}