{"id":18632,"date":"2016-04-08T09:53:53","date_gmt":"2016-04-08T07:53:53","guid":{"rendered":"https:\/\/koster-italia.it\/prodotto\/energy-styling-mousse-extra-modelante-strong\/"},"modified":"2023-11-02T15:23:08","modified_gmt":"2023-11-02T14:23:08","slug":"energy-styling-mousse-extra-modelante-strong","status":"publish","type":"product","link":"https:\/\/koster-italia.it\/fr\/prodotto\/energy-styling-mousse-extra-modelante-strong\/","title":{"rendered":"Energy \u2013 Hyper-Max Styling mousse extra-modelante strong"},"content":{"rendered":"<p><strong>Formule strong<\/strong>, pour une fixation intense, sans compromettre la flexibilit\u00e9 de la chevelure<\/p>\n<p>Action <strong>volumatrice <\/strong><\/p>\n<p><strong>N\u2019alourdit pas<\/strong> et ne colle pas<\/p>\n","protected":false},"excerpt":{"rendered":"<p><strong>Energy Styling Mousse<\/strong> est la mousse nouvelle g\u00e9n\u00e9ration qui donne aux cheveux une <strong>tenue de longue dur\u00e9e<\/strong> et une luminosit\u00e9 naturelle, exer\u00e7ant <strong>une action fixatrice et modelante forte<\/strong>. La cr\u00e9ation de la coiffure souhait\u00e9e ne nuit pas \u00e0 la douceur et \u00e0 la flexibilit\u00e9 de la coiffure, visiblement transform\u00e9e par le style cr\u00e9atif de la mousse Koster. Elle ravive la<strong> souplesse<\/strong> et donne une <strong>texture nette<\/strong> au look de votre cliente.<\/p>\n<p>Usage professionnel<\/p>\n<p>Format 400 ml<\/p>\n","protected":false},"featured_media":20766,"template":"","meta":[],"product_brand":[],"product_cat":[733],"product_tag":[],"class_list":{"0":"post-18632","1":"product","2":"type-product","3":"status-publish","4":"has-post-thumbnail","6":"product_cat-styling-finishing-fr","8":"first","9":"instock","10":"shipping-taxable","11":"product-type-simple"},"yoast_head":"<!-- This site is optimized with the Yoast SEO plugin v26.8 - https:\/\/yoast.com\/product\/yoast-seo-wordpress\/ -->\n<title>Energy \u2013 Styling mousse extra-modelante strong<\/title>\n<meta name=\"description\" content=\"Energy Styling Mousse est la mousse nouvelle g\u00e9n\u00e9ration qui donne aux cheveux une tenue de longue dur\u00e9e et une luminosit\u00e9 naturelle, exer\u00e7ant une action fixatrice et modelante forte.\" \/>\n<meta name=\"robots\" content=\"index, follow, max-snippet:-1, max-image-preview:large, max-video-preview:-1\" \/>\n<link rel=\"canonical\" href=\"https:\/\/koster-italia.it\/fr\/prodotto\/energy-styling-mousse-extra-modelante-strong\/\" \/>\n<meta property=\"og:locale\" content=\"fr_FR\" \/>\n<meta property=\"og:type\" content=\"article\" \/>\n<meta property=\"og:title\" content=\"Energy \u2013 Styling mousse extra-modelante strong\" \/>\n<meta property=\"og:description\" content=\"Energy Styling Mousse est la mousse nouvelle g\u00e9n\u00e9ration qui donne aux cheveux une tenue de longue dur\u00e9e et une luminosit\u00e9 naturelle, exer\u00e7ant une action fixatrice et modelante forte.\" \/>\n<meta property=\"og:url\" content=\"https:\/\/koster-italia.it\/fr\/prodotto\/energy-styling-mousse-extra-modelante-strong\/\" \/>\n<meta property=\"og:site_name\" content=\"Koster Italia\" \/>\n<meta property=\"article:modified_time\" content=\"2023-11-02T14:23:08+00:00\" \/>\n<meta property=\"og:image\" content=\"https:\/\/koster-italia.it\/wp-content\/uploads\/2016\/04\/53014_koster_energy_hair_finish_styling_mousse_strong_400ml-1.png\" \/>\n\t<meta property=\"og:image:width\" content=\"600\" \/>\n\t<meta property=\"og:image:height\" content=\"600\" \/>\n\t<meta property=\"og:image:type\" content=\"image\/png\" \/>\n<meta name=\"twitter:card\" content=\"summary_large_image\" \/>\n<meta name=\"twitter:label1\" content=\"Dur\u00e9e de lecture estim\u00e9e\" \/>\n\t<meta name=\"twitter:data1\" content=\"1 minute\" \/>\n<script type=\"application\/ld+json\" class=\"yoast-schema-graph\">{\"@context\":\"https:\/\/schema.org\",\"@graph\":[{\"@type\":\"WebPage\",\"@id\":\"https:\/\/koster-italia.it\/fr\/prodotto\/energy-styling-mousse-extra-modelante-strong\/\",\"url\":\"https:\/\/koster-italia.it\/fr\/prodotto\/energy-styling-mousse-extra-modelante-strong\/\",\"name\":\"Energy \u2013 Styling mousse extra-modelante strong\",\"isPartOf\":{\"@id\":\"https:\/\/koster-italia.it\/fr\/#website\"},\"primaryImageOfPage\":{\"@id\":\"https:\/\/koster-italia.it\/fr\/prodotto\/energy-styling-mousse-extra-modelante-strong\/#primaryimage\"},\"image\":{\"@id\":\"https:\/\/koster-italia.it\/fr\/prodotto\/energy-styling-mousse-extra-modelante-strong\/#primaryimage\"},\"thumbnailUrl\":\"https:\/\/koster-italia.it\/wp-content\/uploads\/2016\/04\/53014_koster_energy_hair_finish_styling_mousse_strong_400ml-1.png\",\"datePublished\":\"2016-04-08T07:53:53+00:00\",\"dateModified\":\"2023-11-02T14:23:08+00:00\",\"description\":\"Energy Styling Mousse est la mousse nouvelle g\u00e9n\u00e9ration qui donne aux cheveux une tenue de longue dur\u00e9e et une luminosit\u00e9 naturelle, exer\u00e7ant une action fixatrice et modelante forte.\",\"breadcrumb\":{\"@id\":\"https:\/\/koster-italia.it\/fr\/prodotto\/energy-styling-mousse-extra-modelante-strong\/#breadcrumb\"},\"inLanguage\":\"fr-FR\",\"potentialAction\":[{\"@type\":\"ReadAction\",\"target\":[\"https:\/\/koster-italia.it\/fr\/prodotto\/energy-styling-mousse-extra-modelante-strong\/\"]}]},{\"@type\":\"ImageObject\",\"inLanguage\":\"fr-FR\",\"@id\":\"https:\/\/koster-italia.it\/fr\/prodotto\/energy-styling-mousse-extra-modelante-strong\/#primaryimage\",\"url\":\"https:\/\/koster-italia.it\/wp-content\/uploads\/2016\/04\/53014_koster_energy_hair_finish_styling_mousse_strong_400ml-1.png\",\"contentUrl\":\"https:\/\/koster-italia.it\/wp-content\/uploads\/2016\/04\/53014_koster_energy_hair_finish_styling_mousse_strong_400ml-1.png\",\"width\":600,\"height\":600},{\"@type\":\"BreadcrumbList\",\"@id\":\"https:\/\/koster-italia.it\/fr\/prodotto\/energy-styling-mousse-extra-modelante-strong\/#breadcrumb\",\"itemListElement\":[{\"@type\":\"ListItem\",\"position\":1,\"name\":\"Home\",\"item\":\"https:\/\/koster-italia.it\/fr\/\"},{\"@type\":\"ListItem\",\"position\":2,\"name\":\"Produits\",\"item\":\"https:\/\/koster-italia.it\/fr\/shop\/\"},{\"@type\":\"ListItem\",\"position\":3,\"name\":\"Energy \u2013 Hyper-Max Styling mousse extra-modelante strong\"}]},{\"@type\":\"WebSite\",\"@id\":\"https:\/\/koster-italia.it\/fr\/#website\",\"url\":\"https:\/\/koster-italia.it\/fr\/\",\"name\":\"Koster Italia\",\"description\":\"Prodotti professionali per parrucchieri\",\"potentialAction\":[{\"@type\":\"SearchAction\",\"target\":{\"@type\":\"EntryPoint\",\"urlTemplate\":\"https:\/\/koster-italia.it\/fr\/?s={search_term_string}\"},\"query-input\":{\"@type\":\"PropertyValueSpecification\",\"valueRequired\":true,\"valueName\":\"search_term_string\"}}],\"inLanguage\":\"fr-FR\"}]}<\/script>\n<!-- \/ Yoast SEO plugin. -->","yoast_head_json":{"title":"Energy \u2013 Styling mousse extra-modelante strong","description":"Energy Styling Mousse est la mousse nouvelle g\u00e9n\u00e9ration qui donne aux cheveux une tenue de longue dur\u00e9e et une luminosit\u00e9 naturelle, exer\u00e7ant une action fixatrice et modelante forte.","robots":{"index":"index","follow":"follow","max-snippet":"max-snippet:-1","max-image-preview":"max-image-preview:large","max-video-preview":"max-video-preview:-1"},"canonical":"https:\/\/koster-italia.it\/fr\/prodotto\/energy-styling-mousse-extra-modelante-strong\/","og_locale":"fr_FR","og_type":"article","og_title":"Energy \u2013 Styling mousse extra-modelante strong","og_description":"Energy Styling Mousse est la mousse nouvelle g\u00e9n\u00e9ration qui donne aux cheveux une tenue de longue dur\u00e9e et une luminosit\u00e9 naturelle, exer\u00e7ant une action fixatrice et modelante forte.","og_url":"https:\/\/koster-italia.it\/fr\/prodotto\/energy-styling-mousse-extra-modelante-strong\/","og_site_name":"Koster Italia","article_modified_time":"2023-11-02T14:23:08+00:00","og_image":[{"width":600,"height":600,"url":"https:\/\/koster-italia.it\/wp-content\/uploads\/2016\/04\/53014_koster_energy_hair_finish_styling_mousse_strong_400ml-1.png","type":"image\/png"}],"twitter_card":"summary_large_image","twitter_misc":{"Dur\u00e9e de lecture estim\u00e9e":"1 minute"},"schema":{"@context":"https:\/\/schema.org","@graph":[{"@type":"WebPage","@id":"https:\/\/koster-italia.it\/fr\/prodotto\/energy-styling-mousse-extra-modelante-strong\/","url":"https:\/\/koster-italia.it\/fr\/prodotto\/energy-styling-mousse-extra-modelante-strong\/","name":"Energy \u2013 Styling mousse extra-modelante strong","isPartOf":{"@id":"https:\/\/koster-italia.it\/fr\/#website"},"primaryImageOfPage":{"@id":"https:\/\/koster-italia.it\/fr\/prodotto\/energy-styling-mousse-extra-modelante-strong\/#primaryimage"},"image":{"@id":"https:\/\/koster-italia.it\/fr\/prodotto\/energy-styling-mousse-extra-modelante-strong\/#primaryimage"},"thumbnailUrl":"https:\/\/koster-italia.it\/wp-content\/uploads\/2016\/04\/53014_koster_energy_hair_finish_styling_mousse_strong_400ml-1.png","datePublished":"2016-04-08T07:53:53+00:00","dateModified":"2023-11-02T14:23:08+00:00","description":"Energy Styling Mousse est la mousse nouvelle g\u00e9n\u00e9ration qui donne aux cheveux une tenue de longue dur\u00e9e et une luminosit\u00e9 naturelle, exer\u00e7ant une action fixatrice et modelante forte.","breadcrumb":{"@id":"https:\/\/koster-italia.it\/fr\/prodotto\/energy-styling-mousse-extra-modelante-strong\/#breadcrumb"},"inLanguage":"fr-FR","potentialAction":[{"@type":"ReadAction","target":["https:\/\/koster-italia.it\/fr\/prodotto\/energy-styling-mousse-extra-modelante-strong\/"]}]},{"@type":"ImageObject","inLanguage":"fr-FR","@id":"https:\/\/koster-italia.it\/fr\/prodotto\/energy-styling-mousse-extra-modelante-strong\/#primaryimage","url":"https:\/\/koster-italia.it\/wp-content\/uploads\/2016\/04\/53014_koster_energy_hair_finish_styling_mousse_strong_400ml-1.png","contentUrl":"https:\/\/koster-italia.it\/wp-content\/uploads\/2016\/04\/53014_koster_energy_hair_finish_styling_mousse_strong_400ml-1.png","width":600,"height":600},{"@type":"BreadcrumbList","@id":"https:\/\/koster-italia.it\/fr\/prodotto\/energy-styling-mousse-extra-modelante-strong\/#breadcrumb","itemListElement":[{"@type":"ListItem","position":1,"name":"Home","item":"https:\/\/koster-italia.it\/fr\/"},{"@type":"ListItem","position":2,"name":"Produits","item":"https:\/\/koster-italia.it\/fr\/shop\/"},{"@type":"ListItem","position":3,"name":"Energy \u2013 Hyper-Max Styling mousse extra-modelante strong"}]},{"@type":"WebSite","@id":"https:\/\/koster-italia.it\/fr\/#website","url":"https:\/\/koster-italia.it\/fr\/","name":"Koster Italia","description":"Prodotti professionali per parrucchieri","potentialAction":[{"@type":"SearchAction","target":{"@type":"EntryPoint","urlTemplate":"https:\/\/koster-italia.it\/fr\/?s={search_term_string}"},"query-input":{"@type":"PropertyValueSpecification","valueRequired":true,"valueName":"search_term_string"}}],"inLanguage":"fr-FR"}]}},"_links":{"self":[{"href":"https:\/\/koster-italia.it\/fr\/wp-json\/wp\/v2\/product\/18632","targetHints":{"allow":["GET"]}}],"collection":[{"href":"https:\/\/koster-italia.it\/fr\/wp-json\/wp\/v2\/product"}],"about":[{"href":"https:\/\/koster-italia.it\/fr\/wp-json\/wp\/v2\/types\/product"}],"wp:featuredmedia":[{"embeddable":true,"href":"https:\/\/koster-italia.it\/fr\/wp-json\/wp\/v2\/media\/20766"}],"wp:attachment":[{"href":"https:\/\/koster-italia.it\/fr\/wp-json\/wp\/v2\/media?parent=18632"}],"wp:term":[{"taxonomy":"product_brand","embeddable":true,"href":"https:\/\/koster-italia.it\/fr\/wp-json\/wp\/v2\/product_brand?post=18632"},{"taxonomy":"product_cat","embeddable":true,"href":"https:\/\/koster-italia.it\/fr\/wp-json\/wp\/v2\/product_cat?post=18632"},{"taxonomy":"product_tag","embeddable":true,"href":"https:\/\/koster-italia.it\/fr\/wp-json\/wp\/v2\/product_tag?post=18632"}],"curies":[{"name":"wp","href":"https:\/\/api.w.org\/{rel}","templated":true}]}}