{"id":18631,"date":"2016-04-08T09:56:04","date_gmt":"2016-04-08T07:56:04","guid":{"rendered":"https:\/\/koster-italia.it\/prodotto\/energy-laque-ecologique-volumatrice\/"},"modified":"2023-09-04T09:25:32","modified_gmt":"2023-09-04T07:25:32","slug":"energy-eco-sphere-laque-ecologique-volumatrice","status":"publish","type":"product","link":"https:\/\/koster-italia.it\/fr\/prodotto\/energy-eco-sphere-laque-ecologique-volumatrice\/","title":{"rendered":"Energy \u2013 Eco &#8211; Sphere Laque \u00e9cologique volumatrice"},"content":{"rendered":"<p>Action <strong>volumatrice intense<\/strong><\/p>\n<p>Formule <strong>sans gaz<\/strong><\/p>\n<p><strong>N\u2019alourdit pas<\/strong> et ne colle pas<\/p>\n","protected":false},"excerpt":{"rendered":"<p><strong>Eco &#8211; Sphere Laque \u00e9cologique volumatrice,<\/strong> c\u2019est le produit \u00e9cologique id\u00e9al pour la cosm\u00e9tologie des cheveux. Formule sans gaz, elle donne aux cheveux une <strong>douceur, un \u00e9clat et un volume<\/strong> prolong\u00e9s. Indispensable pour faciliter la mise en pli, vaporis\u00e9e sur la chevelure, elle dirige et cristallise la coiffure selon les exigences souhait\u00e9es par la cliente. Texture ultra-d\u00e9licate, elle apporte <strong>soutien et protection<\/strong>, sans laisser de r\u00e9sidus et sans coller. Elle s\u2019\u00e9limine en quelques coups de brosse.<\/p>\n<p>Usage professionnel<\/p>\n<p>Format 400 ml<\/p>\n","protected":false},"featured_media":20714,"template":"","meta":[],"product_brand":[],"product_cat":[733],"product_tag":[],"class_list":{"0":"post-18631","1":"product","2":"type-product","3":"status-publish","4":"has-post-thumbnail","6":"product_cat-styling-finishing-fr","8":"first","9":"instock","10":"shipping-taxable","11":"product-type-simple"},"yoast_head":"<!-- This site is optimized with the Yoast SEO plugin v26.8 - https:\/\/yoast.com\/product\/yoast-seo-wordpress\/ -->\n<title>Energy \u2013 Laque \u00e9cologique volumatrice<\/title>\n<meta name=\"description\" content=\"Laque \u00e9cologique volumatrice, c\u2019est le produit \u00e9cologique id\u00e9al pour la cosm\u00e9tologie des cheveux.\" \/>\n<meta name=\"robots\" content=\"index, follow, max-snippet:-1, max-image-preview:large, max-video-preview:-1\" \/>\n<link rel=\"canonical\" href=\"https:\/\/koster-italia.it\/fr\/prodotto\/energy-eco-sphere-laque-ecologique-volumatrice\/\" \/>\n<meta property=\"og:locale\" content=\"fr_FR\" \/>\n<meta property=\"og:type\" content=\"article\" \/>\n<meta property=\"og:title\" content=\"Energy \u2013 Laque \u00e9cologique volumatrice\" \/>\n<meta property=\"og:description\" content=\"Laque \u00e9cologique volumatrice, c\u2019est le produit \u00e9cologique id\u00e9al pour la cosm\u00e9tologie des cheveux.\" \/>\n<meta property=\"og:url\" content=\"https:\/\/koster-italia.it\/fr\/prodotto\/energy-eco-sphere-laque-ecologique-volumatrice\/\" \/>\n<meta property=\"og:site_name\" content=\"Koster Italia\" \/>\n<meta property=\"article:modified_time\" content=\"2023-09-04T07:25:32+00:00\" \/>\n<meta property=\"og:image\" content=\"https:\/\/koster-italia.it\/wp-content\/uploads\/2016\/04\/53016_koster_energy_eco_sphere_400ml.webp\" \/>\n\t<meta property=\"og:image:width\" content=\"600\" \/>\n\t<meta property=\"og:image:height\" content=\"600\" \/>\n\t<meta property=\"og:image:type\" content=\"image\/webp\" \/>\n<meta name=\"twitter:card\" content=\"summary_large_image\" \/>\n<meta name=\"twitter:label1\" content=\"Dur\u00e9e de lecture estim\u00e9e\" \/>\n\t<meta name=\"twitter:data1\" content=\"1 minute\" \/>\n<script type=\"application\/ld+json\" class=\"yoast-schema-graph\">{\"@context\":\"https:\/\/schema.org\",\"@graph\":[{\"@type\":\"WebPage\",\"@id\":\"https:\/\/koster-italia.it\/fr\/prodotto\/energy-eco-sphere-laque-ecologique-volumatrice\/\",\"url\":\"https:\/\/koster-italia.it\/fr\/prodotto\/energy-eco-sphere-laque-ecologique-volumatrice\/\",\"name\":\"Energy \u2013 Laque \u00e9cologique volumatrice\",\"isPartOf\":{\"@id\":\"https:\/\/koster-italia.it\/fr\/#website\"},\"primaryImageOfPage\":{\"@id\":\"https:\/\/koster-italia.it\/fr\/prodotto\/energy-eco-sphere-laque-ecologique-volumatrice\/#primaryimage\"},\"image\":{\"@id\":\"https:\/\/koster-italia.it\/fr\/prodotto\/energy-eco-sphere-laque-ecologique-volumatrice\/#primaryimage\"},\"thumbnailUrl\":\"https:\/\/koster-italia.it\/wp-content\/uploads\/2016\/04\/53016_koster_energy_eco_sphere_400ml.webp\",\"datePublished\":\"2016-04-08T07:56:04+00:00\",\"dateModified\":\"2023-09-04T07:25:32+00:00\",\"description\":\"Laque \u00e9cologique volumatrice, c\u2019est le produit \u00e9cologique id\u00e9al pour la cosm\u00e9tologie des cheveux.\",\"breadcrumb\":{\"@id\":\"https:\/\/koster-italia.it\/fr\/prodotto\/energy-eco-sphere-laque-ecologique-volumatrice\/#breadcrumb\"},\"inLanguage\":\"fr-FR\",\"potentialAction\":[{\"@type\":\"ReadAction\",\"target\":[\"https:\/\/koster-italia.it\/fr\/prodotto\/energy-eco-sphere-laque-ecologique-volumatrice\/\"]}]},{\"@type\":\"ImageObject\",\"inLanguage\":\"fr-FR\",\"@id\":\"https:\/\/koster-italia.it\/fr\/prodotto\/energy-eco-sphere-laque-ecologique-volumatrice\/#primaryimage\",\"url\":\"https:\/\/koster-italia.it\/wp-content\/uploads\/2016\/04\/53016_koster_energy_eco_sphere_400ml.webp\",\"contentUrl\":\"https:\/\/koster-italia.it\/wp-content\/uploads\/2016\/04\/53016_koster_energy_eco_sphere_400ml.webp\",\"width\":600,\"height\":600},{\"@type\":\"BreadcrumbList\",\"@id\":\"https:\/\/koster-italia.it\/fr\/prodotto\/energy-eco-sphere-laque-ecologique-volumatrice\/#breadcrumb\",\"itemListElement\":[{\"@type\":\"ListItem\",\"position\":1,\"name\":\"Home\",\"item\":\"https:\/\/koster-italia.it\/fr\/\"},{\"@type\":\"ListItem\",\"position\":2,\"name\":\"Produits\",\"item\":\"https:\/\/koster-italia.it\/fr\/shop\/\"},{\"@type\":\"ListItem\",\"position\":3,\"name\":\"Energy \u2013 Eco &#8211; Sphere Laque \u00e9cologique volumatrice\"}]},{\"@type\":\"WebSite\",\"@id\":\"https:\/\/koster-italia.it\/fr\/#website\",\"url\":\"https:\/\/koster-italia.it\/fr\/\",\"name\":\"Koster Italia\",\"description\":\"Prodotti professionali per parrucchieri\",\"potentialAction\":[{\"@type\":\"SearchAction\",\"target\":{\"@type\":\"EntryPoint\",\"urlTemplate\":\"https:\/\/koster-italia.it\/fr\/?s={search_term_string}\"},\"query-input\":{\"@type\":\"PropertyValueSpecification\",\"valueRequired\":true,\"valueName\":\"search_term_string\"}}],\"inLanguage\":\"fr-FR\"}]}<\/script>\n<!-- \/ Yoast SEO plugin. -->","yoast_head_json":{"title":"Energy \u2013 Laque \u00e9cologique volumatrice","description":"Laque \u00e9cologique volumatrice, c\u2019est le produit \u00e9cologique id\u00e9al pour la cosm\u00e9tologie des cheveux.","robots":{"index":"index","follow":"follow","max-snippet":"max-snippet:-1","max-image-preview":"max-image-preview:large","max-video-preview":"max-video-preview:-1"},"canonical":"https:\/\/koster-italia.it\/fr\/prodotto\/energy-eco-sphere-laque-ecologique-volumatrice\/","og_locale":"fr_FR","og_type":"article","og_title":"Energy \u2013 Laque \u00e9cologique volumatrice","og_description":"Laque \u00e9cologique volumatrice, c\u2019est le produit \u00e9cologique id\u00e9al pour la cosm\u00e9tologie des cheveux.","og_url":"https:\/\/koster-italia.it\/fr\/prodotto\/energy-eco-sphere-laque-ecologique-volumatrice\/","og_site_name":"Koster Italia","article_modified_time":"2023-09-04T07:25:32+00:00","og_image":[{"width":600,"height":600,"url":"https:\/\/koster-italia.it\/wp-content\/uploads\/2016\/04\/53016_koster_energy_eco_sphere_400ml.webp","type":"image\/webp"}],"twitter_card":"summary_large_image","twitter_misc":{"Dur\u00e9e de lecture estim\u00e9e":"1 minute"},"schema":{"@context":"https:\/\/schema.org","@graph":[{"@type":"WebPage","@id":"https:\/\/koster-italia.it\/fr\/prodotto\/energy-eco-sphere-laque-ecologique-volumatrice\/","url":"https:\/\/koster-italia.it\/fr\/prodotto\/energy-eco-sphere-laque-ecologique-volumatrice\/","name":"Energy \u2013 Laque \u00e9cologique volumatrice","isPartOf":{"@id":"https:\/\/koster-italia.it\/fr\/#website"},"primaryImageOfPage":{"@id":"https:\/\/koster-italia.it\/fr\/prodotto\/energy-eco-sphere-laque-ecologique-volumatrice\/#primaryimage"},"image":{"@id":"https:\/\/koster-italia.it\/fr\/prodotto\/energy-eco-sphere-laque-ecologique-volumatrice\/#primaryimage"},"thumbnailUrl":"https:\/\/koster-italia.it\/wp-content\/uploads\/2016\/04\/53016_koster_energy_eco_sphere_400ml.webp","datePublished":"2016-04-08T07:56:04+00:00","dateModified":"2023-09-04T07:25:32+00:00","description":"Laque \u00e9cologique volumatrice, c\u2019est le produit \u00e9cologique id\u00e9al pour la cosm\u00e9tologie des cheveux.","breadcrumb":{"@id":"https:\/\/koster-italia.it\/fr\/prodotto\/energy-eco-sphere-laque-ecologique-volumatrice\/#breadcrumb"},"inLanguage":"fr-FR","potentialAction":[{"@type":"ReadAction","target":["https:\/\/koster-italia.it\/fr\/prodotto\/energy-eco-sphere-laque-ecologique-volumatrice\/"]}]},{"@type":"ImageObject","inLanguage":"fr-FR","@id":"https:\/\/koster-italia.it\/fr\/prodotto\/energy-eco-sphere-laque-ecologique-volumatrice\/#primaryimage","url":"https:\/\/koster-italia.it\/wp-content\/uploads\/2016\/04\/53016_koster_energy_eco_sphere_400ml.webp","contentUrl":"https:\/\/koster-italia.it\/wp-content\/uploads\/2016\/04\/53016_koster_energy_eco_sphere_400ml.webp","width":600,"height":600},{"@type":"BreadcrumbList","@id":"https:\/\/koster-italia.it\/fr\/prodotto\/energy-eco-sphere-laque-ecologique-volumatrice\/#breadcrumb","itemListElement":[{"@type":"ListItem","position":1,"name":"Home","item":"https:\/\/koster-italia.it\/fr\/"},{"@type":"ListItem","position":2,"name":"Produits","item":"https:\/\/koster-italia.it\/fr\/shop\/"},{"@type":"ListItem","position":3,"name":"Energy \u2013 Eco &#8211; Sphere Laque \u00e9cologique volumatrice"}]},{"@type":"WebSite","@id":"https:\/\/koster-italia.it\/fr\/#website","url":"https:\/\/koster-italia.it\/fr\/","name":"Koster Italia","description":"Prodotti professionali per parrucchieri","potentialAction":[{"@type":"SearchAction","target":{"@type":"EntryPoint","urlTemplate":"https:\/\/koster-italia.it\/fr\/?s={search_term_string}"},"query-input":{"@type":"PropertyValueSpecification","valueRequired":true,"valueName":"search_term_string"}}],"inLanguage":"fr-FR"}]}},"_links":{"self":[{"href":"https:\/\/koster-italia.it\/fr\/wp-json\/wp\/v2\/product\/18631","targetHints":{"allow":["GET"]}}],"collection":[{"href":"https:\/\/koster-italia.it\/fr\/wp-json\/wp\/v2\/product"}],"about":[{"href":"https:\/\/koster-italia.it\/fr\/wp-json\/wp\/v2\/types\/product"}],"wp:featuredmedia":[{"embeddable":true,"href":"https:\/\/koster-italia.it\/fr\/wp-json\/wp\/v2\/media\/20714"}],"wp:attachment":[{"href":"https:\/\/koster-italia.it\/fr\/wp-json\/wp\/v2\/media?parent=18631"}],"wp:term":[{"taxonomy":"product_brand","embeddable":true,"href":"https:\/\/koster-italia.it\/fr\/wp-json\/wp\/v2\/product_brand?post=18631"},{"taxonomy":"product_cat","embeddable":true,"href":"https:\/\/koster-italia.it\/fr\/wp-json\/wp\/v2\/product_cat?post=18631"},{"taxonomy":"product_tag","embeddable":true,"href":"https:\/\/koster-italia.it\/fr\/wp-json\/wp\/v2\/product_tag?post=18631"}],"curies":[{"name":"wp","href":"https:\/\/api.w.org\/{rel}","templated":true}]}}