{"id":18627,"date":"2016-04-08T10:06:29","date_gmt":"2016-04-08T08:06:29","guid":{"rendered":"https:\/\/koster-italia.it\/prodotto\/energy-elastik-curl\/"},"modified":"2022-12-06T10:19:40","modified_gmt":"2022-12-06T09:19:40","slug":"energy-elastik-curl","status":"publish","type":"product","link":"https:\/\/koster-italia.it\/fr\/prodotto\/energy-elastik-curl\/","title":{"rendered":"Energy \u2013 Elastik Curl"},"content":{"rendered":"<p>D\u00e9finition intense qui <strong>ravive les boucles<\/strong><\/p>\n<p>Formule \u00e0 fort <strong>pouvoir d\u00e9m\u00ealant<\/strong><\/p>\n<p><strong>Sans rin\u00e7age<\/strong><\/p>\n","protected":false},"excerpt":{"rendered":"<p>Con\u00e7ue pour r\u00e9soudre un probl\u00e8me qui touche souvent les cheveux fris\u00e9s et ondul\u00e9s: <strong>Elastik Curl<\/strong> est la cr\u00e8me Koster qui reconstitue la <strong>d\u00e9finition parfaite<\/strong> de la chevelure. Sa formulation innovante assure une m\u00e9morisation souple de la boucle, id\u00e9ale pour pr\u00e9server le cheveu de l\u2019effet cr\u00e9pu, <strong>en le revitalisant<\/strong> en profondeur. Gr\u00e2ce \u00e0 la technologie avanc\u00e9e Koster, <strong>elle d\u00e9m\u00eale, dompte et ravive<\/strong> les boucles rebelles, en les rendant douces et souples pour toute la journ\u00e9e.<\/p>\n<p>Usage professionnel<\/p>\n<p>Format 100 ml<\/p>\n","protected":false},"featured_media":18891,"template":"","meta":[],"product_brand":[],"product_cat":[733],"product_tag":[],"class_list":{"0":"post-18627","1":"product","2":"type-product","3":"status-publish","4":"has-post-thumbnail","6":"product_cat-styling-finishing-fr","8":"first","9":"instock","10":"shipping-taxable","11":"product-type-simple"},"yoast_head":"<!-- This site is optimized with the Yoast SEO plugin v26.8 - https:\/\/yoast.com\/product\/yoast-seo-wordpress\/ -->\n<title>Energy \u2013 Elastik Curl<\/title>\n<meta name=\"description\" content=\"Elastik Curl est la cr\u00e8me Koster qui reconstitue la d\u00e9finition parfaite de la chevelure. Sa formulation innovante assure une m\u00e9morisation souple de la boucle, id\u00e9ale pour pr\u00e9server le cheveu de l\u2019effet cr\u00e9pu\" \/>\n<meta name=\"robots\" content=\"index, follow, max-snippet:-1, max-image-preview:large, max-video-preview:-1\" \/>\n<link rel=\"canonical\" href=\"https:\/\/koster-italia.it\/fr\/prodotto\/energy-elastik-curl\/\" \/>\n<meta property=\"og:locale\" content=\"fr_FR\" \/>\n<meta property=\"og:type\" content=\"article\" \/>\n<meta property=\"og:title\" content=\"Energy \u2013 Elastik Curl\" \/>\n<meta property=\"og:description\" content=\"Elastik Curl est la cr\u00e8me Koster qui reconstitue la d\u00e9finition parfaite de la chevelure. Sa formulation innovante assure une m\u00e9morisation souple de la boucle, id\u00e9ale pour pr\u00e9server le cheveu de l\u2019effet cr\u00e9pu\" \/>\n<meta property=\"og:url\" content=\"https:\/\/koster-italia.it\/fr\/prodotto\/energy-elastik-curl\/\" \/>\n<meta property=\"og:site_name\" content=\"Koster Italia\" \/>\n<meta property=\"article:modified_time\" content=\"2022-12-06T09:19:40+00:00\" \/>\n<meta property=\"og:image\" content=\"https:\/\/koster-italia.it\/wp-content\/uploads\/2021\/09\/53009_koster_energy_hair_finish_styling_elastic_curl_1000ml.png\" \/>\n\t<meta property=\"og:image:width\" content=\"600\" \/>\n\t<meta property=\"og:image:height\" content=\"600\" \/>\n\t<meta property=\"og:image:type\" content=\"image\/png\" \/>\n<meta name=\"twitter:card\" content=\"summary_large_image\" \/>\n<meta name=\"twitter:label1\" content=\"Dur\u00e9e de lecture estim\u00e9e\" \/>\n\t<meta name=\"twitter:data1\" content=\"1 minute\" \/>\n<script type=\"application\/ld+json\" class=\"yoast-schema-graph\">{\"@context\":\"https:\/\/schema.org\",\"@graph\":[{\"@type\":\"WebPage\",\"@id\":\"https:\/\/koster-italia.it\/fr\/prodotto\/energy-elastik-curl\/\",\"url\":\"https:\/\/koster-italia.it\/fr\/prodotto\/energy-elastik-curl\/\",\"name\":\"Energy \u2013 Elastik Curl\",\"isPartOf\":{\"@id\":\"https:\/\/koster-italia.it\/fr\/#website\"},\"primaryImageOfPage\":{\"@id\":\"https:\/\/koster-italia.it\/fr\/prodotto\/energy-elastik-curl\/#primaryimage\"},\"image\":{\"@id\":\"https:\/\/koster-italia.it\/fr\/prodotto\/energy-elastik-curl\/#primaryimage\"},\"thumbnailUrl\":\"https:\/\/koster-italia.it\/wp-content\/uploads\/2016\/04\/53009_koster_energy_hair_finish_styling_elastic_curl_1000ml.png\",\"datePublished\":\"2016-04-08T08:06:29+00:00\",\"dateModified\":\"2022-12-06T09:19:40+00:00\",\"description\":\"Elastik Curl est la cr\u00e8me Koster qui reconstitue la d\u00e9finition parfaite de la chevelure. Sa formulation innovante assure une m\u00e9morisation souple de la boucle, id\u00e9ale pour pr\u00e9server le cheveu de l\u2019effet cr\u00e9pu\",\"breadcrumb\":{\"@id\":\"https:\/\/koster-italia.it\/fr\/prodotto\/energy-elastik-curl\/#breadcrumb\"},\"inLanguage\":\"fr-FR\",\"potentialAction\":[{\"@type\":\"ReadAction\",\"target\":[\"https:\/\/koster-italia.it\/fr\/prodotto\/energy-elastik-curl\/\"]}]},{\"@type\":\"ImageObject\",\"inLanguage\":\"fr-FR\",\"@id\":\"https:\/\/koster-italia.it\/fr\/prodotto\/energy-elastik-curl\/#primaryimage\",\"url\":\"https:\/\/koster-italia.it\/wp-content\/uploads\/2016\/04\/53009_koster_energy_hair_finish_styling_elastic_curl_1000ml.png\",\"contentUrl\":\"https:\/\/koster-italia.it\/wp-content\/uploads\/2016\/04\/53009_koster_energy_hair_finish_styling_elastic_curl_1000ml.png\",\"width\":600,\"height\":600},{\"@type\":\"BreadcrumbList\",\"@id\":\"https:\/\/koster-italia.it\/fr\/prodotto\/energy-elastik-curl\/#breadcrumb\",\"itemListElement\":[{\"@type\":\"ListItem\",\"position\":1,\"name\":\"Home\",\"item\":\"https:\/\/koster-italia.it\/fr\/\"},{\"@type\":\"ListItem\",\"position\":2,\"name\":\"Produits\",\"item\":\"https:\/\/koster-italia.it\/fr\/shop\/\"},{\"@type\":\"ListItem\",\"position\":3,\"name\":\"Energy \u2013 Elastik Curl\"}]},{\"@type\":\"WebSite\",\"@id\":\"https:\/\/koster-italia.it\/fr\/#website\",\"url\":\"https:\/\/koster-italia.it\/fr\/\",\"name\":\"Koster Italia\",\"description\":\"Prodotti professionali per parrucchieri\",\"potentialAction\":[{\"@type\":\"SearchAction\",\"target\":{\"@type\":\"EntryPoint\",\"urlTemplate\":\"https:\/\/koster-italia.it\/fr\/?s={search_term_string}\"},\"query-input\":{\"@type\":\"PropertyValueSpecification\",\"valueRequired\":true,\"valueName\":\"search_term_string\"}}],\"inLanguage\":\"fr-FR\"}]}<\/script>\n<!-- \/ Yoast SEO plugin. -->","yoast_head_json":{"title":"Energy \u2013 Elastik Curl","description":"Elastik Curl est la cr\u00e8me Koster qui reconstitue la d\u00e9finition parfaite de la chevelure. Sa formulation innovante assure une m\u00e9morisation souple de la boucle, id\u00e9ale pour pr\u00e9server le cheveu de l\u2019effet cr\u00e9pu","robots":{"index":"index","follow":"follow","max-snippet":"max-snippet:-1","max-image-preview":"max-image-preview:large","max-video-preview":"max-video-preview:-1"},"canonical":"https:\/\/koster-italia.it\/fr\/prodotto\/energy-elastik-curl\/","og_locale":"fr_FR","og_type":"article","og_title":"Energy \u2013 Elastik Curl","og_description":"Elastik Curl est la cr\u00e8me Koster qui reconstitue la d\u00e9finition parfaite de la chevelure. Sa formulation innovante assure une m\u00e9morisation souple de la boucle, id\u00e9ale pour pr\u00e9server le cheveu de l\u2019effet cr\u00e9pu","og_url":"https:\/\/koster-italia.it\/fr\/prodotto\/energy-elastik-curl\/","og_site_name":"Koster Italia","article_modified_time":"2022-12-06T09:19:40+00:00","og_image":[{"width":600,"height":600,"url":"https:\/\/koster-italia.it\/wp-content\/uploads\/2021\/09\/53009_koster_energy_hair_finish_styling_elastic_curl_1000ml.png","type":"image\/png"}],"twitter_card":"summary_large_image","twitter_misc":{"Dur\u00e9e de lecture estim\u00e9e":"1 minute"},"schema":{"@context":"https:\/\/schema.org","@graph":[{"@type":"WebPage","@id":"https:\/\/koster-italia.it\/fr\/prodotto\/energy-elastik-curl\/","url":"https:\/\/koster-italia.it\/fr\/prodotto\/energy-elastik-curl\/","name":"Energy \u2013 Elastik Curl","isPartOf":{"@id":"https:\/\/koster-italia.it\/fr\/#website"},"primaryImageOfPage":{"@id":"https:\/\/koster-italia.it\/fr\/prodotto\/energy-elastik-curl\/#primaryimage"},"image":{"@id":"https:\/\/koster-italia.it\/fr\/prodotto\/energy-elastik-curl\/#primaryimage"},"thumbnailUrl":"https:\/\/koster-italia.it\/wp-content\/uploads\/2016\/04\/53009_koster_energy_hair_finish_styling_elastic_curl_1000ml.png","datePublished":"2016-04-08T08:06:29+00:00","dateModified":"2022-12-06T09:19:40+00:00","description":"Elastik Curl est la cr\u00e8me Koster qui reconstitue la d\u00e9finition parfaite de la chevelure. Sa formulation innovante assure une m\u00e9morisation souple de la boucle, id\u00e9ale pour pr\u00e9server le cheveu de l\u2019effet cr\u00e9pu","breadcrumb":{"@id":"https:\/\/koster-italia.it\/fr\/prodotto\/energy-elastik-curl\/#breadcrumb"},"inLanguage":"fr-FR","potentialAction":[{"@type":"ReadAction","target":["https:\/\/koster-italia.it\/fr\/prodotto\/energy-elastik-curl\/"]}]},{"@type":"ImageObject","inLanguage":"fr-FR","@id":"https:\/\/koster-italia.it\/fr\/prodotto\/energy-elastik-curl\/#primaryimage","url":"https:\/\/koster-italia.it\/wp-content\/uploads\/2016\/04\/53009_koster_energy_hair_finish_styling_elastic_curl_1000ml.png","contentUrl":"https:\/\/koster-italia.it\/wp-content\/uploads\/2016\/04\/53009_koster_energy_hair_finish_styling_elastic_curl_1000ml.png","width":600,"height":600},{"@type":"BreadcrumbList","@id":"https:\/\/koster-italia.it\/fr\/prodotto\/energy-elastik-curl\/#breadcrumb","itemListElement":[{"@type":"ListItem","position":1,"name":"Home","item":"https:\/\/koster-italia.it\/fr\/"},{"@type":"ListItem","position":2,"name":"Produits","item":"https:\/\/koster-italia.it\/fr\/shop\/"},{"@type":"ListItem","position":3,"name":"Energy \u2013 Elastik Curl"}]},{"@type":"WebSite","@id":"https:\/\/koster-italia.it\/fr\/#website","url":"https:\/\/koster-italia.it\/fr\/","name":"Koster Italia","description":"Prodotti professionali per parrucchieri","potentialAction":[{"@type":"SearchAction","target":{"@type":"EntryPoint","urlTemplate":"https:\/\/koster-italia.it\/fr\/?s={search_term_string}"},"query-input":{"@type":"PropertyValueSpecification","valueRequired":true,"valueName":"search_term_string"}}],"inLanguage":"fr-FR"}]}},"_links":{"self":[{"href":"https:\/\/koster-italia.it\/fr\/wp-json\/wp\/v2\/product\/18627","targetHints":{"allow":["GET"]}}],"collection":[{"href":"https:\/\/koster-italia.it\/fr\/wp-json\/wp\/v2\/product"}],"about":[{"href":"https:\/\/koster-italia.it\/fr\/wp-json\/wp\/v2\/types\/product"}],"wp:featuredmedia":[{"embeddable":true,"href":"https:\/\/koster-italia.it\/fr\/wp-json\/wp\/v2\/media\/18891"}],"wp:attachment":[{"href":"https:\/\/koster-italia.it\/fr\/wp-json\/wp\/v2\/media?parent=18627"}],"wp:term":[{"taxonomy":"product_brand","embeddable":true,"href":"https:\/\/koster-italia.it\/fr\/wp-json\/wp\/v2\/product_brand?post=18627"},{"taxonomy":"product_cat","embeddable":true,"href":"https:\/\/koster-italia.it\/fr\/wp-json\/wp\/v2\/product_cat?post=18627"},{"taxonomy":"product_tag","embeddable":true,"href":"https:\/\/koster-italia.it\/fr\/wp-json\/wp\/v2\/product_tag?post=18627"}],"curies":[{"name":"wp","href":"https:\/\/api.w.org\/{rel}","templated":true}]}}