{"id":18626,"date":"2016-04-08T10:14:33","date_gmt":"2016-04-08T08:14:33","guid":{"rendered":"https:\/\/koster-italia.it\/prodotto\/energy-gel-extra-strong\/"},"modified":"2022-12-06T10:19:25","modified_gmt":"2022-12-06T09:19:25","slug":"energy-gel-extra-strong","status":"publish","type":"product","link":"https:\/\/koster-italia.it\/fr\/prodotto\/energy-gel-extra-strong\/","title":{"rendered":"Energy \u2013 Gel extra strong"},"content":{"rendered":"<p><strong>Texture nette<\/strong> pour une fixation extr\u00eame<\/p>\n<p><strong>Ne colle pas<\/strong> et <strong>ne laisse pas de<\/strong> r\u00e9sidus<\/p>\n","protected":false},"excerpt":{"rendered":"<p>Le <strong>Gel extra-strong Energy est <\/strong>dot\u00e9 d\u2019une <strong>texture nette<\/strong> particuli\u00e8re con\u00e7ue par Koster pour r\u00e9aliser des coiffures <strong>structur\u00e9es \u00e0 <\/strong>effet brillant et mouill\u00e9 plus durable. L\u2019action fixatrice intense favorise la construction d\u2019un <strong>look extr\u00eame<\/strong>, pour des coiffures d\u00e9sordonn\u00e9es et modernes. Coiffure \u00e0 l\u2019\u00e9ni\u00e8me puissance, pour une chevelure <strong>prot\u00e9g\u00e9e et d\u00e9finie<\/strong> en d\u00e9tail, sur cheveux de toutes les longueurs.<\/p>\n<p>Usage professionnel<\/p>\n<p>Format 500 ml<\/p>\n","protected":false},"featured_media":18870,"template":"","meta":[],"product_brand":[],"product_cat":[733],"product_tag":[],"class_list":{"0":"post-18626","1":"product","2":"type-product","3":"status-publish","4":"has-post-thumbnail","6":"product_cat-styling-finishing-fr","8":"first","9":"instock","10":"shipping-taxable","11":"product-type-simple"},"yoast_head":"<!-- This site is optimized with the Yoast SEO plugin v26.8 - https:\/\/yoast.com\/product\/yoast-seo-wordpress\/ -->\n<title>Energy \u2013 Gel extra strong<\/title>\n<meta name=\"description\" content=\"Le Gel extra-strong Energy est dot\u00e9 d\u2019une texture nette particuli\u00e8re con\u00e7ue par Koster pour r\u00e9aliser des coiffures structur\u00e9es \u00e0 effet brillant et mouill\u00e9 plus durable.\" \/>\n<meta name=\"robots\" content=\"index, follow, max-snippet:-1, max-image-preview:large, max-video-preview:-1\" \/>\n<link rel=\"canonical\" href=\"https:\/\/koster-italia.it\/fr\/prodotto\/energy-gel-extra-strong\/\" \/>\n<meta property=\"og:locale\" content=\"fr_FR\" \/>\n<meta property=\"og:type\" content=\"article\" \/>\n<meta property=\"og:title\" content=\"Energy \u2013 Gel extra strong\" \/>\n<meta property=\"og:description\" content=\"Le Gel extra-strong Energy est dot\u00e9 d\u2019une texture nette particuli\u00e8re con\u00e7ue par Koster pour r\u00e9aliser des coiffures structur\u00e9es \u00e0 effet brillant et mouill\u00e9 plus durable.\" \/>\n<meta property=\"og:url\" content=\"https:\/\/koster-italia.it\/fr\/prodotto\/energy-gel-extra-strong\/\" \/>\n<meta property=\"og:site_name\" content=\"Koster Italia\" \/>\n<meta property=\"article:modified_time\" content=\"2022-12-06T09:19:25+00:00\" \/>\n<meta property=\"og:image\" content=\"https:\/\/koster-italia.it\/wp-content\/uploads\/2016\/04\/koster_energy_hair_finish_styling_gel_extra_strong_500ml-1.png\" \/>\n\t<meta property=\"og:image:width\" content=\"600\" \/>\n\t<meta property=\"og:image:height\" content=\"600\" \/>\n\t<meta property=\"og:image:type\" content=\"image\/png\" \/>\n<meta name=\"twitter:card\" content=\"summary_large_image\" \/>\n<meta name=\"twitter:label1\" content=\"Dur\u00e9e de lecture estim\u00e9e\" \/>\n\t<meta name=\"twitter:data1\" content=\"1 minute\" \/>\n<script type=\"application\/ld+json\" class=\"yoast-schema-graph\">{\"@context\":\"https:\/\/schema.org\",\"@graph\":[{\"@type\":\"WebPage\",\"@id\":\"https:\/\/koster-italia.it\/fr\/prodotto\/energy-gel-extra-strong\/\",\"url\":\"https:\/\/koster-italia.it\/fr\/prodotto\/energy-gel-extra-strong\/\",\"name\":\"Energy \u2013 Gel extra strong\",\"isPartOf\":{\"@id\":\"https:\/\/koster-italia.it\/fr\/#website\"},\"primaryImageOfPage\":{\"@id\":\"https:\/\/koster-italia.it\/fr\/prodotto\/energy-gel-extra-strong\/#primaryimage\"},\"image\":{\"@id\":\"https:\/\/koster-italia.it\/fr\/prodotto\/energy-gel-extra-strong\/#primaryimage\"},\"thumbnailUrl\":\"https:\/\/koster-italia.it\/wp-content\/uploads\/2016\/04\/53012_koster_energy_hair_finish_styling_extra_strong_gel_500ml.png\",\"datePublished\":\"2016-04-08T08:14:33+00:00\",\"dateModified\":\"2022-12-06T09:19:25+00:00\",\"description\":\"Le Gel extra-strong Energy est dot\u00e9 d\u2019une texture nette particuli\u00e8re con\u00e7ue par Koster pour r\u00e9aliser des coiffures structur\u00e9es \u00e0 effet brillant et mouill\u00e9 plus durable.\",\"breadcrumb\":{\"@id\":\"https:\/\/koster-italia.it\/fr\/prodotto\/energy-gel-extra-strong\/#breadcrumb\"},\"inLanguage\":\"fr-FR\",\"potentialAction\":[{\"@type\":\"ReadAction\",\"target\":[\"https:\/\/koster-italia.it\/fr\/prodotto\/energy-gel-extra-strong\/\"]}]},{\"@type\":\"ImageObject\",\"inLanguage\":\"fr-FR\",\"@id\":\"https:\/\/koster-italia.it\/fr\/prodotto\/energy-gel-extra-strong\/#primaryimage\",\"url\":\"https:\/\/koster-italia.it\/wp-content\/uploads\/2016\/04\/53012_koster_energy_hair_finish_styling_extra_strong_gel_500ml.png\",\"contentUrl\":\"https:\/\/koster-italia.it\/wp-content\/uploads\/2016\/04\/53012_koster_energy_hair_finish_styling_extra_strong_gel_500ml.png\",\"width\":600,\"height\":600},{\"@type\":\"BreadcrumbList\",\"@id\":\"https:\/\/koster-italia.it\/fr\/prodotto\/energy-gel-extra-strong\/#breadcrumb\",\"itemListElement\":[{\"@type\":\"ListItem\",\"position\":1,\"name\":\"Home\",\"item\":\"https:\/\/koster-italia.it\/fr\/\"},{\"@type\":\"ListItem\",\"position\":2,\"name\":\"Produits\",\"item\":\"https:\/\/koster-italia.it\/fr\/shop\/\"},{\"@type\":\"ListItem\",\"position\":3,\"name\":\"Energy \u2013 Gel extra strong\"}]},{\"@type\":\"WebSite\",\"@id\":\"https:\/\/koster-italia.it\/fr\/#website\",\"url\":\"https:\/\/koster-italia.it\/fr\/\",\"name\":\"Koster Italia\",\"description\":\"Prodotti professionali per parrucchieri\",\"potentialAction\":[{\"@type\":\"SearchAction\",\"target\":{\"@type\":\"EntryPoint\",\"urlTemplate\":\"https:\/\/koster-italia.it\/fr\/?s={search_term_string}\"},\"query-input\":{\"@type\":\"PropertyValueSpecification\",\"valueRequired\":true,\"valueName\":\"search_term_string\"}}],\"inLanguage\":\"fr-FR\"}]}<\/script>\n<!-- \/ Yoast SEO plugin. -->","yoast_head_json":{"title":"Energy \u2013 Gel extra strong","description":"Le Gel extra-strong Energy est dot\u00e9 d\u2019une texture nette particuli\u00e8re con\u00e7ue par Koster pour r\u00e9aliser des coiffures structur\u00e9es \u00e0 effet brillant et mouill\u00e9 plus durable.","robots":{"index":"index","follow":"follow","max-snippet":"max-snippet:-1","max-image-preview":"max-image-preview:large","max-video-preview":"max-video-preview:-1"},"canonical":"https:\/\/koster-italia.it\/fr\/prodotto\/energy-gel-extra-strong\/","og_locale":"fr_FR","og_type":"article","og_title":"Energy \u2013 Gel extra strong","og_description":"Le Gel extra-strong Energy est dot\u00e9 d\u2019une texture nette particuli\u00e8re con\u00e7ue par Koster pour r\u00e9aliser des coiffures structur\u00e9es \u00e0 effet brillant et mouill\u00e9 plus durable.","og_url":"https:\/\/koster-italia.it\/fr\/prodotto\/energy-gel-extra-strong\/","og_site_name":"Koster Italia","article_modified_time":"2022-12-06T09:19:25+00:00","og_image":[{"width":600,"height":600,"url":"https:\/\/koster-italia.it\/wp-content\/uploads\/2016\/04\/koster_energy_hair_finish_styling_gel_extra_strong_500ml-1.png","type":"image\/png"}],"twitter_card":"summary_large_image","twitter_misc":{"Dur\u00e9e de lecture estim\u00e9e":"1 minute"},"schema":{"@context":"https:\/\/schema.org","@graph":[{"@type":"WebPage","@id":"https:\/\/koster-italia.it\/fr\/prodotto\/energy-gel-extra-strong\/","url":"https:\/\/koster-italia.it\/fr\/prodotto\/energy-gel-extra-strong\/","name":"Energy \u2013 Gel extra strong","isPartOf":{"@id":"https:\/\/koster-italia.it\/fr\/#website"},"primaryImageOfPage":{"@id":"https:\/\/koster-italia.it\/fr\/prodotto\/energy-gel-extra-strong\/#primaryimage"},"image":{"@id":"https:\/\/koster-italia.it\/fr\/prodotto\/energy-gel-extra-strong\/#primaryimage"},"thumbnailUrl":"https:\/\/koster-italia.it\/wp-content\/uploads\/2016\/04\/53012_koster_energy_hair_finish_styling_extra_strong_gel_500ml.png","datePublished":"2016-04-08T08:14:33+00:00","dateModified":"2022-12-06T09:19:25+00:00","description":"Le Gel extra-strong Energy est dot\u00e9 d\u2019une texture nette particuli\u00e8re con\u00e7ue par Koster pour r\u00e9aliser des coiffures structur\u00e9es \u00e0 effet brillant et mouill\u00e9 plus durable.","breadcrumb":{"@id":"https:\/\/koster-italia.it\/fr\/prodotto\/energy-gel-extra-strong\/#breadcrumb"},"inLanguage":"fr-FR","potentialAction":[{"@type":"ReadAction","target":["https:\/\/koster-italia.it\/fr\/prodotto\/energy-gel-extra-strong\/"]}]},{"@type":"ImageObject","inLanguage":"fr-FR","@id":"https:\/\/koster-italia.it\/fr\/prodotto\/energy-gel-extra-strong\/#primaryimage","url":"https:\/\/koster-italia.it\/wp-content\/uploads\/2016\/04\/53012_koster_energy_hair_finish_styling_extra_strong_gel_500ml.png","contentUrl":"https:\/\/koster-italia.it\/wp-content\/uploads\/2016\/04\/53012_koster_energy_hair_finish_styling_extra_strong_gel_500ml.png","width":600,"height":600},{"@type":"BreadcrumbList","@id":"https:\/\/koster-italia.it\/fr\/prodotto\/energy-gel-extra-strong\/#breadcrumb","itemListElement":[{"@type":"ListItem","position":1,"name":"Home","item":"https:\/\/koster-italia.it\/fr\/"},{"@type":"ListItem","position":2,"name":"Produits","item":"https:\/\/koster-italia.it\/fr\/shop\/"},{"@type":"ListItem","position":3,"name":"Energy \u2013 Gel extra strong"}]},{"@type":"WebSite","@id":"https:\/\/koster-italia.it\/fr\/#website","url":"https:\/\/koster-italia.it\/fr\/","name":"Koster Italia","description":"Prodotti professionali per parrucchieri","potentialAction":[{"@type":"SearchAction","target":{"@type":"EntryPoint","urlTemplate":"https:\/\/koster-italia.it\/fr\/?s={search_term_string}"},"query-input":{"@type":"PropertyValueSpecification","valueRequired":true,"valueName":"search_term_string"}}],"inLanguage":"fr-FR"}]}},"_links":{"self":[{"href":"https:\/\/koster-italia.it\/fr\/wp-json\/wp\/v2\/product\/18626","targetHints":{"allow":["GET"]}}],"collection":[{"href":"https:\/\/koster-italia.it\/fr\/wp-json\/wp\/v2\/product"}],"about":[{"href":"https:\/\/koster-italia.it\/fr\/wp-json\/wp\/v2\/types\/product"}],"wp:featuredmedia":[{"embeddable":true,"href":"https:\/\/koster-italia.it\/fr\/wp-json\/wp\/v2\/media\/18870"}],"wp:attachment":[{"href":"https:\/\/koster-italia.it\/fr\/wp-json\/wp\/v2\/media?parent=18626"}],"wp:term":[{"taxonomy":"product_brand","embeddable":true,"href":"https:\/\/koster-italia.it\/fr\/wp-json\/wp\/v2\/product_brand?post=18626"},{"taxonomy":"product_cat","embeddable":true,"href":"https:\/\/koster-italia.it\/fr\/wp-json\/wp\/v2\/product_cat?post=18626"},{"taxonomy":"product_tag","embeddable":true,"href":"https:\/\/koster-italia.it\/fr\/wp-json\/wp\/v2\/product_tag?post=18626"}],"curies":[{"name":"wp","href":"https:\/\/api.w.org\/{rel}","templated":true}]}}