{"id":18624,"date":"2016-04-08T10:23:01","date_gmt":"2016-04-08T08:23:01","guid":{"rendered":"https:\/\/koster-italia.it\/prodotto\/energy-bubble-foam-mousse-cremeuse-et-conditionnante\/"},"modified":"2022-12-06T10:18:41","modified_gmt":"2022-12-06T09:18:41","slug":"energy-bubble-foam-mousse-cremeuse-et-conditionnante","status":"publish","type":"product","link":"https:\/\/koster-italia.it\/fr\/prodotto\/energy-bubble-foam-mousse-cremeuse-et-conditionnante\/","title":{"rendered":"Energy \u2013 Bubble foam Mousse cr\u00e9meuse et conditionnante"},"content":{"rendered":"<p><strong>Huile d\u2019Argan<\/strong>, riche en acides gras, <strong>hydrate<\/strong> la chevelure en profondeur pour une luminosit\u00e9 in\u00e9dite<\/p>\n<p><strong>Extrait de Bambou,<\/strong> aux propri\u00e9t\u00e9s \u00e9mollientes, restitue <strong>force, \u00e9lasticit\u00e9 et l\u00e9g\u00e8ret\u00e9<\/strong> aux cheveux<\/p>\n<p><strong>Ne<\/strong> graisse pas et n\u2019alourdit pas les cheveux<\/p>\n<p>Parfum <strong>doux et fruit\u00e9<\/strong><\/p>\n","protected":false},"excerpt":{"rendered":"<p><strong>Bubble foam Energy, mousse cr\u00e9meuse et conditionnante <\/strong>aux notes douces et fruit\u00e9es. Son application constante offre une <strong>finition lumineuse et soyeuse<\/strong> au toucher, intensifiant la brillance et la vitalit\u00e9 de la coiffure gr\u00e2ce \u00e0 l\u2019association de l\u2019<strong>Huile d\u2019Argan et d\u2019Extrait de Bambou<\/strong> contenus dans la formule Koster\u00a0: les actifs prennent soin du cheveu, augmentant la r\u00e9sistance capillaire et nourrissent en profondeur la chevelure, en la conditionnant intens\u00e9ment pour renforcer sa <strong>consistance et sa douceur<\/strong>.<\/p>\n<p>Usage professionnel<\/p>\n<p>Format 300 ml<\/p>\n","protected":false},"featured_media":17833,"template":"","meta":[],"product_brand":[],"product_cat":[733],"product_tag":[],"class_list":{"0":"post-18624","1":"product","2":"type-product","3":"status-publish","4":"has-post-thumbnail","6":"product_cat-styling-finishing-fr","8":"first","9":"instock","10":"shipping-taxable","11":"product-type-simple"},"yoast_head":"<!-- This site is optimized with the Yoast SEO plugin v26.8 - https:\/\/yoast.com\/product\/yoast-seo-wordpress\/ -->\n<title>Energy \u2013 Bubble foam Mousse cr\u00e9meuse et conditionnante<\/title>\n<meta name=\"description\" content=\"Bubble foam Energy, mousse cr\u00e9meuse et conditionnante aux notes douces et fruit\u00e9es. Son application constante offre une finition lumineuse et soyeuse au toucher\" \/>\n<meta name=\"robots\" content=\"index, follow, max-snippet:-1, max-image-preview:large, max-video-preview:-1\" \/>\n<link rel=\"canonical\" href=\"https:\/\/koster-italia.it\/fr\/prodotto\/energy-bubble-foam-mousse-cremeuse-et-conditionnante\/\" \/>\n<meta property=\"og:locale\" content=\"fr_FR\" \/>\n<meta property=\"og:type\" content=\"article\" \/>\n<meta property=\"og:title\" content=\"Energy \u2013 Bubble foam Mousse cr\u00e9meuse et conditionnante\" \/>\n<meta property=\"og:description\" content=\"Bubble foam Energy, mousse cr\u00e9meuse et conditionnante aux notes douces et fruit\u00e9es. Son application constante offre une finition lumineuse et soyeuse au toucher\" \/>\n<meta property=\"og:url\" content=\"https:\/\/koster-italia.it\/fr\/prodotto\/energy-bubble-foam-mousse-cremeuse-et-conditionnante\/\" \/>\n<meta property=\"og:site_name\" content=\"Koster Italia\" \/>\n<meta property=\"article:modified_time\" content=\"2022-12-06T09:18:41+00:00\" \/>\n<meta property=\"og:image\" content=\"https:\/\/koster-italia.it\/wp-content\/uploads\/2016\/04\/koster_energy_hair_finish_styling_buble_foam_mousse_300ml.png\" \/>\n\t<meta property=\"og:image:width\" content=\"600\" \/>\n\t<meta property=\"og:image:height\" content=\"600\" \/>\n\t<meta property=\"og:image:type\" content=\"image\/png\" \/>\n<meta name=\"twitter:card\" content=\"summary_large_image\" \/>\n<meta name=\"twitter:label1\" content=\"Dur\u00e9e de lecture estim\u00e9e\" \/>\n\t<meta name=\"twitter:data1\" content=\"1 minute\" \/>\n<script type=\"application\/ld+json\" class=\"yoast-schema-graph\">{\"@context\":\"https:\/\/schema.org\",\"@graph\":[{\"@type\":\"WebPage\",\"@id\":\"https:\/\/koster-italia.it\/fr\/prodotto\/energy-bubble-foam-mousse-cremeuse-et-conditionnante\/\",\"url\":\"https:\/\/koster-italia.it\/fr\/prodotto\/energy-bubble-foam-mousse-cremeuse-et-conditionnante\/\",\"name\":\"Energy \u2013 Bubble foam Mousse cr\u00e9meuse et conditionnante\",\"isPartOf\":{\"@id\":\"https:\/\/koster-italia.it\/fr\/#website\"},\"primaryImageOfPage\":{\"@id\":\"https:\/\/koster-italia.it\/fr\/prodotto\/energy-bubble-foam-mousse-cremeuse-et-conditionnante\/#primaryimage\"},\"image\":{\"@id\":\"https:\/\/koster-italia.it\/fr\/prodotto\/energy-bubble-foam-mousse-cremeuse-et-conditionnante\/#primaryimage\"},\"thumbnailUrl\":\"https:\/\/koster-italia.it\/wp-content\/uploads\/2016\/04\/koster_energy_hair_finish_styling_buble_foam_mousse_300ml.png\",\"datePublished\":\"2016-04-08T08:23:01+00:00\",\"dateModified\":\"2022-12-06T09:18:41+00:00\",\"description\":\"Bubble foam Energy, mousse cr\u00e9meuse et conditionnante aux notes douces et fruit\u00e9es. Son application constante offre une finition lumineuse et soyeuse au toucher\",\"breadcrumb\":{\"@id\":\"https:\/\/koster-italia.it\/fr\/prodotto\/energy-bubble-foam-mousse-cremeuse-et-conditionnante\/#breadcrumb\"},\"inLanguage\":\"fr-FR\",\"potentialAction\":[{\"@type\":\"ReadAction\",\"target\":[\"https:\/\/koster-italia.it\/fr\/prodotto\/energy-bubble-foam-mousse-cremeuse-et-conditionnante\/\"]}]},{\"@type\":\"ImageObject\",\"inLanguage\":\"fr-FR\",\"@id\":\"https:\/\/koster-italia.it\/fr\/prodotto\/energy-bubble-foam-mousse-cremeuse-et-conditionnante\/#primaryimage\",\"url\":\"https:\/\/koster-italia.it\/wp-content\/uploads\/2016\/04\/koster_energy_hair_finish_styling_buble_foam_mousse_300ml.png\",\"contentUrl\":\"https:\/\/koster-italia.it\/wp-content\/uploads\/2016\/04\/koster_energy_hair_finish_styling_buble_foam_mousse_300ml.png\",\"width\":600,\"height\":600},{\"@type\":\"BreadcrumbList\",\"@id\":\"https:\/\/koster-italia.it\/fr\/prodotto\/energy-bubble-foam-mousse-cremeuse-et-conditionnante\/#breadcrumb\",\"itemListElement\":[{\"@type\":\"ListItem\",\"position\":1,\"name\":\"Home\",\"item\":\"https:\/\/koster-italia.it\/fr\/\"},{\"@type\":\"ListItem\",\"position\":2,\"name\":\"Produits\",\"item\":\"https:\/\/koster-italia.it\/fr\/shop\/\"},{\"@type\":\"ListItem\",\"position\":3,\"name\":\"Energy \u2013 Bubble foam Mousse cr\u00e9meuse et conditionnante\"}]},{\"@type\":\"WebSite\",\"@id\":\"https:\/\/koster-italia.it\/fr\/#website\",\"url\":\"https:\/\/koster-italia.it\/fr\/\",\"name\":\"Koster Italia\",\"description\":\"Prodotti professionali per parrucchieri\",\"potentialAction\":[{\"@type\":\"SearchAction\",\"target\":{\"@type\":\"EntryPoint\",\"urlTemplate\":\"https:\/\/koster-italia.it\/fr\/?s={search_term_string}\"},\"query-input\":{\"@type\":\"PropertyValueSpecification\",\"valueRequired\":true,\"valueName\":\"search_term_string\"}}],\"inLanguage\":\"fr-FR\"}]}<\/script>\n<!-- \/ Yoast SEO plugin. -->","yoast_head_json":{"title":"Energy \u2013 Bubble foam Mousse cr\u00e9meuse et conditionnante","description":"Bubble foam Energy, mousse cr\u00e9meuse et conditionnante aux notes douces et fruit\u00e9es. Son application constante offre une finition lumineuse et soyeuse au toucher","robots":{"index":"index","follow":"follow","max-snippet":"max-snippet:-1","max-image-preview":"max-image-preview:large","max-video-preview":"max-video-preview:-1"},"canonical":"https:\/\/koster-italia.it\/fr\/prodotto\/energy-bubble-foam-mousse-cremeuse-et-conditionnante\/","og_locale":"fr_FR","og_type":"article","og_title":"Energy \u2013 Bubble foam Mousse cr\u00e9meuse et conditionnante","og_description":"Bubble foam Energy, mousse cr\u00e9meuse et conditionnante aux notes douces et fruit\u00e9es. Son application constante offre une finition lumineuse et soyeuse au toucher","og_url":"https:\/\/koster-italia.it\/fr\/prodotto\/energy-bubble-foam-mousse-cremeuse-et-conditionnante\/","og_site_name":"Koster Italia","article_modified_time":"2022-12-06T09:18:41+00:00","og_image":[{"width":600,"height":600,"url":"https:\/\/koster-italia.it\/wp-content\/uploads\/2016\/04\/koster_energy_hair_finish_styling_buble_foam_mousse_300ml.png","type":"image\/png"}],"twitter_card":"summary_large_image","twitter_misc":{"Dur\u00e9e de lecture estim\u00e9e":"1 minute"},"schema":{"@context":"https:\/\/schema.org","@graph":[{"@type":"WebPage","@id":"https:\/\/koster-italia.it\/fr\/prodotto\/energy-bubble-foam-mousse-cremeuse-et-conditionnante\/","url":"https:\/\/koster-italia.it\/fr\/prodotto\/energy-bubble-foam-mousse-cremeuse-et-conditionnante\/","name":"Energy \u2013 Bubble foam Mousse cr\u00e9meuse et conditionnante","isPartOf":{"@id":"https:\/\/koster-italia.it\/fr\/#website"},"primaryImageOfPage":{"@id":"https:\/\/koster-italia.it\/fr\/prodotto\/energy-bubble-foam-mousse-cremeuse-et-conditionnante\/#primaryimage"},"image":{"@id":"https:\/\/koster-italia.it\/fr\/prodotto\/energy-bubble-foam-mousse-cremeuse-et-conditionnante\/#primaryimage"},"thumbnailUrl":"https:\/\/koster-italia.it\/wp-content\/uploads\/2016\/04\/koster_energy_hair_finish_styling_buble_foam_mousse_300ml.png","datePublished":"2016-04-08T08:23:01+00:00","dateModified":"2022-12-06T09:18:41+00:00","description":"Bubble foam Energy, mousse cr\u00e9meuse et conditionnante aux notes douces et fruit\u00e9es. Son application constante offre une finition lumineuse et soyeuse au toucher","breadcrumb":{"@id":"https:\/\/koster-italia.it\/fr\/prodotto\/energy-bubble-foam-mousse-cremeuse-et-conditionnante\/#breadcrumb"},"inLanguage":"fr-FR","potentialAction":[{"@type":"ReadAction","target":["https:\/\/koster-italia.it\/fr\/prodotto\/energy-bubble-foam-mousse-cremeuse-et-conditionnante\/"]}]},{"@type":"ImageObject","inLanguage":"fr-FR","@id":"https:\/\/koster-italia.it\/fr\/prodotto\/energy-bubble-foam-mousse-cremeuse-et-conditionnante\/#primaryimage","url":"https:\/\/koster-italia.it\/wp-content\/uploads\/2016\/04\/koster_energy_hair_finish_styling_buble_foam_mousse_300ml.png","contentUrl":"https:\/\/koster-italia.it\/wp-content\/uploads\/2016\/04\/koster_energy_hair_finish_styling_buble_foam_mousse_300ml.png","width":600,"height":600},{"@type":"BreadcrumbList","@id":"https:\/\/koster-italia.it\/fr\/prodotto\/energy-bubble-foam-mousse-cremeuse-et-conditionnante\/#breadcrumb","itemListElement":[{"@type":"ListItem","position":1,"name":"Home","item":"https:\/\/koster-italia.it\/fr\/"},{"@type":"ListItem","position":2,"name":"Produits","item":"https:\/\/koster-italia.it\/fr\/shop\/"},{"@type":"ListItem","position":3,"name":"Energy \u2013 Bubble foam Mousse cr\u00e9meuse et conditionnante"}]},{"@type":"WebSite","@id":"https:\/\/koster-italia.it\/fr\/#website","url":"https:\/\/koster-italia.it\/fr\/","name":"Koster Italia","description":"Prodotti professionali per parrucchieri","potentialAction":[{"@type":"SearchAction","target":{"@type":"EntryPoint","urlTemplate":"https:\/\/koster-italia.it\/fr\/?s={search_term_string}"},"query-input":{"@type":"PropertyValueSpecification","valueRequired":true,"valueName":"search_term_string"}}],"inLanguage":"fr-FR"}]}},"_links":{"self":[{"href":"https:\/\/koster-italia.it\/fr\/wp-json\/wp\/v2\/product\/18624","targetHints":{"allow":["GET"]}}],"collection":[{"href":"https:\/\/koster-italia.it\/fr\/wp-json\/wp\/v2\/product"}],"about":[{"href":"https:\/\/koster-italia.it\/fr\/wp-json\/wp\/v2\/types\/product"}],"wp:featuredmedia":[{"embeddable":true,"href":"https:\/\/koster-italia.it\/fr\/wp-json\/wp\/v2\/media\/17833"}],"wp:attachment":[{"href":"https:\/\/koster-italia.it\/fr\/wp-json\/wp\/v2\/media?parent=18624"}],"wp:term":[{"taxonomy":"product_brand","embeddable":true,"href":"https:\/\/koster-italia.it\/fr\/wp-json\/wp\/v2\/product_brand?post=18624"},{"taxonomy":"product_cat","embeddable":true,"href":"https:\/\/koster-italia.it\/fr\/wp-json\/wp\/v2\/product_cat?post=18624"},{"taxonomy":"product_tag","embeddable":true,"href":"https:\/\/koster-italia.it\/fr\/wp-json\/wp\/v2\/product_tag?post=18624"}],"curies":[{"name":"wp","href":"https:\/\/api.w.org\/{rel}","templated":true}]}}