{"id":18622,"date":"2016-04-08T10:32:43","date_gmt":"2016-04-08T08:32:43","guid":{"rendered":"https:\/\/koster-italia.it\/prodotto\/energy-sea-water-spray-texturisant\/"},"modified":"2022-12-06T10:17:40","modified_gmt":"2022-12-06T09:17:40","slug":"energy-sea-water-spray-texturisant","status":"publish","type":"product","link":"https:\/\/koster-italia.it\/fr\/prodotto\/energy-sea-water-spray-texturisant\/","title":{"rendered":"Energy \u2013 Sea water Spray texturisant"},"content":{"rendered":"<p><strong>Sel marin<\/strong>, aux propri\u00e9t\u00e9s <strong>modelantes et drainantes<\/strong> pour les cheveux<\/p>\n<p><strong>Actifs hydratants<\/strong>, r\u00e9tablissent le bon \u00e9quilibre hydrique de la chevelure<\/p>\n<p><strong>N\u2019alourdit pas<\/strong> la chevelure<\/p>\n<p>&nbsp;<\/p>\n","protected":false},"excerpt":{"rendered":"<p><strong>Sea water<\/strong> est le nouveau <strong>spray texturisant Koster<\/strong> qui cr\u00e9e <strong>consistance et volume<\/strong>. Inspir\u00e9 du look enjou\u00e9 post-plage, il combine parfaitement <strong>sel marin et agents actifs hydratants<\/strong> qui conf\u00e8rent une d\u00e9finition intense au cheveu, sans le s\u00e9cher. Le concentr\u00e9 de substances revitalisantes augmente l\u2019<strong>\u00e9paisseur du cheveu,<\/strong> offrant une chevelure <strong>lumineuse et soutenue<\/strong>.<\/p>\n<p>Usage professionnel<\/p>\n<p>Format 150 ml<\/p>\n","protected":false},"featured_media":18885,"template":"","meta":[],"product_brand":[],"product_cat":[733],"product_tag":[],"class_list":{"0":"post-18622","1":"product","2":"type-product","3":"status-publish","4":"has-post-thumbnail","6":"product_cat-styling-finishing-fr","8":"first","9":"instock","10":"shipping-taxable","11":"product-type-simple"},"yoast_head":"<!-- This site is optimized with the Yoast SEO plugin v26.8 - https:\/\/yoast.com\/product\/yoast-seo-wordpress\/ -->\n<title>Energy \u2013 Sea water Spray texturisant<\/title>\n<meta name=\"description\" content=\"Sea water est le nouveau spray texturisant Koster qui cr\u00e9e consistance et volume.Inspir\u00e9 du look enjou\u00e9 post-plage, il combine parfaitement sel marin et agents actifs hydratants qui conf\u00e8rent une d\u00e9finition intense au cheveu\" \/>\n<meta name=\"robots\" content=\"index, follow, max-snippet:-1, max-image-preview:large, max-video-preview:-1\" \/>\n<link rel=\"canonical\" href=\"https:\/\/koster-italia.it\/fr\/prodotto\/energy-sea-water-spray-texturisant\/\" \/>\n<meta property=\"og:locale\" content=\"fr_FR\" \/>\n<meta property=\"og:type\" content=\"article\" \/>\n<meta property=\"og:title\" content=\"Energy \u2013 Sea water Spray texturisant\" \/>\n<meta property=\"og:description\" content=\"Sea water est le nouveau spray texturisant Koster qui cr\u00e9e consistance et volume.Inspir\u00e9 du look enjou\u00e9 post-plage, il combine parfaitement sel marin et agents actifs hydratants qui conf\u00e8rent une d\u00e9finition intense au cheveu\" \/>\n<meta property=\"og:url\" content=\"https:\/\/koster-italia.it\/fr\/prodotto\/energy-sea-water-spray-texturisant\/\" \/>\n<meta property=\"og:site_name\" content=\"Koster Italia\" \/>\n<meta property=\"article:modified_time\" content=\"2022-12-06T09:17:40+00:00\" \/>\n<meta property=\"og:image\" content=\"https:\/\/koster-italia.it\/wp-content\/uploads\/2016\/04\/koster_energy_hair_finish_sea_water_150ml.png\" \/>\n\t<meta property=\"og:image:width\" content=\"600\" \/>\n\t<meta property=\"og:image:height\" content=\"600\" \/>\n\t<meta property=\"og:image:type\" content=\"image\/png\" \/>\n<meta name=\"twitter:card\" content=\"summary_large_image\" \/>\n<meta name=\"twitter:label1\" content=\"Dur\u00e9e de lecture estim\u00e9e\" \/>\n\t<meta name=\"twitter:data1\" content=\"1 minute\" \/>\n<script type=\"application\/ld+json\" class=\"yoast-schema-graph\">{\"@context\":\"https:\/\/schema.org\",\"@graph\":[{\"@type\":\"WebPage\",\"@id\":\"https:\/\/koster-italia.it\/fr\/prodotto\/energy-sea-water-spray-texturisant\/\",\"url\":\"https:\/\/koster-italia.it\/fr\/prodotto\/energy-sea-water-spray-texturisant\/\",\"name\":\"Energy \u2013 Sea water Spray texturisant\",\"isPartOf\":{\"@id\":\"https:\/\/koster-italia.it\/fr\/#website\"},\"primaryImageOfPage\":{\"@id\":\"https:\/\/koster-italia.it\/fr\/prodotto\/energy-sea-water-spray-texturisant\/#primaryimage\"},\"image\":{\"@id\":\"https:\/\/koster-italia.it\/fr\/prodotto\/energy-sea-water-spray-texturisant\/#primaryimage\"},\"thumbnailUrl\":\"https:\/\/koster-italia.it\/wp-content\/uploads\/2016\/04\/53021_koster_energy_hair_finish_sea_water_150ml-1.png\",\"datePublished\":\"2016-04-08T08:32:43+00:00\",\"dateModified\":\"2022-12-06T09:17:40+00:00\",\"description\":\"Sea water est le nouveau spray texturisant Koster qui cr\u00e9e consistance et volume.Inspir\u00e9 du look enjou\u00e9 post-plage, il combine parfaitement sel marin et agents actifs hydratants qui conf\u00e8rent une d\u00e9finition intense au cheveu\",\"breadcrumb\":{\"@id\":\"https:\/\/koster-italia.it\/fr\/prodotto\/energy-sea-water-spray-texturisant\/#breadcrumb\"},\"inLanguage\":\"fr-FR\",\"potentialAction\":[{\"@type\":\"ReadAction\",\"target\":[\"https:\/\/koster-italia.it\/fr\/prodotto\/energy-sea-water-spray-texturisant\/\"]}]},{\"@type\":\"ImageObject\",\"inLanguage\":\"fr-FR\",\"@id\":\"https:\/\/koster-italia.it\/fr\/prodotto\/energy-sea-water-spray-texturisant\/#primaryimage\",\"url\":\"https:\/\/koster-italia.it\/wp-content\/uploads\/2016\/04\/53021_koster_energy_hair_finish_sea_water_150ml-1.png\",\"contentUrl\":\"https:\/\/koster-italia.it\/wp-content\/uploads\/2016\/04\/53021_koster_energy_hair_finish_sea_water_150ml-1.png\",\"width\":600,\"height\":600},{\"@type\":\"BreadcrumbList\",\"@id\":\"https:\/\/koster-italia.it\/fr\/prodotto\/energy-sea-water-spray-texturisant\/#breadcrumb\",\"itemListElement\":[{\"@type\":\"ListItem\",\"position\":1,\"name\":\"Home\",\"item\":\"https:\/\/koster-italia.it\/fr\/\"},{\"@type\":\"ListItem\",\"position\":2,\"name\":\"Produits\",\"item\":\"https:\/\/koster-italia.it\/fr\/shop\/\"},{\"@type\":\"ListItem\",\"position\":3,\"name\":\"Energy \u2013 Sea water Spray texturisant\"}]},{\"@type\":\"WebSite\",\"@id\":\"https:\/\/koster-italia.it\/fr\/#website\",\"url\":\"https:\/\/koster-italia.it\/fr\/\",\"name\":\"Koster Italia\",\"description\":\"Prodotti professionali per parrucchieri\",\"potentialAction\":[{\"@type\":\"SearchAction\",\"target\":{\"@type\":\"EntryPoint\",\"urlTemplate\":\"https:\/\/koster-italia.it\/fr\/?s={search_term_string}\"},\"query-input\":{\"@type\":\"PropertyValueSpecification\",\"valueRequired\":true,\"valueName\":\"search_term_string\"}}],\"inLanguage\":\"fr-FR\"}]}<\/script>\n<!-- \/ Yoast SEO plugin. -->","yoast_head_json":{"title":"Energy \u2013 Sea water Spray texturisant","description":"Sea water est le nouveau spray texturisant Koster qui cr\u00e9e consistance et volume.Inspir\u00e9 du look enjou\u00e9 post-plage, il combine parfaitement sel marin et agents actifs hydratants qui conf\u00e8rent une d\u00e9finition intense au cheveu","robots":{"index":"index","follow":"follow","max-snippet":"max-snippet:-1","max-image-preview":"max-image-preview:large","max-video-preview":"max-video-preview:-1"},"canonical":"https:\/\/koster-italia.it\/fr\/prodotto\/energy-sea-water-spray-texturisant\/","og_locale":"fr_FR","og_type":"article","og_title":"Energy \u2013 Sea water Spray texturisant","og_description":"Sea water est le nouveau spray texturisant Koster qui cr\u00e9e consistance et volume.Inspir\u00e9 du look enjou\u00e9 post-plage, il combine parfaitement sel marin et agents actifs hydratants qui conf\u00e8rent une d\u00e9finition intense au cheveu","og_url":"https:\/\/koster-italia.it\/fr\/prodotto\/energy-sea-water-spray-texturisant\/","og_site_name":"Koster Italia","article_modified_time":"2022-12-06T09:17:40+00:00","og_image":[{"width":600,"height":600,"url":"https:\/\/koster-italia.it\/wp-content\/uploads\/2016\/04\/koster_energy_hair_finish_sea_water_150ml.png","type":"image\/png"}],"twitter_card":"summary_large_image","twitter_misc":{"Dur\u00e9e de lecture estim\u00e9e":"1 minute"},"schema":{"@context":"https:\/\/schema.org","@graph":[{"@type":"WebPage","@id":"https:\/\/koster-italia.it\/fr\/prodotto\/energy-sea-water-spray-texturisant\/","url":"https:\/\/koster-italia.it\/fr\/prodotto\/energy-sea-water-spray-texturisant\/","name":"Energy \u2013 Sea water Spray texturisant","isPartOf":{"@id":"https:\/\/koster-italia.it\/fr\/#website"},"primaryImageOfPage":{"@id":"https:\/\/koster-italia.it\/fr\/prodotto\/energy-sea-water-spray-texturisant\/#primaryimage"},"image":{"@id":"https:\/\/koster-italia.it\/fr\/prodotto\/energy-sea-water-spray-texturisant\/#primaryimage"},"thumbnailUrl":"https:\/\/koster-italia.it\/wp-content\/uploads\/2016\/04\/53021_koster_energy_hair_finish_sea_water_150ml-1.png","datePublished":"2016-04-08T08:32:43+00:00","dateModified":"2022-12-06T09:17:40+00:00","description":"Sea water est le nouveau spray texturisant Koster qui cr\u00e9e consistance et volume.Inspir\u00e9 du look enjou\u00e9 post-plage, il combine parfaitement sel marin et agents actifs hydratants qui conf\u00e8rent une d\u00e9finition intense au cheveu","breadcrumb":{"@id":"https:\/\/koster-italia.it\/fr\/prodotto\/energy-sea-water-spray-texturisant\/#breadcrumb"},"inLanguage":"fr-FR","potentialAction":[{"@type":"ReadAction","target":["https:\/\/koster-italia.it\/fr\/prodotto\/energy-sea-water-spray-texturisant\/"]}]},{"@type":"ImageObject","inLanguage":"fr-FR","@id":"https:\/\/koster-italia.it\/fr\/prodotto\/energy-sea-water-spray-texturisant\/#primaryimage","url":"https:\/\/koster-italia.it\/wp-content\/uploads\/2016\/04\/53021_koster_energy_hair_finish_sea_water_150ml-1.png","contentUrl":"https:\/\/koster-italia.it\/wp-content\/uploads\/2016\/04\/53021_koster_energy_hair_finish_sea_water_150ml-1.png","width":600,"height":600},{"@type":"BreadcrumbList","@id":"https:\/\/koster-italia.it\/fr\/prodotto\/energy-sea-water-spray-texturisant\/#breadcrumb","itemListElement":[{"@type":"ListItem","position":1,"name":"Home","item":"https:\/\/koster-italia.it\/fr\/"},{"@type":"ListItem","position":2,"name":"Produits","item":"https:\/\/koster-italia.it\/fr\/shop\/"},{"@type":"ListItem","position":3,"name":"Energy \u2013 Sea water Spray texturisant"}]},{"@type":"WebSite","@id":"https:\/\/koster-italia.it\/fr\/#website","url":"https:\/\/koster-italia.it\/fr\/","name":"Koster Italia","description":"Prodotti professionali per parrucchieri","potentialAction":[{"@type":"SearchAction","target":{"@type":"EntryPoint","urlTemplate":"https:\/\/koster-italia.it\/fr\/?s={search_term_string}"},"query-input":{"@type":"PropertyValueSpecification","valueRequired":true,"valueName":"search_term_string"}}],"inLanguage":"fr-FR"}]}},"_links":{"self":[{"href":"https:\/\/koster-italia.it\/fr\/wp-json\/wp\/v2\/product\/18622","targetHints":{"allow":["GET"]}}],"collection":[{"href":"https:\/\/koster-italia.it\/fr\/wp-json\/wp\/v2\/product"}],"about":[{"href":"https:\/\/koster-italia.it\/fr\/wp-json\/wp\/v2\/types\/product"}],"wp:featuredmedia":[{"embeddable":true,"href":"https:\/\/koster-italia.it\/fr\/wp-json\/wp\/v2\/media\/18885"}],"wp:attachment":[{"href":"https:\/\/koster-italia.it\/fr\/wp-json\/wp\/v2\/media?parent=18622"}],"wp:term":[{"taxonomy":"product_brand","embeddable":true,"href":"https:\/\/koster-italia.it\/fr\/wp-json\/wp\/v2\/product_brand?post=18622"},{"taxonomy":"product_cat","embeddable":true,"href":"https:\/\/koster-italia.it\/fr\/wp-json\/wp\/v2\/product_cat?post=18622"},{"taxonomy":"product_tag","embeddable":true,"href":"https:\/\/koster-italia.it\/fr\/wp-json\/wp\/v2\/product_tag?post=18622"}],"curies":[{"name":"wp","href":"https:\/\/api.w.org\/{rel}","templated":true}]}}