{"id":18620,"date":"2016-04-08T10:38:38","date_gmt":"2016-04-08T08:38:38","guid":{"rendered":"https:\/\/koster-italia.it\/prodotto\/energy-spray-gloss\/"},"modified":"2023-11-02T15:14:46","modified_gmt":"2023-11-02T14:14:46","slug":"energy-spray-gloss","status":"publish","type":"product","link":"https:\/\/koster-italia.it\/fr\/prodotto\/energy-spray-gloss\/","title":{"rendered":"Energy \u2013 Virtual Shine Spray Gloss"},"content":{"rendered":"<p>Texture <strong>velout\u00e9e <\/strong><\/p>\n<p>La technologie Koster exerce une action <strong>anti-frisottis<\/strong> et combat le <strong>dess\u00e8chement<\/strong><\/p>\n<p><strong>N\u2019alourdit pas<\/strong> la chevelure<\/p>\n","protected":false},"excerpt":{"rendered":"<p><strong>Spray gloss Energy<\/strong> est le spray lustrant anti-frisottis de Koster. Il offre une <strong>finition impeccable<\/strong> aux cheveux fris\u00e9s et raides. Il renouvelle la beaut\u00e9 quotidienne de vos clientes, transformant la chevelure \u00e0 travers une <strong>texture velout\u00e9e<\/strong> qui conjugue de nombreux points positifs\u00a0: le spray Koster favorise le <strong>coiffage<\/strong>, compacte les pointes, exalte la <strong>brillance<\/strong> de la chevelure et <strong>discipline<\/strong> les cheveux cr\u00e9pus, <strong>en luttant contre<\/strong> le dess\u00e8chement de la tige et les pointes fourchues.<\/p>\n<p>Usage professionnel<\/p>\n<p>Format 300 ml<\/p>\n","protected":false},"featured_media":20763,"template":"","meta":[],"product_brand":[],"product_cat":[733],"product_tag":[],"class_list":{"0":"post-18620","1":"product","2":"type-product","3":"status-publish","4":"has-post-thumbnail","6":"product_cat-styling-finishing-fr","8":"first","9":"instock","10":"shipping-taxable","11":"product-type-simple"},"yoast_head":"<!-- This site is optimized with the Yoast SEO plugin v26.8 - https:\/\/yoast.com\/product\/yoast-seo-wordpress\/ -->\n<title>Energy \u2013 Spray Gloss<\/title>\n<meta name=\"description\" content=\"Spray gloss Energy est le spray lustrant anti-frisottis de Koster. Il offre une finition impeccable aux cheveux fris\u00e9s et raides.\" \/>\n<meta name=\"robots\" content=\"index, follow, max-snippet:-1, max-image-preview:large, max-video-preview:-1\" \/>\n<link rel=\"canonical\" href=\"https:\/\/koster-italia.it\/fr\/prodotto\/energy-spray-gloss\/\" \/>\n<meta property=\"og:locale\" content=\"fr_FR\" \/>\n<meta property=\"og:type\" content=\"article\" \/>\n<meta property=\"og:title\" content=\"Energy \u2013 Spray Gloss\" \/>\n<meta property=\"og:description\" content=\"Spray gloss Energy est le spray lustrant anti-frisottis de Koster. Il offre une finition impeccable aux cheveux fris\u00e9s et raides.\" \/>\n<meta property=\"og:url\" content=\"https:\/\/koster-italia.it\/fr\/prodotto\/energy-spray-gloss\/\" \/>\n<meta property=\"og:site_name\" content=\"Koster Italia\" \/>\n<meta property=\"article:modified_time\" content=\"2023-11-02T14:14:46+00:00\" \/>\n<meta property=\"og:image\" content=\"https:\/\/koster-italia.it\/wp-content\/uploads\/2016\/04\/53004_koster_energy_virtualshine_300ml.png\" \/>\n\t<meta property=\"og:image:width\" content=\"600\" \/>\n\t<meta property=\"og:image:height\" content=\"600\" \/>\n\t<meta property=\"og:image:type\" content=\"image\/png\" \/>\n<meta name=\"twitter:card\" content=\"summary_large_image\" \/>\n<meta name=\"twitter:label1\" content=\"Dur\u00e9e de lecture estim\u00e9e\" \/>\n\t<meta name=\"twitter:data1\" content=\"1 minute\" \/>\n<script type=\"application\/ld+json\" class=\"yoast-schema-graph\">{\"@context\":\"https:\/\/schema.org\",\"@graph\":[{\"@type\":\"WebPage\",\"@id\":\"https:\/\/koster-italia.it\/fr\/prodotto\/energy-spray-gloss\/\",\"url\":\"https:\/\/koster-italia.it\/fr\/prodotto\/energy-spray-gloss\/\",\"name\":\"Energy \u2013 Spray Gloss\",\"isPartOf\":{\"@id\":\"https:\/\/koster-italia.it\/fr\/#website\"},\"primaryImageOfPage\":{\"@id\":\"https:\/\/koster-italia.it\/fr\/prodotto\/energy-spray-gloss\/#primaryimage\"},\"image\":{\"@id\":\"https:\/\/koster-italia.it\/fr\/prodotto\/energy-spray-gloss\/#primaryimage\"},\"thumbnailUrl\":\"https:\/\/koster-italia.it\/wp-content\/uploads\/2016\/04\/53004_koster_energy_virtualshine_300ml.png\",\"datePublished\":\"2016-04-08T08:38:38+00:00\",\"dateModified\":\"2023-11-02T14:14:46+00:00\",\"description\":\"Spray gloss Energy est le spray lustrant anti-frisottis de Koster. Il offre une finition impeccable aux cheveux fris\u00e9s et raides.\",\"breadcrumb\":{\"@id\":\"https:\/\/koster-italia.it\/fr\/prodotto\/energy-spray-gloss\/#breadcrumb\"},\"inLanguage\":\"fr-FR\",\"potentialAction\":[{\"@type\":\"ReadAction\",\"target\":[\"https:\/\/koster-italia.it\/fr\/prodotto\/energy-spray-gloss\/\"]}]},{\"@type\":\"ImageObject\",\"inLanguage\":\"fr-FR\",\"@id\":\"https:\/\/koster-italia.it\/fr\/prodotto\/energy-spray-gloss\/#primaryimage\",\"url\":\"https:\/\/koster-italia.it\/wp-content\/uploads\/2016\/04\/53004_koster_energy_virtualshine_300ml.png\",\"contentUrl\":\"https:\/\/koster-italia.it\/wp-content\/uploads\/2016\/04\/53004_koster_energy_virtualshine_300ml.png\",\"width\":600,\"height\":600},{\"@type\":\"BreadcrumbList\",\"@id\":\"https:\/\/koster-italia.it\/fr\/prodotto\/energy-spray-gloss\/#breadcrumb\",\"itemListElement\":[{\"@type\":\"ListItem\",\"position\":1,\"name\":\"Home\",\"item\":\"https:\/\/koster-italia.it\/fr\/\"},{\"@type\":\"ListItem\",\"position\":2,\"name\":\"Produits\",\"item\":\"https:\/\/koster-italia.it\/fr\/shop\/\"},{\"@type\":\"ListItem\",\"position\":3,\"name\":\"Energy \u2013 Virtual Shine Spray Gloss\"}]},{\"@type\":\"WebSite\",\"@id\":\"https:\/\/koster-italia.it\/fr\/#website\",\"url\":\"https:\/\/koster-italia.it\/fr\/\",\"name\":\"Koster Italia\",\"description\":\"Prodotti professionali per parrucchieri\",\"potentialAction\":[{\"@type\":\"SearchAction\",\"target\":{\"@type\":\"EntryPoint\",\"urlTemplate\":\"https:\/\/koster-italia.it\/fr\/?s={search_term_string}\"},\"query-input\":{\"@type\":\"PropertyValueSpecification\",\"valueRequired\":true,\"valueName\":\"search_term_string\"}}],\"inLanguage\":\"fr-FR\"}]}<\/script>\n<!-- \/ Yoast SEO plugin. -->","yoast_head_json":{"title":"Energy \u2013 Spray Gloss","description":"Spray gloss Energy est le spray lustrant anti-frisottis de Koster. Il offre une finition impeccable aux cheveux fris\u00e9s et raides.","robots":{"index":"index","follow":"follow","max-snippet":"max-snippet:-1","max-image-preview":"max-image-preview:large","max-video-preview":"max-video-preview:-1"},"canonical":"https:\/\/koster-italia.it\/fr\/prodotto\/energy-spray-gloss\/","og_locale":"fr_FR","og_type":"article","og_title":"Energy \u2013 Spray Gloss","og_description":"Spray gloss Energy est le spray lustrant anti-frisottis de Koster. Il offre une finition impeccable aux cheveux fris\u00e9s et raides.","og_url":"https:\/\/koster-italia.it\/fr\/prodotto\/energy-spray-gloss\/","og_site_name":"Koster Italia","article_modified_time":"2023-11-02T14:14:46+00:00","og_image":[{"width":600,"height":600,"url":"https:\/\/koster-italia.it\/wp-content\/uploads\/2016\/04\/53004_koster_energy_virtualshine_300ml.png","type":"image\/png"}],"twitter_card":"summary_large_image","twitter_misc":{"Dur\u00e9e de lecture estim\u00e9e":"1 minute"},"schema":{"@context":"https:\/\/schema.org","@graph":[{"@type":"WebPage","@id":"https:\/\/koster-italia.it\/fr\/prodotto\/energy-spray-gloss\/","url":"https:\/\/koster-italia.it\/fr\/prodotto\/energy-spray-gloss\/","name":"Energy \u2013 Spray Gloss","isPartOf":{"@id":"https:\/\/koster-italia.it\/fr\/#website"},"primaryImageOfPage":{"@id":"https:\/\/koster-italia.it\/fr\/prodotto\/energy-spray-gloss\/#primaryimage"},"image":{"@id":"https:\/\/koster-italia.it\/fr\/prodotto\/energy-spray-gloss\/#primaryimage"},"thumbnailUrl":"https:\/\/koster-italia.it\/wp-content\/uploads\/2016\/04\/53004_koster_energy_virtualshine_300ml.png","datePublished":"2016-04-08T08:38:38+00:00","dateModified":"2023-11-02T14:14:46+00:00","description":"Spray gloss Energy est le spray lustrant anti-frisottis de Koster. Il offre une finition impeccable aux cheveux fris\u00e9s et raides.","breadcrumb":{"@id":"https:\/\/koster-italia.it\/fr\/prodotto\/energy-spray-gloss\/#breadcrumb"},"inLanguage":"fr-FR","potentialAction":[{"@type":"ReadAction","target":["https:\/\/koster-italia.it\/fr\/prodotto\/energy-spray-gloss\/"]}]},{"@type":"ImageObject","inLanguage":"fr-FR","@id":"https:\/\/koster-italia.it\/fr\/prodotto\/energy-spray-gloss\/#primaryimage","url":"https:\/\/koster-italia.it\/wp-content\/uploads\/2016\/04\/53004_koster_energy_virtualshine_300ml.png","contentUrl":"https:\/\/koster-italia.it\/wp-content\/uploads\/2016\/04\/53004_koster_energy_virtualshine_300ml.png","width":600,"height":600},{"@type":"BreadcrumbList","@id":"https:\/\/koster-italia.it\/fr\/prodotto\/energy-spray-gloss\/#breadcrumb","itemListElement":[{"@type":"ListItem","position":1,"name":"Home","item":"https:\/\/koster-italia.it\/fr\/"},{"@type":"ListItem","position":2,"name":"Produits","item":"https:\/\/koster-italia.it\/fr\/shop\/"},{"@type":"ListItem","position":3,"name":"Energy \u2013 Virtual Shine Spray Gloss"}]},{"@type":"WebSite","@id":"https:\/\/koster-italia.it\/fr\/#website","url":"https:\/\/koster-italia.it\/fr\/","name":"Koster Italia","description":"Prodotti professionali per parrucchieri","potentialAction":[{"@type":"SearchAction","target":{"@type":"EntryPoint","urlTemplate":"https:\/\/koster-italia.it\/fr\/?s={search_term_string}"},"query-input":{"@type":"PropertyValueSpecification","valueRequired":true,"valueName":"search_term_string"}}],"inLanguage":"fr-FR"}]}},"_links":{"self":[{"href":"https:\/\/koster-italia.it\/fr\/wp-json\/wp\/v2\/product\/18620","targetHints":{"allow":["GET"]}}],"collection":[{"href":"https:\/\/koster-italia.it\/fr\/wp-json\/wp\/v2\/product"}],"about":[{"href":"https:\/\/koster-italia.it\/fr\/wp-json\/wp\/v2\/types\/product"}],"wp:featuredmedia":[{"embeddable":true,"href":"https:\/\/koster-italia.it\/fr\/wp-json\/wp\/v2\/media\/20763"}],"wp:attachment":[{"href":"https:\/\/koster-italia.it\/fr\/wp-json\/wp\/v2\/media?parent=18620"}],"wp:term":[{"taxonomy":"product_brand","embeddable":true,"href":"https:\/\/koster-italia.it\/fr\/wp-json\/wp\/v2\/product_brand?post=18620"},{"taxonomy":"product_cat","embeddable":true,"href":"https:\/\/koster-italia.it\/fr\/wp-json\/wp\/v2\/product_cat?post=18620"},{"taxonomy":"product_tag","embeddable":true,"href":"https:\/\/koster-italia.it\/fr\/wp-json\/wp\/v2\/product_tag?post=18620"}],"curies":[{"name":"wp","href":"https:\/\/api.w.org\/{rel}","templated":true}]}}