{"id":18619,"date":"2016-04-08T10:48:29","date_gmt":"2016-04-08T08:48:29","guid":{"rendered":"https:\/\/koster-italia.it\/prodotto\/energy-liss-iron-spray\/"},"modified":"2022-12-06T10:16:41","modified_gmt":"2022-12-06T09:16:41","slug":"energy-liss-iron-spray","status":"publish","type":"product","link":"https:\/\/koster-italia.it\/fr\/prodotto\/energy-liss-iron-spray\/","title":{"rendered":"Energy \u2013 Liss Iron Spray"},"content":{"rendered":"<p>Formule <strong>haute protection<\/strong> contre la chaleur<\/p>\n<p>Pr\u00e9serve l\u2019<strong>hydratation<\/strong> des cheveux<\/p>\n<p>Facilite le <strong>lissage<\/strong><\/p>\n<p><strong>N\u2019alourdit pas<\/strong> et <strong>ne <\/strong>graisse pas<\/p>\n","protected":false},"excerpt":{"rendered":"<p>Le surprenant <strong>Liss iron spray Fixing All<\/strong> de Koster exerce une double <strong>action lissante et protectrice<\/strong> qui en fait un produit indispensable lors de la <strong>coiffure \u00e0 chaud<\/strong> effectu\u00e9e en salon\u00a0: la mise en pli r\u00e9alis\u00e9e au <strong>fer \u00e0 lisser ou au s\u00e8che-cheveux<\/strong> cause un stress consid\u00e9rable aux cheveux, encombr\u00e9s par la chaleur. Liss iron. spray prot\u00e8ge le <strong>bien-\u00eatre de la chevelure<\/strong>, en pr\u00e9servant son bon degr\u00e9 d\u2019<strong>hydratation<\/strong>.<\/p>\n<p>Usage professionnel<\/p>\n<p>Format 150 ml<\/p>\n","protected":false},"featured_media":18894,"template":"","meta":[],"product_brand":[],"product_cat":[733],"product_tag":[],"class_list":{"0":"post-18619","1":"product","2":"type-product","3":"status-publish","4":"has-post-thumbnail","6":"product_cat-styling-finishing-fr","8":"first","9":"instock","10":"featured","11":"shipping-taxable","12":"product-type-simple"},"yoast_head":"<!-- This site is optimized with the Yoast SEO plugin v26.8 - https:\/\/yoast.com\/product\/yoast-seo-wordpress\/ -->\n<title>Energy \u2013 Liss Iron Spray<\/title>\n<meta name=\"description\" content=\"Le surprenant Liss iron spray Fixing All de Koster exerce une double action lissante et protectrice qui en fait un produit indispensable lors de la coiffure \u00e0 chaud effectu\u00e9e en salon\" \/>\n<meta name=\"robots\" content=\"index, follow, max-snippet:-1, max-image-preview:large, max-video-preview:-1\" \/>\n<link rel=\"canonical\" href=\"https:\/\/koster-italia.it\/fr\/prodotto\/energy-liss-iron-spray\/\" \/>\n<meta property=\"og:locale\" content=\"fr_FR\" \/>\n<meta property=\"og:type\" content=\"article\" \/>\n<meta property=\"og:title\" content=\"Energy \u2013 Liss Iron Spray\" \/>\n<meta property=\"og:description\" content=\"Le surprenant Liss iron spray Fixing All de Koster exerce une double action lissante et protectrice qui en fait un produit indispensable lors de la coiffure \u00e0 chaud effectu\u00e9e en salon\" \/>\n<meta property=\"og:url\" content=\"https:\/\/koster-italia.it\/fr\/prodotto\/energy-liss-iron-spray\/\" \/>\n<meta property=\"og:site_name\" content=\"Koster Italia\" \/>\n<meta property=\"article:modified_time\" content=\"2022-12-06T09:16:41+00:00\" \/>\n<meta property=\"og:image\" content=\"https:\/\/koster-italia.it\/wp-content\/uploads\/2016\/04\/koster_energy_hair_liss_iron_150ml-1.png\" \/>\n\t<meta property=\"og:image:width\" content=\"600\" \/>\n\t<meta property=\"og:image:height\" content=\"600\" \/>\n\t<meta property=\"og:image:type\" content=\"image\/png\" \/>\n<meta name=\"twitter:card\" content=\"summary_large_image\" \/>\n<meta name=\"twitter:label1\" content=\"Dur\u00e9e de lecture estim\u00e9e\" \/>\n\t<meta name=\"twitter:data1\" content=\"1 minute\" \/>\n<script type=\"application\/ld+json\" class=\"yoast-schema-graph\">{\"@context\":\"https:\/\/schema.org\",\"@graph\":[{\"@type\":\"WebPage\",\"@id\":\"https:\/\/koster-italia.it\/fr\/prodotto\/energy-liss-iron-spray\/\",\"url\":\"https:\/\/koster-italia.it\/fr\/prodotto\/energy-liss-iron-spray\/\",\"name\":\"Energy \u2013 Liss Iron Spray\",\"isPartOf\":{\"@id\":\"https:\/\/koster-italia.it\/fr\/#website\"},\"primaryImageOfPage\":{\"@id\":\"https:\/\/koster-italia.it\/fr\/prodotto\/energy-liss-iron-spray\/#primaryimage\"},\"image\":{\"@id\":\"https:\/\/koster-italia.it\/fr\/prodotto\/energy-liss-iron-spray\/#primaryimage\"},\"thumbnailUrl\":\"https:\/\/koster-italia.it\/wp-content\/uploads\/2016\/04\/53005_koster_energy_hair_liss_iron_150ml.png\",\"datePublished\":\"2016-04-08T08:48:29+00:00\",\"dateModified\":\"2022-12-06T09:16:41+00:00\",\"description\":\"Le surprenant Liss iron spray Fixing All de Koster exerce une double action lissante et protectrice qui en fait un produit indispensable lors de la coiffure \u00e0 chaud effectu\u00e9e en salon\",\"breadcrumb\":{\"@id\":\"https:\/\/koster-italia.it\/fr\/prodotto\/energy-liss-iron-spray\/#breadcrumb\"},\"inLanguage\":\"fr-FR\",\"potentialAction\":[{\"@type\":\"ReadAction\",\"target\":[\"https:\/\/koster-italia.it\/fr\/prodotto\/energy-liss-iron-spray\/\"]}]},{\"@type\":\"ImageObject\",\"inLanguage\":\"fr-FR\",\"@id\":\"https:\/\/koster-italia.it\/fr\/prodotto\/energy-liss-iron-spray\/#primaryimage\",\"url\":\"https:\/\/koster-italia.it\/wp-content\/uploads\/2016\/04\/53005_koster_energy_hair_liss_iron_150ml.png\",\"contentUrl\":\"https:\/\/koster-italia.it\/wp-content\/uploads\/2016\/04\/53005_koster_energy_hair_liss_iron_150ml.png\",\"width\":600,\"height\":600},{\"@type\":\"BreadcrumbList\",\"@id\":\"https:\/\/koster-italia.it\/fr\/prodotto\/energy-liss-iron-spray\/#breadcrumb\",\"itemListElement\":[{\"@type\":\"ListItem\",\"position\":1,\"name\":\"Home\",\"item\":\"https:\/\/koster-italia.it\/fr\/\"},{\"@type\":\"ListItem\",\"position\":2,\"name\":\"Produits\",\"item\":\"https:\/\/koster-italia.it\/fr\/shop\/\"},{\"@type\":\"ListItem\",\"position\":3,\"name\":\"Energy \u2013 Liss Iron Spray\"}]},{\"@type\":\"WebSite\",\"@id\":\"https:\/\/koster-italia.it\/fr\/#website\",\"url\":\"https:\/\/koster-italia.it\/fr\/\",\"name\":\"Koster Italia\",\"description\":\"Prodotti professionali per parrucchieri\",\"potentialAction\":[{\"@type\":\"SearchAction\",\"target\":{\"@type\":\"EntryPoint\",\"urlTemplate\":\"https:\/\/koster-italia.it\/fr\/?s={search_term_string}\"},\"query-input\":{\"@type\":\"PropertyValueSpecification\",\"valueRequired\":true,\"valueName\":\"search_term_string\"}}],\"inLanguage\":\"fr-FR\"}]}<\/script>\n<!-- \/ Yoast SEO plugin. -->","yoast_head_json":{"title":"Energy \u2013 Liss Iron Spray","description":"Le surprenant Liss iron spray Fixing All de Koster exerce une double action lissante et protectrice qui en fait un produit indispensable lors de la coiffure \u00e0 chaud effectu\u00e9e en salon","robots":{"index":"index","follow":"follow","max-snippet":"max-snippet:-1","max-image-preview":"max-image-preview:large","max-video-preview":"max-video-preview:-1"},"canonical":"https:\/\/koster-italia.it\/fr\/prodotto\/energy-liss-iron-spray\/","og_locale":"fr_FR","og_type":"article","og_title":"Energy \u2013 Liss Iron Spray","og_description":"Le surprenant Liss iron spray Fixing All de Koster exerce une double action lissante et protectrice qui en fait un produit indispensable lors de la coiffure \u00e0 chaud effectu\u00e9e en salon","og_url":"https:\/\/koster-italia.it\/fr\/prodotto\/energy-liss-iron-spray\/","og_site_name":"Koster Italia","article_modified_time":"2022-12-06T09:16:41+00:00","og_image":[{"width":600,"height":600,"url":"https:\/\/koster-italia.it\/wp-content\/uploads\/2016\/04\/koster_energy_hair_liss_iron_150ml-1.png","type":"image\/png"}],"twitter_card":"summary_large_image","twitter_misc":{"Dur\u00e9e de lecture estim\u00e9e":"1 minute"},"schema":{"@context":"https:\/\/schema.org","@graph":[{"@type":"WebPage","@id":"https:\/\/koster-italia.it\/fr\/prodotto\/energy-liss-iron-spray\/","url":"https:\/\/koster-italia.it\/fr\/prodotto\/energy-liss-iron-spray\/","name":"Energy \u2013 Liss Iron Spray","isPartOf":{"@id":"https:\/\/koster-italia.it\/fr\/#website"},"primaryImageOfPage":{"@id":"https:\/\/koster-italia.it\/fr\/prodotto\/energy-liss-iron-spray\/#primaryimage"},"image":{"@id":"https:\/\/koster-italia.it\/fr\/prodotto\/energy-liss-iron-spray\/#primaryimage"},"thumbnailUrl":"https:\/\/koster-italia.it\/wp-content\/uploads\/2016\/04\/53005_koster_energy_hair_liss_iron_150ml.png","datePublished":"2016-04-08T08:48:29+00:00","dateModified":"2022-12-06T09:16:41+00:00","description":"Le surprenant Liss iron spray Fixing All de Koster exerce une double action lissante et protectrice qui en fait un produit indispensable lors de la coiffure \u00e0 chaud effectu\u00e9e en salon","breadcrumb":{"@id":"https:\/\/koster-italia.it\/fr\/prodotto\/energy-liss-iron-spray\/#breadcrumb"},"inLanguage":"fr-FR","potentialAction":[{"@type":"ReadAction","target":["https:\/\/koster-italia.it\/fr\/prodotto\/energy-liss-iron-spray\/"]}]},{"@type":"ImageObject","inLanguage":"fr-FR","@id":"https:\/\/koster-italia.it\/fr\/prodotto\/energy-liss-iron-spray\/#primaryimage","url":"https:\/\/koster-italia.it\/wp-content\/uploads\/2016\/04\/53005_koster_energy_hair_liss_iron_150ml.png","contentUrl":"https:\/\/koster-italia.it\/wp-content\/uploads\/2016\/04\/53005_koster_energy_hair_liss_iron_150ml.png","width":600,"height":600},{"@type":"BreadcrumbList","@id":"https:\/\/koster-italia.it\/fr\/prodotto\/energy-liss-iron-spray\/#breadcrumb","itemListElement":[{"@type":"ListItem","position":1,"name":"Home","item":"https:\/\/koster-italia.it\/fr\/"},{"@type":"ListItem","position":2,"name":"Produits","item":"https:\/\/koster-italia.it\/fr\/shop\/"},{"@type":"ListItem","position":3,"name":"Energy \u2013 Liss Iron Spray"}]},{"@type":"WebSite","@id":"https:\/\/koster-italia.it\/fr\/#website","url":"https:\/\/koster-italia.it\/fr\/","name":"Koster Italia","description":"Prodotti professionali per parrucchieri","potentialAction":[{"@type":"SearchAction","target":{"@type":"EntryPoint","urlTemplate":"https:\/\/koster-italia.it\/fr\/?s={search_term_string}"},"query-input":{"@type":"PropertyValueSpecification","valueRequired":true,"valueName":"search_term_string"}}],"inLanguage":"fr-FR"}]}},"_links":{"self":[{"href":"https:\/\/koster-italia.it\/fr\/wp-json\/wp\/v2\/product\/18619","targetHints":{"allow":["GET"]}}],"collection":[{"href":"https:\/\/koster-italia.it\/fr\/wp-json\/wp\/v2\/product"}],"about":[{"href":"https:\/\/koster-italia.it\/fr\/wp-json\/wp\/v2\/types\/product"}],"wp:featuredmedia":[{"embeddable":true,"href":"https:\/\/koster-italia.it\/fr\/wp-json\/wp\/v2\/media\/18894"}],"wp:attachment":[{"href":"https:\/\/koster-italia.it\/fr\/wp-json\/wp\/v2\/media?parent=18619"}],"wp:term":[{"taxonomy":"product_brand","embeddable":true,"href":"https:\/\/koster-italia.it\/fr\/wp-json\/wp\/v2\/product_brand?post=18619"},{"taxonomy":"product_cat","embeddable":true,"href":"https:\/\/koster-italia.it\/fr\/wp-json\/wp\/v2\/product_cat?post=18619"},{"taxonomy":"product_tag","embeddable":true,"href":"https:\/\/koster-italia.it\/fr\/wp-json\/wp\/v2\/product_tag?post=18619"}],"curies":[{"name":"wp","href":"https:\/\/api.w.org\/{rel}","templated":true}]}}