{"id":18618,"date":"2016-04-08T10:52:28","date_gmt":"2016-04-08T08:52:28","guid":{"rendered":"https:\/\/koster-italia.it\/prodotto\/energy-gel-en-mousse\/"},"modified":"2023-01-20T14:14:45","modified_gmt":"2023-01-20T13:14:45","slug":"energy-double-s","status":"publish","type":"product","link":"https:\/\/koster-italia.it\/fr\/prodotto\/energy-double-s\/","title":{"rendered":"Energy &#8211; Double S"},"content":{"rendered":"<p>Texture ultra-<strong>l\u00e9g\u00e8re et polyvalente<\/strong><\/p>\n<p><strong>N\u2019alourdit pas<\/strong> la chevelure<\/p>\n","protected":false},"excerpt":{"rendered":"<p>Le Gel en mousse <strong>Energy<\/strong> <strong>Double S<\/strong> compl\u00e8te l\u2019onctuosit\u00e9 d\u2019une mousse velout\u00e9e avec la <strong>t\u00e9nacit\u00e9 et la r\u00e9sistance<\/strong> d\u2019un gel\u00a0: id\u00e9al pour tous les types de cheveux, conf\u00e8re <strong>consistance et douceur \u00e0 la chevelure<\/strong>, assurant un soutien net mais naturel. Texture ultra l\u00e9g\u00e8re, favorise un <strong>effet mouill\u00e9<\/strong> sur cheveux s\u00e9ch\u00e9s et un <strong>style d\u00e9fini<\/strong> sur cheveux humides.<\/p>\n<p>Usage professionnel<\/p>\n<p>Format 300 ml<\/p>\n","protected":false},"featured_media":18726,"template":"","meta":[],"product_brand":[],"product_cat":[733],"product_tag":[],"class_list":{"0":"post-18618","1":"product","2":"type-product","3":"status-publish","4":"has-post-thumbnail","6":"product_cat-styling-finishing-fr","8":"first","9":"instock","10":"shipping-taxable","11":"product-type-simple"},"yoast_head":"<!-- This site is optimized with the Yoast SEO plugin v26.8 - https:\/\/yoast.com\/product\/yoast-seo-wordpress\/ -->\n<title>Energy Double S - Gel en mousse<\/title>\n<meta name=\"description\" content=\"Le Gel en mousse Energy Double S compl\u00e8te l\u2019onctuosit\u00e9 d\u2019une mousse velout\u00e9e avec la t\u00e9nacit\u00e9 et la r\u00e9sistance d\u2019un gel\" \/>\n<meta name=\"robots\" content=\"index, follow, max-snippet:-1, max-image-preview:large, max-video-preview:-1\" \/>\n<link rel=\"canonical\" href=\"https:\/\/koster-italia.it\/fr\/prodotto\/energy-double-s\/\" \/>\n<meta property=\"og:locale\" content=\"fr_FR\" \/>\n<meta property=\"og:type\" content=\"article\" \/>\n<meta property=\"og:title\" content=\"Energy Double S - Gel en mousse\" \/>\n<meta property=\"og:description\" content=\"Le Gel en mousse Energy Double S compl\u00e8te l\u2019onctuosit\u00e9 d\u2019une mousse velout\u00e9e avec la t\u00e9nacit\u00e9 et la r\u00e9sistance d\u2019un gel\" \/>\n<meta property=\"og:url\" content=\"https:\/\/koster-italia.it\/fr\/prodotto\/energy-double-s\/\" \/>\n<meta property=\"og:site_name\" content=\"Koster Italia\" \/>\n<meta property=\"article:modified_time\" content=\"2023-01-20T13:14:45+00:00\" \/>\n<meta property=\"og:image\" content=\"https:\/\/koster-italia.it\/wp-content\/uploads\/2016\/04\/53006_koster_energy_all_gel_mousse_300ml.png\" \/>\n\t<meta property=\"og:image:width\" content=\"600\" \/>\n\t<meta property=\"og:image:height\" content=\"600\" \/>\n\t<meta property=\"og:image:type\" content=\"image\/png\" \/>\n<meta name=\"twitter:card\" content=\"summary_large_image\" \/>\n<meta name=\"twitter:label1\" content=\"Dur\u00e9e de lecture estim\u00e9e\" \/>\n\t<meta name=\"twitter:data1\" content=\"1 minute\" \/>\n<script type=\"application\/ld+json\" class=\"yoast-schema-graph\">{\"@context\":\"https:\/\/schema.org\",\"@graph\":[{\"@type\":\"WebPage\",\"@id\":\"https:\/\/koster-italia.it\/fr\/prodotto\/energy-double-s\/\",\"url\":\"https:\/\/koster-italia.it\/fr\/prodotto\/energy-double-s\/\",\"name\":\"Energy Double S - Gel en mousse\",\"isPartOf\":{\"@id\":\"https:\/\/koster-italia.it\/fr\/#website\"},\"primaryImageOfPage\":{\"@id\":\"https:\/\/koster-italia.it\/fr\/prodotto\/energy-double-s\/#primaryimage\"},\"image\":{\"@id\":\"https:\/\/koster-italia.it\/fr\/prodotto\/energy-double-s\/#primaryimage\"},\"thumbnailUrl\":\"https:\/\/koster-italia.it\/wp-content\/uploads\/2016\/04\/53006_koster_energy_all_gel_mousse_300ml.png\",\"datePublished\":\"2016-04-08T08:52:28+00:00\",\"dateModified\":\"2023-01-20T13:14:45+00:00\",\"description\":\"Le Gel en mousse Energy Double S compl\u00e8te l\u2019onctuosit\u00e9 d\u2019une mousse velout\u00e9e avec la t\u00e9nacit\u00e9 et la r\u00e9sistance d\u2019un gel\",\"breadcrumb\":{\"@id\":\"https:\/\/koster-italia.it\/fr\/prodotto\/energy-double-s\/#breadcrumb\"},\"inLanguage\":\"fr-FR\",\"potentialAction\":[{\"@type\":\"ReadAction\",\"target\":[\"https:\/\/koster-italia.it\/fr\/prodotto\/energy-double-s\/\"]}]},{\"@type\":\"ImageObject\",\"inLanguage\":\"fr-FR\",\"@id\":\"https:\/\/koster-italia.it\/fr\/prodotto\/energy-double-s\/#primaryimage\",\"url\":\"https:\/\/koster-italia.it\/wp-content\/uploads\/2016\/04\/53006_koster_energy_all_gel_mousse_300ml.png\",\"contentUrl\":\"https:\/\/koster-italia.it\/wp-content\/uploads\/2016\/04\/53006_koster_energy_all_gel_mousse_300ml.png\",\"width\":600,\"height\":600},{\"@type\":\"BreadcrumbList\",\"@id\":\"https:\/\/koster-italia.it\/fr\/prodotto\/energy-double-s\/#breadcrumb\",\"itemListElement\":[{\"@type\":\"ListItem\",\"position\":1,\"name\":\"Home\",\"item\":\"https:\/\/koster-italia.it\/fr\/\"},{\"@type\":\"ListItem\",\"position\":2,\"name\":\"Produits\",\"item\":\"https:\/\/koster-italia.it\/fr\/shop\/\"},{\"@type\":\"ListItem\",\"position\":3,\"name\":\"Energy &#8211; Double S\"}]},{\"@type\":\"WebSite\",\"@id\":\"https:\/\/koster-italia.it\/fr\/#website\",\"url\":\"https:\/\/koster-italia.it\/fr\/\",\"name\":\"Koster Italia\",\"description\":\"Prodotti professionali per parrucchieri\",\"potentialAction\":[{\"@type\":\"SearchAction\",\"target\":{\"@type\":\"EntryPoint\",\"urlTemplate\":\"https:\/\/koster-italia.it\/fr\/?s={search_term_string}\"},\"query-input\":{\"@type\":\"PropertyValueSpecification\",\"valueRequired\":true,\"valueName\":\"search_term_string\"}}],\"inLanguage\":\"fr-FR\"}]}<\/script>\n<!-- \/ Yoast SEO plugin. -->","yoast_head_json":{"title":"Energy Double S - Gel en mousse","description":"Le Gel en mousse Energy Double S compl\u00e8te l\u2019onctuosit\u00e9 d\u2019une mousse velout\u00e9e avec la t\u00e9nacit\u00e9 et la r\u00e9sistance d\u2019un gel","robots":{"index":"index","follow":"follow","max-snippet":"max-snippet:-1","max-image-preview":"max-image-preview:large","max-video-preview":"max-video-preview:-1"},"canonical":"https:\/\/koster-italia.it\/fr\/prodotto\/energy-double-s\/","og_locale":"fr_FR","og_type":"article","og_title":"Energy Double S - Gel en mousse","og_description":"Le Gel en mousse Energy Double S compl\u00e8te l\u2019onctuosit\u00e9 d\u2019une mousse velout\u00e9e avec la t\u00e9nacit\u00e9 et la r\u00e9sistance d\u2019un gel","og_url":"https:\/\/koster-italia.it\/fr\/prodotto\/energy-double-s\/","og_site_name":"Koster Italia","article_modified_time":"2023-01-20T13:14:45+00:00","og_image":[{"width":600,"height":600,"url":"https:\/\/koster-italia.it\/wp-content\/uploads\/2016\/04\/53006_koster_energy_all_gel_mousse_300ml.png","type":"image\/png"}],"twitter_card":"summary_large_image","twitter_misc":{"Dur\u00e9e de lecture estim\u00e9e":"1 minute"},"schema":{"@context":"https:\/\/schema.org","@graph":[{"@type":"WebPage","@id":"https:\/\/koster-italia.it\/fr\/prodotto\/energy-double-s\/","url":"https:\/\/koster-italia.it\/fr\/prodotto\/energy-double-s\/","name":"Energy Double S - Gel en mousse","isPartOf":{"@id":"https:\/\/koster-italia.it\/fr\/#website"},"primaryImageOfPage":{"@id":"https:\/\/koster-italia.it\/fr\/prodotto\/energy-double-s\/#primaryimage"},"image":{"@id":"https:\/\/koster-italia.it\/fr\/prodotto\/energy-double-s\/#primaryimage"},"thumbnailUrl":"https:\/\/koster-italia.it\/wp-content\/uploads\/2016\/04\/53006_koster_energy_all_gel_mousse_300ml.png","datePublished":"2016-04-08T08:52:28+00:00","dateModified":"2023-01-20T13:14:45+00:00","description":"Le Gel en mousse Energy Double S compl\u00e8te l\u2019onctuosit\u00e9 d\u2019une mousse velout\u00e9e avec la t\u00e9nacit\u00e9 et la r\u00e9sistance d\u2019un gel","breadcrumb":{"@id":"https:\/\/koster-italia.it\/fr\/prodotto\/energy-double-s\/#breadcrumb"},"inLanguage":"fr-FR","potentialAction":[{"@type":"ReadAction","target":["https:\/\/koster-italia.it\/fr\/prodotto\/energy-double-s\/"]}]},{"@type":"ImageObject","inLanguage":"fr-FR","@id":"https:\/\/koster-italia.it\/fr\/prodotto\/energy-double-s\/#primaryimage","url":"https:\/\/koster-italia.it\/wp-content\/uploads\/2016\/04\/53006_koster_energy_all_gel_mousse_300ml.png","contentUrl":"https:\/\/koster-italia.it\/wp-content\/uploads\/2016\/04\/53006_koster_energy_all_gel_mousse_300ml.png","width":600,"height":600},{"@type":"BreadcrumbList","@id":"https:\/\/koster-italia.it\/fr\/prodotto\/energy-double-s\/#breadcrumb","itemListElement":[{"@type":"ListItem","position":1,"name":"Home","item":"https:\/\/koster-italia.it\/fr\/"},{"@type":"ListItem","position":2,"name":"Produits","item":"https:\/\/koster-italia.it\/fr\/shop\/"},{"@type":"ListItem","position":3,"name":"Energy &#8211; Double S"}]},{"@type":"WebSite","@id":"https:\/\/koster-italia.it\/fr\/#website","url":"https:\/\/koster-italia.it\/fr\/","name":"Koster Italia","description":"Prodotti professionali per parrucchieri","potentialAction":[{"@type":"SearchAction","target":{"@type":"EntryPoint","urlTemplate":"https:\/\/koster-italia.it\/fr\/?s={search_term_string}"},"query-input":{"@type":"PropertyValueSpecification","valueRequired":true,"valueName":"search_term_string"}}],"inLanguage":"fr-FR"}]}},"_links":{"self":[{"href":"https:\/\/koster-italia.it\/fr\/wp-json\/wp\/v2\/product\/18618","targetHints":{"allow":["GET"]}}],"collection":[{"href":"https:\/\/koster-italia.it\/fr\/wp-json\/wp\/v2\/product"}],"about":[{"href":"https:\/\/koster-italia.it\/fr\/wp-json\/wp\/v2\/types\/product"}],"wp:featuredmedia":[{"embeddable":true,"href":"https:\/\/koster-italia.it\/fr\/wp-json\/wp\/v2\/media\/18726"}],"wp:attachment":[{"href":"https:\/\/koster-italia.it\/fr\/wp-json\/wp\/v2\/media?parent=18618"}],"wp:term":[{"taxonomy":"product_brand","embeddable":true,"href":"https:\/\/koster-italia.it\/fr\/wp-json\/wp\/v2\/product_brand?post=18618"},{"taxonomy":"product_cat","embeddable":true,"href":"https:\/\/koster-italia.it\/fr\/wp-json\/wp\/v2\/product_cat?post=18618"},{"taxonomy":"product_tag","embeddable":true,"href":"https:\/\/koster-italia.it\/fr\/wp-json\/wp\/v2\/product_tag?post=18618"}],"curies":[{"name":"wp","href":"https:\/\/api.w.org\/{rel}","templated":true}]}}