{"id":18617,"date":"2016-04-08T10:57:01","date_gmt":"2016-04-08T08:57:01","guid":{"rendered":"https:\/\/koster-italia.it\/prodotto\/energy-two-lotion\/"},"modified":"2022-12-06T10:16:08","modified_gmt":"2022-12-06T09:16:08","slug":"energy-two-lotion","status":"publish","type":"product","link":"https:\/\/koster-italia.it\/fr\/prodotto\/energy-two-lotion\/","title":{"rendered":"Energy \u2013 Two lotion"},"content":{"rendered":"<p>Action <strong>anti-frisottis<\/strong> intense<\/p>\n<p>Formulation qui<strong> pr\u00e9vient<\/strong> la formation des <strong>pointes fourchues<\/strong><\/p>\n<p><strong>N\u2019alourdit pas<\/strong><\/p>\n","protected":false},"excerpt":{"rendered":"<p><strong>Two lotion Energy, <\/strong>conditionnant biphasique instantan\u00e9 sans rin\u00e7age pour des <strong>cheveux doux<\/strong> et faciles \u00e0 peigner. Aide \u00e0 r\u00e9duire l\u2019effet cr\u00e9pu et \u00e0 pr\u00e9venir la <strong>formation des pointes fourchues<\/strong> sans alourdir les cheveux. Vaporis\u00e9 sur la chevelure, il enveloppe la structure capillaire d\u2019un <strong>film uniforme<\/strong>, pr\u00e9servant son bien-\u00eatre et offrant <strong>brillance, douceur et facilit\u00e9 de coiffage<\/strong>.<\/p>\n<p>Usage professionnel<\/p>\n<p>Format 250 ml<\/p>\n","protected":false},"featured_media":18888,"template":"","meta":[],"product_brand":[],"product_cat":[733],"product_tag":[],"class_list":{"0":"post-18617","1":"product","2":"type-product","3":"status-publish","4":"has-post-thumbnail","6":"product_cat-styling-finishing-fr","8":"first","9":"instock","10":"shipping-taxable","11":"product-type-simple"},"yoast_head":"<!-- This site is optimized with the Yoast SEO plugin v26.8 - https:\/\/yoast.com\/product\/yoast-seo-wordpress\/ -->\n<title>Energy \u2013 Two lotion<\/title>\n<meta name=\"description\" content=\"Two lotion Energy, conditionnant biphasique instantan\u00e9 sans rin\u00e7age pour des cheveux doux et faciles \u00e0 peigner.\" \/>\n<meta name=\"robots\" content=\"index, follow, max-snippet:-1, max-image-preview:large, max-video-preview:-1\" \/>\n<link rel=\"canonical\" href=\"https:\/\/koster-italia.it\/fr\/prodotto\/energy-two-lotion\/\" \/>\n<meta property=\"og:locale\" content=\"fr_FR\" \/>\n<meta property=\"og:type\" content=\"article\" \/>\n<meta property=\"og:title\" content=\"Energy \u2013 Two lotion\" \/>\n<meta property=\"og:description\" content=\"Two lotion Energy, conditionnant biphasique instantan\u00e9 sans rin\u00e7age pour des cheveux doux et faciles \u00e0 peigner.\" \/>\n<meta property=\"og:url\" content=\"https:\/\/koster-italia.it\/fr\/prodotto\/energy-two-lotion\/\" \/>\n<meta property=\"og:site_name\" content=\"Koster Italia\" \/>\n<meta property=\"article:modified_time\" content=\"2022-12-06T09:16:08+00:00\" \/>\n<meta property=\"og:image\" content=\"https:\/\/koster-italia.it\/wp-content\/uploads\/2016\/04\/koster_energy_hair_finish_styling_two_lotion_condizionante_bifasico_250ml-1.png\" \/>\n\t<meta property=\"og:image:width\" content=\"800\" \/>\n\t<meta property=\"og:image:height\" content=\"800\" \/>\n\t<meta property=\"og:image:type\" content=\"image\/png\" \/>\n<meta name=\"twitter:card\" content=\"summary_large_image\" \/>\n<meta name=\"twitter:label1\" content=\"Dur\u00e9e de lecture estim\u00e9e\" \/>\n\t<meta name=\"twitter:data1\" content=\"1 minute\" \/>\n<script type=\"application\/ld+json\" class=\"yoast-schema-graph\">{\"@context\":\"https:\/\/schema.org\",\"@graph\":[{\"@type\":\"WebPage\",\"@id\":\"https:\/\/koster-italia.it\/fr\/prodotto\/energy-two-lotion\/\",\"url\":\"https:\/\/koster-italia.it\/fr\/prodotto\/energy-two-lotion\/\",\"name\":\"Energy \u2013 Two lotion\",\"isPartOf\":{\"@id\":\"https:\/\/koster-italia.it\/fr\/#website\"},\"primaryImageOfPage\":{\"@id\":\"https:\/\/koster-italia.it\/fr\/prodotto\/energy-two-lotion\/#primaryimage\"},\"image\":{\"@id\":\"https:\/\/koster-italia.it\/fr\/prodotto\/energy-two-lotion\/#primaryimage\"},\"thumbnailUrl\":\"https:\/\/koster-italia.it\/wp-content\/uploads\/2016\/04\/53022_koster_energy_hair_finish_styling_two_lotion_condizionante_bifasico_250ml.png\",\"datePublished\":\"2016-04-08T08:57:01+00:00\",\"dateModified\":\"2022-12-06T09:16:08+00:00\",\"description\":\"Two lotion Energy, conditionnant biphasique instantan\u00e9 sans rin\u00e7age pour des cheveux doux et faciles \u00e0 peigner.\",\"breadcrumb\":{\"@id\":\"https:\/\/koster-italia.it\/fr\/prodotto\/energy-two-lotion\/#breadcrumb\"},\"inLanguage\":\"fr-FR\",\"potentialAction\":[{\"@type\":\"ReadAction\",\"target\":[\"https:\/\/koster-italia.it\/fr\/prodotto\/energy-two-lotion\/\"]}]},{\"@type\":\"ImageObject\",\"inLanguage\":\"fr-FR\",\"@id\":\"https:\/\/koster-italia.it\/fr\/prodotto\/energy-two-lotion\/#primaryimage\",\"url\":\"https:\/\/koster-italia.it\/wp-content\/uploads\/2016\/04\/53022_koster_energy_hair_finish_styling_two_lotion_condizionante_bifasico_250ml.png\",\"contentUrl\":\"https:\/\/koster-italia.it\/wp-content\/uploads\/2016\/04\/53022_koster_energy_hair_finish_styling_two_lotion_condizionante_bifasico_250ml.png\",\"width\":600,\"height\":600},{\"@type\":\"BreadcrumbList\",\"@id\":\"https:\/\/koster-italia.it\/fr\/prodotto\/energy-two-lotion\/#breadcrumb\",\"itemListElement\":[{\"@type\":\"ListItem\",\"position\":1,\"name\":\"Home\",\"item\":\"https:\/\/koster-italia.it\/fr\/\"},{\"@type\":\"ListItem\",\"position\":2,\"name\":\"Produits\",\"item\":\"https:\/\/koster-italia.it\/fr\/shop\/\"},{\"@type\":\"ListItem\",\"position\":3,\"name\":\"Energy \u2013 Two lotion\"}]},{\"@type\":\"WebSite\",\"@id\":\"https:\/\/koster-italia.it\/fr\/#website\",\"url\":\"https:\/\/koster-italia.it\/fr\/\",\"name\":\"Koster Italia\",\"description\":\"Prodotti professionali per parrucchieri\",\"potentialAction\":[{\"@type\":\"SearchAction\",\"target\":{\"@type\":\"EntryPoint\",\"urlTemplate\":\"https:\/\/koster-italia.it\/fr\/?s={search_term_string}\"},\"query-input\":{\"@type\":\"PropertyValueSpecification\",\"valueRequired\":true,\"valueName\":\"search_term_string\"}}],\"inLanguage\":\"fr-FR\"}]}<\/script>\n<!-- \/ Yoast SEO plugin. -->","yoast_head_json":{"title":"Energy \u2013 Two lotion","description":"Two lotion Energy, conditionnant biphasique instantan\u00e9 sans rin\u00e7age pour des cheveux doux et faciles \u00e0 peigner.","robots":{"index":"index","follow":"follow","max-snippet":"max-snippet:-1","max-image-preview":"max-image-preview:large","max-video-preview":"max-video-preview:-1"},"canonical":"https:\/\/koster-italia.it\/fr\/prodotto\/energy-two-lotion\/","og_locale":"fr_FR","og_type":"article","og_title":"Energy \u2013 Two lotion","og_description":"Two lotion Energy, conditionnant biphasique instantan\u00e9 sans rin\u00e7age pour des cheveux doux et faciles \u00e0 peigner.","og_url":"https:\/\/koster-italia.it\/fr\/prodotto\/energy-two-lotion\/","og_site_name":"Koster Italia","article_modified_time":"2022-12-06T09:16:08+00:00","og_image":[{"width":800,"height":800,"url":"https:\/\/koster-italia.it\/wp-content\/uploads\/2016\/04\/koster_energy_hair_finish_styling_two_lotion_condizionante_bifasico_250ml-1.png","type":"image\/png"}],"twitter_card":"summary_large_image","twitter_misc":{"Dur\u00e9e de lecture estim\u00e9e":"1 minute"},"schema":{"@context":"https:\/\/schema.org","@graph":[{"@type":"WebPage","@id":"https:\/\/koster-italia.it\/fr\/prodotto\/energy-two-lotion\/","url":"https:\/\/koster-italia.it\/fr\/prodotto\/energy-two-lotion\/","name":"Energy \u2013 Two lotion","isPartOf":{"@id":"https:\/\/koster-italia.it\/fr\/#website"},"primaryImageOfPage":{"@id":"https:\/\/koster-italia.it\/fr\/prodotto\/energy-two-lotion\/#primaryimage"},"image":{"@id":"https:\/\/koster-italia.it\/fr\/prodotto\/energy-two-lotion\/#primaryimage"},"thumbnailUrl":"https:\/\/koster-italia.it\/wp-content\/uploads\/2016\/04\/53022_koster_energy_hair_finish_styling_two_lotion_condizionante_bifasico_250ml.png","datePublished":"2016-04-08T08:57:01+00:00","dateModified":"2022-12-06T09:16:08+00:00","description":"Two lotion Energy, conditionnant biphasique instantan\u00e9 sans rin\u00e7age pour des cheveux doux et faciles \u00e0 peigner.","breadcrumb":{"@id":"https:\/\/koster-italia.it\/fr\/prodotto\/energy-two-lotion\/#breadcrumb"},"inLanguage":"fr-FR","potentialAction":[{"@type":"ReadAction","target":["https:\/\/koster-italia.it\/fr\/prodotto\/energy-two-lotion\/"]}]},{"@type":"ImageObject","inLanguage":"fr-FR","@id":"https:\/\/koster-italia.it\/fr\/prodotto\/energy-two-lotion\/#primaryimage","url":"https:\/\/koster-italia.it\/wp-content\/uploads\/2016\/04\/53022_koster_energy_hair_finish_styling_two_lotion_condizionante_bifasico_250ml.png","contentUrl":"https:\/\/koster-italia.it\/wp-content\/uploads\/2016\/04\/53022_koster_energy_hair_finish_styling_two_lotion_condizionante_bifasico_250ml.png","width":600,"height":600},{"@type":"BreadcrumbList","@id":"https:\/\/koster-italia.it\/fr\/prodotto\/energy-two-lotion\/#breadcrumb","itemListElement":[{"@type":"ListItem","position":1,"name":"Home","item":"https:\/\/koster-italia.it\/fr\/"},{"@type":"ListItem","position":2,"name":"Produits","item":"https:\/\/koster-italia.it\/fr\/shop\/"},{"@type":"ListItem","position":3,"name":"Energy \u2013 Two lotion"}]},{"@type":"WebSite","@id":"https:\/\/koster-italia.it\/fr\/#website","url":"https:\/\/koster-italia.it\/fr\/","name":"Koster Italia","description":"Prodotti professionali per parrucchieri","potentialAction":[{"@type":"SearchAction","target":{"@type":"EntryPoint","urlTemplate":"https:\/\/koster-italia.it\/fr\/?s={search_term_string}"},"query-input":{"@type":"PropertyValueSpecification","valueRequired":true,"valueName":"search_term_string"}}],"inLanguage":"fr-FR"}]}},"_links":{"self":[{"href":"https:\/\/koster-italia.it\/fr\/wp-json\/wp\/v2\/product\/18617","targetHints":{"allow":["GET"]}}],"collection":[{"href":"https:\/\/koster-italia.it\/fr\/wp-json\/wp\/v2\/product"}],"about":[{"href":"https:\/\/koster-italia.it\/fr\/wp-json\/wp\/v2\/types\/product"}],"wp:featuredmedia":[{"embeddable":true,"href":"https:\/\/koster-italia.it\/fr\/wp-json\/wp\/v2\/media\/18888"}],"wp:attachment":[{"href":"https:\/\/koster-italia.it\/fr\/wp-json\/wp\/v2\/media?parent=18617"}],"wp:term":[{"taxonomy":"product_brand","embeddable":true,"href":"https:\/\/koster-italia.it\/fr\/wp-json\/wp\/v2\/product_brand?post=18617"},{"taxonomy":"product_cat","embeddable":true,"href":"https:\/\/koster-italia.it\/fr\/wp-json\/wp\/v2\/product_cat?post=18617"},{"taxonomy":"product_tag","embeddable":true,"href":"https:\/\/koster-italia.it\/fr\/wp-json\/wp\/v2\/product_tag?post=18617"}],"curies":[{"name":"wp","href":"https:\/\/api.w.org\/{rel}","templated":true}]}}