{"id":18615,"date":"2020-07-30T12:51:55","date_gmt":"2020-07-30T10:51:55","guid":{"rendered":"https:\/\/koster-italia.it\/prodotto\/energy-designer-mousse\/"},"modified":"2024-02-16T12:22:38","modified_gmt":"2024-02-16T11:22:38","slug":"energy-h-design-mousse-ravivant-les-boucles","status":"publish","type":"product","link":"https:\/\/koster-italia.it\/fr\/prodotto\/energy-h-design-mousse-ravivant-les-boucles\/","title":{"rendered":"Energy &#8211; H-Design Mousse ravivant les boucles"},"content":{"rendered":"<p><strong>Formule ravivant les boucles<\/strong>, pour cheveux \u00e9lastiques et d\u00e9finis<\/p>\n<p>Action sur cheveux cr\u00e9pus<\/p>\n","protected":false},"excerpt":{"rendered":"<p><strong>Mousse ravivant<\/strong> <strong>les boucles <\/strong>sans rin\u00e7age. Appliqu\u00e9e r\u00e9guli\u00e8rement sur la chevelure, elle valorise l&rsquo;aspect ondul\u00e9 des boucles, harmonise le volume et <strong>pr\u00e9vient l&rsquo;effet cr\u00e9pu<\/strong>. La mousse rend les cheveux plus <strong>lumineux et \u00e9lastiques<\/strong>, soutient et d\u00e9finit les boucles, qu&rsquo;elles soient naturelles ou permanent\u00e9es.<\/p>\n<p>Format 300\u00a0ml<\/p>\n","protected":false},"featured_media":21343,"template":"","meta":[],"product_brand":[],"product_cat":[733],"product_tag":[],"class_list":{"0":"post-18615","1":"product","2":"type-product","3":"status-publish","4":"has-post-thumbnail","6":"product_cat-styling-finishing-fr","8":"first","9":"instock","10":"shipping-taxable","11":"product-type-simple"},"yoast_head":"<!-- This site is optimized with the Yoast SEO plugin v26.8 - https:\/\/yoast.com\/product\/yoast-seo-wordpress\/ -->\n<title>Energy - H-Design Mousse ravivant les boucles - Koster Italia<\/title>\n<meta name=\"description\" content=\"Mousse ravivant les boucles sans rin\u00e7age. Appliqu\u00e9e r\u00e9guli\u00e8rement sur la chevelure, elle valorise l&#039;aspect ondul\u00e9 des boucles, harmonise le volume et pr\u00e9vient l&#039;effet cr\u00e9pu.\" \/>\n<meta name=\"robots\" content=\"index, follow, max-snippet:-1, max-image-preview:large, max-video-preview:-1\" \/>\n<link rel=\"canonical\" href=\"https:\/\/koster-italia.it\/fr\/prodotto\/energy-h-design-mousse-ravivant-les-boucles\/\" \/>\n<meta property=\"og:locale\" content=\"fr_FR\" \/>\n<meta property=\"og:type\" content=\"article\" \/>\n<meta property=\"og:title\" content=\"Energy - H-Design Mousse ravivant les boucles - Koster Italia\" \/>\n<meta property=\"og:description\" content=\"Mousse ravivant les boucles sans rin\u00e7age. Appliqu\u00e9e r\u00e9guli\u00e8rement sur la chevelure, elle valorise l&#039;aspect ondul\u00e9 des boucles, harmonise le volume et pr\u00e9vient l&#039;effet cr\u00e9pu.\" \/>\n<meta property=\"og:url\" content=\"https:\/\/koster-italia.it\/fr\/prodotto\/energy-h-design-mousse-ravivant-les-boucles\/\" \/>\n<meta property=\"og:site_name\" content=\"Koster Italia\" \/>\n<meta property=\"article:modified_time\" content=\"2024-02-16T11:22:38+00:00\" \/>\n<meta property=\"og:image\" content=\"https:\/\/koster-italia.it\/wp-content\/uploads\/2020\/07\/53003_koster_energy_h-design_300ml.png\" \/>\n\t<meta property=\"og:image:width\" content=\"800\" \/>\n\t<meta property=\"og:image:height\" content=\"800\" \/>\n\t<meta property=\"og:image:type\" content=\"image\/png\" \/>\n<meta name=\"twitter:card\" content=\"summary_large_image\" \/>\n<meta name=\"twitter:label1\" content=\"Dur\u00e9e de lecture estim\u00e9e\" \/>\n\t<meta name=\"twitter:data1\" content=\"1 minute\" \/>\n<script type=\"application\/ld+json\" class=\"yoast-schema-graph\">{\"@context\":\"https:\/\/schema.org\",\"@graph\":[{\"@type\":\"WebPage\",\"@id\":\"https:\/\/koster-italia.it\/fr\/prodotto\/energy-h-design-mousse-ravivant-les-boucles\/\",\"url\":\"https:\/\/koster-italia.it\/fr\/prodotto\/energy-h-design-mousse-ravivant-les-boucles\/\",\"name\":\"Energy - H-Design Mousse ravivant les boucles - Koster Italia\",\"isPartOf\":{\"@id\":\"https:\/\/koster-italia.it\/fr\/#website\"},\"primaryImageOfPage\":{\"@id\":\"https:\/\/koster-italia.it\/fr\/prodotto\/energy-h-design-mousse-ravivant-les-boucles\/#primaryimage\"},\"image\":{\"@id\":\"https:\/\/koster-italia.it\/fr\/prodotto\/energy-h-design-mousse-ravivant-les-boucles\/#primaryimage\"},\"thumbnailUrl\":\"https:\/\/koster-italia.it\/wp-content\/uploads\/2020\/07\/53003_koster_energy_h-design_300ml.png\",\"datePublished\":\"2020-07-30T10:51:55+00:00\",\"dateModified\":\"2024-02-16T11:22:38+00:00\",\"description\":\"Mousse ravivant les boucles sans rin\u00e7age. Appliqu\u00e9e r\u00e9guli\u00e8rement sur la chevelure, elle valorise l'aspect ondul\u00e9 des boucles, harmonise le volume et pr\u00e9vient l'effet cr\u00e9pu.\",\"breadcrumb\":{\"@id\":\"https:\/\/koster-italia.it\/fr\/prodotto\/energy-h-design-mousse-ravivant-les-boucles\/#breadcrumb\"},\"inLanguage\":\"fr-FR\",\"potentialAction\":[{\"@type\":\"ReadAction\",\"target\":[\"https:\/\/koster-italia.it\/fr\/prodotto\/energy-h-design-mousse-ravivant-les-boucles\/\"]}]},{\"@type\":\"ImageObject\",\"inLanguage\":\"fr-FR\",\"@id\":\"https:\/\/koster-italia.it\/fr\/prodotto\/energy-h-design-mousse-ravivant-les-boucles\/#primaryimage\",\"url\":\"https:\/\/koster-italia.it\/wp-content\/uploads\/2020\/07\/53003_koster_energy_h-design_300ml.png\",\"contentUrl\":\"https:\/\/koster-italia.it\/wp-content\/uploads\/2020\/07\/53003_koster_energy_h-design_300ml.png\",\"width\":800,\"height\":800},{\"@type\":\"BreadcrumbList\",\"@id\":\"https:\/\/koster-italia.it\/fr\/prodotto\/energy-h-design-mousse-ravivant-les-boucles\/#breadcrumb\",\"itemListElement\":[{\"@type\":\"ListItem\",\"position\":1,\"name\":\"Home\",\"item\":\"https:\/\/koster-italia.it\/fr\/\"},{\"@type\":\"ListItem\",\"position\":2,\"name\":\"Produits\",\"item\":\"https:\/\/koster-italia.it\/fr\/shop\/\"},{\"@type\":\"ListItem\",\"position\":3,\"name\":\"Energy &#8211; H-Design Mousse ravivant les boucles\"}]},{\"@type\":\"WebSite\",\"@id\":\"https:\/\/koster-italia.it\/fr\/#website\",\"url\":\"https:\/\/koster-italia.it\/fr\/\",\"name\":\"Koster Italia\",\"description\":\"Prodotti professionali per parrucchieri\",\"potentialAction\":[{\"@type\":\"SearchAction\",\"target\":{\"@type\":\"EntryPoint\",\"urlTemplate\":\"https:\/\/koster-italia.it\/fr\/?s={search_term_string}\"},\"query-input\":{\"@type\":\"PropertyValueSpecification\",\"valueRequired\":true,\"valueName\":\"search_term_string\"}}],\"inLanguage\":\"fr-FR\"}]}<\/script>\n<!-- \/ Yoast SEO plugin. -->","yoast_head_json":{"title":"Energy - H-Design Mousse ravivant les boucles - Koster Italia","description":"Mousse ravivant les boucles sans rin\u00e7age. Appliqu\u00e9e r\u00e9guli\u00e8rement sur la chevelure, elle valorise l'aspect ondul\u00e9 des boucles, harmonise le volume et pr\u00e9vient l'effet cr\u00e9pu.","robots":{"index":"index","follow":"follow","max-snippet":"max-snippet:-1","max-image-preview":"max-image-preview:large","max-video-preview":"max-video-preview:-1"},"canonical":"https:\/\/koster-italia.it\/fr\/prodotto\/energy-h-design-mousse-ravivant-les-boucles\/","og_locale":"fr_FR","og_type":"article","og_title":"Energy - H-Design Mousse ravivant les boucles - Koster Italia","og_description":"Mousse ravivant les boucles sans rin\u00e7age. Appliqu\u00e9e r\u00e9guli\u00e8rement sur la chevelure, elle valorise l'aspect ondul\u00e9 des boucles, harmonise le volume et pr\u00e9vient l'effet cr\u00e9pu.","og_url":"https:\/\/koster-italia.it\/fr\/prodotto\/energy-h-design-mousse-ravivant-les-boucles\/","og_site_name":"Koster Italia","article_modified_time":"2024-02-16T11:22:38+00:00","og_image":[{"width":800,"height":800,"url":"https:\/\/koster-italia.it\/wp-content\/uploads\/2020\/07\/53003_koster_energy_h-design_300ml.png","type":"image\/png"}],"twitter_card":"summary_large_image","twitter_misc":{"Dur\u00e9e de lecture estim\u00e9e":"1 minute"},"schema":{"@context":"https:\/\/schema.org","@graph":[{"@type":"WebPage","@id":"https:\/\/koster-italia.it\/fr\/prodotto\/energy-h-design-mousse-ravivant-les-boucles\/","url":"https:\/\/koster-italia.it\/fr\/prodotto\/energy-h-design-mousse-ravivant-les-boucles\/","name":"Energy - H-Design Mousse ravivant les boucles - Koster Italia","isPartOf":{"@id":"https:\/\/koster-italia.it\/fr\/#website"},"primaryImageOfPage":{"@id":"https:\/\/koster-italia.it\/fr\/prodotto\/energy-h-design-mousse-ravivant-les-boucles\/#primaryimage"},"image":{"@id":"https:\/\/koster-italia.it\/fr\/prodotto\/energy-h-design-mousse-ravivant-les-boucles\/#primaryimage"},"thumbnailUrl":"https:\/\/koster-italia.it\/wp-content\/uploads\/2020\/07\/53003_koster_energy_h-design_300ml.png","datePublished":"2020-07-30T10:51:55+00:00","dateModified":"2024-02-16T11:22:38+00:00","description":"Mousse ravivant les boucles sans rin\u00e7age. Appliqu\u00e9e r\u00e9guli\u00e8rement sur la chevelure, elle valorise l'aspect ondul\u00e9 des boucles, harmonise le volume et pr\u00e9vient l'effet cr\u00e9pu.","breadcrumb":{"@id":"https:\/\/koster-italia.it\/fr\/prodotto\/energy-h-design-mousse-ravivant-les-boucles\/#breadcrumb"},"inLanguage":"fr-FR","potentialAction":[{"@type":"ReadAction","target":["https:\/\/koster-italia.it\/fr\/prodotto\/energy-h-design-mousse-ravivant-les-boucles\/"]}]},{"@type":"ImageObject","inLanguage":"fr-FR","@id":"https:\/\/koster-italia.it\/fr\/prodotto\/energy-h-design-mousse-ravivant-les-boucles\/#primaryimage","url":"https:\/\/koster-italia.it\/wp-content\/uploads\/2020\/07\/53003_koster_energy_h-design_300ml.png","contentUrl":"https:\/\/koster-italia.it\/wp-content\/uploads\/2020\/07\/53003_koster_energy_h-design_300ml.png","width":800,"height":800},{"@type":"BreadcrumbList","@id":"https:\/\/koster-italia.it\/fr\/prodotto\/energy-h-design-mousse-ravivant-les-boucles\/#breadcrumb","itemListElement":[{"@type":"ListItem","position":1,"name":"Home","item":"https:\/\/koster-italia.it\/fr\/"},{"@type":"ListItem","position":2,"name":"Produits","item":"https:\/\/koster-italia.it\/fr\/shop\/"},{"@type":"ListItem","position":3,"name":"Energy &#8211; H-Design Mousse ravivant les boucles"}]},{"@type":"WebSite","@id":"https:\/\/koster-italia.it\/fr\/#website","url":"https:\/\/koster-italia.it\/fr\/","name":"Koster Italia","description":"Prodotti professionali per parrucchieri","potentialAction":[{"@type":"SearchAction","target":{"@type":"EntryPoint","urlTemplate":"https:\/\/koster-italia.it\/fr\/?s={search_term_string}"},"query-input":{"@type":"PropertyValueSpecification","valueRequired":true,"valueName":"search_term_string"}}],"inLanguage":"fr-FR"}]}},"_links":{"self":[{"href":"https:\/\/koster-italia.it\/fr\/wp-json\/wp\/v2\/product\/18615","targetHints":{"allow":["GET"]}}],"collection":[{"href":"https:\/\/koster-italia.it\/fr\/wp-json\/wp\/v2\/product"}],"about":[{"href":"https:\/\/koster-italia.it\/fr\/wp-json\/wp\/v2\/types\/product"}],"wp:featuredmedia":[{"embeddable":true,"href":"https:\/\/koster-italia.it\/fr\/wp-json\/wp\/v2\/media\/21343"}],"wp:attachment":[{"href":"https:\/\/koster-italia.it\/fr\/wp-json\/wp\/v2\/media?parent=18615"}],"wp:term":[{"taxonomy":"product_brand","embeddable":true,"href":"https:\/\/koster-italia.it\/fr\/wp-json\/wp\/v2\/product_brand?post=18615"},{"taxonomy":"product_cat","embeddable":true,"href":"https:\/\/koster-italia.it\/fr\/wp-json\/wp\/v2\/product_cat?post=18615"},{"taxonomy":"product_tag","embeddable":true,"href":"https:\/\/koster-italia.it\/fr\/wp-json\/wp\/v2\/product_tag?post=18615"}],"curies":[{"name":"wp","href":"https:\/\/api.w.org\/{rel}","templated":true}]}}