{"id":18612,"date":"2016-04-08T11:23:05","date_gmt":"2016-04-08T09:23:05","guid":{"rendered":"https:\/\/koster-italia.it\/prodotto\/phitja-shampooing-a-lessence-de-mangue-et-aloe-vera\/"},"modified":"2022-12-06T09:54:28","modified_gmt":"2022-12-06T08:54:28","slug":"phitja-shampooing-a-lessence-de-mangue-et-aloe-vera","status":"publish","type":"product","link":"https:\/\/koster-italia.it\/fr\/prodotto\/phitja-shampooing-a-lessence-de-mangue-et-aloe-vera\/","title":{"rendered":"Phitj\u00e0  \u2013 Shampooing a l\u2019Essence de Mangue et Aloe vera"},"content":{"rendered":"<p><strong>Extrait de mangue<\/strong>, reconstitue le film hydrolipidique du cheveu en pr\u00e9servant l\u2019<strong>hydratation<\/strong><\/p>\n<p>Formulation extr\u00eamement d\u00e9licate, id\u00e9ale pour <strong>lavages fr\u00e9quents<\/strong><\/p>\n<p><strong>Aloe Vera, <\/strong>riche en vitamines, min\u00e9raux et acides amin\u00e9s, nourrit profond\u00e9ment la tige<\/p>\n","protected":false},"excerpt":{"rendered":"<p>Le <strong>shampooing \u00e0 l\u2019essence de mangue et aloe vera Phitj\u00e0 <\/strong> Koster est caract\u00e9ris\u00e9 par une consistance riche et cr\u00e9meuse pour nourrir d\u00e9licatement le cheveu et l\u2019hydrater en profondeur. L\u2019Aloe Vera et l\u2019Extrait de Mangue exercent une action\u00a0<strong>protectrice<\/strong>\u00a0in\u00e9dite, reconstituant le film hydrolipidique qui <strong>pr\u00e9serve la tige capillaire<\/strong>\u00a0de la d\u00e9shydratation. Le shampooing Koster est id\u00e9al pour obtenir une chevelure\u00a0<strong>saine et pleine de vie<\/strong>. Sa formulation ultra-d\u00e9licate et revitalisante le rend indispensable pour effectuer des\u00a0<strong>lavages fr\u00e9quents et <\/strong><strong>particuli\u00e8rement indiqu\u00e9<\/strong><strong> pour les peaux sensibles<\/strong>.<\/p>\n<p>Usage professionnel<\/p>\n<p>Format 1 000 ml<\/p>\n","protected":false},"featured_media":17987,"template":"","meta":[],"product_brand":[],"product_cat":[732],"product_tag":[],"class_list":{"0":"post-18612","1":"product","2":"type-product","3":"status-publish","4":"has-post-thumbnail","6":"product_cat-salon-fr","8":"first","9":"instock","10":"shipping-taxable","11":"product-type-simple"},"yoast_head":"<!-- This site is optimized with the Yoast SEO plugin v26.8 - https:\/\/yoast.com\/product\/yoast-seo-wordpress\/ -->\n<title>Phitj\u00e0 \u2013 Shampooing a l\u2019Essence de Mangue et Aloe vera<\/title>\n<meta name=\"description\" content=\"Le shampooing \u00e0 l\u2019essence de mangue et aloe vera Phitj\u00e0 Koster est caract\u00e9ris\u00e9 par une consistance riche et cr\u00e9meuse pour nourrir d\u00e9licatement le cheveu et l\u2019hydrater en profondeur.\" \/>\n<meta name=\"robots\" content=\"index, follow, max-snippet:-1, max-image-preview:large, max-video-preview:-1\" \/>\n<link rel=\"canonical\" href=\"https:\/\/koster-italia.it\/fr\/prodotto\/phitja-shampooing-a-lessence-de-mangue-et-aloe-vera\/\" \/>\n<meta property=\"og:locale\" content=\"fr_FR\" \/>\n<meta property=\"og:type\" content=\"article\" \/>\n<meta property=\"og:title\" content=\"Phitj\u00e0 \u2013 Shampooing a l\u2019Essence de Mangue et Aloe vera\" \/>\n<meta property=\"og:description\" content=\"Le shampooing \u00e0 l\u2019essence de mangue et aloe vera Phitj\u00e0 Koster est caract\u00e9ris\u00e9 par une consistance riche et cr\u00e9meuse pour nourrir d\u00e9licatement le cheveu et l\u2019hydrater en profondeur.\" \/>\n<meta property=\"og:url\" content=\"https:\/\/koster-italia.it\/fr\/prodotto\/phitja-shampooing-a-lessence-de-mangue-et-aloe-vera\/\" \/>\n<meta property=\"og:site_name\" content=\"Koster Italia\" \/>\n<meta property=\"article:modified_time\" content=\"2022-12-06T08:54:28+00:00\" \/>\n<meta property=\"og:image\" content=\"https:\/\/koster-italia.it\/wp-content\/uploads\/2022\/09\/52026_koster_phitja_shampoo_mango_extract_aloe_vera_1000ml.png\" \/>\n\t<meta property=\"og:image:width\" content=\"600\" \/>\n\t<meta property=\"og:image:height\" content=\"600\" \/>\n\t<meta property=\"og:image:type\" content=\"image\/png\" \/>\n<meta name=\"twitter:card\" content=\"summary_large_image\" \/>\n<meta name=\"twitter:label1\" content=\"Dur\u00e9e de lecture estim\u00e9e\" \/>\n\t<meta name=\"twitter:data1\" content=\"1 minute\" \/>\n<script type=\"application\/ld+json\" class=\"yoast-schema-graph\">{\"@context\":\"https:\/\/schema.org\",\"@graph\":[{\"@type\":\"WebPage\",\"@id\":\"https:\/\/koster-italia.it\/fr\/prodotto\/phitja-shampooing-a-lessence-de-mangue-et-aloe-vera\/\",\"url\":\"https:\/\/koster-italia.it\/fr\/prodotto\/phitja-shampooing-a-lessence-de-mangue-et-aloe-vera\/\",\"name\":\"Phitj\u00e0 \u2013 Shampooing a l\u2019Essence de Mangue et Aloe vera\",\"isPartOf\":{\"@id\":\"https:\/\/koster-italia.it\/fr\/#website\"},\"primaryImageOfPage\":{\"@id\":\"https:\/\/koster-italia.it\/fr\/prodotto\/phitja-shampooing-a-lessence-de-mangue-et-aloe-vera\/#primaryimage\"},\"image\":{\"@id\":\"https:\/\/koster-italia.it\/fr\/prodotto\/phitja-shampooing-a-lessence-de-mangue-et-aloe-vera\/#primaryimage\"},\"thumbnailUrl\":\"https:\/\/koster-italia.it\/wp-content\/uploads\/2022\/09\/52026_koster_phitja_shampoo_mango_extract_aloe_vera_1000ml.png\",\"datePublished\":\"2016-04-08T09:23:05+00:00\",\"dateModified\":\"2022-12-06T08:54:28+00:00\",\"description\":\"Le shampooing \u00e0 l\u2019essence de mangue et aloe vera Phitj\u00e0 Koster est caract\u00e9ris\u00e9 par une consistance riche et cr\u00e9meuse pour nourrir d\u00e9licatement le cheveu et l\u2019hydrater en profondeur.\",\"breadcrumb\":{\"@id\":\"https:\/\/koster-italia.it\/fr\/prodotto\/phitja-shampooing-a-lessence-de-mangue-et-aloe-vera\/#breadcrumb\"},\"inLanguage\":\"fr-FR\",\"potentialAction\":[{\"@type\":\"ReadAction\",\"target\":[\"https:\/\/koster-italia.it\/fr\/prodotto\/phitja-shampooing-a-lessence-de-mangue-et-aloe-vera\/\"]}]},{\"@type\":\"ImageObject\",\"inLanguage\":\"fr-FR\",\"@id\":\"https:\/\/koster-italia.it\/fr\/prodotto\/phitja-shampooing-a-lessence-de-mangue-et-aloe-vera\/#primaryimage\",\"url\":\"https:\/\/koster-italia.it\/wp-content\/uploads\/2022\/09\/52026_koster_phitja_shampoo_mango_extract_aloe_vera_1000ml.png\",\"contentUrl\":\"https:\/\/koster-italia.it\/wp-content\/uploads\/2022\/09\/52026_koster_phitja_shampoo_mango_extract_aloe_vera_1000ml.png\",\"width\":600,\"height\":600},{\"@type\":\"BreadcrumbList\",\"@id\":\"https:\/\/koster-italia.it\/fr\/prodotto\/phitja-shampooing-a-lessence-de-mangue-et-aloe-vera\/#breadcrumb\",\"itemListElement\":[{\"@type\":\"ListItem\",\"position\":1,\"name\":\"Home\",\"item\":\"https:\/\/koster-italia.it\/fr\/\"},{\"@type\":\"ListItem\",\"position\":2,\"name\":\"Produits\",\"item\":\"https:\/\/koster-italia.it\/fr\/shop\/\"},{\"@type\":\"ListItem\",\"position\":3,\"name\":\"Phitj\u00e0 \u2013 Shampooing a l\u2019Essence de Mangue et Aloe vera\"}]},{\"@type\":\"WebSite\",\"@id\":\"https:\/\/koster-italia.it\/fr\/#website\",\"url\":\"https:\/\/koster-italia.it\/fr\/\",\"name\":\"Koster Italia\",\"description\":\"Prodotti professionali per parrucchieri\",\"potentialAction\":[{\"@type\":\"SearchAction\",\"target\":{\"@type\":\"EntryPoint\",\"urlTemplate\":\"https:\/\/koster-italia.it\/fr\/?s={search_term_string}\"},\"query-input\":{\"@type\":\"PropertyValueSpecification\",\"valueRequired\":true,\"valueName\":\"search_term_string\"}}],\"inLanguage\":\"fr-FR\"}]}<\/script>\n<!-- \/ Yoast SEO plugin. -->","yoast_head_json":{"title":"Phitj\u00e0 \u2013 Shampooing a l\u2019Essence de Mangue et Aloe vera","description":"Le shampooing \u00e0 l\u2019essence de mangue et aloe vera Phitj\u00e0 Koster est caract\u00e9ris\u00e9 par une consistance riche et cr\u00e9meuse pour nourrir d\u00e9licatement le cheveu et l\u2019hydrater en profondeur.","robots":{"index":"index","follow":"follow","max-snippet":"max-snippet:-1","max-image-preview":"max-image-preview:large","max-video-preview":"max-video-preview:-1"},"canonical":"https:\/\/koster-italia.it\/fr\/prodotto\/phitja-shampooing-a-lessence-de-mangue-et-aloe-vera\/","og_locale":"fr_FR","og_type":"article","og_title":"Phitj\u00e0 \u2013 Shampooing a l\u2019Essence de Mangue et Aloe vera","og_description":"Le shampooing \u00e0 l\u2019essence de mangue et aloe vera Phitj\u00e0 Koster est caract\u00e9ris\u00e9 par une consistance riche et cr\u00e9meuse pour nourrir d\u00e9licatement le cheveu et l\u2019hydrater en profondeur.","og_url":"https:\/\/koster-italia.it\/fr\/prodotto\/phitja-shampooing-a-lessence-de-mangue-et-aloe-vera\/","og_site_name":"Koster Italia","article_modified_time":"2022-12-06T08:54:28+00:00","og_image":[{"width":600,"height":600,"url":"https:\/\/koster-italia.it\/wp-content\/uploads\/2022\/09\/52026_koster_phitja_shampoo_mango_extract_aloe_vera_1000ml.png","type":"image\/png"}],"twitter_card":"summary_large_image","twitter_misc":{"Dur\u00e9e de lecture estim\u00e9e":"1 minute"},"schema":{"@context":"https:\/\/schema.org","@graph":[{"@type":"WebPage","@id":"https:\/\/koster-italia.it\/fr\/prodotto\/phitja-shampooing-a-lessence-de-mangue-et-aloe-vera\/","url":"https:\/\/koster-italia.it\/fr\/prodotto\/phitja-shampooing-a-lessence-de-mangue-et-aloe-vera\/","name":"Phitj\u00e0 \u2013 Shampooing a l\u2019Essence de Mangue et Aloe vera","isPartOf":{"@id":"https:\/\/koster-italia.it\/fr\/#website"},"primaryImageOfPage":{"@id":"https:\/\/koster-italia.it\/fr\/prodotto\/phitja-shampooing-a-lessence-de-mangue-et-aloe-vera\/#primaryimage"},"image":{"@id":"https:\/\/koster-italia.it\/fr\/prodotto\/phitja-shampooing-a-lessence-de-mangue-et-aloe-vera\/#primaryimage"},"thumbnailUrl":"https:\/\/koster-italia.it\/wp-content\/uploads\/2022\/09\/52026_koster_phitja_shampoo_mango_extract_aloe_vera_1000ml.png","datePublished":"2016-04-08T09:23:05+00:00","dateModified":"2022-12-06T08:54:28+00:00","description":"Le shampooing \u00e0 l\u2019essence de mangue et aloe vera Phitj\u00e0 Koster est caract\u00e9ris\u00e9 par une consistance riche et cr\u00e9meuse pour nourrir d\u00e9licatement le cheveu et l\u2019hydrater en profondeur.","breadcrumb":{"@id":"https:\/\/koster-italia.it\/fr\/prodotto\/phitja-shampooing-a-lessence-de-mangue-et-aloe-vera\/#breadcrumb"},"inLanguage":"fr-FR","potentialAction":[{"@type":"ReadAction","target":["https:\/\/koster-italia.it\/fr\/prodotto\/phitja-shampooing-a-lessence-de-mangue-et-aloe-vera\/"]}]},{"@type":"ImageObject","inLanguage":"fr-FR","@id":"https:\/\/koster-italia.it\/fr\/prodotto\/phitja-shampooing-a-lessence-de-mangue-et-aloe-vera\/#primaryimage","url":"https:\/\/koster-italia.it\/wp-content\/uploads\/2022\/09\/52026_koster_phitja_shampoo_mango_extract_aloe_vera_1000ml.png","contentUrl":"https:\/\/koster-italia.it\/wp-content\/uploads\/2022\/09\/52026_koster_phitja_shampoo_mango_extract_aloe_vera_1000ml.png","width":600,"height":600},{"@type":"BreadcrumbList","@id":"https:\/\/koster-italia.it\/fr\/prodotto\/phitja-shampooing-a-lessence-de-mangue-et-aloe-vera\/#breadcrumb","itemListElement":[{"@type":"ListItem","position":1,"name":"Home","item":"https:\/\/koster-italia.it\/fr\/"},{"@type":"ListItem","position":2,"name":"Produits","item":"https:\/\/koster-italia.it\/fr\/shop\/"},{"@type":"ListItem","position":3,"name":"Phitj\u00e0 \u2013 Shampooing a l\u2019Essence de Mangue et Aloe vera"}]},{"@type":"WebSite","@id":"https:\/\/koster-italia.it\/fr\/#website","url":"https:\/\/koster-italia.it\/fr\/","name":"Koster Italia","description":"Prodotti professionali per parrucchieri","potentialAction":[{"@type":"SearchAction","target":{"@type":"EntryPoint","urlTemplate":"https:\/\/koster-italia.it\/fr\/?s={search_term_string}"},"query-input":{"@type":"PropertyValueSpecification","valueRequired":true,"valueName":"search_term_string"}}],"inLanguage":"fr-FR"}]}},"_links":{"self":[{"href":"https:\/\/koster-italia.it\/fr\/wp-json\/wp\/v2\/product\/18612","targetHints":{"allow":["GET"]}}],"collection":[{"href":"https:\/\/koster-italia.it\/fr\/wp-json\/wp\/v2\/product"}],"about":[{"href":"https:\/\/koster-italia.it\/fr\/wp-json\/wp\/v2\/types\/product"}],"wp:featuredmedia":[{"embeddable":true,"href":"https:\/\/koster-italia.it\/fr\/wp-json\/wp\/v2\/media\/17987"}],"wp:attachment":[{"href":"https:\/\/koster-italia.it\/fr\/wp-json\/wp\/v2\/media?parent=18612"}],"wp:term":[{"taxonomy":"product_brand","embeddable":true,"href":"https:\/\/koster-italia.it\/fr\/wp-json\/wp\/v2\/product_brand?post=18612"},{"taxonomy":"product_cat","embeddable":true,"href":"https:\/\/koster-italia.it\/fr\/wp-json\/wp\/v2\/product_cat?post=18612"},{"taxonomy":"product_tag","embeddable":true,"href":"https:\/\/koster-italia.it\/fr\/wp-json\/wp\/v2\/product_tag?post=18612"}],"curies":[{"name":"wp","href":"https:\/\/api.w.org\/{rel}","templated":true}]}}