{"id":18610,"date":"2016-04-08T11:30:08","date_gmt":"2016-04-08T09:30:08","guid":{"rendered":"https:\/\/koster-italia.it\/prodotto\/phitja-shampooing-nourrissant-vitaminique\/"},"modified":"2023-03-13T15:59:59","modified_gmt":"2023-03-13T14:59:59","slug":"phitja-shampooing-nourrissant-vitaminique","status":"publish","type":"product","link":"https:\/\/koster-italia.it\/fr\/prodotto\/phitja-shampooing-nourrissant-vitaminique\/","title":{"rendered":"Phitj\u00e0  \u2013 Shampooing \u00e0 l&rsquo;Extrait d&rsquo;Aub\u00e9pine"},"content":{"rendered":"<p>Action <strong>intensive et rapide<\/strong><\/p>\n","protected":false},"excerpt":{"rendered":"<p>Le Shampooing Phitj\u00e0 enrichi aux Extrait d&rsquo;Aub\u00e9pine qui, \u00e0 travers un savant m\u00e9lange, intensifient ses potentialit\u00e9s lavantes, en nettoyant les cheveux de fa\u00e7on contr\u00f4l\u00e9e et \u00e9quilibr\u00e9e. <strong>D\u00e9licat <\/strong>sur les cheveux, il d\u00e9veloppe une douce mousse qui permet un <strong>lavage soign\u00e9<\/strong>. Le r\u00e9sultat est \u00e9vident apr\u00e8s le premier s\u00e9chage\u00a0: <strong>doux et lumineux<\/strong>, les cheveux sont visiblement revitalis\u00e9s et plus sains.<\/p>\n<p>Usage professionnel<\/p>\n<p>Format 4 500 ml<\/p>\n","protected":false},"featured_media":18846,"template":"","meta":[],"product_brand":[],"product_cat":[732],"product_tag":[],"class_list":{"0":"post-18610","1":"product","2":"type-product","3":"status-publish","4":"has-post-thumbnail","6":"product_cat-salon-fr","8":"first","9":"instock","10":"shipping-taxable","11":"product-type-simple"},"yoast_head":"<!-- This site is optimized with the Yoast SEO plugin v26.8 - https:\/\/yoast.com\/product\/yoast-seo-wordpress\/ -->\n<title>Shampooing \u00e0 l&#039;Extrait d&#039;Aub\u00e9pine<\/title>\n<meta name=\"description\" content=\"Shampooing \u00e0 l&#039;Extrait d&#039;Aub\u00e9pine Phitj\u00e0 enrichi aux ingr\u00e9dients actifs qui, \u00e0 travers un savant m\u00e9lange, intensifient ses potentialit\u00e9s lavantes\" \/>\n<meta name=\"robots\" content=\"index, follow, max-snippet:-1, max-image-preview:large, max-video-preview:-1\" \/>\n<link rel=\"canonical\" href=\"https:\/\/koster-italia.it\/fr\/prodotto\/phitja-shampooing-nourrissant-vitaminique\/\" \/>\n<meta property=\"og:locale\" content=\"fr_FR\" \/>\n<meta property=\"og:type\" content=\"article\" \/>\n<meta property=\"og:title\" content=\"Shampooing \u00e0 l&#039;Extrait d&#039;Aub\u00e9pine\" \/>\n<meta property=\"og:description\" content=\"Shampooing \u00e0 l&#039;Extrait d&#039;Aub\u00e9pine Phitj\u00e0 enrichi aux ingr\u00e9dients actifs qui, \u00e0 travers un savant m\u00e9lange, intensifient ses potentialit\u00e9s lavantes\" \/>\n<meta property=\"og:url\" content=\"https:\/\/koster-italia.it\/fr\/prodotto\/phitja-shampooing-nourrissant-vitaminique\/\" \/>\n<meta property=\"og:site_name\" content=\"Koster Italia\" \/>\n<meta property=\"article:modified_time\" content=\"2023-03-13T14:59:59+00:00\" \/>\n<meta property=\"og:image\" content=\"https:\/\/koster-italia.it\/wp-content\/uploads\/2016\/04\/52028_koster_phitja_nourishing_vitamin_shampoo_5l.png\" \/>\n\t<meta property=\"og:image:width\" content=\"600\" \/>\n\t<meta property=\"og:image:height\" content=\"600\" \/>\n\t<meta property=\"og:image:type\" content=\"image\/png\" \/>\n<meta name=\"twitter:card\" content=\"summary_large_image\" \/>\n<meta name=\"twitter:label1\" content=\"Dur\u00e9e de lecture estim\u00e9e\" \/>\n\t<meta name=\"twitter:data1\" content=\"1 minute\" \/>\n<script type=\"application\/ld+json\" class=\"yoast-schema-graph\">{\"@context\":\"https:\/\/schema.org\",\"@graph\":[{\"@type\":\"WebPage\",\"@id\":\"https:\/\/koster-italia.it\/fr\/prodotto\/phitja-shampooing-nourrissant-vitaminique\/\",\"url\":\"https:\/\/koster-italia.it\/fr\/prodotto\/phitja-shampooing-nourrissant-vitaminique\/\",\"name\":\"Shampooing \u00e0 l'Extrait d'Aub\u00e9pine\",\"isPartOf\":{\"@id\":\"https:\/\/koster-italia.it\/fr\/#website\"},\"primaryImageOfPage\":{\"@id\":\"https:\/\/koster-italia.it\/fr\/prodotto\/phitja-shampooing-nourrissant-vitaminique\/#primaryimage\"},\"image\":{\"@id\":\"https:\/\/koster-italia.it\/fr\/prodotto\/phitja-shampooing-nourrissant-vitaminique\/#primaryimage\"},\"thumbnailUrl\":\"https:\/\/koster-italia.it\/wp-content\/uploads\/2016\/04\/52028_koster_phitja_nourishing_vitamin_shampoo_5l.png\",\"datePublished\":\"2016-04-08T09:30:08+00:00\",\"dateModified\":\"2023-03-13T14:59:59+00:00\",\"description\":\"Shampooing \u00e0 l'Extrait d'Aub\u00e9pine Phitj\u00e0 enrichi aux ingr\u00e9dients actifs qui, \u00e0 travers un savant m\u00e9lange, intensifient ses potentialit\u00e9s lavantes\",\"breadcrumb\":{\"@id\":\"https:\/\/koster-italia.it\/fr\/prodotto\/phitja-shampooing-nourrissant-vitaminique\/#breadcrumb\"},\"inLanguage\":\"fr-FR\",\"potentialAction\":[{\"@type\":\"ReadAction\",\"target\":[\"https:\/\/koster-italia.it\/fr\/prodotto\/phitja-shampooing-nourrissant-vitaminique\/\"]}]},{\"@type\":\"ImageObject\",\"inLanguage\":\"fr-FR\",\"@id\":\"https:\/\/koster-italia.it\/fr\/prodotto\/phitja-shampooing-nourrissant-vitaminique\/#primaryimage\",\"url\":\"https:\/\/koster-italia.it\/wp-content\/uploads\/2016\/04\/52028_koster_phitja_nourishing_vitamin_shampoo_5l.png\",\"contentUrl\":\"https:\/\/koster-italia.it\/wp-content\/uploads\/2016\/04\/52028_koster_phitja_nourishing_vitamin_shampoo_5l.png\",\"width\":600,\"height\":600},{\"@type\":\"BreadcrumbList\",\"@id\":\"https:\/\/koster-italia.it\/fr\/prodotto\/phitja-shampooing-nourrissant-vitaminique\/#breadcrumb\",\"itemListElement\":[{\"@type\":\"ListItem\",\"position\":1,\"name\":\"Home\",\"item\":\"https:\/\/koster-italia.it\/fr\/\"},{\"@type\":\"ListItem\",\"position\":2,\"name\":\"Produits\",\"item\":\"https:\/\/koster-italia.it\/fr\/shop\/\"},{\"@type\":\"ListItem\",\"position\":3,\"name\":\"Phitj\u00e0 \u2013 Shampooing \u00e0 l&#8217;Extrait d&#8217;Aub\u00e9pine\"}]},{\"@type\":\"WebSite\",\"@id\":\"https:\/\/koster-italia.it\/fr\/#website\",\"url\":\"https:\/\/koster-italia.it\/fr\/\",\"name\":\"Koster Italia\",\"description\":\"Prodotti professionali per parrucchieri\",\"potentialAction\":[{\"@type\":\"SearchAction\",\"target\":{\"@type\":\"EntryPoint\",\"urlTemplate\":\"https:\/\/koster-italia.it\/fr\/?s={search_term_string}\"},\"query-input\":{\"@type\":\"PropertyValueSpecification\",\"valueRequired\":true,\"valueName\":\"search_term_string\"}}],\"inLanguage\":\"fr-FR\"}]}<\/script>\n<!-- \/ Yoast SEO plugin. -->","yoast_head_json":{"title":"Shampooing \u00e0 l'Extrait d'Aub\u00e9pine","description":"Shampooing \u00e0 l'Extrait d'Aub\u00e9pine Phitj\u00e0 enrichi aux ingr\u00e9dients actifs qui, \u00e0 travers un savant m\u00e9lange, intensifient ses potentialit\u00e9s lavantes","robots":{"index":"index","follow":"follow","max-snippet":"max-snippet:-1","max-image-preview":"max-image-preview:large","max-video-preview":"max-video-preview:-1"},"canonical":"https:\/\/koster-italia.it\/fr\/prodotto\/phitja-shampooing-nourrissant-vitaminique\/","og_locale":"fr_FR","og_type":"article","og_title":"Shampooing \u00e0 l'Extrait d'Aub\u00e9pine","og_description":"Shampooing \u00e0 l'Extrait d'Aub\u00e9pine Phitj\u00e0 enrichi aux ingr\u00e9dients actifs qui, \u00e0 travers un savant m\u00e9lange, intensifient ses potentialit\u00e9s lavantes","og_url":"https:\/\/koster-italia.it\/fr\/prodotto\/phitja-shampooing-nourrissant-vitaminique\/","og_site_name":"Koster Italia","article_modified_time":"2023-03-13T14:59:59+00:00","og_image":[{"width":600,"height":600,"url":"https:\/\/koster-italia.it\/wp-content\/uploads\/2016\/04\/52028_koster_phitja_nourishing_vitamin_shampoo_5l.png","type":"image\/png"}],"twitter_card":"summary_large_image","twitter_misc":{"Dur\u00e9e de lecture estim\u00e9e":"1 minute"},"schema":{"@context":"https:\/\/schema.org","@graph":[{"@type":"WebPage","@id":"https:\/\/koster-italia.it\/fr\/prodotto\/phitja-shampooing-nourrissant-vitaminique\/","url":"https:\/\/koster-italia.it\/fr\/prodotto\/phitja-shampooing-nourrissant-vitaminique\/","name":"Shampooing \u00e0 l'Extrait d'Aub\u00e9pine","isPartOf":{"@id":"https:\/\/koster-italia.it\/fr\/#website"},"primaryImageOfPage":{"@id":"https:\/\/koster-italia.it\/fr\/prodotto\/phitja-shampooing-nourrissant-vitaminique\/#primaryimage"},"image":{"@id":"https:\/\/koster-italia.it\/fr\/prodotto\/phitja-shampooing-nourrissant-vitaminique\/#primaryimage"},"thumbnailUrl":"https:\/\/koster-italia.it\/wp-content\/uploads\/2016\/04\/52028_koster_phitja_nourishing_vitamin_shampoo_5l.png","datePublished":"2016-04-08T09:30:08+00:00","dateModified":"2023-03-13T14:59:59+00:00","description":"Shampooing \u00e0 l'Extrait d'Aub\u00e9pine Phitj\u00e0 enrichi aux ingr\u00e9dients actifs qui, \u00e0 travers un savant m\u00e9lange, intensifient ses potentialit\u00e9s lavantes","breadcrumb":{"@id":"https:\/\/koster-italia.it\/fr\/prodotto\/phitja-shampooing-nourrissant-vitaminique\/#breadcrumb"},"inLanguage":"fr-FR","potentialAction":[{"@type":"ReadAction","target":["https:\/\/koster-italia.it\/fr\/prodotto\/phitja-shampooing-nourrissant-vitaminique\/"]}]},{"@type":"ImageObject","inLanguage":"fr-FR","@id":"https:\/\/koster-italia.it\/fr\/prodotto\/phitja-shampooing-nourrissant-vitaminique\/#primaryimage","url":"https:\/\/koster-italia.it\/wp-content\/uploads\/2016\/04\/52028_koster_phitja_nourishing_vitamin_shampoo_5l.png","contentUrl":"https:\/\/koster-italia.it\/wp-content\/uploads\/2016\/04\/52028_koster_phitja_nourishing_vitamin_shampoo_5l.png","width":600,"height":600},{"@type":"BreadcrumbList","@id":"https:\/\/koster-italia.it\/fr\/prodotto\/phitja-shampooing-nourrissant-vitaminique\/#breadcrumb","itemListElement":[{"@type":"ListItem","position":1,"name":"Home","item":"https:\/\/koster-italia.it\/fr\/"},{"@type":"ListItem","position":2,"name":"Produits","item":"https:\/\/koster-italia.it\/fr\/shop\/"},{"@type":"ListItem","position":3,"name":"Phitj\u00e0 \u2013 Shampooing \u00e0 l&#8217;Extrait d&#8217;Aub\u00e9pine"}]},{"@type":"WebSite","@id":"https:\/\/koster-italia.it\/fr\/#website","url":"https:\/\/koster-italia.it\/fr\/","name":"Koster Italia","description":"Prodotti professionali per parrucchieri","potentialAction":[{"@type":"SearchAction","target":{"@type":"EntryPoint","urlTemplate":"https:\/\/koster-italia.it\/fr\/?s={search_term_string}"},"query-input":{"@type":"PropertyValueSpecification","valueRequired":true,"valueName":"search_term_string"}}],"inLanguage":"fr-FR"}]}},"_links":{"self":[{"href":"https:\/\/koster-italia.it\/fr\/wp-json\/wp\/v2\/product\/18610","targetHints":{"allow":["GET"]}}],"collection":[{"href":"https:\/\/koster-italia.it\/fr\/wp-json\/wp\/v2\/product"}],"about":[{"href":"https:\/\/koster-italia.it\/fr\/wp-json\/wp\/v2\/types\/product"}],"wp:featuredmedia":[{"embeddable":true,"href":"https:\/\/koster-italia.it\/fr\/wp-json\/wp\/v2\/media\/18846"}],"wp:attachment":[{"href":"https:\/\/koster-italia.it\/fr\/wp-json\/wp\/v2\/media?parent=18610"}],"wp:term":[{"taxonomy":"product_brand","embeddable":true,"href":"https:\/\/koster-italia.it\/fr\/wp-json\/wp\/v2\/product_brand?post=18610"},{"taxonomy":"product_cat","embeddable":true,"href":"https:\/\/koster-italia.it\/fr\/wp-json\/wp\/v2\/product_cat?post=18610"},{"taxonomy":"product_tag","embeddable":true,"href":"https:\/\/koster-italia.it\/fr\/wp-json\/wp\/v2\/product_tag?post=18610"}],"curies":[{"name":"wp","href":"https:\/\/api.w.org\/{rel}","templated":true}]}}