{"id":18607,"date":"2016-04-08T11:39:48","date_gmt":"2016-04-08T09:39:48","guid":{"rendered":"https:\/\/koster-italia.it\/prodotto\/phitja-oil-non-oil\/"},"modified":"2022-12-06T09:52:15","modified_gmt":"2022-12-06T08:52:15","slug":"phitja-oil-non-oil","status":"publish","type":"product","link":"https:\/\/koster-italia.it\/fr\/prodotto\/phitja-oil-non-oil\/","title":{"rendered":"Phitj\u00e0 \u2013 Oil non oil"},"content":{"rendered":"<p>Les <strong>extraits v\u00e9g\u00e9taux <\/strong>de la formulation (Extrait de M\u00e9lilot et Graines de Lin) prot\u00e8gent et restructurent la fibre capillaire<\/p>\n<p><strong>N\u2019alourdit pas<\/strong> et <strong>ne <\/strong>graisse pas la chevelure<\/p>\n","protected":false},"excerpt":{"rendered":"<p><strong>Oil non oil Phitj\u00e0 <\/strong> de <strong>Koster\u00a0<\/strong>int\u00e8gre une double fonction, incontournable pour des <strong>cheveux sains et prot\u00e9g\u00e9s\u00a0<\/strong>: l\u2019action\u00a0<strong>lustrante et restructurante<\/strong>\u00a0de la structure capillaire c\u00f4toie les <strong>qualit\u00e9s protectrices\u00a0<\/strong>contre les agressions atmosph\u00e9riques et contre le stress des s\u00e9chages \u00e0 chaud. La texture de l\u2019huile non huile est l\u00e9g\u00e8re et velout\u00e9e\u00a0: l\u2019application sur la chevelure permet une\u00a0<strong>luminosit\u00e9 et un soyeux<\/strong>\u00a0nouveaux, sans graisser ni alourdir les cheveux. Enrichie \u00e0 l\u2019<strong>Extrait de M\u00e9lilot<\/strong> et aux <strong>Graines de Lin<\/strong>.<\/p>\n<p>&nbsp;<\/p>\n<p>Format 250 ml<\/p>\n","protected":false},"featured_media":21391,"template":"","meta":[],"product_brand":[],"product_cat":[732],"product_tag":[],"class_list":{"0":"post-18607","1":"product","2":"type-product","3":"status-publish","4":"has-post-thumbnail","6":"product_cat-salon-fr","8":"first","9":"instock","10":"shipping-taxable","11":"product-type-simple"},"yoast_head":"<!-- This site is optimized with the Yoast SEO plugin v26.8 - https:\/\/yoast.com\/product\/yoast-seo-wordpress\/ -->\n<title>Phitj\u00e0 \u2013 Oil non oil<\/title>\n<meta name=\"description\" content=\"Oil non oil Phitj\u00e0 de Koster\u00a0int\u00e8gre une double fonction, incontournable pour des cheveux sains et prot\u00e9g\u00e9s\" \/>\n<meta name=\"robots\" content=\"index, follow, max-snippet:-1, max-image-preview:large, max-video-preview:-1\" \/>\n<link rel=\"canonical\" href=\"https:\/\/koster-italia.it\/fr\/prodotto\/phitja-oil-non-oil\/\" \/>\n<meta property=\"og:locale\" content=\"fr_FR\" \/>\n<meta property=\"og:type\" content=\"article\" \/>\n<meta property=\"og:title\" content=\"Phitj\u00e0 \u2013 Oil non oil\" \/>\n<meta property=\"og:description\" content=\"Oil non oil Phitj\u00e0 de Koster\u00a0int\u00e8gre une double fonction, incontournable pour des cheveux sains et prot\u00e9g\u00e9s\" \/>\n<meta property=\"og:url\" content=\"https:\/\/koster-italia.it\/fr\/prodotto\/phitja-oil-non-oil\/\" \/>\n<meta property=\"og:site_name\" content=\"Koster Italia\" \/>\n<meta property=\"article:modified_time\" content=\"2022-12-06T08:52:15+00:00\" \/>\n<meta property=\"og:image\" content=\"https:\/\/koster-italia.it\/wp-content\/uploads\/2016\/04\/koster_pitja_oil_non_oil_250ml.png\" \/>\n\t<meta property=\"og:image:width\" content=\"600\" \/>\n\t<meta property=\"og:image:height\" content=\"600\" \/>\n\t<meta property=\"og:image:type\" content=\"image\/png\" \/>\n<meta name=\"twitter:card\" content=\"summary_large_image\" \/>\n<meta name=\"twitter:label1\" content=\"Dur\u00e9e de lecture estim\u00e9e\" \/>\n\t<meta name=\"twitter:data1\" content=\"1 minute\" \/>\n<script type=\"application\/ld+json\" class=\"yoast-schema-graph\">{\"@context\":\"https:\/\/schema.org\",\"@graph\":[{\"@type\":\"WebPage\",\"@id\":\"https:\/\/koster-italia.it\/fr\/prodotto\/phitja-oil-non-oil\/\",\"url\":\"https:\/\/koster-italia.it\/fr\/prodotto\/phitja-oil-non-oil\/\",\"name\":\"Phitj\u00e0 \u2013 Oil non oil\",\"isPartOf\":{\"@id\":\"https:\/\/koster-italia.it\/fr\/#website\"},\"primaryImageOfPage\":{\"@id\":\"https:\/\/koster-italia.it\/fr\/prodotto\/phitja-oil-non-oil\/#primaryimage\"},\"image\":{\"@id\":\"https:\/\/koster-italia.it\/fr\/prodotto\/phitja-oil-non-oil\/#primaryimage\"},\"thumbnailUrl\":\"https:\/\/koster-italia.it\/wp-content\/uploads\/2024\/03\/52033_koster_phitja_oil_non_oil_250ml.png\",\"datePublished\":\"2016-04-08T09:39:48+00:00\",\"dateModified\":\"2022-12-06T08:52:15+00:00\",\"description\":\"Oil non oil Phitj\u00e0 de Koster\u00a0int\u00e8gre une double fonction, incontournable pour des cheveux sains et prot\u00e9g\u00e9s\",\"breadcrumb\":{\"@id\":\"https:\/\/koster-italia.it\/fr\/prodotto\/phitja-oil-non-oil\/#breadcrumb\"},\"inLanguage\":\"fr-FR\",\"potentialAction\":[{\"@type\":\"ReadAction\",\"target\":[\"https:\/\/koster-italia.it\/fr\/prodotto\/phitja-oil-non-oil\/\"]}]},{\"@type\":\"ImageObject\",\"inLanguage\":\"fr-FR\",\"@id\":\"https:\/\/koster-italia.it\/fr\/prodotto\/phitja-oil-non-oil\/#primaryimage\",\"url\":\"https:\/\/koster-italia.it\/wp-content\/uploads\/2024\/03\/52033_koster_phitja_oil_non_oil_250ml.png\",\"contentUrl\":\"https:\/\/koster-italia.it\/wp-content\/uploads\/2024\/03\/52033_koster_phitja_oil_non_oil_250ml.png\",\"width\":800,\"height\":800},{\"@type\":\"BreadcrumbList\",\"@id\":\"https:\/\/koster-italia.it\/fr\/prodotto\/phitja-oil-non-oil\/#breadcrumb\",\"itemListElement\":[{\"@type\":\"ListItem\",\"position\":1,\"name\":\"Home\",\"item\":\"https:\/\/koster-italia.it\/fr\/\"},{\"@type\":\"ListItem\",\"position\":2,\"name\":\"Produits\",\"item\":\"https:\/\/koster-italia.it\/fr\/shop\/\"},{\"@type\":\"ListItem\",\"position\":3,\"name\":\"Phitj\u00e0 \u2013 Oil non oil\"}]},{\"@type\":\"WebSite\",\"@id\":\"https:\/\/koster-italia.it\/fr\/#website\",\"url\":\"https:\/\/koster-italia.it\/fr\/\",\"name\":\"Koster Italia\",\"description\":\"Prodotti professionali per parrucchieri\",\"potentialAction\":[{\"@type\":\"SearchAction\",\"target\":{\"@type\":\"EntryPoint\",\"urlTemplate\":\"https:\/\/koster-italia.it\/fr\/?s={search_term_string}\"},\"query-input\":{\"@type\":\"PropertyValueSpecification\",\"valueRequired\":true,\"valueName\":\"search_term_string\"}}],\"inLanguage\":\"fr-FR\"}]}<\/script>\n<!-- \/ Yoast SEO plugin. -->","yoast_head_json":{"title":"Phitj\u00e0 \u2013 Oil non oil","description":"Oil non oil Phitj\u00e0 de Koster\u00a0int\u00e8gre une double fonction, incontournable pour des cheveux sains et prot\u00e9g\u00e9s","robots":{"index":"index","follow":"follow","max-snippet":"max-snippet:-1","max-image-preview":"max-image-preview:large","max-video-preview":"max-video-preview:-1"},"canonical":"https:\/\/koster-italia.it\/fr\/prodotto\/phitja-oil-non-oil\/","og_locale":"fr_FR","og_type":"article","og_title":"Phitj\u00e0 \u2013 Oil non oil","og_description":"Oil non oil Phitj\u00e0 de Koster\u00a0int\u00e8gre une double fonction, incontournable pour des cheveux sains et prot\u00e9g\u00e9s","og_url":"https:\/\/koster-italia.it\/fr\/prodotto\/phitja-oil-non-oil\/","og_site_name":"Koster Italia","article_modified_time":"2022-12-06T08:52:15+00:00","og_image":[{"width":600,"height":600,"url":"https:\/\/koster-italia.it\/wp-content\/uploads\/2016\/04\/koster_pitja_oil_non_oil_250ml.png","type":"image\/png"}],"twitter_card":"summary_large_image","twitter_misc":{"Dur\u00e9e de lecture estim\u00e9e":"1 minute"},"schema":{"@context":"https:\/\/schema.org","@graph":[{"@type":"WebPage","@id":"https:\/\/koster-italia.it\/fr\/prodotto\/phitja-oil-non-oil\/","url":"https:\/\/koster-italia.it\/fr\/prodotto\/phitja-oil-non-oil\/","name":"Phitj\u00e0 \u2013 Oil non oil","isPartOf":{"@id":"https:\/\/koster-italia.it\/fr\/#website"},"primaryImageOfPage":{"@id":"https:\/\/koster-italia.it\/fr\/prodotto\/phitja-oil-non-oil\/#primaryimage"},"image":{"@id":"https:\/\/koster-italia.it\/fr\/prodotto\/phitja-oil-non-oil\/#primaryimage"},"thumbnailUrl":"https:\/\/koster-italia.it\/wp-content\/uploads\/2024\/03\/52033_koster_phitja_oil_non_oil_250ml.png","datePublished":"2016-04-08T09:39:48+00:00","dateModified":"2022-12-06T08:52:15+00:00","description":"Oil non oil Phitj\u00e0 de Koster\u00a0int\u00e8gre une double fonction, incontournable pour des cheveux sains et prot\u00e9g\u00e9s","breadcrumb":{"@id":"https:\/\/koster-italia.it\/fr\/prodotto\/phitja-oil-non-oil\/#breadcrumb"},"inLanguage":"fr-FR","potentialAction":[{"@type":"ReadAction","target":["https:\/\/koster-italia.it\/fr\/prodotto\/phitja-oil-non-oil\/"]}]},{"@type":"ImageObject","inLanguage":"fr-FR","@id":"https:\/\/koster-italia.it\/fr\/prodotto\/phitja-oil-non-oil\/#primaryimage","url":"https:\/\/koster-italia.it\/wp-content\/uploads\/2024\/03\/52033_koster_phitja_oil_non_oil_250ml.png","contentUrl":"https:\/\/koster-italia.it\/wp-content\/uploads\/2024\/03\/52033_koster_phitja_oil_non_oil_250ml.png","width":800,"height":800},{"@type":"BreadcrumbList","@id":"https:\/\/koster-italia.it\/fr\/prodotto\/phitja-oil-non-oil\/#breadcrumb","itemListElement":[{"@type":"ListItem","position":1,"name":"Home","item":"https:\/\/koster-italia.it\/fr\/"},{"@type":"ListItem","position":2,"name":"Produits","item":"https:\/\/koster-italia.it\/fr\/shop\/"},{"@type":"ListItem","position":3,"name":"Phitj\u00e0 \u2013 Oil non oil"}]},{"@type":"WebSite","@id":"https:\/\/koster-italia.it\/fr\/#website","url":"https:\/\/koster-italia.it\/fr\/","name":"Koster Italia","description":"Prodotti professionali per parrucchieri","potentialAction":[{"@type":"SearchAction","target":{"@type":"EntryPoint","urlTemplate":"https:\/\/koster-italia.it\/fr\/?s={search_term_string}"},"query-input":{"@type":"PropertyValueSpecification","valueRequired":true,"valueName":"search_term_string"}}],"inLanguage":"fr-FR"}]}},"_links":{"self":[{"href":"https:\/\/koster-italia.it\/fr\/wp-json\/wp\/v2\/product\/18607","targetHints":{"allow":["GET"]}}],"collection":[{"href":"https:\/\/koster-italia.it\/fr\/wp-json\/wp\/v2\/product"}],"about":[{"href":"https:\/\/koster-italia.it\/fr\/wp-json\/wp\/v2\/types\/product"}],"wp:featuredmedia":[{"embeddable":true,"href":"https:\/\/koster-italia.it\/fr\/wp-json\/wp\/v2\/media\/21391"}],"wp:attachment":[{"href":"https:\/\/koster-italia.it\/fr\/wp-json\/wp\/v2\/media?parent=18607"}],"wp:term":[{"taxonomy":"product_brand","embeddable":true,"href":"https:\/\/koster-italia.it\/fr\/wp-json\/wp\/v2\/product_brand?post=18607"},{"taxonomy":"product_cat","embeddable":true,"href":"https:\/\/koster-italia.it\/fr\/wp-json\/wp\/v2\/product_cat?post=18607"},{"taxonomy":"product_tag","embeddable":true,"href":"https:\/\/koster-italia.it\/fr\/wp-json\/wp\/v2\/product_tag?post=18607"}],"curies":[{"name":"wp","href":"https:\/\/api.w.org\/{rel}","templated":true}]}}