{"id":18606,"date":"2016-04-08T11:43:18","date_gmt":"2016-04-08T09:43:18","guid":{"rendered":"https:\/\/koster-italia.it\/prodotto\/phitja-herbe-mask\/"},"modified":"2022-12-06T09:51:44","modified_gmt":"2022-12-06T08:51:44","slug":"phitja-herbe-mask","status":"publish","type":"product","link":"https:\/\/koster-italia.it\/fr\/prodotto\/phitja-herbe-mask\/","title":{"rendered":"Phitj\u00e0  \u2013 Herbe Mask"},"content":{"rendered":"<p><strong>Actifs v\u00e9g\u00e9taux de calendula<\/strong>, pour une action \u00e9molliente et l\u00e9nitive<\/p>\n<p>Agit sur les cheveux particuli\u00e8rement <strong>sensibilis\u00e9s et trait\u00e9s<\/strong><\/p>\n","protected":false},"excerpt":{"rendered":"<p><strong>Herbe Mask Phitj\u00e0 <\/strong> est le traitement en cr\u00e8me essentiel pour les cheveux <strong>trait\u00e9s et sensibilis\u00e9s<\/strong> aux actifs v\u00e9g\u00e9taux de calendula. Il r\u00e9pare les cuticules ab\u00eem\u00e9es, lib\u00e9rant <strong>l\u2019action \u00e9molliente<\/strong> du calendula\u00a0: l\u2019Herbe Mask de Koster prot\u00e8ge les cheveux des agressions externes, gr\u00e2ce \u00e0 sa combinaison d\u2019herbes qui <strong>r\u00e9g\u00e9n\u00e8rent et apaisent<\/strong> peau et cheveux, conf\u00e9rant une agr\u00e9able action balsamique pour les cheveux affaiblis par les traitements techniques.<\/p>\n<p>Usage professionnel<\/p>\n<p>Format 1 000 ml<\/p>\n","protected":false},"featured_media":17989,"template":"","meta":[],"product_brand":[],"product_cat":[732],"product_tag":[],"class_list":{"0":"post-18606","1":"product","2":"type-product","3":"status-publish","4":"has-post-thumbnail","6":"product_cat-salon-fr","8":"first","9":"instock","10":"shipping-taxable","11":"product-type-simple"},"yoast_head":"<!-- This site is optimized with the Yoast SEO plugin v26.8 - https:\/\/yoast.com\/product\/yoast-seo-wordpress\/ -->\n<title>Phitj\u00e0 \u2013 Herbe Mask<\/title>\n<meta name=\"description\" content=\"Herbe Mask Phitj\u00e0 est le traitement en cr\u00e8me essentiel pour les cheveux trait\u00e9s et sensibilis\u00e9s aux actifs v\u00e9g\u00e9taux de calendula.\" \/>\n<meta name=\"robots\" content=\"index, follow, max-snippet:-1, max-image-preview:large, max-video-preview:-1\" \/>\n<link rel=\"canonical\" href=\"https:\/\/koster-italia.it\/fr\/prodotto\/phitja-herbe-mask\/\" \/>\n<meta property=\"og:locale\" content=\"fr_FR\" \/>\n<meta property=\"og:type\" content=\"article\" \/>\n<meta property=\"og:title\" content=\"Phitj\u00e0 \u2013 Herbe Mask\" \/>\n<meta property=\"og:description\" content=\"Herbe Mask Phitj\u00e0 est le traitement en cr\u00e8me essentiel pour les cheveux trait\u00e9s et sensibilis\u00e9s aux actifs v\u00e9g\u00e9taux de calendula.\" \/>\n<meta property=\"og:url\" content=\"https:\/\/koster-italia.it\/fr\/prodotto\/phitja-herbe-mask\/\" \/>\n<meta property=\"og:site_name\" content=\"Koster Italia\" \/>\n<meta property=\"article:modified_time\" content=\"2022-12-06T08:51:44+00:00\" \/>\n<meta property=\"og:image\" content=\"https:\/\/koster-italia.it\/wp-content\/uploads\/2022\/10\/52034_koster_phitja_herbe_mask_1000ml.png\" \/>\n\t<meta property=\"og:image:width\" content=\"600\" \/>\n\t<meta property=\"og:image:height\" content=\"600\" \/>\n\t<meta property=\"og:image:type\" content=\"image\/png\" \/>\n<meta name=\"twitter:card\" content=\"summary_large_image\" \/>\n<meta name=\"twitter:label1\" content=\"Dur\u00e9e de lecture estim\u00e9e\" \/>\n\t<meta name=\"twitter:data1\" content=\"1 minute\" \/>\n<script type=\"application\/ld+json\" class=\"yoast-schema-graph\">{\"@context\":\"https:\/\/schema.org\",\"@graph\":[{\"@type\":\"WebPage\",\"@id\":\"https:\/\/koster-italia.it\/fr\/prodotto\/phitja-herbe-mask\/\",\"url\":\"https:\/\/koster-italia.it\/fr\/prodotto\/phitja-herbe-mask\/\",\"name\":\"Phitj\u00e0 \u2013 Herbe Mask\",\"isPartOf\":{\"@id\":\"https:\/\/koster-italia.it\/fr\/#website\"},\"primaryImageOfPage\":{\"@id\":\"https:\/\/koster-italia.it\/fr\/prodotto\/phitja-herbe-mask\/#primaryimage\"},\"image\":{\"@id\":\"https:\/\/koster-italia.it\/fr\/prodotto\/phitja-herbe-mask\/#primaryimage\"},\"thumbnailUrl\":\"https:\/\/koster-italia.it\/wp-content\/uploads\/2022\/10\/52034_koster_phitja_herbe_mask_1000ml.png\",\"datePublished\":\"2016-04-08T09:43:18+00:00\",\"dateModified\":\"2022-12-06T08:51:44+00:00\",\"description\":\"Herbe Mask Phitj\u00e0 est le traitement en cr\u00e8me essentiel pour les cheveux trait\u00e9s et sensibilis\u00e9s aux actifs v\u00e9g\u00e9taux de calendula.\",\"breadcrumb\":{\"@id\":\"https:\/\/koster-italia.it\/fr\/prodotto\/phitja-herbe-mask\/#breadcrumb\"},\"inLanguage\":\"fr-FR\",\"potentialAction\":[{\"@type\":\"ReadAction\",\"target\":[\"https:\/\/koster-italia.it\/fr\/prodotto\/phitja-herbe-mask\/\"]}]},{\"@type\":\"ImageObject\",\"inLanguage\":\"fr-FR\",\"@id\":\"https:\/\/koster-italia.it\/fr\/prodotto\/phitja-herbe-mask\/#primaryimage\",\"url\":\"https:\/\/koster-italia.it\/wp-content\/uploads\/2022\/10\/52034_koster_phitja_herbe_mask_1000ml.png\",\"contentUrl\":\"https:\/\/koster-italia.it\/wp-content\/uploads\/2022\/10\/52034_koster_phitja_herbe_mask_1000ml.png\",\"width\":600,\"height\":600},{\"@type\":\"BreadcrumbList\",\"@id\":\"https:\/\/koster-italia.it\/fr\/prodotto\/phitja-herbe-mask\/#breadcrumb\",\"itemListElement\":[{\"@type\":\"ListItem\",\"position\":1,\"name\":\"Home\",\"item\":\"https:\/\/koster-italia.it\/fr\/\"},{\"@type\":\"ListItem\",\"position\":2,\"name\":\"Produits\",\"item\":\"https:\/\/koster-italia.it\/fr\/shop\/\"},{\"@type\":\"ListItem\",\"position\":3,\"name\":\"Phitj\u00e0 \u2013 Herbe Mask\"}]},{\"@type\":\"WebSite\",\"@id\":\"https:\/\/koster-italia.it\/fr\/#website\",\"url\":\"https:\/\/koster-italia.it\/fr\/\",\"name\":\"Koster Italia\",\"description\":\"Prodotti professionali per parrucchieri\",\"potentialAction\":[{\"@type\":\"SearchAction\",\"target\":{\"@type\":\"EntryPoint\",\"urlTemplate\":\"https:\/\/koster-italia.it\/fr\/?s={search_term_string}\"},\"query-input\":{\"@type\":\"PropertyValueSpecification\",\"valueRequired\":true,\"valueName\":\"search_term_string\"}}],\"inLanguage\":\"fr-FR\"}]}<\/script>\n<!-- \/ Yoast SEO plugin. -->","yoast_head_json":{"title":"Phitj\u00e0 \u2013 Herbe Mask","description":"Herbe Mask Phitj\u00e0 est le traitement en cr\u00e8me essentiel pour les cheveux trait\u00e9s et sensibilis\u00e9s aux actifs v\u00e9g\u00e9taux de calendula.","robots":{"index":"index","follow":"follow","max-snippet":"max-snippet:-1","max-image-preview":"max-image-preview:large","max-video-preview":"max-video-preview:-1"},"canonical":"https:\/\/koster-italia.it\/fr\/prodotto\/phitja-herbe-mask\/","og_locale":"fr_FR","og_type":"article","og_title":"Phitj\u00e0 \u2013 Herbe Mask","og_description":"Herbe Mask Phitj\u00e0 est le traitement en cr\u00e8me essentiel pour les cheveux trait\u00e9s et sensibilis\u00e9s aux actifs v\u00e9g\u00e9taux de calendula.","og_url":"https:\/\/koster-italia.it\/fr\/prodotto\/phitja-herbe-mask\/","og_site_name":"Koster Italia","article_modified_time":"2022-12-06T08:51:44+00:00","og_image":[{"width":600,"height":600,"url":"https:\/\/koster-italia.it\/wp-content\/uploads\/2022\/10\/52034_koster_phitja_herbe_mask_1000ml.png","type":"image\/png"}],"twitter_card":"summary_large_image","twitter_misc":{"Dur\u00e9e de lecture estim\u00e9e":"1 minute"},"schema":{"@context":"https:\/\/schema.org","@graph":[{"@type":"WebPage","@id":"https:\/\/koster-italia.it\/fr\/prodotto\/phitja-herbe-mask\/","url":"https:\/\/koster-italia.it\/fr\/prodotto\/phitja-herbe-mask\/","name":"Phitj\u00e0 \u2013 Herbe Mask","isPartOf":{"@id":"https:\/\/koster-italia.it\/fr\/#website"},"primaryImageOfPage":{"@id":"https:\/\/koster-italia.it\/fr\/prodotto\/phitja-herbe-mask\/#primaryimage"},"image":{"@id":"https:\/\/koster-italia.it\/fr\/prodotto\/phitja-herbe-mask\/#primaryimage"},"thumbnailUrl":"https:\/\/koster-italia.it\/wp-content\/uploads\/2022\/10\/52034_koster_phitja_herbe_mask_1000ml.png","datePublished":"2016-04-08T09:43:18+00:00","dateModified":"2022-12-06T08:51:44+00:00","description":"Herbe Mask Phitj\u00e0 est le traitement en cr\u00e8me essentiel pour les cheveux trait\u00e9s et sensibilis\u00e9s aux actifs v\u00e9g\u00e9taux de calendula.","breadcrumb":{"@id":"https:\/\/koster-italia.it\/fr\/prodotto\/phitja-herbe-mask\/#breadcrumb"},"inLanguage":"fr-FR","potentialAction":[{"@type":"ReadAction","target":["https:\/\/koster-italia.it\/fr\/prodotto\/phitja-herbe-mask\/"]}]},{"@type":"ImageObject","inLanguage":"fr-FR","@id":"https:\/\/koster-italia.it\/fr\/prodotto\/phitja-herbe-mask\/#primaryimage","url":"https:\/\/koster-italia.it\/wp-content\/uploads\/2022\/10\/52034_koster_phitja_herbe_mask_1000ml.png","contentUrl":"https:\/\/koster-italia.it\/wp-content\/uploads\/2022\/10\/52034_koster_phitja_herbe_mask_1000ml.png","width":600,"height":600},{"@type":"BreadcrumbList","@id":"https:\/\/koster-italia.it\/fr\/prodotto\/phitja-herbe-mask\/#breadcrumb","itemListElement":[{"@type":"ListItem","position":1,"name":"Home","item":"https:\/\/koster-italia.it\/fr\/"},{"@type":"ListItem","position":2,"name":"Produits","item":"https:\/\/koster-italia.it\/fr\/shop\/"},{"@type":"ListItem","position":3,"name":"Phitj\u00e0 \u2013 Herbe Mask"}]},{"@type":"WebSite","@id":"https:\/\/koster-italia.it\/fr\/#website","url":"https:\/\/koster-italia.it\/fr\/","name":"Koster Italia","description":"Prodotti professionali per parrucchieri","potentialAction":[{"@type":"SearchAction","target":{"@type":"EntryPoint","urlTemplate":"https:\/\/koster-italia.it\/fr\/?s={search_term_string}"},"query-input":{"@type":"PropertyValueSpecification","valueRequired":true,"valueName":"search_term_string"}}],"inLanguage":"fr-FR"}]}},"_links":{"self":[{"href":"https:\/\/koster-italia.it\/fr\/wp-json\/wp\/v2\/product\/18606","targetHints":{"allow":["GET"]}}],"collection":[{"href":"https:\/\/koster-italia.it\/fr\/wp-json\/wp\/v2\/product"}],"about":[{"href":"https:\/\/koster-italia.it\/fr\/wp-json\/wp\/v2\/types\/product"}],"wp:featuredmedia":[{"embeddable":true,"href":"https:\/\/koster-italia.it\/fr\/wp-json\/wp\/v2\/media\/17989"}],"wp:attachment":[{"href":"https:\/\/koster-italia.it\/fr\/wp-json\/wp\/v2\/media?parent=18606"}],"wp:term":[{"taxonomy":"product_brand","embeddable":true,"href":"https:\/\/koster-italia.it\/fr\/wp-json\/wp\/v2\/product_brand?post=18606"},{"taxonomy":"product_cat","embeddable":true,"href":"https:\/\/koster-italia.it\/fr\/wp-json\/wp\/v2\/product_cat?post=18606"},{"taxonomy":"product_tag","embeddable":true,"href":"https:\/\/koster-italia.it\/fr\/wp-json\/wp\/v2\/product_tag?post=18606"}],"curies":[{"name":"wp","href":"https:\/\/api.w.org\/{rel}","templated":true}]}}