{"id":18605,"date":"2016-04-08T11:50:27","date_gmt":"2016-04-08T09:50:27","guid":{"rendered":"https:\/\/koster-italia.it\/prodotto\/phitja-cream-conditioner\/"},"modified":"2023-03-13T15:00:32","modified_gmt":"2023-03-13T14:00:32","slug":"phitja-creme-regenerante-pour-cheveux-colores-et-traites","status":"publish","type":"product","link":"https:\/\/koster-italia.it\/fr\/prodotto\/phitja-creme-regenerante-pour-cheveux-colores-et-traites\/","title":{"rendered":"Phitj\u00e0 \u2013 Cr\u00e8me r\u00e9g\u00e9n\u00e9rante pour cheveux color\u00e9s et trait\u00e9s"},"content":{"rendered":"<p>Formule <strong>restructurante <\/strong>intensive<\/p>\n<p><strong>N\u2019alourdit pas<\/strong> la chevelure<\/p>\n","protected":false},"excerpt":{"rendered":"<p><strong>Phitj\u00e0 Cr\u00e8me r\u00e9g\u00e9n\u00e9rante<\/strong>, c\u2019est la cr\u00e8me restructurante particuli\u00e8rement indiqu\u00e9e pour rendre les cheveux <strong>soyeux, doux et faciles \u00e0 peigner<\/strong>. Authentique traitement de beaut\u00e9 professionnel, il adresse son action intensive \u00e0 la fibre capillaire, renforc\u00e9e et r\u00e9g\u00e9n\u00e9r\u00e9e gr\u00e2ce \u00e0 un plein de <strong>nutrition et d\u2019hydratation <\/strong>qui offrent une <strong>chevelure renouvel\u00e9e et plus saine<\/strong>. Indiqu\u00e9e pour cheveux fragiles, stress\u00e9s et d\u00e9fibr\u00e9s par l\u2019action agressive des services techniques.<\/p>\n<p>Usage professionnel<\/p>\n<p>Format 1 000 ml<\/p>\n","protected":false},"featured_media":17991,"template":"","meta":[],"product_brand":[],"product_cat":[732],"product_tag":[],"class_list":{"0":"post-18605","1":"product","2":"type-product","3":"status-publish","4":"has-post-thumbnail","6":"product_cat-salon-fr","8":"first","9":"instock","10":"shipping-taxable","11":"product-type-simple"},"yoast_head":"<!-- This site is optimized with the Yoast SEO plugin v26.8 - https:\/\/yoast.com\/product\/yoast-seo-wordpress\/ -->\n<title>Phitj\u00e0 \u2013 Cream conditioner<\/title>\n<meta name=\"description\" content=\"Phitj\u00e0 Cream conditioner, c\u2019est la cr\u00e8me restructurante particuli\u00e8rement indiqu\u00e9e pour rendre les cheveux soyeux, doux et faciles \u00e0 peigner.\" \/>\n<meta name=\"robots\" content=\"index, follow, max-snippet:-1, max-image-preview:large, max-video-preview:-1\" \/>\n<link rel=\"canonical\" href=\"https:\/\/koster-italia.it\/fr\/prodotto\/phitja-creme-regenerante-pour-cheveux-colores-et-traites\/\" \/>\n<meta property=\"og:locale\" content=\"fr_FR\" \/>\n<meta property=\"og:type\" content=\"article\" \/>\n<meta property=\"og:title\" content=\"Phitj\u00e0 \u2013 Cream conditioner\" \/>\n<meta property=\"og:description\" content=\"Phitj\u00e0 Cream conditioner, c\u2019est la cr\u00e8me restructurante particuli\u00e8rement indiqu\u00e9e pour rendre les cheveux soyeux, doux et faciles \u00e0 peigner.\" \/>\n<meta property=\"og:url\" content=\"https:\/\/koster-italia.it\/fr\/prodotto\/phitja-creme-regenerante-pour-cheveux-colores-et-traites\/\" \/>\n<meta property=\"og:site_name\" content=\"Koster Italia\" \/>\n<meta property=\"article:modified_time\" content=\"2023-03-13T14:00:32+00:00\" \/>\n<meta property=\"og:image\" content=\"https:\/\/koster-italia.it\/wp-content\/uploads\/2022\/10\/52036_koster_phitja_cream_conditioner_1000ml.png\" \/>\n\t<meta property=\"og:image:width\" content=\"600\" \/>\n\t<meta property=\"og:image:height\" content=\"600\" \/>\n\t<meta property=\"og:image:type\" content=\"image\/png\" \/>\n<meta name=\"twitter:card\" content=\"summary_large_image\" \/>\n<meta name=\"twitter:label1\" content=\"Dur\u00e9e de lecture estim\u00e9e\" \/>\n\t<meta name=\"twitter:data1\" content=\"1 minute\" \/>\n<script type=\"application\/ld+json\" class=\"yoast-schema-graph\">{\"@context\":\"https:\/\/schema.org\",\"@graph\":[{\"@type\":\"WebPage\",\"@id\":\"https:\/\/koster-italia.it\/fr\/prodotto\/phitja-creme-regenerante-pour-cheveux-colores-et-traites\/\",\"url\":\"https:\/\/koster-italia.it\/fr\/prodotto\/phitja-creme-regenerante-pour-cheveux-colores-et-traites\/\",\"name\":\"Phitj\u00e0 \u2013 Cream conditioner\",\"isPartOf\":{\"@id\":\"https:\/\/koster-italia.it\/fr\/#website\"},\"primaryImageOfPage\":{\"@id\":\"https:\/\/koster-italia.it\/fr\/prodotto\/phitja-creme-regenerante-pour-cheveux-colores-et-traites\/#primaryimage\"},\"image\":{\"@id\":\"https:\/\/koster-italia.it\/fr\/prodotto\/phitja-creme-regenerante-pour-cheveux-colores-et-traites\/#primaryimage\"},\"thumbnailUrl\":\"https:\/\/koster-italia.it\/wp-content\/uploads\/2022\/10\/52036_koster_phitja_cream_conditioner_1000ml.png\",\"datePublished\":\"2016-04-08T09:50:27+00:00\",\"dateModified\":\"2023-03-13T14:00:32+00:00\",\"description\":\"Phitj\u00e0 Cream conditioner, c\u2019est la cr\u00e8me restructurante particuli\u00e8rement indiqu\u00e9e pour rendre les cheveux soyeux, doux et faciles \u00e0 peigner.\",\"breadcrumb\":{\"@id\":\"https:\/\/koster-italia.it\/fr\/prodotto\/phitja-creme-regenerante-pour-cheveux-colores-et-traites\/#breadcrumb\"},\"inLanguage\":\"fr-FR\",\"potentialAction\":[{\"@type\":\"ReadAction\",\"target\":[\"https:\/\/koster-italia.it\/fr\/prodotto\/phitja-creme-regenerante-pour-cheveux-colores-et-traites\/\"]}]},{\"@type\":\"ImageObject\",\"inLanguage\":\"fr-FR\",\"@id\":\"https:\/\/koster-italia.it\/fr\/prodotto\/phitja-creme-regenerante-pour-cheveux-colores-et-traites\/#primaryimage\",\"url\":\"https:\/\/koster-italia.it\/wp-content\/uploads\/2022\/10\/52036_koster_phitja_cream_conditioner_1000ml.png\",\"contentUrl\":\"https:\/\/koster-italia.it\/wp-content\/uploads\/2022\/10\/52036_koster_phitja_cream_conditioner_1000ml.png\",\"width\":600,\"height\":600},{\"@type\":\"BreadcrumbList\",\"@id\":\"https:\/\/koster-italia.it\/fr\/prodotto\/phitja-creme-regenerante-pour-cheveux-colores-et-traites\/#breadcrumb\",\"itemListElement\":[{\"@type\":\"ListItem\",\"position\":1,\"name\":\"Home\",\"item\":\"https:\/\/koster-italia.it\/fr\/\"},{\"@type\":\"ListItem\",\"position\":2,\"name\":\"Produits\",\"item\":\"https:\/\/koster-italia.it\/fr\/shop\/\"},{\"@type\":\"ListItem\",\"position\":3,\"name\":\"Phitj\u00e0 \u2013 Cr\u00e8me r\u00e9g\u00e9n\u00e9rante pour cheveux color\u00e9s et trait\u00e9s\"}]},{\"@type\":\"WebSite\",\"@id\":\"https:\/\/koster-italia.it\/fr\/#website\",\"url\":\"https:\/\/koster-italia.it\/fr\/\",\"name\":\"Koster Italia\",\"description\":\"Prodotti professionali per parrucchieri\",\"potentialAction\":[{\"@type\":\"SearchAction\",\"target\":{\"@type\":\"EntryPoint\",\"urlTemplate\":\"https:\/\/koster-italia.it\/fr\/?s={search_term_string}\"},\"query-input\":{\"@type\":\"PropertyValueSpecification\",\"valueRequired\":true,\"valueName\":\"search_term_string\"}}],\"inLanguage\":\"fr-FR\"}]}<\/script>\n<!-- \/ Yoast SEO plugin. -->","yoast_head_json":{"title":"Phitj\u00e0 \u2013 Cream conditioner","description":"Phitj\u00e0 Cream conditioner, c\u2019est la cr\u00e8me restructurante particuli\u00e8rement indiqu\u00e9e pour rendre les cheveux soyeux, doux et faciles \u00e0 peigner.","robots":{"index":"index","follow":"follow","max-snippet":"max-snippet:-1","max-image-preview":"max-image-preview:large","max-video-preview":"max-video-preview:-1"},"canonical":"https:\/\/koster-italia.it\/fr\/prodotto\/phitja-creme-regenerante-pour-cheveux-colores-et-traites\/","og_locale":"fr_FR","og_type":"article","og_title":"Phitj\u00e0 \u2013 Cream conditioner","og_description":"Phitj\u00e0 Cream conditioner, c\u2019est la cr\u00e8me restructurante particuli\u00e8rement indiqu\u00e9e pour rendre les cheveux soyeux, doux et faciles \u00e0 peigner.","og_url":"https:\/\/koster-italia.it\/fr\/prodotto\/phitja-creme-regenerante-pour-cheveux-colores-et-traites\/","og_site_name":"Koster Italia","article_modified_time":"2023-03-13T14:00:32+00:00","og_image":[{"width":600,"height":600,"url":"https:\/\/koster-italia.it\/wp-content\/uploads\/2022\/10\/52036_koster_phitja_cream_conditioner_1000ml.png","type":"image\/png"}],"twitter_card":"summary_large_image","twitter_misc":{"Dur\u00e9e de lecture estim\u00e9e":"1 minute"},"schema":{"@context":"https:\/\/schema.org","@graph":[{"@type":"WebPage","@id":"https:\/\/koster-italia.it\/fr\/prodotto\/phitja-creme-regenerante-pour-cheveux-colores-et-traites\/","url":"https:\/\/koster-italia.it\/fr\/prodotto\/phitja-creme-regenerante-pour-cheveux-colores-et-traites\/","name":"Phitj\u00e0 \u2013 Cream conditioner","isPartOf":{"@id":"https:\/\/koster-italia.it\/fr\/#website"},"primaryImageOfPage":{"@id":"https:\/\/koster-italia.it\/fr\/prodotto\/phitja-creme-regenerante-pour-cheveux-colores-et-traites\/#primaryimage"},"image":{"@id":"https:\/\/koster-italia.it\/fr\/prodotto\/phitja-creme-regenerante-pour-cheveux-colores-et-traites\/#primaryimage"},"thumbnailUrl":"https:\/\/koster-italia.it\/wp-content\/uploads\/2022\/10\/52036_koster_phitja_cream_conditioner_1000ml.png","datePublished":"2016-04-08T09:50:27+00:00","dateModified":"2023-03-13T14:00:32+00:00","description":"Phitj\u00e0 Cream conditioner, c\u2019est la cr\u00e8me restructurante particuli\u00e8rement indiqu\u00e9e pour rendre les cheveux soyeux, doux et faciles \u00e0 peigner.","breadcrumb":{"@id":"https:\/\/koster-italia.it\/fr\/prodotto\/phitja-creme-regenerante-pour-cheveux-colores-et-traites\/#breadcrumb"},"inLanguage":"fr-FR","potentialAction":[{"@type":"ReadAction","target":["https:\/\/koster-italia.it\/fr\/prodotto\/phitja-creme-regenerante-pour-cheveux-colores-et-traites\/"]}]},{"@type":"ImageObject","inLanguage":"fr-FR","@id":"https:\/\/koster-italia.it\/fr\/prodotto\/phitja-creme-regenerante-pour-cheveux-colores-et-traites\/#primaryimage","url":"https:\/\/koster-italia.it\/wp-content\/uploads\/2022\/10\/52036_koster_phitja_cream_conditioner_1000ml.png","contentUrl":"https:\/\/koster-italia.it\/wp-content\/uploads\/2022\/10\/52036_koster_phitja_cream_conditioner_1000ml.png","width":600,"height":600},{"@type":"BreadcrumbList","@id":"https:\/\/koster-italia.it\/fr\/prodotto\/phitja-creme-regenerante-pour-cheveux-colores-et-traites\/#breadcrumb","itemListElement":[{"@type":"ListItem","position":1,"name":"Home","item":"https:\/\/koster-italia.it\/fr\/"},{"@type":"ListItem","position":2,"name":"Produits","item":"https:\/\/koster-italia.it\/fr\/shop\/"},{"@type":"ListItem","position":3,"name":"Phitj\u00e0 \u2013 Cr\u00e8me r\u00e9g\u00e9n\u00e9rante pour cheveux color\u00e9s et trait\u00e9s"}]},{"@type":"WebSite","@id":"https:\/\/koster-italia.it\/fr\/#website","url":"https:\/\/koster-italia.it\/fr\/","name":"Koster Italia","description":"Prodotti professionali per parrucchieri","potentialAction":[{"@type":"SearchAction","target":{"@type":"EntryPoint","urlTemplate":"https:\/\/koster-italia.it\/fr\/?s={search_term_string}"},"query-input":{"@type":"PropertyValueSpecification","valueRequired":true,"valueName":"search_term_string"}}],"inLanguage":"fr-FR"}]}},"_links":{"self":[{"href":"https:\/\/koster-italia.it\/fr\/wp-json\/wp\/v2\/product\/18605","targetHints":{"allow":["GET"]}}],"collection":[{"href":"https:\/\/koster-italia.it\/fr\/wp-json\/wp\/v2\/product"}],"about":[{"href":"https:\/\/koster-italia.it\/fr\/wp-json\/wp\/v2\/types\/product"}],"wp:featuredmedia":[{"embeddable":true,"href":"https:\/\/koster-italia.it\/fr\/wp-json\/wp\/v2\/media\/17991"}],"wp:attachment":[{"href":"https:\/\/koster-italia.it\/fr\/wp-json\/wp\/v2\/media?parent=18605"}],"wp:term":[{"taxonomy":"product_brand","embeddable":true,"href":"https:\/\/koster-italia.it\/fr\/wp-json\/wp\/v2\/product_brand?post=18605"},{"taxonomy":"product_cat","embeddable":true,"href":"https:\/\/koster-italia.it\/fr\/wp-json\/wp\/v2\/product_cat?post=18605"},{"taxonomy":"product_tag","embeddable":true,"href":"https:\/\/koster-italia.it\/fr\/wp-json\/wp\/v2\/product_tag?post=18605"}],"curies":[{"name":"wp","href":"https:\/\/api.w.org\/{rel}","templated":true}]}}