{"id":18602,"date":"2016-04-08T14:09:49","date_gmt":"2016-04-08T12:09:49","guid":{"rendered":"https:\/\/koster-italia.it\/prodotto\/koster-shampooing-mures-et-myrtilles\/"},"modified":"2022-12-06T09:48:57","modified_gmt":"2022-12-06T08:48:57","slug":"koster-shampooing-mures-et-myrtilles","status":"publish","type":"product","link":"https:\/\/koster-italia.it\/fr\/prodotto\/koster-shampooing-mures-et-myrtilles\/","title":{"rendered":"Koster \u2013 Shampooing m\u00fbres et myrtilles"},"content":{"rendered":"<p><strong>M\u00fbres<\/strong>, riches en antioxydants naturels, vitamines et oligo-\u00e9l\u00e9ments<\/p>\n<p><strong>Myrtilles<\/strong>, \u00e0 la composition multivitaminique, pour une action antioxydante<\/p>\n<p>Formule nourrissante pour <strong>cheveux secs<\/strong><\/p>\n","protected":false},"excerpt":{"rendered":"<p>Le <strong>shampooing m\u00fbres et myrtilles Koster<\/strong> est id\u00e9al pour cheveux secs. La combinaison parfaite des actifs pr\u00e9sents dans les deux fruits lib\u00e8re de nombreuses <strong>propri\u00e9t\u00e9s revitalisantes<\/strong> sur la chevelure\u00a0: la nutrition permise par la pr\u00e9sence de nombreuses <strong>vitamines<\/strong> du groupe B et par les oligo-\u00e9l\u00e9ments r\u00e9tablit le bon <strong>\u00e9quilibre hydrique<\/strong> de la chevelure, en hydratant les cheveux secs de la racine aux pointes, qui trouveront une <strong>luminosit\u00e9 et une brillance<\/strong> nouvelles<strong>. <\/strong><\/p>\n<p>Usage professionnel<\/p>\n<p>Format 10 litres<\/p>\n","protected":false},"featured_media":18834,"template":"","meta":[],"product_brand":[],"product_cat":[732],"product_tag":[],"class_list":{"0":"post-18602","1":"product","2":"type-product","3":"status-publish","4":"has-post-thumbnail","6":"product_cat-salon-fr","8":"first","9":"instock","10":"shipping-taxable","11":"product-type-simple"},"yoast_head":"<!-- This site is optimized with the Yoast SEO plugin v26.8 - https:\/\/yoast.com\/product\/yoast-seo-wordpress\/ -->\n<title>Koster \u2013 Shampooing m\u00fbres et myrtilles<\/title>\n<meta name=\"description\" content=\"Le shampooing m\u00fbres et myrtilles Koster est id\u00e9al pour cheveux secs. La combinaison parfaite des actifs pr\u00e9sents dans les deux fruits lib\u00e8re de nombreuses propri\u00e9t\u00e9s revitalisantes sur la chevelure\" \/>\n<meta name=\"robots\" content=\"index, follow, max-snippet:-1, max-image-preview:large, max-video-preview:-1\" \/>\n<link rel=\"canonical\" href=\"https:\/\/koster-italia.it\/fr\/prodotto\/koster-shampooing-mures-et-myrtilles\/\" \/>\n<meta property=\"og:locale\" content=\"fr_FR\" \/>\n<meta property=\"og:type\" content=\"article\" \/>\n<meta property=\"og:title\" content=\"Koster \u2013 Shampooing m\u00fbres et myrtilles\" \/>\n<meta property=\"og:description\" content=\"Le shampooing m\u00fbres et myrtilles Koster est id\u00e9al pour cheveux secs. La combinaison parfaite des actifs pr\u00e9sents dans les deux fruits lib\u00e8re de nombreuses propri\u00e9t\u00e9s revitalisantes sur la chevelure\" \/>\n<meta property=\"og:url\" content=\"https:\/\/koster-italia.it\/fr\/prodotto\/koster-shampooing-mures-et-myrtilles\/\" \/>\n<meta property=\"og:site_name\" content=\"Koster Italia\" \/>\n<meta property=\"article:modified_time\" content=\"2022-12-06T08:48:57+00:00\" \/>\n<meta property=\"og:image\" content=\"https:\/\/koster-italia.it\/wp-content\/uploads\/2021\/02\/54007_koster_blackberry_blueberry_shampoo_10lt.png\" \/>\n\t<meta property=\"og:image:width\" content=\"600\" \/>\n\t<meta property=\"og:image:height\" content=\"600\" \/>\n\t<meta property=\"og:image:type\" content=\"image\/png\" \/>\n<meta name=\"twitter:card\" content=\"summary_large_image\" \/>\n<meta name=\"twitter:label1\" content=\"Dur\u00e9e de lecture estim\u00e9e\" \/>\n\t<meta name=\"twitter:data1\" content=\"1 minute\" \/>\n<script type=\"application\/ld+json\" class=\"yoast-schema-graph\">{\"@context\":\"https:\/\/schema.org\",\"@graph\":[{\"@type\":\"WebPage\",\"@id\":\"https:\/\/koster-italia.it\/fr\/prodotto\/koster-shampooing-mures-et-myrtilles\/\",\"url\":\"https:\/\/koster-italia.it\/fr\/prodotto\/koster-shampooing-mures-et-myrtilles\/\",\"name\":\"Koster \u2013 Shampooing m\u00fbres et myrtilles\",\"isPartOf\":{\"@id\":\"https:\/\/koster-italia.it\/fr\/#website\"},\"primaryImageOfPage\":{\"@id\":\"https:\/\/koster-italia.it\/fr\/prodotto\/koster-shampooing-mures-et-myrtilles\/#primaryimage\"},\"image\":{\"@id\":\"https:\/\/koster-italia.it\/fr\/prodotto\/koster-shampooing-mures-et-myrtilles\/#primaryimage\"},\"thumbnailUrl\":\"https:\/\/koster-italia.it\/wp-content\/uploads\/2016\/04\/54007_koster_blackberry_blueberry_shampoo_10lt.png\",\"datePublished\":\"2016-04-08T12:09:49+00:00\",\"dateModified\":\"2022-12-06T08:48:57+00:00\",\"description\":\"Le shampooing m\u00fbres et myrtilles Koster est id\u00e9al pour cheveux secs. La combinaison parfaite des actifs pr\u00e9sents dans les deux fruits lib\u00e8re de nombreuses propri\u00e9t\u00e9s revitalisantes sur la chevelure\",\"breadcrumb\":{\"@id\":\"https:\/\/koster-italia.it\/fr\/prodotto\/koster-shampooing-mures-et-myrtilles\/#breadcrumb\"},\"inLanguage\":\"fr-FR\",\"potentialAction\":[{\"@type\":\"ReadAction\",\"target\":[\"https:\/\/koster-italia.it\/fr\/prodotto\/koster-shampooing-mures-et-myrtilles\/\"]}]},{\"@type\":\"ImageObject\",\"inLanguage\":\"fr-FR\",\"@id\":\"https:\/\/koster-italia.it\/fr\/prodotto\/koster-shampooing-mures-et-myrtilles\/#primaryimage\",\"url\":\"https:\/\/koster-italia.it\/wp-content\/uploads\/2016\/04\/54007_koster_blackberry_blueberry_shampoo_10lt.png\",\"contentUrl\":\"https:\/\/koster-italia.it\/wp-content\/uploads\/2016\/04\/54007_koster_blackberry_blueberry_shampoo_10lt.png\",\"width\":600,\"height\":600},{\"@type\":\"BreadcrumbList\",\"@id\":\"https:\/\/koster-italia.it\/fr\/prodotto\/koster-shampooing-mures-et-myrtilles\/#breadcrumb\",\"itemListElement\":[{\"@type\":\"ListItem\",\"position\":1,\"name\":\"Home\",\"item\":\"https:\/\/koster-italia.it\/fr\/\"},{\"@type\":\"ListItem\",\"position\":2,\"name\":\"Produits\",\"item\":\"https:\/\/koster-italia.it\/fr\/shop\/\"},{\"@type\":\"ListItem\",\"position\":3,\"name\":\"Koster \u2013 Shampooing m\u00fbres et myrtilles\"}]},{\"@type\":\"WebSite\",\"@id\":\"https:\/\/koster-italia.it\/fr\/#website\",\"url\":\"https:\/\/koster-italia.it\/fr\/\",\"name\":\"Koster Italia\",\"description\":\"Prodotti professionali per parrucchieri\",\"potentialAction\":[{\"@type\":\"SearchAction\",\"target\":{\"@type\":\"EntryPoint\",\"urlTemplate\":\"https:\/\/koster-italia.it\/fr\/?s={search_term_string}\"},\"query-input\":{\"@type\":\"PropertyValueSpecification\",\"valueRequired\":true,\"valueName\":\"search_term_string\"}}],\"inLanguage\":\"fr-FR\"}]}<\/script>\n<!-- \/ Yoast SEO plugin. -->","yoast_head_json":{"title":"Koster \u2013 Shampooing m\u00fbres et myrtilles","description":"Le shampooing m\u00fbres et myrtilles Koster est id\u00e9al pour cheveux secs. La combinaison parfaite des actifs pr\u00e9sents dans les deux fruits lib\u00e8re de nombreuses propri\u00e9t\u00e9s revitalisantes sur la chevelure","robots":{"index":"index","follow":"follow","max-snippet":"max-snippet:-1","max-image-preview":"max-image-preview:large","max-video-preview":"max-video-preview:-1"},"canonical":"https:\/\/koster-italia.it\/fr\/prodotto\/koster-shampooing-mures-et-myrtilles\/","og_locale":"fr_FR","og_type":"article","og_title":"Koster \u2013 Shampooing m\u00fbres et myrtilles","og_description":"Le shampooing m\u00fbres et myrtilles Koster est id\u00e9al pour cheveux secs. La combinaison parfaite des actifs pr\u00e9sents dans les deux fruits lib\u00e8re de nombreuses propri\u00e9t\u00e9s revitalisantes sur la chevelure","og_url":"https:\/\/koster-italia.it\/fr\/prodotto\/koster-shampooing-mures-et-myrtilles\/","og_site_name":"Koster Italia","article_modified_time":"2022-12-06T08:48:57+00:00","og_image":[{"width":600,"height":600,"url":"https:\/\/koster-italia.it\/wp-content\/uploads\/2021\/02\/54007_koster_blackberry_blueberry_shampoo_10lt.png","type":"image\/png"}],"twitter_card":"summary_large_image","twitter_misc":{"Dur\u00e9e de lecture estim\u00e9e":"1 minute"},"schema":{"@context":"https:\/\/schema.org","@graph":[{"@type":"WebPage","@id":"https:\/\/koster-italia.it\/fr\/prodotto\/koster-shampooing-mures-et-myrtilles\/","url":"https:\/\/koster-italia.it\/fr\/prodotto\/koster-shampooing-mures-et-myrtilles\/","name":"Koster \u2013 Shampooing m\u00fbres et myrtilles","isPartOf":{"@id":"https:\/\/koster-italia.it\/fr\/#website"},"primaryImageOfPage":{"@id":"https:\/\/koster-italia.it\/fr\/prodotto\/koster-shampooing-mures-et-myrtilles\/#primaryimage"},"image":{"@id":"https:\/\/koster-italia.it\/fr\/prodotto\/koster-shampooing-mures-et-myrtilles\/#primaryimage"},"thumbnailUrl":"https:\/\/koster-italia.it\/wp-content\/uploads\/2016\/04\/54007_koster_blackberry_blueberry_shampoo_10lt.png","datePublished":"2016-04-08T12:09:49+00:00","dateModified":"2022-12-06T08:48:57+00:00","description":"Le shampooing m\u00fbres et myrtilles Koster est id\u00e9al pour cheveux secs. La combinaison parfaite des actifs pr\u00e9sents dans les deux fruits lib\u00e8re de nombreuses propri\u00e9t\u00e9s revitalisantes sur la chevelure","breadcrumb":{"@id":"https:\/\/koster-italia.it\/fr\/prodotto\/koster-shampooing-mures-et-myrtilles\/#breadcrumb"},"inLanguage":"fr-FR","potentialAction":[{"@type":"ReadAction","target":["https:\/\/koster-italia.it\/fr\/prodotto\/koster-shampooing-mures-et-myrtilles\/"]}]},{"@type":"ImageObject","inLanguage":"fr-FR","@id":"https:\/\/koster-italia.it\/fr\/prodotto\/koster-shampooing-mures-et-myrtilles\/#primaryimage","url":"https:\/\/koster-italia.it\/wp-content\/uploads\/2016\/04\/54007_koster_blackberry_blueberry_shampoo_10lt.png","contentUrl":"https:\/\/koster-italia.it\/wp-content\/uploads\/2016\/04\/54007_koster_blackberry_blueberry_shampoo_10lt.png","width":600,"height":600},{"@type":"BreadcrumbList","@id":"https:\/\/koster-italia.it\/fr\/prodotto\/koster-shampooing-mures-et-myrtilles\/#breadcrumb","itemListElement":[{"@type":"ListItem","position":1,"name":"Home","item":"https:\/\/koster-italia.it\/fr\/"},{"@type":"ListItem","position":2,"name":"Produits","item":"https:\/\/koster-italia.it\/fr\/shop\/"},{"@type":"ListItem","position":3,"name":"Koster \u2013 Shampooing m\u00fbres et myrtilles"}]},{"@type":"WebSite","@id":"https:\/\/koster-italia.it\/fr\/#website","url":"https:\/\/koster-italia.it\/fr\/","name":"Koster Italia","description":"Prodotti professionali per parrucchieri","potentialAction":[{"@type":"SearchAction","target":{"@type":"EntryPoint","urlTemplate":"https:\/\/koster-italia.it\/fr\/?s={search_term_string}"},"query-input":{"@type":"PropertyValueSpecification","valueRequired":true,"valueName":"search_term_string"}}],"inLanguage":"fr-FR"}]}},"_links":{"self":[{"href":"https:\/\/koster-italia.it\/fr\/wp-json\/wp\/v2\/product\/18602","targetHints":{"allow":["GET"]}}],"collection":[{"href":"https:\/\/koster-italia.it\/fr\/wp-json\/wp\/v2\/product"}],"about":[{"href":"https:\/\/koster-italia.it\/fr\/wp-json\/wp\/v2\/types\/product"}],"wp:featuredmedia":[{"embeddable":true,"href":"https:\/\/koster-italia.it\/fr\/wp-json\/wp\/v2\/media\/18834"}],"wp:attachment":[{"href":"https:\/\/koster-italia.it\/fr\/wp-json\/wp\/v2\/media?parent=18602"}],"wp:term":[{"taxonomy":"product_brand","embeddable":true,"href":"https:\/\/koster-italia.it\/fr\/wp-json\/wp\/v2\/product_brand?post=18602"},{"taxonomy":"product_cat","embeddable":true,"href":"https:\/\/koster-italia.it\/fr\/wp-json\/wp\/v2\/product_cat?post=18602"},{"taxonomy":"product_tag","embeddable":true,"href":"https:\/\/koster-italia.it\/fr\/wp-json\/wp\/v2\/product_tag?post=18602"}],"curies":[{"name":"wp","href":"https:\/\/api.w.org\/{rel}","templated":true}]}}