{"id":18599,"date":"2016-04-08T14:18:33","date_gmt":"2016-04-08T12:18:33","guid":{"rendered":"https:\/\/koster-italia.it\/prodotto\/koster-shampooing-kiwi-et-ananas\/"},"modified":"2022-12-06T09:47:59","modified_gmt":"2022-12-06T08:47:59","slug":"koster-shampooing-kiwi-et-ananas","status":"publish","type":"product","link":"https:\/\/koster-italia.it\/fr\/prodotto\/koster-shampooing-kiwi-et-ananas\/","title":{"rendered":"Koster \u2013 Shampooing kiwi et ananas"},"content":{"rendered":"<p><strong>Kiwi,<\/strong> riche en Sels min\u00e9raux et vitamines, c\u2019est un <strong>antioxydant <\/strong>naturel<\/p>\n<p><strong>Ananas,<\/strong> multivitaminique et riche en Sels min\u00e9raux, il <strong>prot\u00e8ge et renforce<\/strong> la chevelure<\/p>\n","protected":false},"excerpt":{"rendered":"<p>Le <strong>shampooing kiwi et ananas<\/strong> est indiqu\u00e9 pour le nettoyage quotidien des <strong>cheveux normaux<\/strong>. Riche en antioxydants, vitamines et Sels min\u00e9raux, la multi-action du kiwi et de l\u2019ananas pr\u00e9sents dans sa formulation permet de transf\u00e9rer \u00e0 la chevelure les \u00e9l\u00e9ments essentiels pour une <strong>nutrition et une hydratation<\/strong> qui stimulent la luminosit\u00e9 et la brillance de la chevelure.<\/p>\n<p>Usage professionnel<\/p>\n<p>Format 10 litres<\/p>\n","protected":false},"featured_media":18831,"template":"","meta":[],"product_brand":[],"product_cat":[732],"product_tag":[],"class_list":{"0":"post-18599","1":"product","2":"type-product","3":"status-publish","4":"has-post-thumbnail","6":"product_cat-salon-fr","8":"first","9":"instock","10":"shipping-taxable","11":"product-type-simple"},"yoast_head":"<!-- This site is optimized with the Yoast SEO plugin v26.8 - https:\/\/yoast.com\/product\/yoast-seo-wordpress\/ -->\n<title>Koster \u2013 Shampooing kiwi et ananas<\/title>\n<meta name=\"description\" content=\"Le shampooing kiwi et ananas est indiqu\u00e9 pour le nettoyage quotidien des cheveux normaux.\" \/>\n<meta name=\"robots\" content=\"index, follow, max-snippet:-1, max-image-preview:large, max-video-preview:-1\" \/>\n<link rel=\"canonical\" href=\"https:\/\/koster-italia.it\/fr\/prodotto\/koster-shampooing-kiwi-et-ananas\/\" \/>\n<meta property=\"og:locale\" content=\"fr_FR\" \/>\n<meta property=\"og:type\" content=\"article\" \/>\n<meta property=\"og:title\" content=\"Koster \u2013 Shampooing kiwi et ananas\" \/>\n<meta property=\"og:description\" content=\"Le shampooing kiwi et ananas est indiqu\u00e9 pour le nettoyage quotidien des cheveux normaux.\" \/>\n<meta property=\"og:url\" content=\"https:\/\/koster-italia.it\/fr\/prodotto\/koster-shampooing-kiwi-et-ananas\/\" \/>\n<meta property=\"og:site_name\" content=\"Koster Italia\" \/>\n<meta property=\"article:modified_time\" content=\"2022-12-06T08:47:59+00:00\" \/>\n<meta property=\"og:image\" content=\"https:\/\/koster-italia.it\/wp-content\/uploads\/2021\/02\/54008_koster_kiwi_pineapple_shampoo_10lt.png\" \/>\n\t<meta property=\"og:image:width\" content=\"600\" \/>\n\t<meta property=\"og:image:height\" content=\"600\" \/>\n\t<meta property=\"og:image:type\" content=\"image\/png\" \/>\n<meta name=\"twitter:card\" content=\"summary_large_image\" \/>\n<meta name=\"twitter:label1\" content=\"Dur\u00e9e de lecture estim\u00e9e\" \/>\n\t<meta name=\"twitter:data1\" content=\"1 minute\" \/>\n<script type=\"application\/ld+json\" class=\"yoast-schema-graph\">{\"@context\":\"https:\/\/schema.org\",\"@graph\":[{\"@type\":\"WebPage\",\"@id\":\"https:\/\/koster-italia.it\/fr\/prodotto\/koster-shampooing-kiwi-et-ananas\/\",\"url\":\"https:\/\/koster-italia.it\/fr\/prodotto\/koster-shampooing-kiwi-et-ananas\/\",\"name\":\"Koster \u2013 Shampooing kiwi et ananas\",\"isPartOf\":{\"@id\":\"https:\/\/koster-italia.it\/fr\/#website\"},\"primaryImageOfPage\":{\"@id\":\"https:\/\/koster-italia.it\/fr\/prodotto\/koster-shampooing-kiwi-et-ananas\/#primaryimage\"},\"image\":{\"@id\":\"https:\/\/koster-italia.it\/fr\/prodotto\/koster-shampooing-kiwi-et-ananas\/#primaryimage\"},\"thumbnailUrl\":\"https:\/\/koster-italia.it\/wp-content\/uploads\/2016\/04\/54008_koster_kiwi_pineapple_shampoo_10lt.png\",\"datePublished\":\"2016-04-08T12:18:33+00:00\",\"dateModified\":\"2022-12-06T08:47:59+00:00\",\"description\":\"Le shampooing kiwi et ananas est indiqu\u00e9 pour le nettoyage quotidien des cheveux normaux.\",\"breadcrumb\":{\"@id\":\"https:\/\/koster-italia.it\/fr\/prodotto\/koster-shampooing-kiwi-et-ananas\/#breadcrumb\"},\"inLanguage\":\"fr-FR\",\"potentialAction\":[{\"@type\":\"ReadAction\",\"target\":[\"https:\/\/koster-italia.it\/fr\/prodotto\/koster-shampooing-kiwi-et-ananas\/\"]}]},{\"@type\":\"ImageObject\",\"inLanguage\":\"fr-FR\",\"@id\":\"https:\/\/koster-italia.it\/fr\/prodotto\/koster-shampooing-kiwi-et-ananas\/#primaryimage\",\"url\":\"https:\/\/koster-italia.it\/wp-content\/uploads\/2016\/04\/54008_koster_kiwi_pineapple_shampoo_10lt.png\",\"contentUrl\":\"https:\/\/koster-italia.it\/wp-content\/uploads\/2016\/04\/54008_koster_kiwi_pineapple_shampoo_10lt.png\",\"width\":600,\"height\":600},{\"@type\":\"BreadcrumbList\",\"@id\":\"https:\/\/koster-italia.it\/fr\/prodotto\/koster-shampooing-kiwi-et-ananas\/#breadcrumb\",\"itemListElement\":[{\"@type\":\"ListItem\",\"position\":1,\"name\":\"Home\",\"item\":\"https:\/\/koster-italia.it\/fr\/\"},{\"@type\":\"ListItem\",\"position\":2,\"name\":\"Produits\",\"item\":\"https:\/\/koster-italia.it\/fr\/shop\/\"},{\"@type\":\"ListItem\",\"position\":3,\"name\":\"Koster \u2013 Shampooing kiwi et ananas\"}]},{\"@type\":\"WebSite\",\"@id\":\"https:\/\/koster-italia.it\/fr\/#website\",\"url\":\"https:\/\/koster-italia.it\/fr\/\",\"name\":\"Koster Italia\",\"description\":\"Prodotti professionali per parrucchieri\",\"potentialAction\":[{\"@type\":\"SearchAction\",\"target\":{\"@type\":\"EntryPoint\",\"urlTemplate\":\"https:\/\/koster-italia.it\/fr\/?s={search_term_string}\"},\"query-input\":{\"@type\":\"PropertyValueSpecification\",\"valueRequired\":true,\"valueName\":\"search_term_string\"}}],\"inLanguage\":\"fr-FR\"}]}<\/script>\n<!-- \/ Yoast SEO plugin. -->","yoast_head_json":{"title":"Koster \u2013 Shampooing kiwi et ananas","description":"Le shampooing kiwi et ananas est indiqu\u00e9 pour le nettoyage quotidien des cheveux normaux.","robots":{"index":"index","follow":"follow","max-snippet":"max-snippet:-1","max-image-preview":"max-image-preview:large","max-video-preview":"max-video-preview:-1"},"canonical":"https:\/\/koster-italia.it\/fr\/prodotto\/koster-shampooing-kiwi-et-ananas\/","og_locale":"fr_FR","og_type":"article","og_title":"Koster \u2013 Shampooing kiwi et ananas","og_description":"Le shampooing kiwi et ananas est indiqu\u00e9 pour le nettoyage quotidien des cheveux normaux.","og_url":"https:\/\/koster-italia.it\/fr\/prodotto\/koster-shampooing-kiwi-et-ananas\/","og_site_name":"Koster Italia","article_modified_time":"2022-12-06T08:47:59+00:00","og_image":[{"width":600,"height":600,"url":"https:\/\/koster-italia.it\/wp-content\/uploads\/2021\/02\/54008_koster_kiwi_pineapple_shampoo_10lt.png","type":"image\/png"}],"twitter_card":"summary_large_image","twitter_misc":{"Dur\u00e9e de lecture estim\u00e9e":"1 minute"},"schema":{"@context":"https:\/\/schema.org","@graph":[{"@type":"WebPage","@id":"https:\/\/koster-italia.it\/fr\/prodotto\/koster-shampooing-kiwi-et-ananas\/","url":"https:\/\/koster-italia.it\/fr\/prodotto\/koster-shampooing-kiwi-et-ananas\/","name":"Koster \u2013 Shampooing kiwi et ananas","isPartOf":{"@id":"https:\/\/koster-italia.it\/fr\/#website"},"primaryImageOfPage":{"@id":"https:\/\/koster-italia.it\/fr\/prodotto\/koster-shampooing-kiwi-et-ananas\/#primaryimage"},"image":{"@id":"https:\/\/koster-italia.it\/fr\/prodotto\/koster-shampooing-kiwi-et-ananas\/#primaryimage"},"thumbnailUrl":"https:\/\/koster-italia.it\/wp-content\/uploads\/2016\/04\/54008_koster_kiwi_pineapple_shampoo_10lt.png","datePublished":"2016-04-08T12:18:33+00:00","dateModified":"2022-12-06T08:47:59+00:00","description":"Le shampooing kiwi et ananas est indiqu\u00e9 pour le nettoyage quotidien des cheveux normaux.","breadcrumb":{"@id":"https:\/\/koster-italia.it\/fr\/prodotto\/koster-shampooing-kiwi-et-ananas\/#breadcrumb"},"inLanguage":"fr-FR","potentialAction":[{"@type":"ReadAction","target":["https:\/\/koster-italia.it\/fr\/prodotto\/koster-shampooing-kiwi-et-ananas\/"]}]},{"@type":"ImageObject","inLanguage":"fr-FR","@id":"https:\/\/koster-italia.it\/fr\/prodotto\/koster-shampooing-kiwi-et-ananas\/#primaryimage","url":"https:\/\/koster-italia.it\/wp-content\/uploads\/2016\/04\/54008_koster_kiwi_pineapple_shampoo_10lt.png","contentUrl":"https:\/\/koster-italia.it\/wp-content\/uploads\/2016\/04\/54008_koster_kiwi_pineapple_shampoo_10lt.png","width":600,"height":600},{"@type":"BreadcrumbList","@id":"https:\/\/koster-italia.it\/fr\/prodotto\/koster-shampooing-kiwi-et-ananas\/#breadcrumb","itemListElement":[{"@type":"ListItem","position":1,"name":"Home","item":"https:\/\/koster-italia.it\/fr\/"},{"@type":"ListItem","position":2,"name":"Produits","item":"https:\/\/koster-italia.it\/fr\/shop\/"},{"@type":"ListItem","position":3,"name":"Koster \u2013 Shampooing kiwi et ananas"}]},{"@type":"WebSite","@id":"https:\/\/koster-italia.it\/fr\/#website","url":"https:\/\/koster-italia.it\/fr\/","name":"Koster Italia","description":"Prodotti professionali per parrucchieri","potentialAction":[{"@type":"SearchAction","target":{"@type":"EntryPoint","urlTemplate":"https:\/\/koster-italia.it\/fr\/?s={search_term_string}"},"query-input":{"@type":"PropertyValueSpecification","valueRequired":true,"valueName":"search_term_string"}}],"inLanguage":"fr-FR"}]}},"_links":{"self":[{"href":"https:\/\/koster-italia.it\/fr\/wp-json\/wp\/v2\/product\/18599","targetHints":{"allow":["GET"]}}],"collection":[{"href":"https:\/\/koster-italia.it\/fr\/wp-json\/wp\/v2\/product"}],"about":[{"href":"https:\/\/koster-italia.it\/fr\/wp-json\/wp\/v2\/types\/product"}],"wp:featuredmedia":[{"embeddable":true,"href":"https:\/\/koster-italia.it\/fr\/wp-json\/wp\/v2\/media\/18831"}],"wp:attachment":[{"href":"https:\/\/koster-italia.it\/fr\/wp-json\/wp\/v2\/media?parent=18599"}],"wp:term":[{"taxonomy":"product_brand","embeddable":true,"href":"https:\/\/koster-italia.it\/fr\/wp-json\/wp\/v2\/product_brand?post=18599"},{"taxonomy":"product_cat","embeddable":true,"href":"https:\/\/koster-italia.it\/fr\/wp-json\/wp\/v2\/product_cat?post=18599"},{"taxonomy":"product_tag","embeddable":true,"href":"https:\/\/koster-italia.it\/fr\/wp-json\/wp\/v2\/product_tag?post=18599"}],"curies":[{"name":"wp","href":"https:\/\/api.w.org\/{rel}","templated":true}]}}