{"id":18598,"date":"2018-03-16T09:00:22","date_gmt":"2018-03-16T08:00:22","guid":{"rendered":"https:\/\/koster-italia.it\/prodotto\/phitja-shampooing-pour-cheveux-colores\/"},"modified":"2022-12-06T09:47:43","modified_gmt":"2022-12-06T08:47:43","slug":"phitja-shampooing-pour-cheveux-colores","status":"publish","type":"product","link":"https:\/\/koster-italia.it\/fr\/prodotto\/phitja-shampooing-pour-cheveux-colores\/","title":{"rendered":"Phitj\u00e0  \u2013 Shampooing pour cheveux color\u00e9s"},"content":{"rendered":"<p><strong>Extrait de Marronnier d\u2019Inde<\/strong>: obtenu \u00e0 partir des graines de Marronnier d\u2019Inde, il est constitu\u00e9 d\u2019un phyto-complexe riche en saponine et en flavono\u00efdes et est indiqu\u00e9 en cas de fragilit\u00e9 capillaire.<\/p>\n<p><strong>Brou de Noix\u00a0<\/strong>: riche en\u00a0flavono\u00efdes et juglon (compos\u00e9 organique aromatique et antibact\u00e9rien), il est utilis\u00e9 en milieu cosm\u00e9tique pour ses propri\u00e9t\u00e9s antioxydantes efficaces.<\/p>\n","protected":false},"excerpt":{"rendered":"<p>Le nouveau shampooing pour <strong>cheveux color\u00e9s et trait\u00e9s<\/strong> est enrichi \u00e0 l\u2019<strong>Extrait de Marronnier d\u2019Inde et au Brou de Noix<\/strong>. Il nettoie en douceur la chevelure, en pr\u00e9servant la couleur cosm\u00e9tique.<\/p>\n<p>Format de 1 000 ml<\/p>\n","protected":false},"featured_media":17983,"template":"","meta":[],"product_brand":[],"product_cat":[732],"product_tag":[],"class_list":{"0":"post-18598","1":"product","2":"type-product","3":"status-publish","4":"has-post-thumbnail","6":"product_cat-salon-fr","8":"first","9":"instock","10":"shipping-taxable","11":"product-type-simple"},"yoast_head":"<!-- This site is optimized with the Yoast SEO plugin v26.8 - https:\/\/yoast.com\/product\/yoast-seo-wordpress\/ -->\n<title>Phitj\u00e0 \u2013 Shampooing pour cheveux color\u00e9s<\/title>\n<meta name=\"description\" content=\"Le nouveau shampooing pour cheveux color\u00e9s et trait\u00e9s est enrichi \u00e0 l\u2019Extrait de Marronnier d\u2019Inde et au Brou de Noix.\" \/>\n<meta name=\"robots\" content=\"index, follow, max-snippet:-1, max-image-preview:large, max-video-preview:-1\" \/>\n<link rel=\"canonical\" href=\"https:\/\/koster-italia.it\/fr\/prodotto\/phitja-shampooing-pour-cheveux-colores\/\" \/>\n<meta property=\"og:locale\" content=\"fr_FR\" \/>\n<meta property=\"og:type\" content=\"article\" \/>\n<meta property=\"og:title\" content=\"Phitj\u00e0 \u2013 Shampooing pour cheveux color\u00e9s\" \/>\n<meta property=\"og:description\" content=\"Le nouveau shampooing pour cheveux color\u00e9s et trait\u00e9s est enrichi \u00e0 l\u2019Extrait de Marronnier d\u2019Inde et au Brou de Noix.\" \/>\n<meta property=\"og:url\" content=\"https:\/\/koster-italia.it\/fr\/prodotto\/phitja-shampooing-pour-cheveux-colores\/\" \/>\n<meta property=\"og:site_name\" content=\"Koster Italia\" \/>\n<meta property=\"article:modified_time\" content=\"2022-12-06T08:47:43+00:00\" \/>\n<meta property=\"og:image\" content=\"https:\/\/koster-italia.it\/wp-content\/uploads\/2022\/09\/52037_koster_phitja_shampoo_coloured_hair_1000ml.png\" \/>\n\t<meta property=\"og:image:width\" content=\"600\" \/>\n\t<meta property=\"og:image:height\" content=\"600\" \/>\n\t<meta property=\"og:image:type\" content=\"image\/png\" \/>\n<meta name=\"twitter:card\" content=\"summary_large_image\" \/>\n<meta name=\"twitter:label1\" content=\"Dur\u00e9e de lecture estim\u00e9e\" \/>\n\t<meta name=\"twitter:data1\" content=\"1 minute\" \/>\n<script type=\"application\/ld+json\" class=\"yoast-schema-graph\">{\"@context\":\"https:\/\/schema.org\",\"@graph\":[{\"@type\":\"WebPage\",\"@id\":\"https:\/\/koster-italia.it\/fr\/prodotto\/phitja-shampooing-pour-cheveux-colores\/\",\"url\":\"https:\/\/koster-italia.it\/fr\/prodotto\/phitja-shampooing-pour-cheveux-colores\/\",\"name\":\"Phitj\u00e0 \u2013 Shampooing pour cheveux color\u00e9s\",\"isPartOf\":{\"@id\":\"https:\/\/koster-italia.it\/fr\/#website\"},\"primaryImageOfPage\":{\"@id\":\"https:\/\/koster-italia.it\/fr\/prodotto\/phitja-shampooing-pour-cheveux-colores\/#primaryimage\"},\"image\":{\"@id\":\"https:\/\/koster-italia.it\/fr\/prodotto\/phitja-shampooing-pour-cheveux-colores\/#primaryimage\"},\"thumbnailUrl\":\"https:\/\/koster-italia.it\/wp-content\/uploads\/2022\/09\/52037_koster_phitja_shampoo_coloured_hair_1000ml.png\",\"datePublished\":\"2018-03-16T08:00:22+00:00\",\"dateModified\":\"2022-12-06T08:47:43+00:00\",\"description\":\"Le nouveau shampooing pour cheveux color\u00e9s et trait\u00e9s est enrichi \u00e0 l\u2019Extrait de Marronnier d\u2019Inde et au Brou de Noix.\",\"breadcrumb\":{\"@id\":\"https:\/\/koster-italia.it\/fr\/prodotto\/phitja-shampooing-pour-cheveux-colores\/#breadcrumb\"},\"inLanguage\":\"fr-FR\",\"potentialAction\":[{\"@type\":\"ReadAction\",\"target\":[\"https:\/\/koster-italia.it\/fr\/prodotto\/phitja-shampooing-pour-cheveux-colores\/\"]}]},{\"@type\":\"ImageObject\",\"inLanguage\":\"fr-FR\",\"@id\":\"https:\/\/koster-italia.it\/fr\/prodotto\/phitja-shampooing-pour-cheveux-colores\/#primaryimage\",\"url\":\"https:\/\/koster-italia.it\/wp-content\/uploads\/2022\/09\/52037_koster_phitja_shampoo_coloured_hair_1000ml.png\",\"contentUrl\":\"https:\/\/koster-italia.it\/wp-content\/uploads\/2022\/09\/52037_koster_phitja_shampoo_coloured_hair_1000ml.png\",\"width\":600,\"height\":600},{\"@type\":\"BreadcrumbList\",\"@id\":\"https:\/\/koster-italia.it\/fr\/prodotto\/phitja-shampooing-pour-cheveux-colores\/#breadcrumb\",\"itemListElement\":[{\"@type\":\"ListItem\",\"position\":1,\"name\":\"Home\",\"item\":\"https:\/\/koster-italia.it\/fr\/\"},{\"@type\":\"ListItem\",\"position\":2,\"name\":\"Produits\",\"item\":\"https:\/\/koster-italia.it\/fr\/shop\/\"},{\"@type\":\"ListItem\",\"position\":3,\"name\":\"Phitj\u00e0 \u2013 Shampooing pour cheveux color\u00e9s\"}]},{\"@type\":\"WebSite\",\"@id\":\"https:\/\/koster-italia.it\/fr\/#website\",\"url\":\"https:\/\/koster-italia.it\/fr\/\",\"name\":\"Koster Italia\",\"description\":\"Prodotti professionali per parrucchieri\",\"potentialAction\":[{\"@type\":\"SearchAction\",\"target\":{\"@type\":\"EntryPoint\",\"urlTemplate\":\"https:\/\/koster-italia.it\/fr\/?s={search_term_string}\"},\"query-input\":{\"@type\":\"PropertyValueSpecification\",\"valueRequired\":true,\"valueName\":\"search_term_string\"}}],\"inLanguage\":\"fr-FR\"}]}<\/script>\n<!-- \/ Yoast SEO plugin. -->","yoast_head_json":{"title":"Phitj\u00e0 \u2013 Shampooing pour cheveux color\u00e9s","description":"Le nouveau shampooing pour cheveux color\u00e9s et trait\u00e9s est enrichi \u00e0 l\u2019Extrait de Marronnier d\u2019Inde et au Brou de Noix.","robots":{"index":"index","follow":"follow","max-snippet":"max-snippet:-1","max-image-preview":"max-image-preview:large","max-video-preview":"max-video-preview:-1"},"canonical":"https:\/\/koster-italia.it\/fr\/prodotto\/phitja-shampooing-pour-cheveux-colores\/","og_locale":"fr_FR","og_type":"article","og_title":"Phitj\u00e0 \u2013 Shampooing pour cheveux color\u00e9s","og_description":"Le nouveau shampooing pour cheveux color\u00e9s et trait\u00e9s est enrichi \u00e0 l\u2019Extrait de Marronnier d\u2019Inde et au Brou de Noix.","og_url":"https:\/\/koster-italia.it\/fr\/prodotto\/phitja-shampooing-pour-cheveux-colores\/","og_site_name":"Koster Italia","article_modified_time":"2022-12-06T08:47:43+00:00","og_image":[{"width":600,"height":600,"url":"https:\/\/koster-italia.it\/wp-content\/uploads\/2022\/09\/52037_koster_phitja_shampoo_coloured_hair_1000ml.png","type":"image\/png"}],"twitter_card":"summary_large_image","twitter_misc":{"Dur\u00e9e de lecture estim\u00e9e":"1 minute"},"schema":{"@context":"https:\/\/schema.org","@graph":[{"@type":"WebPage","@id":"https:\/\/koster-italia.it\/fr\/prodotto\/phitja-shampooing-pour-cheveux-colores\/","url":"https:\/\/koster-italia.it\/fr\/prodotto\/phitja-shampooing-pour-cheveux-colores\/","name":"Phitj\u00e0 \u2013 Shampooing pour cheveux color\u00e9s","isPartOf":{"@id":"https:\/\/koster-italia.it\/fr\/#website"},"primaryImageOfPage":{"@id":"https:\/\/koster-italia.it\/fr\/prodotto\/phitja-shampooing-pour-cheveux-colores\/#primaryimage"},"image":{"@id":"https:\/\/koster-italia.it\/fr\/prodotto\/phitja-shampooing-pour-cheveux-colores\/#primaryimage"},"thumbnailUrl":"https:\/\/koster-italia.it\/wp-content\/uploads\/2022\/09\/52037_koster_phitja_shampoo_coloured_hair_1000ml.png","datePublished":"2018-03-16T08:00:22+00:00","dateModified":"2022-12-06T08:47:43+00:00","description":"Le nouveau shampooing pour cheveux color\u00e9s et trait\u00e9s est enrichi \u00e0 l\u2019Extrait de Marronnier d\u2019Inde et au Brou de Noix.","breadcrumb":{"@id":"https:\/\/koster-italia.it\/fr\/prodotto\/phitja-shampooing-pour-cheveux-colores\/#breadcrumb"},"inLanguage":"fr-FR","potentialAction":[{"@type":"ReadAction","target":["https:\/\/koster-italia.it\/fr\/prodotto\/phitja-shampooing-pour-cheveux-colores\/"]}]},{"@type":"ImageObject","inLanguage":"fr-FR","@id":"https:\/\/koster-italia.it\/fr\/prodotto\/phitja-shampooing-pour-cheveux-colores\/#primaryimage","url":"https:\/\/koster-italia.it\/wp-content\/uploads\/2022\/09\/52037_koster_phitja_shampoo_coloured_hair_1000ml.png","contentUrl":"https:\/\/koster-italia.it\/wp-content\/uploads\/2022\/09\/52037_koster_phitja_shampoo_coloured_hair_1000ml.png","width":600,"height":600},{"@type":"BreadcrumbList","@id":"https:\/\/koster-italia.it\/fr\/prodotto\/phitja-shampooing-pour-cheveux-colores\/#breadcrumb","itemListElement":[{"@type":"ListItem","position":1,"name":"Home","item":"https:\/\/koster-italia.it\/fr\/"},{"@type":"ListItem","position":2,"name":"Produits","item":"https:\/\/koster-italia.it\/fr\/shop\/"},{"@type":"ListItem","position":3,"name":"Phitj\u00e0 \u2013 Shampooing pour cheveux color\u00e9s"}]},{"@type":"WebSite","@id":"https:\/\/koster-italia.it\/fr\/#website","url":"https:\/\/koster-italia.it\/fr\/","name":"Koster Italia","description":"Prodotti professionali per parrucchieri","potentialAction":[{"@type":"SearchAction","target":{"@type":"EntryPoint","urlTemplate":"https:\/\/koster-italia.it\/fr\/?s={search_term_string}"},"query-input":{"@type":"PropertyValueSpecification","valueRequired":true,"valueName":"search_term_string"}}],"inLanguage":"fr-FR"}]}},"_links":{"self":[{"href":"https:\/\/koster-italia.it\/fr\/wp-json\/wp\/v2\/product\/18598","targetHints":{"allow":["GET"]}}],"collection":[{"href":"https:\/\/koster-italia.it\/fr\/wp-json\/wp\/v2\/product"}],"about":[{"href":"https:\/\/koster-italia.it\/fr\/wp-json\/wp\/v2\/types\/product"}],"wp:featuredmedia":[{"embeddable":true,"href":"https:\/\/koster-italia.it\/fr\/wp-json\/wp\/v2\/media\/17983"}],"wp:attachment":[{"href":"https:\/\/koster-italia.it\/fr\/wp-json\/wp\/v2\/media?parent=18598"}],"wp:term":[{"taxonomy":"product_brand","embeddable":true,"href":"https:\/\/koster-italia.it\/fr\/wp-json\/wp\/v2\/product_brand?post=18598"},{"taxonomy":"product_cat","embeddable":true,"href":"https:\/\/koster-italia.it\/fr\/wp-json\/wp\/v2\/product_cat?post=18598"},{"taxonomy":"product_tag","embeddable":true,"href":"https:\/\/koster-italia.it\/fr\/wp-json\/wp\/v2\/product_tag?post=18598"}],"curies":[{"name":"wp","href":"https:\/\/api.w.org\/{rel}","templated":true}]}}