{"id":18441,"date":"2016-04-08T12:04:42","date_gmt":"2016-04-08T10:04:42","guid":{"rendered":"https:\/\/koster-italia.it\/prodotto\/koster-emulsion-oxydante-10-volumes-3\/"},"modified":"2022-12-05T16:55:12","modified_gmt":"2022-12-05T15:55:12","slug":"koster-emulsion-oxydante-10-volumes-3","status":"publish","type":"product","link":"https:\/\/koster-italia.it\/fr\/prodotto\/koster-emulsion-oxydante-10-volumes-3\/","title":{"rendered":"Koster \u2013 \u00c9mulsion oxydante 10 volumes (3 %)"},"content":{"rendered":"<p>Riche en <strong>agents stabilisants<\/strong>, pour une action en toute s\u00e9curit\u00e9<\/p>\n<p>Formule d\u00e9licate aux <strong>agents conditionnants et protecteurs<\/strong><\/p>\n","protected":false},"excerpt":{"rendered":"<p><strong>L\u2019\u00e9mulsion oxydante 10 volumes Koster (3 %)<\/strong> n\u2019alt\u00e8re pas la tige, associant la <strong>transmission<\/strong> de l\u2019oxyg\u00e8ne en phase de <strong>coloration ou de d\u00e9coloration<\/strong> avec une composition d\u00e9licate. Elle vante une formulation riche en <strong>agents conditionnants et protecteurs<\/strong> qui pr\u00e9servent l\u2019hydratation et la luminosit\u00e9 de la chevelure durant les traitements de coloration et de d\u00e9coloration.<\/p>\n<p>Usage professionnel<\/p>\n<p>Format 1 000 ml<\/p>\n","protected":false},"featured_media":21486,"template":"","meta":[],"product_brand":[],"product_cat":[724,726],"product_tag":[],"class_list":{"0":"post-18441","1":"product","2":"type-product","3":"status-publish","4":"has-post-thumbnail","6":"product_cat-basic-deco-fr","7":"product_cat-oxidising-fr","9":"first","10":"instock","11":"shipping-taxable","12":"product-type-simple"},"yoast_head":"<!-- This site is optimized with the Yoast SEO plugin v26.8 - https:\/\/yoast.com\/product\/yoast-seo-wordpress\/ -->\n<title>Koster \u2013 \u00c9mulsion oxydante 10 volumes (3 %)<\/title>\n<meta name=\"description\" content=\"L\u2019\u00e9mulsion oxydante 10 volumes Koster (3 %) n\u2019alt\u00e8re pas la tige, associant la transmission de l\u2019oxyg\u00e8ne en phase de coloration ou de d\u00e9coloration avec une composition d\u00e9licate.\" \/>\n<meta name=\"robots\" content=\"index, follow, max-snippet:-1, max-image-preview:large, max-video-preview:-1\" \/>\n<link rel=\"canonical\" href=\"https:\/\/koster-italia.it\/fr\/prodotto\/koster-emulsion-oxydante-10-volumes-3\/\" \/>\n<meta property=\"og:locale\" content=\"fr_FR\" \/>\n<meta property=\"og:type\" content=\"article\" \/>\n<meta property=\"og:title\" content=\"Koster \u2013 \u00c9mulsion oxydante 10 volumes (3 %)\" \/>\n<meta property=\"og:description\" content=\"L\u2019\u00e9mulsion oxydante 10 volumes Koster (3 %) n\u2019alt\u00e8re pas la tige, associant la transmission de l\u2019oxyg\u00e8ne en phase de coloration ou de d\u00e9coloration avec une composition d\u00e9licate.\" \/>\n<meta property=\"og:url\" content=\"https:\/\/koster-italia.it\/fr\/prodotto\/koster-emulsion-oxydante-10-volumes-3\/\" \/>\n<meta property=\"og:site_name\" content=\"Koster Italia\" \/>\n<meta property=\"article:modified_time\" content=\"2022-12-05T15:55:12+00:00\" \/>\n<meta property=\"og:image\" content=\"https:\/\/koster-italia.it\/wp-content\/uploads\/2016\/04\/koster_emulsione_ossidante_10_vol_1000ml-2.png\" \/>\n\t<meta property=\"og:image:width\" content=\"800\" \/>\n\t<meta property=\"og:image:height\" content=\"800\" \/>\n\t<meta property=\"og:image:type\" content=\"image\/png\" \/>\n<meta name=\"twitter:card\" content=\"summary_large_image\" \/>\n<meta name=\"twitter:label1\" content=\"Dur\u00e9e de lecture estim\u00e9e\" \/>\n\t<meta name=\"twitter:data1\" content=\"1 minute\" \/>\n<script type=\"application\/ld+json\" class=\"yoast-schema-graph\">{\"@context\":\"https:\/\/schema.org\",\"@graph\":[{\"@type\":\"WebPage\",\"@id\":\"https:\/\/koster-italia.it\/fr\/prodotto\/koster-emulsion-oxydante-10-volumes-3\/\",\"url\":\"https:\/\/koster-italia.it\/fr\/prodotto\/koster-emulsion-oxydante-10-volumes-3\/\",\"name\":\"Koster \u2013 \u00c9mulsion oxydante 10 volumes (3 %)\",\"isPartOf\":{\"@id\":\"https:\/\/koster-italia.it\/fr\/#website\"},\"primaryImageOfPage\":{\"@id\":\"https:\/\/koster-italia.it\/fr\/prodotto\/koster-emulsion-oxydante-10-volumes-3\/#primaryimage\"},\"image\":{\"@id\":\"https:\/\/koster-italia.it\/fr\/prodotto\/koster-emulsion-oxydante-10-volumes-3\/#primaryimage\"},\"thumbnailUrl\":\"https:\/\/koster-italia.it\/wp-content\/uploads\/2025\/08\/51000_koster_oxidizing_emulsion_10_vol_1000ml.png\",\"datePublished\":\"2016-04-08T10:04:42+00:00\",\"dateModified\":\"2022-12-05T15:55:12+00:00\",\"description\":\"L\u2019\u00e9mulsion oxydante 10 volumes Koster (3 %) n\u2019alt\u00e8re pas la tige, associant la transmission de l\u2019oxyg\u00e8ne en phase de coloration ou de d\u00e9coloration avec une composition d\u00e9licate.\",\"breadcrumb\":{\"@id\":\"https:\/\/koster-italia.it\/fr\/prodotto\/koster-emulsion-oxydante-10-volumes-3\/#breadcrumb\"},\"inLanguage\":\"fr-FR\",\"potentialAction\":[{\"@type\":\"ReadAction\",\"target\":[\"https:\/\/koster-italia.it\/fr\/prodotto\/koster-emulsion-oxydante-10-volumes-3\/\"]}]},{\"@type\":\"ImageObject\",\"inLanguage\":\"fr-FR\",\"@id\":\"https:\/\/koster-italia.it\/fr\/prodotto\/koster-emulsion-oxydante-10-volumes-3\/#primaryimage\",\"url\":\"https:\/\/koster-italia.it\/wp-content\/uploads\/2025\/08\/51000_koster_oxidizing_emulsion_10_vol_1000ml.png\",\"contentUrl\":\"https:\/\/koster-italia.it\/wp-content\/uploads\/2025\/08\/51000_koster_oxidizing_emulsion_10_vol_1000ml.png\",\"width\":800,\"height\":800},{\"@type\":\"BreadcrumbList\",\"@id\":\"https:\/\/koster-italia.it\/fr\/prodotto\/koster-emulsion-oxydante-10-volumes-3\/#breadcrumb\",\"itemListElement\":[{\"@type\":\"ListItem\",\"position\":1,\"name\":\"Home\",\"item\":\"https:\/\/koster-italia.it\/fr\/\"},{\"@type\":\"ListItem\",\"position\":2,\"name\":\"Produits\",\"item\":\"https:\/\/koster-italia.it\/fr\/shop\/\"},{\"@type\":\"ListItem\",\"position\":3,\"name\":\"Koster \u2013 \u00c9mulsion oxydante 10 volumes (3 %)\"}]},{\"@type\":\"WebSite\",\"@id\":\"https:\/\/koster-italia.it\/fr\/#website\",\"url\":\"https:\/\/koster-italia.it\/fr\/\",\"name\":\"Koster Italia\",\"description\":\"Prodotti professionali per parrucchieri\",\"potentialAction\":[{\"@type\":\"SearchAction\",\"target\":{\"@type\":\"EntryPoint\",\"urlTemplate\":\"https:\/\/koster-italia.it\/fr\/?s={search_term_string}\"},\"query-input\":{\"@type\":\"PropertyValueSpecification\",\"valueRequired\":true,\"valueName\":\"search_term_string\"}}],\"inLanguage\":\"fr-FR\"}]}<\/script>\n<!-- \/ Yoast SEO plugin. -->","yoast_head_json":{"title":"Koster \u2013 \u00c9mulsion oxydante 10 volumes (3 %)","description":"L\u2019\u00e9mulsion oxydante 10 volumes Koster (3 %) n\u2019alt\u00e8re pas la tige, associant la transmission de l\u2019oxyg\u00e8ne en phase de coloration ou de d\u00e9coloration avec une composition d\u00e9licate.","robots":{"index":"index","follow":"follow","max-snippet":"max-snippet:-1","max-image-preview":"max-image-preview:large","max-video-preview":"max-video-preview:-1"},"canonical":"https:\/\/koster-italia.it\/fr\/prodotto\/koster-emulsion-oxydante-10-volumes-3\/","og_locale":"fr_FR","og_type":"article","og_title":"Koster \u2013 \u00c9mulsion oxydante 10 volumes (3 %)","og_description":"L\u2019\u00e9mulsion oxydante 10 volumes Koster (3 %) n\u2019alt\u00e8re pas la tige, associant la transmission de l\u2019oxyg\u00e8ne en phase de coloration ou de d\u00e9coloration avec une composition d\u00e9licate.","og_url":"https:\/\/koster-italia.it\/fr\/prodotto\/koster-emulsion-oxydante-10-volumes-3\/","og_site_name":"Koster Italia","article_modified_time":"2022-12-05T15:55:12+00:00","og_image":[{"width":800,"height":800,"url":"https:\/\/koster-italia.it\/wp-content\/uploads\/2016\/04\/koster_emulsione_ossidante_10_vol_1000ml-2.png","type":"image\/png"}],"twitter_card":"summary_large_image","twitter_misc":{"Dur\u00e9e de lecture estim\u00e9e":"1 minute"},"schema":{"@context":"https:\/\/schema.org","@graph":[{"@type":"WebPage","@id":"https:\/\/koster-italia.it\/fr\/prodotto\/koster-emulsion-oxydante-10-volumes-3\/","url":"https:\/\/koster-italia.it\/fr\/prodotto\/koster-emulsion-oxydante-10-volumes-3\/","name":"Koster \u2013 \u00c9mulsion oxydante 10 volumes (3 %)","isPartOf":{"@id":"https:\/\/koster-italia.it\/fr\/#website"},"primaryImageOfPage":{"@id":"https:\/\/koster-italia.it\/fr\/prodotto\/koster-emulsion-oxydante-10-volumes-3\/#primaryimage"},"image":{"@id":"https:\/\/koster-italia.it\/fr\/prodotto\/koster-emulsion-oxydante-10-volumes-3\/#primaryimage"},"thumbnailUrl":"https:\/\/koster-italia.it\/wp-content\/uploads\/2025\/08\/51000_koster_oxidizing_emulsion_10_vol_1000ml.png","datePublished":"2016-04-08T10:04:42+00:00","dateModified":"2022-12-05T15:55:12+00:00","description":"L\u2019\u00e9mulsion oxydante 10 volumes Koster (3 %) n\u2019alt\u00e8re pas la tige, associant la transmission de l\u2019oxyg\u00e8ne en phase de coloration ou de d\u00e9coloration avec une composition d\u00e9licate.","breadcrumb":{"@id":"https:\/\/koster-italia.it\/fr\/prodotto\/koster-emulsion-oxydante-10-volumes-3\/#breadcrumb"},"inLanguage":"fr-FR","potentialAction":[{"@type":"ReadAction","target":["https:\/\/koster-italia.it\/fr\/prodotto\/koster-emulsion-oxydante-10-volumes-3\/"]}]},{"@type":"ImageObject","inLanguage":"fr-FR","@id":"https:\/\/koster-italia.it\/fr\/prodotto\/koster-emulsion-oxydante-10-volumes-3\/#primaryimage","url":"https:\/\/koster-italia.it\/wp-content\/uploads\/2025\/08\/51000_koster_oxidizing_emulsion_10_vol_1000ml.png","contentUrl":"https:\/\/koster-italia.it\/wp-content\/uploads\/2025\/08\/51000_koster_oxidizing_emulsion_10_vol_1000ml.png","width":800,"height":800},{"@type":"BreadcrumbList","@id":"https:\/\/koster-italia.it\/fr\/prodotto\/koster-emulsion-oxydante-10-volumes-3\/#breadcrumb","itemListElement":[{"@type":"ListItem","position":1,"name":"Home","item":"https:\/\/koster-italia.it\/fr\/"},{"@type":"ListItem","position":2,"name":"Produits","item":"https:\/\/koster-italia.it\/fr\/shop\/"},{"@type":"ListItem","position":3,"name":"Koster \u2013 \u00c9mulsion oxydante 10 volumes (3 %)"}]},{"@type":"WebSite","@id":"https:\/\/koster-italia.it\/fr\/#website","url":"https:\/\/koster-italia.it\/fr\/","name":"Koster Italia","description":"Prodotti professionali per parrucchieri","potentialAction":[{"@type":"SearchAction","target":{"@type":"EntryPoint","urlTemplate":"https:\/\/koster-italia.it\/fr\/?s={search_term_string}"},"query-input":{"@type":"PropertyValueSpecification","valueRequired":true,"valueName":"search_term_string"}}],"inLanguage":"fr-FR"}]}},"_links":{"self":[{"href":"https:\/\/koster-italia.it\/fr\/wp-json\/wp\/v2\/product\/18441","targetHints":{"allow":["GET"]}}],"collection":[{"href":"https:\/\/koster-italia.it\/fr\/wp-json\/wp\/v2\/product"}],"about":[{"href":"https:\/\/koster-italia.it\/fr\/wp-json\/wp\/v2\/types\/product"}],"wp:featuredmedia":[{"embeddable":true,"href":"https:\/\/koster-italia.it\/fr\/wp-json\/wp\/v2\/media\/21486"}],"wp:attachment":[{"href":"https:\/\/koster-italia.it\/fr\/wp-json\/wp\/v2\/media?parent=18441"}],"wp:term":[{"taxonomy":"product_brand","embeddable":true,"href":"https:\/\/koster-italia.it\/fr\/wp-json\/wp\/v2\/product_brand?post=18441"},{"taxonomy":"product_cat","embeddable":true,"href":"https:\/\/koster-italia.it\/fr\/wp-json\/wp\/v2\/product_cat?post=18441"},{"taxonomy":"product_tag","embeddable":true,"href":"https:\/\/koster-italia.it\/fr\/wp-json\/wp\/v2\/product_tag?post=18441"}],"curies":[{"name":"wp","href":"https:\/\/api.w.org\/{rel}","templated":true}]}}