{"id":18437,"date":"2016-04-08T12:03:19","date_gmt":"2016-04-08T10:03:19","guid":{"rendered":"https:\/\/koster-italia.it\/prodotto\/koster-emulsion-oxydante-30-volumes-9\/"},"modified":"2022-12-05T16:55:43","modified_gmt":"2022-12-05T15:55:43","slug":"koster-emulsion-oxydante-30-volumes-9","status":"publish","type":"product","link":"https:\/\/koster-italia.it\/fr\/prodotto\/koster-emulsion-oxydante-30-volumes-9\/","title":{"rendered":"Koster \u2013 \u00c9mulsion oxydante 30 volumes (9 %)"},"content":{"rendered":"<p>Enrichie aux <strong>actifs fonctionnels et stabilisants<\/strong><\/p>\n<p>Assure une <strong>couverture optimale<\/strong> des cheveux blancs<\/p>\n","protected":false},"excerpt":{"rendered":"<p><strong>\u00c9mulsion oxydante 30 volumes (9 %) Koster<\/strong> \u00e0 la consistance cr\u00e9meuse, essentielle pour un d\u00e9veloppement optimal de la couleur, actionne et g\u00e8re de fa\u00e7on homog\u00e8ne la <strong>transmission de l\u2019oxyg\u00e8ne<\/strong> durant la phase de pose. Action <strong>conditionnante et protectrice<\/strong>, gr\u00e2ce aux actifs fonctionnels et stabilisants qui laissent les <strong>cheveux doux et brillants<\/strong>. Indispensable pour les services de <strong>coloration et de d\u00e9coloration<\/strong>, elle offre une couverture optimale des cheveux blancs.<\/p>\n<p>Usage professionnel<\/p>\n<p>Format 200 ml<\/p>\n","protected":false},"featured_media":21498,"template":"","meta":[],"product_brand":[],"product_cat":[724,726],"product_tag":[],"class_list":{"0":"post-18437","1":"product","2":"type-product","3":"status-publish","4":"has-post-thumbnail","6":"product_cat-basic-deco-fr","7":"product_cat-oxidising-fr","9":"first","10":"instock","11":"shipping-taxable","12":"product-type-simple"},"yoast_head":"<!-- This site is optimized with the Yoast SEO plugin v26.8 - https:\/\/yoast.com\/product\/yoast-seo-wordpress\/ -->\n<title>Koster \u2013 \u00c9mulsion oxydante 30 volumes (9 %)<\/title>\n<meta name=\"description\" content=\"\u00c9mulsion oxydante 30 volumes (9 %) Koster \u00e0 la consistance cr\u00e9meuse, essentielle pour un d\u00e9veloppement optimal de la couleur\" \/>\n<meta name=\"robots\" content=\"index, follow, max-snippet:-1, max-image-preview:large, max-video-preview:-1\" \/>\n<link rel=\"canonical\" href=\"https:\/\/koster-italia.it\/fr\/prodotto\/koster-emulsion-oxydante-30-volumes-9\/\" \/>\n<meta property=\"og:locale\" content=\"fr_FR\" \/>\n<meta property=\"og:type\" content=\"article\" \/>\n<meta property=\"og:title\" content=\"Koster \u2013 \u00c9mulsion oxydante 30 volumes (9 %)\" \/>\n<meta property=\"og:description\" content=\"\u00c9mulsion oxydante 30 volumes (9 %) Koster \u00e0 la consistance cr\u00e9meuse, essentielle pour un d\u00e9veloppement optimal de la couleur\" \/>\n<meta property=\"og:url\" content=\"https:\/\/koster-italia.it\/fr\/prodotto\/koster-emulsion-oxydante-30-volumes-9\/\" \/>\n<meta property=\"og:site_name\" content=\"Koster Italia\" \/>\n<meta property=\"article:modified_time\" content=\"2022-12-05T15:55:43+00:00\" \/>\n<meta property=\"og:image\" content=\"https:\/\/koster-italia.it\/wp-content\/uploads\/2021\/09\/51005_koster_oxidizing_emulsio_30_vol_200ml.png\" \/>\n\t<meta property=\"og:image:width\" content=\"600\" \/>\n\t<meta property=\"og:image:height\" content=\"600\" \/>\n\t<meta property=\"og:image:type\" content=\"image\/png\" \/>\n<meta name=\"twitter:card\" content=\"summary_large_image\" \/>\n<meta name=\"twitter:label1\" content=\"Dur\u00e9e de lecture estim\u00e9e\" \/>\n\t<meta name=\"twitter:data1\" content=\"1 minute\" \/>\n<script type=\"application\/ld+json\" class=\"yoast-schema-graph\">{\"@context\":\"https:\/\/schema.org\",\"@graph\":[{\"@type\":\"WebPage\",\"@id\":\"https:\/\/koster-italia.it\/fr\/prodotto\/koster-emulsion-oxydante-30-volumes-9\/\",\"url\":\"https:\/\/koster-italia.it\/fr\/prodotto\/koster-emulsion-oxydante-30-volumes-9\/\",\"name\":\"Koster \u2013 \u00c9mulsion oxydante 30 volumes (9 %)\",\"isPartOf\":{\"@id\":\"https:\/\/koster-italia.it\/fr\/#website\"},\"primaryImageOfPage\":{\"@id\":\"https:\/\/koster-italia.it\/fr\/prodotto\/koster-emulsion-oxydante-30-volumes-9\/#primaryimage\"},\"image\":{\"@id\":\"https:\/\/koster-italia.it\/fr\/prodotto\/koster-emulsion-oxydante-30-volumes-9\/#primaryimage\"},\"thumbnailUrl\":\"https:\/\/koster-italia.it\/wp-content\/uploads\/2025\/08\/51005_koster_oxidizing_emulsio_30_vol_200ml.png\",\"datePublished\":\"2016-04-08T10:03:19+00:00\",\"dateModified\":\"2022-12-05T15:55:43+00:00\",\"description\":\"\u00c9mulsion oxydante 30 volumes (9 %) Koster \u00e0 la consistance cr\u00e9meuse, essentielle pour un d\u00e9veloppement optimal de la couleur\",\"breadcrumb\":{\"@id\":\"https:\/\/koster-italia.it\/fr\/prodotto\/koster-emulsion-oxydante-30-volumes-9\/#breadcrumb\"},\"inLanguage\":\"fr-FR\",\"potentialAction\":[{\"@type\":\"ReadAction\",\"target\":[\"https:\/\/koster-italia.it\/fr\/prodotto\/koster-emulsion-oxydante-30-volumes-9\/\"]}]},{\"@type\":\"ImageObject\",\"inLanguage\":\"fr-FR\",\"@id\":\"https:\/\/koster-italia.it\/fr\/prodotto\/koster-emulsion-oxydante-30-volumes-9\/#primaryimage\",\"url\":\"https:\/\/koster-italia.it\/wp-content\/uploads\/2025\/08\/51005_koster_oxidizing_emulsio_30_vol_200ml.png\",\"contentUrl\":\"https:\/\/koster-italia.it\/wp-content\/uploads\/2025\/08\/51005_koster_oxidizing_emulsio_30_vol_200ml.png\",\"width\":800,\"height\":800},{\"@type\":\"BreadcrumbList\",\"@id\":\"https:\/\/koster-italia.it\/fr\/prodotto\/koster-emulsion-oxydante-30-volumes-9\/#breadcrumb\",\"itemListElement\":[{\"@type\":\"ListItem\",\"position\":1,\"name\":\"Home\",\"item\":\"https:\/\/koster-italia.it\/fr\/\"},{\"@type\":\"ListItem\",\"position\":2,\"name\":\"Produits\",\"item\":\"https:\/\/koster-italia.it\/fr\/shop\/\"},{\"@type\":\"ListItem\",\"position\":3,\"name\":\"Koster \u2013 \u00c9mulsion oxydante 30 volumes (9 %)\"}]},{\"@type\":\"WebSite\",\"@id\":\"https:\/\/koster-italia.it\/fr\/#website\",\"url\":\"https:\/\/koster-italia.it\/fr\/\",\"name\":\"Koster Italia\",\"description\":\"Prodotti professionali per parrucchieri\",\"potentialAction\":[{\"@type\":\"SearchAction\",\"target\":{\"@type\":\"EntryPoint\",\"urlTemplate\":\"https:\/\/koster-italia.it\/fr\/?s={search_term_string}\"},\"query-input\":{\"@type\":\"PropertyValueSpecification\",\"valueRequired\":true,\"valueName\":\"search_term_string\"}}],\"inLanguage\":\"fr-FR\"}]}<\/script>\n<!-- \/ Yoast SEO plugin. -->","yoast_head_json":{"title":"Koster \u2013 \u00c9mulsion oxydante 30 volumes (9 %)","description":"\u00c9mulsion oxydante 30 volumes (9 %) Koster \u00e0 la consistance cr\u00e9meuse, essentielle pour un d\u00e9veloppement optimal de la couleur","robots":{"index":"index","follow":"follow","max-snippet":"max-snippet:-1","max-image-preview":"max-image-preview:large","max-video-preview":"max-video-preview:-1"},"canonical":"https:\/\/koster-italia.it\/fr\/prodotto\/koster-emulsion-oxydante-30-volumes-9\/","og_locale":"fr_FR","og_type":"article","og_title":"Koster \u2013 \u00c9mulsion oxydante 30 volumes (9 %)","og_description":"\u00c9mulsion oxydante 30 volumes (9 %) Koster \u00e0 la consistance cr\u00e9meuse, essentielle pour un d\u00e9veloppement optimal de la couleur","og_url":"https:\/\/koster-italia.it\/fr\/prodotto\/koster-emulsion-oxydante-30-volumes-9\/","og_site_name":"Koster Italia","article_modified_time":"2022-12-05T15:55:43+00:00","og_image":[{"width":600,"height":600,"url":"https:\/\/koster-italia.it\/wp-content\/uploads\/2021\/09\/51005_koster_oxidizing_emulsio_30_vol_200ml.png","type":"image\/png"}],"twitter_card":"summary_large_image","twitter_misc":{"Dur\u00e9e de lecture estim\u00e9e":"1 minute"},"schema":{"@context":"https:\/\/schema.org","@graph":[{"@type":"WebPage","@id":"https:\/\/koster-italia.it\/fr\/prodotto\/koster-emulsion-oxydante-30-volumes-9\/","url":"https:\/\/koster-italia.it\/fr\/prodotto\/koster-emulsion-oxydante-30-volumes-9\/","name":"Koster \u2013 \u00c9mulsion oxydante 30 volumes (9 %)","isPartOf":{"@id":"https:\/\/koster-italia.it\/fr\/#website"},"primaryImageOfPage":{"@id":"https:\/\/koster-italia.it\/fr\/prodotto\/koster-emulsion-oxydante-30-volumes-9\/#primaryimage"},"image":{"@id":"https:\/\/koster-italia.it\/fr\/prodotto\/koster-emulsion-oxydante-30-volumes-9\/#primaryimage"},"thumbnailUrl":"https:\/\/koster-italia.it\/wp-content\/uploads\/2025\/08\/51005_koster_oxidizing_emulsio_30_vol_200ml.png","datePublished":"2016-04-08T10:03:19+00:00","dateModified":"2022-12-05T15:55:43+00:00","description":"\u00c9mulsion oxydante 30 volumes (9 %) Koster \u00e0 la consistance cr\u00e9meuse, essentielle pour un d\u00e9veloppement optimal de la couleur","breadcrumb":{"@id":"https:\/\/koster-italia.it\/fr\/prodotto\/koster-emulsion-oxydante-30-volumes-9\/#breadcrumb"},"inLanguage":"fr-FR","potentialAction":[{"@type":"ReadAction","target":["https:\/\/koster-italia.it\/fr\/prodotto\/koster-emulsion-oxydante-30-volumes-9\/"]}]},{"@type":"ImageObject","inLanguage":"fr-FR","@id":"https:\/\/koster-italia.it\/fr\/prodotto\/koster-emulsion-oxydante-30-volumes-9\/#primaryimage","url":"https:\/\/koster-italia.it\/wp-content\/uploads\/2025\/08\/51005_koster_oxidizing_emulsio_30_vol_200ml.png","contentUrl":"https:\/\/koster-italia.it\/wp-content\/uploads\/2025\/08\/51005_koster_oxidizing_emulsio_30_vol_200ml.png","width":800,"height":800},{"@type":"BreadcrumbList","@id":"https:\/\/koster-italia.it\/fr\/prodotto\/koster-emulsion-oxydante-30-volumes-9\/#breadcrumb","itemListElement":[{"@type":"ListItem","position":1,"name":"Home","item":"https:\/\/koster-italia.it\/fr\/"},{"@type":"ListItem","position":2,"name":"Produits","item":"https:\/\/koster-italia.it\/fr\/shop\/"},{"@type":"ListItem","position":3,"name":"Koster \u2013 \u00c9mulsion oxydante 30 volumes (9 %)"}]},{"@type":"WebSite","@id":"https:\/\/koster-italia.it\/fr\/#website","url":"https:\/\/koster-italia.it\/fr\/","name":"Koster Italia","description":"Prodotti professionali per parrucchieri","potentialAction":[{"@type":"SearchAction","target":{"@type":"EntryPoint","urlTemplate":"https:\/\/koster-italia.it\/fr\/?s={search_term_string}"},"query-input":{"@type":"PropertyValueSpecification","valueRequired":true,"valueName":"search_term_string"}}],"inLanguage":"fr-FR"}]}},"_links":{"self":[{"href":"https:\/\/koster-italia.it\/fr\/wp-json\/wp\/v2\/product\/18437","targetHints":{"allow":["GET"]}}],"collection":[{"href":"https:\/\/koster-italia.it\/fr\/wp-json\/wp\/v2\/product"}],"about":[{"href":"https:\/\/koster-italia.it\/fr\/wp-json\/wp\/v2\/types\/product"}],"wp:featuredmedia":[{"embeddable":true,"href":"https:\/\/koster-italia.it\/fr\/wp-json\/wp\/v2\/media\/21498"}],"wp:attachment":[{"href":"https:\/\/koster-italia.it\/fr\/wp-json\/wp\/v2\/media?parent=18437"}],"wp:term":[{"taxonomy":"product_brand","embeddable":true,"href":"https:\/\/koster-italia.it\/fr\/wp-json\/wp\/v2\/product_brand?post=18437"},{"taxonomy":"product_cat","embeddable":true,"href":"https:\/\/koster-italia.it\/fr\/wp-json\/wp\/v2\/product_cat?post=18437"},{"taxonomy":"product_tag","embeddable":true,"href":"https:\/\/koster-italia.it\/fr\/wp-json\/wp\/v2\/product_tag?post=18437"}],"curies":[{"name":"wp","href":"https:\/\/api.w.org\/{rel}","templated":true}]}}