{"id":18433,"date":"2016-04-08T12:15:49","date_gmt":"2016-04-08T10:15:49","guid":{"rendered":"https:\/\/koster-italia.it\/prodotto\/dekolor-blu-poudre-decolorante-anti-jaunissement\/"},"modified":"2024-02-16T11:27:41","modified_gmt":"2024-02-16T10:27:41","slug":"dekolor-blu-poudre-decolorante-anti-jaunissement","status":"publish","type":"product","link":"https:\/\/koster-italia.it\/fr\/prodotto\/dekolor-blu-poudre-decolorante-anti-jaunissement\/","title":{"rendered":"Dekolor blu \u2013 Poudre d\u00e9colorante anti-jaunissement"},"content":{"rendered":"<p><strong>Formule non volatile, pour <\/strong>une utilisation s\u00fbre sur les cheveux<\/p>\n<p>\u00c9claircissement jusqu\u2019\u00e0 <strong>6\/7 tons<\/strong><\/p>\n<p>Rapport <strong>m\u00e9lange 1:2<\/strong><\/p>\n<p>Temps de pose <strong>30\/50 minutes<\/strong><\/p>\n<p>\u00c9mulsion oxydante <strong>20\/30\/40 vol.<\/strong><\/p>\n","protected":false},"excerpt":{"rendered":"<p>La <strong>poudre d\u00e9colorante anti-jaunissement Dekor blu<\/strong> est le produit professionnel pour le coloriste\u00a0: indiqu\u00e9e pour les techniques de travail les plus vari\u00e9es, des stries de couleur au balayage, en passant par l\u2019effet soleil, elle est indispensable pour d\u00e9colorer de fa\u00e7on <strong>intense et s\u00fbre<\/strong>. Sa formulation <strong>non volatile<\/strong> assure une performance high-tech, dans le total respect du bien-\u00eatre du coiffeur et de la cliente. Elle se distingue par d\u2019agr\u00e9ables notes fruit\u00e9es \u00e0 la pomme.<\/p>\n<p>Usage professionnel<\/p>\n<p>Format 500gr<\/p>\n","protected":false},"featured_media":21341,"template":"","meta":[],"product_brand":[],"product_cat":[724,725],"product_tag":[],"class_list":{"0":"post-18433","1":"product","2":"type-product","3":"status-publish","4":"has-post-thumbnail","6":"product_cat-basic-deco-fr","7":"product_cat-bleaching-fr","9":"first","10":"instock","11":"shipping-taxable","12":"product-type-simple"},"yoast_head":"<!-- This site is optimized with the Yoast SEO plugin v26.8 - https:\/\/yoast.com\/product\/yoast-seo-wordpress\/ -->\n<title>Dekolor blu \u2013 Poudre d\u00e9colorante anti-jaunissement<\/title>\n<meta name=\"description\" content=\"La poudre d\u00e9colorante anti-jaunissement Dekor blu est le produit professionnel pour le coloriste\" \/>\n<meta name=\"robots\" content=\"index, follow, max-snippet:-1, max-image-preview:large, max-video-preview:-1\" \/>\n<link rel=\"canonical\" href=\"https:\/\/koster-italia.it\/fr\/prodotto\/dekolor-blu-poudre-decolorante-anti-jaunissement\/\" \/>\n<meta property=\"og:locale\" content=\"fr_FR\" \/>\n<meta property=\"og:type\" content=\"article\" \/>\n<meta property=\"og:title\" content=\"Dekolor blu \u2013 Poudre d\u00e9colorante anti-jaunissement\" \/>\n<meta property=\"og:description\" content=\"La poudre d\u00e9colorante anti-jaunissement Dekor blu est le produit professionnel pour le coloriste\" \/>\n<meta property=\"og:url\" content=\"https:\/\/koster-italia.it\/fr\/prodotto\/dekolor-blu-poudre-decolorante-anti-jaunissement\/\" \/>\n<meta property=\"og:site_name\" content=\"Koster Italia\" \/>\n<meta property=\"article:modified_time\" content=\"2024-02-16T10:27:41+00:00\" \/>\n<meta property=\"og:image\" content=\"https:\/\/koster-italia.it\/wp-content\/uploads\/2016\/04\/51014_koster_dekolor_blu_500ml.png\" \/>\n\t<meta property=\"og:image:width\" content=\"800\" \/>\n\t<meta property=\"og:image:height\" content=\"800\" \/>\n\t<meta property=\"og:image:type\" content=\"image\/png\" \/>\n<meta name=\"twitter:card\" content=\"summary_large_image\" \/>\n<meta name=\"twitter:label1\" content=\"Dur\u00e9e de lecture estim\u00e9e\" \/>\n\t<meta name=\"twitter:data1\" content=\"1 minute\" \/>\n<script type=\"application\/ld+json\" class=\"yoast-schema-graph\">{\"@context\":\"https:\/\/schema.org\",\"@graph\":[{\"@type\":\"WebPage\",\"@id\":\"https:\/\/koster-italia.it\/fr\/prodotto\/dekolor-blu-poudre-decolorante-anti-jaunissement\/\",\"url\":\"https:\/\/koster-italia.it\/fr\/prodotto\/dekolor-blu-poudre-decolorante-anti-jaunissement\/\",\"name\":\"Dekolor blu \u2013 Poudre d\u00e9colorante anti-jaunissement\",\"isPartOf\":{\"@id\":\"https:\/\/koster-italia.it\/fr\/#website\"},\"primaryImageOfPage\":{\"@id\":\"https:\/\/koster-italia.it\/fr\/prodotto\/dekolor-blu-poudre-decolorante-anti-jaunissement\/#primaryimage\"},\"image\":{\"@id\":\"https:\/\/koster-italia.it\/fr\/prodotto\/dekolor-blu-poudre-decolorante-anti-jaunissement\/#primaryimage\"},\"thumbnailUrl\":\"https:\/\/koster-italia.it\/wp-content\/uploads\/2016\/04\/51014_koster_dekolor_blu_500ml.png\",\"datePublished\":\"2016-04-08T10:15:49+00:00\",\"dateModified\":\"2024-02-16T10:27:41+00:00\",\"description\":\"La poudre d\u00e9colorante anti-jaunissement Dekor blu est le produit professionnel pour le coloriste\",\"breadcrumb\":{\"@id\":\"https:\/\/koster-italia.it\/fr\/prodotto\/dekolor-blu-poudre-decolorante-anti-jaunissement\/#breadcrumb\"},\"inLanguage\":\"fr-FR\",\"potentialAction\":[{\"@type\":\"ReadAction\",\"target\":[\"https:\/\/koster-italia.it\/fr\/prodotto\/dekolor-blu-poudre-decolorante-anti-jaunissement\/\"]}]},{\"@type\":\"ImageObject\",\"inLanguage\":\"fr-FR\",\"@id\":\"https:\/\/koster-italia.it\/fr\/prodotto\/dekolor-blu-poudre-decolorante-anti-jaunissement\/#primaryimage\",\"url\":\"https:\/\/koster-italia.it\/wp-content\/uploads\/2016\/04\/51014_koster_dekolor_blu_500ml.png\",\"contentUrl\":\"https:\/\/koster-italia.it\/wp-content\/uploads\/2016\/04\/51014_koster_dekolor_blu_500ml.png\",\"width\":800,\"height\":800},{\"@type\":\"BreadcrumbList\",\"@id\":\"https:\/\/koster-italia.it\/fr\/prodotto\/dekolor-blu-poudre-decolorante-anti-jaunissement\/#breadcrumb\",\"itemListElement\":[{\"@type\":\"ListItem\",\"position\":1,\"name\":\"Home\",\"item\":\"https:\/\/koster-italia.it\/fr\/\"},{\"@type\":\"ListItem\",\"position\":2,\"name\":\"Produits\",\"item\":\"https:\/\/koster-italia.it\/fr\/shop\/\"},{\"@type\":\"ListItem\",\"position\":3,\"name\":\"Dekolor blu \u2013 Poudre d\u00e9colorante anti-jaunissement\"}]},{\"@type\":\"WebSite\",\"@id\":\"https:\/\/koster-italia.it\/fr\/#website\",\"url\":\"https:\/\/koster-italia.it\/fr\/\",\"name\":\"Koster Italia\",\"description\":\"Prodotti professionali per parrucchieri\",\"potentialAction\":[{\"@type\":\"SearchAction\",\"target\":{\"@type\":\"EntryPoint\",\"urlTemplate\":\"https:\/\/koster-italia.it\/fr\/?s={search_term_string}\"},\"query-input\":{\"@type\":\"PropertyValueSpecification\",\"valueRequired\":true,\"valueName\":\"search_term_string\"}}],\"inLanguage\":\"fr-FR\"}]}<\/script>\n<!-- \/ Yoast SEO plugin. -->","yoast_head_json":{"title":"Dekolor blu \u2013 Poudre d\u00e9colorante anti-jaunissement","description":"La poudre d\u00e9colorante anti-jaunissement Dekor blu est le produit professionnel pour le coloriste","robots":{"index":"index","follow":"follow","max-snippet":"max-snippet:-1","max-image-preview":"max-image-preview:large","max-video-preview":"max-video-preview:-1"},"canonical":"https:\/\/koster-italia.it\/fr\/prodotto\/dekolor-blu-poudre-decolorante-anti-jaunissement\/","og_locale":"fr_FR","og_type":"article","og_title":"Dekolor blu \u2013 Poudre d\u00e9colorante anti-jaunissement","og_description":"La poudre d\u00e9colorante anti-jaunissement Dekor blu est le produit professionnel pour le coloriste","og_url":"https:\/\/koster-italia.it\/fr\/prodotto\/dekolor-blu-poudre-decolorante-anti-jaunissement\/","og_site_name":"Koster Italia","article_modified_time":"2024-02-16T10:27:41+00:00","og_image":[{"width":800,"height":800,"url":"https:\/\/koster-italia.it\/wp-content\/uploads\/2016\/04\/51014_koster_dekolor_blu_500ml.png","type":"image\/png"}],"twitter_card":"summary_large_image","twitter_misc":{"Dur\u00e9e de lecture estim\u00e9e":"1 minute"},"schema":{"@context":"https:\/\/schema.org","@graph":[{"@type":"WebPage","@id":"https:\/\/koster-italia.it\/fr\/prodotto\/dekolor-blu-poudre-decolorante-anti-jaunissement\/","url":"https:\/\/koster-italia.it\/fr\/prodotto\/dekolor-blu-poudre-decolorante-anti-jaunissement\/","name":"Dekolor blu \u2013 Poudre d\u00e9colorante anti-jaunissement","isPartOf":{"@id":"https:\/\/koster-italia.it\/fr\/#website"},"primaryImageOfPage":{"@id":"https:\/\/koster-italia.it\/fr\/prodotto\/dekolor-blu-poudre-decolorante-anti-jaunissement\/#primaryimage"},"image":{"@id":"https:\/\/koster-italia.it\/fr\/prodotto\/dekolor-blu-poudre-decolorante-anti-jaunissement\/#primaryimage"},"thumbnailUrl":"https:\/\/koster-italia.it\/wp-content\/uploads\/2016\/04\/51014_koster_dekolor_blu_500ml.png","datePublished":"2016-04-08T10:15:49+00:00","dateModified":"2024-02-16T10:27:41+00:00","description":"La poudre d\u00e9colorante anti-jaunissement Dekor blu est le produit professionnel pour le coloriste","breadcrumb":{"@id":"https:\/\/koster-italia.it\/fr\/prodotto\/dekolor-blu-poudre-decolorante-anti-jaunissement\/#breadcrumb"},"inLanguage":"fr-FR","potentialAction":[{"@type":"ReadAction","target":["https:\/\/koster-italia.it\/fr\/prodotto\/dekolor-blu-poudre-decolorante-anti-jaunissement\/"]}]},{"@type":"ImageObject","inLanguage":"fr-FR","@id":"https:\/\/koster-italia.it\/fr\/prodotto\/dekolor-blu-poudre-decolorante-anti-jaunissement\/#primaryimage","url":"https:\/\/koster-italia.it\/wp-content\/uploads\/2016\/04\/51014_koster_dekolor_blu_500ml.png","contentUrl":"https:\/\/koster-italia.it\/wp-content\/uploads\/2016\/04\/51014_koster_dekolor_blu_500ml.png","width":800,"height":800},{"@type":"BreadcrumbList","@id":"https:\/\/koster-italia.it\/fr\/prodotto\/dekolor-blu-poudre-decolorante-anti-jaunissement\/#breadcrumb","itemListElement":[{"@type":"ListItem","position":1,"name":"Home","item":"https:\/\/koster-italia.it\/fr\/"},{"@type":"ListItem","position":2,"name":"Produits","item":"https:\/\/koster-italia.it\/fr\/shop\/"},{"@type":"ListItem","position":3,"name":"Dekolor blu \u2013 Poudre d\u00e9colorante anti-jaunissement"}]},{"@type":"WebSite","@id":"https:\/\/koster-italia.it\/fr\/#website","url":"https:\/\/koster-italia.it\/fr\/","name":"Koster Italia","description":"Prodotti professionali per parrucchieri","potentialAction":[{"@type":"SearchAction","target":{"@type":"EntryPoint","urlTemplate":"https:\/\/koster-italia.it\/fr\/?s={search_term_string}"},"query-input":{"@type":"PropertyValueSpecification","valueRequired":true,"valueName":"search_term_string"}}],"inLanguage":"fr-FR"}]}},"_links":{"self":[{"href":"https:\/\/koster-italia.it\/fr\/wp-json\/wp\/v2\/product\/18433","targetHints":{"allow":["GET"]}}],"collection":[{"href":"https:\/\/koster-italia.it\/fr\/wp-json\/wp\/v2\/product"}],"about":[{"href":"https:\/\/koster-italia.it\/fr\/wp-json\/wp\/v2\/types\/product"}],"wp:featuredmedia":[{"embeddable":true,"href":"https:\/\/koster-italia.it\/fr\/wp-json\/wp\/v2\/media\/21341"}],"wp:attachment":[{"href":"https:\/\/koster-italia.it\/fr\/wp-json\/wp\/v2\/media?parent=18433"}],"wp:term":[{"taxonomy":"product_brand","embeddable":true,"href":"https:\/\/koster-italia.it\/fr\/wp-json\/wp\/v2\/product_brand?post=18433"},{"taxonomy":"product_cat","embeddable":true,"href":"https:\/\/koster-italia.it\/fr\/wp-json\/wp\/v2\/product_cat?post=18433"},{"taxonomy":"product_tag","embeddable":true,"href":"https:\/\/koster-italia.it\/fr\/wp-json\/wp\/v2\/product_tag?post=18433"}],"curies":[{"name":"wp","href":"https:\/\/api.w.org\/{rel}","templated":true}]}}