{"id":18432,"date":"2016-04-08T12:17:28","date_gmt":"2016-04-08T10:17:28","guid":{"rendered":"https:\/\/koster-italia.it\/prodotto\/dekolor-poudre-decolorante-blanche\/"},"modified":"2022-12-05T16:53:39","modified_gmt":"2022-12-05T15:53:39","slug":"dekolor-poudre-decolorante-blanche","status":"publish","type":"product","link":"https:\/\/koster-italia.it\/fr\/prodotto\/dekolor-poudre-decolorante-blanche\/","title":{"rendered":"Dekolor \u2013 Poudre d\u00e9colorante blanche"},"content":{"rendered":"<p>Adapt\u00e9e pour des <strong>\u00e9claircissements progressifs<\/strong><\/p>\n<p>\u00c9claircit jusqu\u2019\u00e0 <strong>5 tons<\/strong><\/p>\n<p>Techniques en <strong>balayage et en aluminium<\/strong><\/p>\n<p><strong>N\u2019agresse pas<\/strong> la structure capillaire<\/p>\n","protected":false},"excerpt":{"rendered":"<p>La <strong>poudre d\u00e9colorante blanche Dekolor de Koster<\/strong> rend possible la r\u00e9alisation d\u2019\u00e9claircissements intenses et progressifs, en intervenant sur la pigmentation naturelle du cheveu sans compromettre le bien-\u00eatre de la fibre. Sa formulation riche en <strong>substances \u00e9mollientes<\/strong> emp\u00eache que la d\u00e9coloration n\u2019agresse la fibre capillaire. Indiqu\u00e9e pour les techniques en <strong>balayage et en aluminium<\/strong>, elle est propos\u00e9e dans une <strong>bo\u00eete <\/strong>pratique <strong>de 24 sachets<\/strong> monodose.<\/p>\n<p>Usage professionnel<\/p>\n<p>Bo\u00eete 24 sachets<\/p>\n","protected":false},"featured_media":20773,"template":"","meta":[],"product_brand":[],"product_cat":[724,725],"product_tag":[],"class_list":{"0":"post-18432","1":"product","2":"type-product","3":"status-publish","4":"has-post-thumbnail","6":"product_cat-basic-deco-fr","7":"product_cat-bleaching-fr","9":"first","10":"instock","11":"shipping-taxable","12":"product-type-simple"},"yoast_head":"<!-- This site is optimized with the Yoast SEO plugin v26.8 - https:\/\/yoast.com\/product\/yoast-seo-wordpress\/ -->\n<title>Dekolor \u2013 Poudre d\u00e9colorante blanche<\/title>\n<meta name=\"description\" content=\"La poudre d\u00e9colorante blanche Dekolor de Koster rend possible la r\u00e9alisation d\u2019\u00e9claircissements intenses et progressifs, en intervenant sur la pigmentation naturelle du cheveu sans compromettre le bien-\u00eatre de la fibre.\" \/>\n<meta name=\"robots\" content=\"index, follow, max-snippet:-1, max-image-preview:large, max-video-preview:-1\" \/>\n<link rel=\"canonical\" href=\"https:\/\/koster-italia.it\/fr\/prodotto\/dekolor-poudre-decolorante-blanche\/\" \/>\n<meta property=\"og:locale\" content=\"fr_FR\" \/>\n<meta property=\"og:type\" content=\"article\" \/>\n<meta property=\"og:title\" content=\"Dekolor \u2013 Poudre d\u00e9colorante blanche\" \/>\n<meta property=\"og:description\" content=\"La poudre d\u00e9colorante blanche Dekolor de Koster rend possible la r\u00e9alisation d\u2019\u00e9claircissements intenses et progressifs, en intervenant sur la pigmentation naturelle du cheveu sans compromettre le bien-\u00eatre de la fibre.\" \/>\n<meta property=\"og:url\" content=\"https:\/\/koster-italia.it\/fr\/prodotto\/dekolor-poudre-decolorante-blanche\/\" \/>\n<meta property=\"og:site_name\" content=\"Koster Italia\" \/>\n<meta property=\"article:modified_time\" content=\"2022-12-05T15:53:39+00:00\" \/>\n<meta property=\"og:image\" content=\"https:\/\/koster-italia.it\/wp-content\/uploads\/2016\/04\/koster_dekolor_white_25gr-1.png\" \/>\n\t<meta property=\"og:image:width\" content=\"600\" \/>\n\t<meta property=\"og:image:height\" content=\"600\" \/>\n\t<meta property=\"og:image:type\" content=\"image\/png\" \/>\n<meta name=\"twitter:card\" content=\"summary_large_image\" \/>\n<meta name=\"twitter:label1\" content=\"Dur\u00e9e de lecture estim\u00e9e\" \/>\n\t<meta name=\"twitter:data1\" content=\"1 minute\" \/>\n<script type=\"application\/ld+json\" class=\"yoast-schema-graph\">{\"@context\":\"https:\/\/schema.org\",\"@graph\":[{\"@type\":\"WebPage\",\"@id\":\"https:\/\/koster-italia.it\/fr\/prodotto\/dekolor-poudre-decolorante-blanche\/\",\"url\":\"https:\/\/koster-italia.it\/fr\/prodotto\/dekolor-poudre-decolorante-blanche\/\",\"name\":\"Dekolor \u2013 Poudre d\u00e9colorante blanche\",\"isPartOf\":{\"@id\":\"https:\/\/koster-italia.it\/fr\/#website\"},\"primaryImageOfPage\":{\"@id\":\"https:\/\/koster-italia.it\/fr\/prodotto\/dekolor-poudre-decolorante-blanche\/#primaryimage\"},\"image\":{\"@id\":\"https:\/\/koster-italia.it\/fr\/prodotto\/dekolor-poudre-decolorante-blanche\/#primaryimage\"},\"thumbnailUrl\":\"https:\/\/koster-italia.it\/wp-content\/uploads\/2016\/04\/51011_koster_dekolor_white_25gr.png\",\"datePublished\":\"2016-04-08T10:17:28+00:00\",\"dateModified\":\"2022-12-05T15:53:39+00:00\",\"description\":\"La poudre d\u00e9colorante blanche Dekolor de Koster rend possible la r\u00e9alisation d\u2019\u00e9claircissements intenses et progressifs, en intervenant sur la pigmentation naturelle du cheveu sans compromettre le bien-\u00eatre de la fibre.\",\"breadcrumb\":{\"@id\":\"https:\/\/koster-italia.it\/fr\/prodotto\/dekolor-poudre-decolorante-blanche\/#breadcrumb\"},\"inLanguage\":\"fr-FR\",\"potentialAction\":[{\"@type\":\"ReadAction\",\"target\":[\"https:\/\/koster-italia.it\/fr\/prodotto\/dekolor-poudre-decolorante-blanche\/\"]}]},{\"@type\":\"ImageObject\",\"inLanguage\":\"fr-FR\",\"@id\":\"https:\/\/koster-italia.it\/fr\/prodotto\/dekolor-poudre-decolorante-blanche\/#primaryimage\",\"url\":\"https:\/\/koster-italia.it\/wp-content\/uploads\/2016\/04\/51011_koster_dekolor_white_25gr.png\",\"contentUrl\":\"https:\/\/koster-italia.it\/wp-content\/uploads\/2016\/04\/51011_koster_dekolor_white_25gr.png\",\"width\":600,\"height\":600},{\"@type\":\"BreadcrumbList\",\"@id\":\"https:\/\/koster-italia.it\/fr\/prodotto\/dekolor-poudre-decolorante-blanche\/#breadcrumb\",\"itemListElement\":[{\"@type\":\"ListItem\",\"position\":1,\"name\":\"Home\",\"item\":\"https:\/\/koster-italia.it\/fr\/\"},{\"@type\":\"ListItem\",\"position\":2,\"name\":\"Produits\",\"item\":\"https:\/\/koster-italia.it\/fr\/shop\/\"},{\"@type\":\"ListItem\",\"position\":3,\"name\":\"Dekolor \u2013 Poudre d\u00e9colorante blanche\"}]},{\"@type\":\"WebSite\",\"@id\":\"https:\/\/koster-italia.it\/fr\/#website\",\"url\":\"https:\/\/koster-italia.it\/fr\/\",\"name\":\"Koster Italia\",\"description\":\"Prodotti professionali per parrucchieri\",\"potentialAction\":[{\"@type\":\"SearchAction\",\"target\":{\"@type\":\"EntryPoint\",\"urlTemplate\":\"https:\/\/koster-italia.it\/fr\/?s={search_term_string}\"},\"query-input\":{\"@type\":\"PropertyValueSpecification\",\"valueRequired\":true,\"valueName\":\"search_term_string\"}}],\"inLanguage\":\"fr-FR\"}]}<\/script>\n<!-- \/ Yoast SEO plugin. -->","yoast_head_json":{"title":"Dekolor \u2013 Poudre d\u00e9colorante blanche","description":"La poudre d\u00e9colorante blanche Dekolor de Koster rend possible la r\u00e9alisation d\u2019\u00e9claircissements intenses et progressifs, en intervenant sur la pigmentation naturelle du cheveu sans compromettre le bien-\u00eatre de la fibre.","robots":{"index":"index","follow":"follow","max-snippet":"max-snippet:-1","max-image-preview":"max-image-preview:large","max-video-preview":"max-video-preview:-1"},"canonical":"https:\/\/koster-italia.it\/fr\/prodotto\/dekolor-poudre-decolorante-blanche\/","og_locale":"fr_FR","og_type":"article","og_title":"Dekolor \u2013 Poudre d\u00e9colorante blanche","og_description":"La poudre d\u00e9colorante blanche Dekolor de Koster rend possible la r\u00e9alisation d\u2019\u00e9claircissements intenses et progressifs, en intervenant sur la pigmentation naturelle du cheveu sans compromettre le bien-\u00eatre de la fibre.","og_url":"https:\/\/koster-italia.it\/fr\/prodotto\/dekolor-poudre-decolorante-blanche\/","og_site_name":"Koster Italia","article_modified_time":"2022-12-05T15:53:39+00:00","og_image":[{"width":600,"height":600,"url":"https:\/\/koster-italia.it\/wp-content\/uploads\/2016\/04\/koster_dekolor_white_25gr-1.png","type":"image\/png"}],"twitter_card":"summary_large_image","twitter_misc":{"Dur\u00e9e de lecture estim\u00e9e":"1 minute"},"schema":{"@context":"https:\/\/schema.org","@graph":[{"@type":"WebPage","@id":"https:\/\/koster-italia.it\/fr\/prodotto\/dekolor-poudre-decolorante-blanche\/","url":"https:\/\/koster-italia.it\/fr\/prodotto\/dekolor-poudre-decolorante-blanche\/","name":"Dekolor \u2013 Poudre d\u00e9colorante blanche","isPartOf":{"@id":"https:\/\/koster-italia.it\/fr\/#website"},"primaryImageOfPage":{"@id":"https:\/\/koster-italia.it\/fr\/prodotto\/dekolor-poudre-decolorante-blanche\/#primaryimage"},"image":{"@id":"https:\/\/koster-italia.it\/fr\/prodotto\/dekolor-poudre-decolorante-blanche\/#primaryimage"},"thumbnailUrl":"https:\/\/koster-italia.it\/wp-content\/uploads\/2016\/04\/51011_koster_dekolor_white_25gr.png","datePublished":"2016-04-08T10:17:28+00:00","dateModified":"2022-12-05T15:53:39+00:00","description":"La poudre d\u00e9colorante blanche Dekolor de Koster rend possible la r\u00e9alisation d\u2019\u00e9claircissements intenses et progressifs, en intervenant sur la pigmentation naturelle du cheveu sans compromettre le bien-\u00eatre de la fibre.","breadcrumb":{"@id":"https:\/\/koster-italia.it\/fr\/prodotto\/dekolor-poudre-decolorante-blanche\/#breadcrumb"},"inLanguage":"fr-FR","potentialAction":[{"@type":"ReadAction","target":["https:\/\/koster-italia.it\/fr\/prodotto\/dekolor-poudre-decolorante-blanche\/"]}]},{"@type":"ImageObject","inLanguage":"fr-FR","@id":"https:\/\/koster-italia.it\/fr\/prodotto\/dekolor-poudre-decolorante-blanche\/#primaryimage","url":"https:\/\/koster-italia.it\/wp-content\/uploads\/2016\/04\/51011_koster_dekolor_white_25gr.png","contentUrl":"https:\/\/koster-italia.it\/wp-content\/uploads\/2016\/04\/51011_koster_dekolor_white_25gr.png","width":600,"height":600},{"@type":"BreadcrumbList","@id":"https:\/\/koster-italia.it\/fr\/prodotto\/dekolor-poudre-decolorante-blanche\/#breadcrumb","itemListElement":[{"@type":"ListItem","position":1,"name":"Home","item":"https:\/\/koster-italia.it\/fr\/"},{"@type":"ListItem","position":2,"name":"Produits","item":"https:\/\/koster-italia.it\/fr\/shop\/"},{"@type":"ListItem","position":3,"name":"Dekolor \u2013 Poudre d\u00e9colorante blanche"}]},{"@type":"WebSite","@id":"https:\/\/koster-italia.it\/fr\/#website","url":"https:\/\/koster-italia.it\/fr\/","name":"Koster Italia","description":"Prodotti professionali per parrucchieri","potentialAction":[{"@type":"SearchAction","target":{"@type":"EntryPoint","urlTemplate":"https:\/\/koster-italia.it\/fr\/?s={search_term_string}"},"query-input":{"@type":"PropertyValueSpecification","valueRequired":true,"valueName":"search_term_string"}}],"inLanguage":"fr-FR"}]}},"_links":{"self":[{"href":"https:\/\/koster-italia.it\/fr\/wp-json\/wp\/v2\/product\/18432","targetHints":{"allow":["GET"]}}],"collection":[{"href":"https:\/\/koster-italia.it\/fr\/wp-json\/wp\/v2\/product"}],"about":[{"href":"https:\/\/koster-italia.it\/fr\/wp-json\/wp\/v2\/types\/product"}],"wp:featuredmedia":[{"embeddable":true,"href":"https:\/\/koster-italia.it\/fr\/wp-json\/wp\/v2\/media\/20773"}],"wp:attachment":[{"href":"https:\/\/koster-italia.it\/fr\/wp-json\/wp\/v2\/media?parent=18432"}],"wp:term":[{"taxonomy":"product_brand","embeddable":true,"href":"https:\/\/koster-italia.it\/fr\/wp-json\/wp\/v2\/product_brand?post=18432"},{"taxonomy":"product_cat","embeddable":true,"href":"https:\/\/koster-italia.it\/fr\/wp-json\/wp\/v2\/product_cat?post=18432"},{"taxonomy":"product_tag","embeddable":true,"href":"https:\/\/koster-italia.it\/fr\/wp-json\/wp\/v2\/product_tag?post=18432"}],"curies":[{"name":"wp","href":"https:\/\/api.w.org\/{rel}","templated":true}]}}