{"id":18431,"date":"2016-04-08T12:20:54","date_gmt":"2016-04-08T10:20:54","guid":{"rendered":"https:\/\/koster-italia.it\/prodotto\/silver-shampooing-anti-jaunissement\/"},"modified":"2022-12-05T16:53:08","modified_gmt":"2022-12-05T15:53:08","slug":"silver-shampooing-anti-jaunissement","status":"publish","type":"product","link":"https:\/\/koster-italia.it\/fr\/prodotto\/silver-shampooing-anti-jaunissement\/","title":{"rendered":"Silver \u2013 Shampooing anti-jaunissement"},"content":{"rendered":"<p><strong>Action anti-jaunissement<\/strong>, pour neutraliser les reflets<\/p>\n<p>Formulation <strong>d\u00e9licate et revitalisante<\/strong><\/p>\n","protected":false},"excerpt":{"rendered":"<p><strong>Silver<\/strong> est le <strong>shampooing anti-jaunissement de Koster<\/strong> formul\u00e9 pour neutraliser le reflet procur\u00e9 par la k\u00e9ratine. Il offre la <strong>luminosit\u00e9 perdue<\/strong> aux m\u00e8ches \u00e9teintes et <strong>ravive les reflets<\/strong> des cheveux gris ou blond cendr\u00e9. Ses qualit\u00e9s reconstituantes in\u00e9dites pour les cheveux qui ont subi le stress des traitements chimiques r\u00e9v\u00e8lent <strong>une action cosm\u00e9tique<\/strong> qui revitalise la chevelure, en la nettoyant en profondeur et la rendant plus <strong>douce et luisante<\/strong>.<\/p>\n<p>Usage professionnel<\/p>\n<p>Format 500 ml<\/p>\n","protected":false},"featured_media":18825,"template":"","meta":[],"product_brand":[],"product_cat":[724,725],"product_tag":[],"class_list":{"0":"post-18431","1":"product","2":"type-product","3":"status-publish","4":"has-post-thumbnail","6":"product_cat-basic-deco-fr","7":"product_cat-bleaching-fr","9":"first","10":"instock","11":"shipping-taxable","12":"product-type-simple"},"yoast_head":"<!-- This site is optimized with the Yoast SEO plugin v26.8 - https:\/\/yoast.com\/product\/yoast-seo-wordpress\/ -->\n<title>Silver \u2013 Shampooing anti-jaunissement<\/title>\n<meta name=\"description\" content=\"Silver est le shampooing anti-jaunissement de Koster formul\u00e9 pour neutraliser le reflet procur\u00e9 par la k\u00e9ratine.\" \/>\n<meta name=\"robots\" content=\"index, follow, max-snippet:-1, max-image-preview:large, max-video-preview:-1\" \/>\n<link rel=\"canonical\" href=\"https:\/\/koster-italia.it\/fr\/prodotto\/silver-shampooing-anti-jaunissement\/\" \/>\n<meta property=\"og:locale\" content=\"fr_FR\" \/>\n<meta property=\"og:type\" content=\"article\" \/>\n<meta property=\"og:title\" content=\"Silver \u2013 Shampooing anti-jaunissement\" \/>\n<meta property=\"og:description\" content=\"Silver est le shampooing anti-jaunissement de Koster formul\u00e9 pour neutraliser le reflet procur\u00e9 par la k\u00e9ratine.\" \/>\n<meta property=\"og:url\" content=\"https:\/\/koster-italia.it\/fr\/prodotto\/silver-shampooing-anti-jaunissement\/\" \/>\n<meta property=\"og:site_name\" content=\"Koster Italia\" \/>\n<meta property=\"article:modified_time\" content=\"2022-12-05T15:53:08+00:00\" \/>\n<meta property=\"og:image\" content=\"https:\/\/koster-italia.it\/wp-content\/uploads\/2016\/04\/koster_shampoo_antigiallo_silver_capelli_bianchi_500ml-1.png\" \/>\n\t<meta property=\"og:image:width\" content=\"600\" \/>\n\t<meta property=\"og:image:height\" content=\"600\" \/>\n\t<meta property=\"og:image:type\" content=\"image\/png\" \/>\n<meta name=\"twitter:card\" content=\"summary_large_image\" \/>\n<meta name=\"twitter:label1\" content=\"Dur\u00e9e de lecture estim\u00e9e\" \/>\n\t<meta name=\"twitter:data1\" content=\"1 minute\" \/>\n<script type=\"application\/ld+json\" class=\"yoast-schema-graph\">{\"@context\":\"https:\/\/schema.org\",\"@graph\":[{\"@type\":\"WebPage\",\"@id\":\"https:\/\/koster-italia.it\/fr\/prodotto\/silver-shampooing-anti-jaunissement\/\",\"url\":\"https:\/\/koster-italia.it\/fr\/prodotto\/silver-shampooing-anti-jaunissement\/\",\"name\":\"Silver \u2013 Shampooing anti-jaunissement\",\"isPartOf\":{\"@id\":\"https:\/\/koster-italia.it\/fr\/#website\"},\"primaryImageOfPage\":{\"@id\":\"https:\/\/koster-italia.it\/fr\/prodotto\/silver-shampooing-anti-jaunissement\/#primaryimage\"},\"image\":{\"@id\":\"https:\/\/koster-italia.it\/fr\/prodotto\/silver-shampooing-anti-jaunissement\/#primaryimage\"},\"thumbnailUrl\":\"https:\/\/koster-italia.it\/wp-content\/uploads\/2016\/04\/51012_koster_silver_anti_yellow_shampoo_500ml.png\",\"datePublished\":\"2016-04-08T10:20:54+00:00\",\"dateModified\":\"2022-12-05T15:53:08+00:00\",\"description\":\"Silver est le shampooing anti-jaunissement de Koster formul\u00e9 pour neutraliser le reflet procur\u00e9 par la k\u00e9ratine.\",\"breadcrumb\":{\"@id\":\"https:\/\/koster-italia.it\/fr\/prodotto\/silver-shampooing-anti-jaunissement\/#breadcrumb\"},\"inLanguage\":\"fr-FR\",\"potentialAction\":[{\"@type\":\"ReadAction\",\"target\":[\"https:\/\/koster-italia.it\/fr\/prodotto\/silver-shampooing-anti-jaunissement\/\"]}]},{\"@type\":\"ImageObject\",\"inLanguage\":\"fr-FR\",\"@id\":\"https:\/\/koster-italia.it\/fr\/prodotto\/silver-shampooing-anti-jaunissement\/#primaryimage\",\"url\":\"https:\/\/koster-italia.it\/wp-content\/uploads\/2016\/04\/51012_koster_silver_anti_yellow_shampoo_500ml.png\",\"contentUrl\":\"https:\/\/koster-italia.it\/wp-content\/uploads\/2016\/04\/51012_koster_silver_anti_yellow_shampoo_500ml.png\",\"width\":600,\"height\":600},{\"@type\":\"BreadcrumbList\",\"@id\":\"https:\/\/koster-italia.it\/fr\/prodotto\/silver-shampooing-anti-jaunissement\/#breadcrumb\",\"itemListElement\":[{\"@type\":\"ListItem\",\"position\":1,\"name\":\"Home\",\"item\":\"https:\/\/koster-italia.it\/fr\/\"},{\"@type\":\"ListItem\",\"position\":2,\"name\":\"Produits\",\"item\":\"https:\/\/koster-italia.it\/fr\/shop\/\"},{\"@type\":\"ListItem\",\"position\":3,\"name\":\"Silver \u2013 Shampooing anti-jaunissement\"}]},{\"@type\":\"WebSite\",\"@id\":\"https:\/\/koster-italia.it\/fr\/#website\",\"url\":\"https:\/\/koster-italia.it\/fr\/\",\"name\":\"Koster Italia\",\"description\":\"Prodotti professionali per parrucchieri\",\"potentialAction\":[{\"@type\":\"SearchAction\",\"target\":{\"@type\":\"EntryPoint\",\"urlTemplate\":\"https:\/\/koster-italia.it\/fr\/?s={search_term_string}\"},\"query-input\":{\"@type\":\"PropertyValueSpecification\",\"valueRequired\":true,\"valueName\":\"search_term_string\"}}],\"inLanguage\":\"fr-FR\"}]}<\/script>\n<!-- \/ Yoast SEO plugin. -->","yoast_head_json":{"title":"Silver \u2013 Shampooing anti-jaunissement","description":"Silver est le shampooing anti-jaunissement de Koster formul\u00e9 pour neutraliser le reflet procur\u00e9 par la k\u00e9ratine.","robots":{"index":"index","follow":"follow","max-snippet":"max-snippet:-1","max-image-preview":"max-image-preview:large","max-video-preview":"max-video-preview:-1"},"canonical":"https:\/\/koster-italia.it\/fr\/prodotto\/silver-shampooing-anti-jaunissement\/","og_locale":"fr_FR","og_type":"article","og_title":"Silver \u2013 Shampooing anti-jaunissement","og_description":"Silver est le shampooing anti-jaunissement de Koster formul\u00e9 pour neutraliser le reflet procur\u00e9 par la k\u00e9ratine.","og_url":"https:\/\/koster-italia.it\/fr\/prodotto\/silver-shampooing-anti-jaunissement\/","og_site_name":"Koster Italia","article_modified_time":"2022-12-05T15:53:08+00:00","og_image":[{"width":600,"height":600,"url":"https:\/\/koster-italia.it\/wp-content\/uploads\/2016\/04\/koster_shampoo_antigiallo_silver_capelli_bianchi_500ml-1.png","type":"image\/png"}],"twitter_card":"summary_large_image","twitter_misc":{"Dur\u00e9e de lecture estim\u00e9e":"1 minute"},"schema":{"@context":"https:\/\/schema.org","@graph":[{"@type":"WebPage","@id":"https:\/\/koster-italia.it\/fr\/prodotto\/silver-shampooing-anti-jaunissement\/","url":"https:\/\/koster-italia.it\/fr\/prodotto\/silver-shampooing-anti-jaunissement\/","name":"Silver \u2013 Shampooing anti-jaunissement","isPartOf":{"@id":"https:\/\/koster-italia.it\/fr\/#website"},"primaryImageOfPage":{"@id":"https:\/\/koster-italia.it\/fr\/prodotto\/silver-shampooing-anti-jaunissement\/#primaryimage"},"image":{"@id":"https:\/\/koster-italia.it\/fr\/prodotto\/silver-shampooing-anti-jaunissement\/#primaryimage"},"thumbnailUrl":"https:\/\/koster-italia.it\/wp-content\/uploads\/2016\/04\/51012_koster_silver_anti_yellow_shampoo_500ml.png","datePublished":"2016-04-08T10:20:54+00:00","dateModified":"2022-12-05T15:53:08+00:00","description":"Silver est le shampooing anti-jaunissement de Koster formul\u00e9 pour neutraliser le reflet procur\u00e9 par la k\u00e9ratine.","breadcrumb":{"@id":"https:\/\/koster-italia.it\/fr\/prodotto\/silver-shampooing-anti-jaunissement\/#breadcrumb"},"inLanguage":"fr-FR","potentialAction":[{"@type":"ReadAction","target":["https:\/\/koster-italia.it\/fr\/prodotto\/silver-shampooing-anti-jaunissement\/"]}]},{"@type":"ImageObject","inLanguage":"fr-FR","@id":"https:\/\/koster-italia.it\/fr\/prodotto\/silver-shampooing-anti-jaunissement\/#primaryimage","url":"https:\/\/koster-italia.it\/wp-content\/uploads\/2016\/04\/51012_koster_silver_anti_yellow_shampoo_500ml.png","contentUrl":"https:\/\/koster-italia.it\/wp-content\/uploads\/2016\/04\/51012_koster_silver_anti_yellow_shampoo_500ml.png","width":600,"height":600},{"@type":"BreadcrumbList","@id":"https:\/\/koster-italia.it\/fr\/prodotto\/silver-shampooing-anti-jaunissement\/#breadcrumb","itemListElement":[{"@type":"ListItem","position":1,"name":"Home","item":"https:\/\/koster-italia.it\/fr\/"},{"@type":"ListItem","position":2,"name":"Produits","item":"https:\/\/koster-italia.it\/fr\/shop\/"},{"@type":"ListItem","position":3,"name":"Silver \u2013 Shampooing anti-jaunissement"}]},{"@type":"WebSite","@id":"https:\/\/koster-italia.it\/fr\/#website","url":"https:\/\/koster-italia.it\/fr\/","name":"Koster Italia","description":"Prodotti professionali per parrucchieri","potentialAction":[{"@type":"SearchAction","target":{"@type":"EntryPoint","urlTemplate":"https:\/\/koster-italia.it\/fr\/?s={search_term_string}"},"query-input":{"@type":"PropertyValueSpecification","valueRequired":true,"valueName":"search_term_string"}}],"inLanguage":"fr-FR"}]}},"_links":{"self":[{"href":"https:\/\/koster-italia.it\/fr\/wp-json\/wp\/v2\/product\/18431","targetHints":{"allow":["GET"]}}],"collection":[{"href":"https:\/\/koster-italia.it\/fr\/wp-json\/wp\/v2\/product"}],"about":[{"href":"https:\/\/koster-italia.it\/fr\/wp-json\/wp\/v2\/types\/product"}],"wp:featuredmedia":[{"embeddable":true,"href":"https:\/\/koster-italia.it\/fr\/wp-json\/wp\/v2\/media\/18825"}],"wp:attachment":[{"href":"https:\/\/koster-italia.it\/fr\/wp-json\/wp\/v2\/media?parent=18431"}],"wp:term":[{"taxonomy":"product_brand","embeddable":true,"href":"https:\/\/koster-italia.it\/fr\/wp-json\/wp\/v2\/product_brand?post=18431"},{"taxonomy":"product_cat","embeddable":true,"href":"https:\/\/koster-italia.it\/fr\/wp-json\/wp\/v2\/product_cat?post=18431"},{"taxonomy":"product_tag","embeddable":true,"href":"https:\/\/koster-italia.it\/fr\/wp-json\/wp\/v2\/product_tag?post=18431"}],"curies":[{"name":"wp","href":"https:\/\/api.w.org\/{rel}","templated":true}]}}