{"id":18427,"date":"2019-03-14T18:00:00","date_gmt":"2019-03-14T17:00:00","guid":{"rendered":"https:\/\/koster-italia.it\/prodotto\/silver-masque-anti-jaunissement\/"},"modified":"2022-12-05T16:51:30","modified_gmt":"2022-12-05T15:51:30","slug":"silver-masque-anti-jaunissement","status":"publish","type":"product","link":"https:\/\/koster-italia.it\/fr\/prodotto\/silver-masque-anti-jaunissement\/","title":{"rendered":"Silver &#8211; Masque anti-jaunissement"},"content":{"rendered":"<p><strong>Agents anti-jaunissement<\/strong>, pour combattre les reflets jaune-orange ind\u00e9sirables<\/p>\n","protected":false},"excerpt":{"rendered":"<p><strong>Masque anti-jaunissement<\/strong>, un alli\u00e9 pr\u00e9cieux pour les cheveux blancs, d\u00e9color\u00e9s et avec m\u00e8ches. La forte concentration en produits actifs s\u2019attaque aux causes qui sont \u00e0<strong> l\u2019origine du jaunissement des cheveux<\/strong>\u00a0: le soin agit en neutralisant les <strong>nuances jaun\u00e2tres disgracieuses<\/strong>, aidant \u00e0 prot\u00e9ger et \u00e0 pr\u00e9server la couleur sans stresser le cheveu. Indispensable en cas de cheveux <strong>blancs, d\u00e9color\u00e9s, \u00e9claircis et avec m\u00e8ches<\/strong>.<\/p>\n<p>Format 500\u00a0ml<\/p>\n","protected":false},"featured_media":18828,"template":"","meta":[],"product_brand":[],"product_cat":[724,725],"product_tag":[],"class_list":{"0":"post-18427","1":"product","2":"type-product","3":"status-publish","4":"has-post-thumbnail","6":"product_cat-basic-deco-fr","7":"product_cat-bleaching-fr","9":"first","10":"instock","11":"shipping-taxable","12":"product-type-simple"},"yoast_head":"<!-- This site is optimized with the Yoast SEO plugin v26.8 - https:\/\/yoast.com\/product\/yoast-seo-wordpress\/ -->\n<title>Silver - Masque anti-jaunissement<\/title>\n<meta name=\"description\" content=\"Masque anti-jaunissement, un alli\u00e9 pr\u00e9cieux pour les cheveux blancs, d\u00e9color\u00e9s et avec m\u00e8ches.\" \/>\n<meta name=\"robots\" content=\"index, follow, max-snippet:-1, max-image-preview:large, max-video-preview:-1\" \/>\n<link rel=\"canonical\" href=\"https:\/\/koster-italia.it\/fr\/prodotto\/silver-masque-anti-jaunissement\/\" \/>\n<meta property=\"og:locale\" content=\"fr_FR\" \/>\n<meta property=\"og:type\" content=\"article\" \/>\n<meta property=\"og:title\" content=\"Silver - Masque anti-jaunissement\" \/>\n<meta property=\"og:description\" content=\"Masque anti-jaunissement, un alli\u00e9 pr\u00e9cieux pour les cheveux blancs, d\u00e9color\u00e9s et avec m\u00e8ches.\" \/>\n<meta property=\"og:url\" content=\"https:\/\/koster-italia.it\/fr\/prodotto\/silver-masque-anti-jaunissement\/\" \/>\n<meta property=\"og:site_name\" content=\"Koster Italia\" \/>\n<meta property=\"article:modified_time\" content=\"2022-12-05T15:51:30+00:00\" \/>\n<meta property=\"og:image\" content=\"https:\/\/koster-italia.it\/wp-content\/uploads\/2016\/04\/52048_koster_silver_anti_yellow_mask_500ml.png\" \/>\n\t<meta property=\"og:image:width\" content=\"600\" \/>\n\t<meta property=\"og:image:height\" content=\"600\" \/>\n\t<meta property=\"og:image:type\" content=\"image\/png\" \/>\n<meta name=\"twitter:card\" content=\"summary_large_image\" \/>\n<meta name=\"twitter:label1\" content=\"Dur\u00e9e de lecture estim\u00e9e\" \/>\n\t<meta name=\"twitter:data1\" content=\"1 minute\" \/>\n<script type=\"application\/ld+json\" class=\"yoast-schema-graph\">{\"@context\":\"https:\/\/schema.org\",\"@graph\":[{\"@type\":\"WebPage\",\"@id\":\"https:\/\/koster-italia.it\/fr\/prodotto\/silver-masque-anti-jaunissement\/\",\"url\":\"https:\/\/koster-italia.it\/fr\/prodotto\/silver-masque-anti-jaunissement\/\",\"name\":\"Silver - Masque anti-jaunissement\",\"isPartOf\":{\"@id\":\"https:\/\/koster-italia.it\/fr\/#website\"},\"primaryImageOfPage\":{\"@id\":\"https:\/\/koster-italia.it\/fr\/prodotto\/silver-masque-anti-jaunissement\/#primaryimage\"},\"image\":{\"@id\":\"https:\/\/koster-italia.it\/fr\/prodotto\/silver-masque-anti-jaunissement\/#primaryimage\"},\"thumbnailUrl\":\"https:\/\/koster-italia.it\/wp-content\/uploads\/2016\/04\/52048_koster_silver_anti_yellow_mask_500ml.png\",\"datePublished\":\"2019-03-14T17:00:00+00:00\",\"dateModified\":\"2022-12-05T15:51:30+00:00\",\"description\":\"Masque anti-jaunissement, un alli\u00e9 pr\u00e9cieux pour les cheveux blancs, d\u00e9color\u00e9s et avec m\u00e8ches.\",\"breadcrumb\":{\"@id\":\"https:\/\/koster-italia.it\/fr\/prodotto\/silver-masque-anti-jaunissement\/#breadcrumb\"},\"inLanguage\":\"fr-FR\",\"potentialAction\":[{\"@type\":\"ReadAction\",\"target\":[\"https:\/\/koster-italia.it\/fr\/prodotto\/silver-masque-anti-jaunissement\/\"]}]},{\"@type\":\"ImageObject\",\"inLanguage\":\"fr-FR\",\"@id\":\"https:\/\/koster-italia.it\/fr\/prodotto\/silver-masque-anti-jaunissement\/#primaryimage\",\"url\":\"https:\/\/koster-italia.it\/wp-content\/uploads\/2016\/04\/52048_koster_silver_anti_yellow_mask_500ml.png\",\"contentUrl\":\"https:\/\/koster-italia.it\/wp-content\/uploads\/2016\/04\/52048_koster_silver_anti_yellow_mask_500ml.png\",\"width\":600,\"height\":600},{\"@type\":\"BreadcrumbList\",\"@id\":\"https:\/\/koster-italia.it\/fr\/prodotto\/silver-masque-anti-jaunissement\/#breadcrumb\",\"itemListElement\":[{\"@type\":\"ListItem\",\"position\":1,\"name\":\"Home\",\"item\":\"https:\/\/koster-italia.it\/fr\/\"},{\"@type\":\"ListItem\",\"position\":2,\"name\":\"Produits\",\"item\":\"https:\/\/koster-italia.it\/fr\/shop\/\"},{\"@type\":\"ListItem\",\"position\":3,\"name\":\"Silver &#8211; Masque anti-jaunissement\"}]},{\"@type\":\"WebSite\",\"@id\":\"https:\/\/koster-italia.it\/fr\/#website\",\"url\":\"https:\/\/koster-italia.it\/fr\/\",\"name\":\"Koster Italia\",\"description\":\"Prodotti professionali per parrucchieri\",\"potentialAction\":[{\"@type\":\"SearchAction\",\"target\":{\"@type\":\"EntryPoint\",\"urlTemplate\":\"https:\/\/koster-italia.it\/fr\/?s={search_term_string}\"},\"query-input\":{\"@type\":\"PropertyValueSpecification\",\"valueRequired\":true,\"valueName\":\"search_term_string\"}}],\"inLanguage\":\"fr-FR\"}]}<\/script>\n<!-- \/ Yoast SEO plugin. -->","yoast_head_json":{"title":"Silver - Masque anti-jaunissement","description":"Masque anti-jaunissement, un alli\u00e9 pr\u00e9cieux pour les cheveux blancs, d\u00e9color\u00e9s et avec m\u00e8ches.","robots":{"index":"index","follow":"follow","max-snippet":"max-snippet:-1","max-image-preview":"max-image-preview:large","max-video-preview":"max-video-preview:-1"},"canonical":"https:\/\/koster-italia.it\/fr\/prodotto\/silver-masque-anti-jaunissement\/","og_locale":"fr_FR","og_type":"article","og_title":"Silver - Masque anti-jaunissement","og_description":"Masque anti-jaunissement, un alli\u00e9 pr\u00e9cieux pour les cheveux blancs, d\u00e9color\u00e9s et avec m\u00e8ches.","og_url":"https:\/\/koster-italia.it\/fr\/prodotto\/silver-masque-anti-jaunissement\/","og_site_name":"Koster Italia","article_modified_time":"2022-12-05T15:51:30+00:00","og_image":[{"width":600,"height":600,"url":"https:\/\/koster-italia.it\/wp-content\/uploads\/2016\/04\/52048_koster_silver_anti_yellow_mask_500ml.png","type":"image\/png"}],"twitter_card":"summary_large_image","twitter_misc":{"Dur\u00e9e de lecture estim\u00e9e":"1 minute"},"schema":{"@context":"https:\/\/schema.org","@graph":[{"@type":"WebPage","@id":"https:\/\/koster-italia.it\/fr\/prodotto\/silver-masque-anti-jaunissement\/","url":"https:\/\/koster-italia.it\/fr\/prodotto\/silver-masque-anti-jaunissement\/","name":"Silver - Masque anti-jaunissement","isPartOf":{"@id":"https:\/\/koster-italia.it\/fr\/#website"},"primaryImageOfPage":{"@id":"https:\/\/koster-italia.it\/fr\/prodotto\/silver-masque-anti-jaunissement\/#primaryimage"},"image":{"@id":"https:\/\/koster-italia.it\/fr\/prodotto\/silver-masque-anti-jaunissement\/#primaryimage"},"thumbnailUrl":"https:\/\/koster-italia.it\/wp-content\/uploads\/2016\/04\/52048_koster_silver_anti_yellow_mask_500ml.png","datePublished":"2019-03-14T17:00:00+00:00","dateModified":"2022-12-05T15:51:30+00:00","description":"Masque anti-jaunissement, un alli\u00e9 pr\u00e9cieux pour les cheveux blancs, d\u00e9color\u00e9s et avec m\u00e8ches.","breadcrumb":{"@id":"https:\/\/koster-italia.it\/fr\/prodotto\/silver-masque-anti-jaunissement\/#breadcrumb"},"inLanguage":"fr-FR","potentialAction":[{"@type":"ReadAction","target":["https:\/\/koster-italia.it\/fr\/prodotto\/silver-masque-anti-jaunissement\/"]}]},{"@type":"ImageObject","inLanguage":"fr-FR","@id":"https:\/\/koster-italia.it\/fr\/prodotto\/silver-masque-anti-jaunissement\/#primaryimage","url":"https:\/\/koster-italia.it\/wp-content\/uploads\/2016\/04\/52048_koster_silver_anti_yellow_mask_500ml.png","contentUrl":"https:\/\/koster-italia.it\/wp-content\/uploads\/2016\/04\/52048_koster_silver_anti_yellow_mask_500ml.png","width":600,"height":600},{"@type":"BreadcrumbList","@id":"https:\/\/koster-italia.it\/fr\/prodotto\/silver-masque-anti-jaunissement\/#breadcrumb","itemListElement":[{"@type":"ListItem","position":1,"name":"Home","item":"https:\/\/koster-italia.it\/fr\/"},{"@type":"ListItem","position":2,"name":"Produits","item":"https:\/\/koster-italia.it\/fr\/shop\/"},{"@type":"ListItem","position":3,"name":"Silver &#8211; Masque anti-jaunissement"}]},{"@type":"WebSite","@id":"https:\/\/koster-italia.it\/fr\/#website","url":"https:\/\/koster-italia.it\/fr\/","name":"Koster Italia","description":"Prodotti professionali per parrucchieri","potentialAction":[{"@type":"SearchAction","target":{"@type":"EntryPoint","urlTemplate":"https:\/\/koster-italia.it\/fr\/?s={search_term_string}"},"query-input":{"@type":"PropertyValueSpecification","valueRequired":true,"valueName":"search_term_string"}}],"inLanguage":"fr-FR"}]}},"_links":{"self":[{"href":"https:\/\/koster-italia.it\/fr\/wp-json\/wp\/v2\/product\/18427","targetHints":{"allow":["GET"]}}],"collection":[{"href":"https:\/\/koster-italia.it\/fr\/wp-json\/wp\/v2\/product"}],"about":[{"href":"https:\/\/koster-italia.it\/fr\/wp-json\/wp\/v2\/types\/product"}],"wp:featuredmedia":[{"embeddable":true,"href":"https:\/\/koster-italia.it\/fr\/wp-json\/wp\/v2\/media\/18828"}],"wp:attachment":[{"href":"https:\/\/koster-italia.it\/fr\/wp-json\/wp\/v2\/media?parent=18427"}],"wp:term":[{"taxonomy":"product_brand","embeddable":true,"href":"https:\/\/koster-italia.it\/fr\/wp-json\/wp\/v2\/product_brand?post=18427"},{"taxonomy":"product_cat","embeddable":true,"href":"https:\/\/koster-italia.it\/fr\/wp-json\/wp\/v2\/product_cat?post=18427"},{"taxonomy":"product_tag","embeddable":true,"href":"https:\/\/koster-italia.it\/fr\/wp-json\/wp\/v2\/product_tag?post=18427"}],"curies":[{"name":"wp","href":"https:\/\/api.w.org\/{rel}","templated":true}]}}