{"id":18423,"date":"2015-05-08T14:06:28","date_gmt":"2015-05-08T12:06:28","guid":{"rendered":"https:\/\/koster-italia.it\/home\/"},"modified":"2023-03-06T14:30:59","modified_gmt":"2023-03-06T13:30:59","slug":"home","status":"publish","type":"page","link":"https:\/\/koster-italia.it\/fr\/","title":{"rendered":"Home"},"content":{"rendered":"<div class=\"wpb-content-wrapper\"><p>[vc_row css_animation=\u00a0\u00bb\u00a0\u00bb row_type=\u00a0\u00bbrow\u00a0\u00bb use_row_as_full_screen_section=\u00a0\u00bbno\u00a0\u00bb type=\u00a0\u00bbfull_width\u00a0\u00bb angled_section=\u00a0\u00bbno\u00a0\u00bb text_align=\u00a0\u00bbleft\u00a0\u00bb background_image_as_pattern=\u00a0\u00bbwithout_pattern\u00a0\u00bb padding_top=\u00a0\u00bb0&Prime; padding_bottom=\u00a0\u00bb0&Prime;][vc_column][layerslider_vc id=\u00a0\u00bb5&Prime;][\/vc_column][\/vc_row][vc_row css_animation=\u00a0\u00bb\u00a0\u00bb row_type=\u00a0\u00bbrow\u00a0\u00bb use_row_as_full_screen_section=\u00a0\u00bbno\u00a0\u00bb type=\u00a0\u00bbfull_width\u00a0\u00bb angled_section=\u00a0\u00bbno\u00a0\u00bb text_align=\u00a0\u00bbcenter\u00a0\u00bb background_image_as_pattern=\u00a0\u00bbwithout_pattern\u00a0\u00bb padding_top=\u00a0\u00bb59&Prime; padding_bottom=\u00a0\u00bb54&Prime;][vc_column width=\u00a0\u00bb1\/6&Prime;][\/vc_column][vc_column width=\u00a0\u00bb2\/3&Prime;][vc_column_text]<\/p>\n<h3 style=\"text-align: center;\"><strong>CR\u00c9EZ UN STYLE UNIQUE ET FAITES IMPRESSION:<\/strong><\/h3>\n<h3 style=\"text-align: center;\"><strong>C\u2019EST POSSIBLE AVEC KOSTER<\/strong><\/h3>\n<p>[\/vc_column_text][vc_separator type=\u00a0\u00bbtransparent\u00a0\u00bb up=\u00a0\u00bb10&Prime; down=\u00a0\u00bb0&Prime;][vc_column_text]<\/p>\n<p style=\"text-align: center;\">Du c\u00f4t\u00e9 du professionnel, tous les jours. <strong>Koster<\/strong> met \u00e0 la disposition du coiffeur des produits innovants pour la <strong>coloration<\/strong> des cheveux, les <strong>soins capillaires <\/strong>et la <strong>coiffure<\/strong> tendance. De la recherche et de l\u2019innovation Koster naissent des <strong>rituels uniques<\/strong>, embl\u00e8mes de l\u2019excellence made in Italy d\u2019une ligne trichologique qui poursuit l\u2019objectif de <strong>mettre en valeur la cliente<\/strong> et de satisfaire chacune de ses exigences de confort et de beaut\u00e9.<\/p>\n<p>[\/vc_column_text][\/vc_column][vc_column width=\u00a0\u00bb1\/6&Prime;][\/vc_column][\/vc_row][vc_row css_animation=\u00a0\u00bb\u00a0\u00bb row_type=\u00a0\u00bbrow\u00a0\u00bb use_row_as_full_screen_section=\u00a0\u00bbno\u00a0\u00bb type=\u00a0\u00bbfull_width\u00a0\u00bb angled_section=\u00a0\u00bbno\u00a0\u00bb text_align=\u00a0\u00bbleft\u00a0\u00bb background_image_as_pattern=\u00a0\u00bbwithout_pattern\u00a0\u00bb padding_top=\u00a0\u00bb0&Prime; padding_bottom=\u00a0\u00bb0&Prime;][vc_column][vc_separator type=\u00a0\u00bbnormal\u00a0\u00bb up=\u00a0\u00bb0&Prime; down=\u00a0\u00bb0&Prime;][\/vc_column][\/vc_row][vc_row css_animation=\u00a0\u00bb\u00a0\u00bb row_type=\u00a0\u00bbrow\u00a0\u00bb use_row_as_full_screen_section=\u00a0\u00bbno\u00a0\u00bb type=\u00a0\u00bbfull_width\u00a0\u00bb angled_section=\u00a0\u00bbno\u00a0\u00bb text_align=\u00a0\u00bbcenter\u00a0\u00bb background_image_as_pattern=\u00a0\u00bbwithout_pattern\u00a0\u00bb padding_top=\u00a0\u00bb60&Prime; padding_bottom=\u00a0\u00bb0&Prime;][vc_column width=\u00a0\u00bb1\/3&Prime; css=\u00a0\u00bb.vc_custom_1460119757549{padding-top: 20px !important;padding-bottom: 20px !important;}\u00a0\u00bb][vc_single_image image=\u00a0\u00bb17921&Prime; img_size=\u00a0\u00bbfull\u00a0\u00bb alignment=\u00a0\u00bbcenter\u00a0\u00bb onclick=\u00a0\u00bbcustom_link\u00a0\u00bb qode_css_animation=\u00a0\u00bb\u00a0\u00bb link=\u00a0\u00bbhttp:\/\/www.koster-italia.it\/fr\/categoria-prodotto\/treatments\/nutris-nourish\/\u00a0\u00bb][\/vc_column][vc_column width=\u00a0\u00bb1\/3&Prime; css=\u00a0\u00bb.vc_custom_1460119763253{padding-top: 20px !important;padding-bottom: 20px !important;}\u00a0\u00bb][vc_single_image image=\u00a0\u00bb18768&Prime; img_size=\u00a0\u00bbfull\u00a0\u00bb alignment=\u00a0\u00bbcenter\u00a0\u00bb onclick=\u00a0\u00bbcustom_link\u00a0\u00bb qode_css_animation=\u00a0\u00bb\u00a0\u00bb link=\u00a0\u00bbhttp:\/\/www.koster-italia.it\/fr\/prodotto\/energy-matt-cream-wax-cera-opaca-capelli\/\u00a0\u00bb][\/vc_column][vc_column width=\u00a0\u00bb1\/3&Prime; css=\u00a0\u00bb.vc_custom_1460119769192{padding-top: 20px !important;padding-bottom: 20px !important;}\u00a0\u00bb][vc_single_image image=\u00a0\u00bb17919&Prime; img_size=\u00a0\u00bbfull\u00a0\u00bb alignment=\u00a0\u00bbcenter\u00a0\u00bb onclick=\u00a0\u00bbcustom_link\u00a0\u00bb qode_css_animation=\u00a0\u00bb\u00a0\u00bb link=\u00a0\u00bbhttp:\/\/www.koster-italia.it\/fr\/categoria-prodotto\/salon\/\u00a0\u00bb][\/vc_column][\/vc_row][vc_row css_animation=\u00a0\u00bb\u00a0\u00bb row_type=\u00a0\u00bbrow\u00a0\u00bb use_row_as_full_screen_section=\u00a0\u00bbno\u00a0\u00bb type=\u00a0\u00bbfull_width\u00a0\u00bb angled_section=\u00a0\u00bbno\u00a0\u00bb text_align=\u00a0\u00bbleft\u00a0\u00bb background_image_as_pattern=\u00a0\u00bbwithout_pattern\u00a0\u00bb padding_top=\u00a0\u00bb0&Prime; padding_bottom=\u00a0\u00bb0&Prime; css=\u00a0\u00bb.vc_custom_1460119828042{padding-top: 50px !important;}\u00a0\u00bb][vc_column][vc_separator type=\u00a0\u00bbnormal\u00a0\u00bb up=\u00a0\u00bb0&Prime; down=\u00a0\u00bb0&Prime;][\/vc_column][\/vc_row][vc_row css_animation=\u00a0\u00bb\u00a0\u00bb row_type=\u00a0\u00bbrow\u00a0\u00bb use_row_as_full_screen_section=\u00a0\u00bbno\u00a0\u00bb type=\u00a0\u00bbfull_width\u00a0\u00bb angled_section=\u00a0\u00bbno\u00a0\u00bb text_align=\u00a0\u00bbcenter\u00a0\u00bb background_image_as_pattern=\u00a0\u00bbwithout_pattern\u00a0\u00bb padding_top=\u00a0\u00bb59&Prime; padding_bottom=\u00a0\u00bb24&Prime;][vc_column width=\u00a0\u00bb1\/3&Prime;]<div class=\"image_hover \" data-transition-delay=\"\"><div class=\"images_holder\"><img decoding=\"async\" itemprop=\"image\" class=\"\" src=\"https:\/\/koster-italia.it\/wp-content\/uploads\/2022\/04\/energia.png\" alt=\"Main Image\" style=\"\" \/><\/div><\/div>[vc_separator type=\u00a0\u00bbtransparent\u00a0\u00bb up=\u00a0\u00bb10&Prime; down=\u00a0\u00bb0&Prime;][vc_column_text]<\/p>\n<h6><b>ENERGIE<\/b><\/h6>\n<p>[\/vc_column_text][vc_separator type=\u00a0\u00bbtransparent\u00a0\u00bb up=\u00a0\u00bb10&Prime; down=\u00a0\u00bb0&Prime;][vc_column_text]<\/p>\n<p style=\"text-align: justify;\"><span style=\"font-weight: 400;\">Nous croyions dans une <strong>\u00e9nergie int\u00e9rieure<\/strong> que tout bouge, une impulsion \u00e0 ne jamais s&rsquo;arr\u00eater, une charge de <strong>vitalit\u00e9<\/strong> qui pousse \u00e0 exprimer toujours sa <strong>propre essence<\/strong>.<\/span><\/p>\n<p>[\/vc_column_text][vc_separator type=\u00a0\u00bbtransparent\u00a0\u00bb up=\u00a0\u00bb30&Prime; down=\u00a0\u00bb0&Prime;][\/vc_column][vc_column width=\u00a0\u00bb1\/3&Prime;]<div class=\"image_hover \" data-transition-delay=\"\"><div class=\"images_holder\"><img decoding=\"async\" itemprop=\"image\" class=\"\" src=\"https:\/\/koster-italia.it\/wp-content\/uploads\/2022\/04\/forza.png\" alt=\"Main Image\" style=\"\" \/><\/div><\/div>[vc_separator type=\u00a0\u00bbtransparent\u00a0\u00bb up=\u00a0\u00bb10&Prime; down=\u00a0\u00bb0&Prime;][vc_column_text]<\/p>\n<h6><b>FORCE<\/b><\/h6>\n<p>[\/vc_column_text][vc_separator type=\u00a0\u00bbtransparent\u00a0\u00bb up=\u00a0\u00bb10&Prime; down=\u00a0\u00bb0&Prime;][vc_column_text]<br \/>\n<span style=\"font-weight: 400;\"><strong>D\u00e9cision, caract\u00e8re et certitude<\/strong> d\u00e9finissent notre force et ce que nous voulons transmettre \u00e0 travers nos produits.<\/span><br \/>\n[\/vc_column_text][vc_separator type=\u00a0\u00bbtransparent\u00a0\u00bb up=\u00a0\u00bb30&Prime; down=\u00a0\u00bb0&Prime;][\/vc_column][vc_column width=\u00a0\u00bb1\/3&Prime;]<div class=\"image_hover \" data-transition-delay=\"\"><div class=\"images_holder\"><img decoding=\"async\" itemprop=\"image\" class=\"\" src=\"https:\/\/koster-italia.it\/wp-content\/uploads\/2022\/04\/Accessibilita\u0300-1.png\" alt=\"Main Image\" style=\"\" \/><\/div><\/div>[vc_separator type=\u00a0\u00bbtransparent\u00a0\u00bb up=\u00a0\u00bb10&Prime; down=\u00a0\u00bb0&Prime;][vc_column_text]<\/p>\n<h6><b>ACCESSIBILIT\u00c9<\/b><\/h6>\n<p>[\/vc_column_text][vc_separator type=\u00a0\u00bbtransparent\u00a0\u00bb up=\u00a0\u00bb10&Prime; down=\u00a0\u00bb0&Prime;][vc_column_text]<br \/>\n<span style=\"font-weight: 400;\">Nous croyons que <strong>qualit\u00e9 et style<\/strong> ne doivent pas \u00eatre une <strong>exclusivit\u00e9<\/strong> mais <strong>accessibles<\/strong> \u00e0 tous ceux qui le d\u00e9sirent, sans contrainte et sans compromis.<\/span><br \/>\n[\/vc_column_text][vc_separator type=\u00a0\u00bbtransparent\u00a0\u00bb up=\u00a0\u00bb30&Prime; down=\u00a0\u00bb0&Prime;][\/vc_column][\/vc_row][vc_row css_animation=\u00a0\u00bb\u00a0\u00bb row_type=\u00a0\u00bbrow\u00a0\u00bb use_row_as_full_screen_section=\u00a0\u00bbno\u00a0\u00bb type=\u00a0\u00bbfull_width\u00a0\u00bb angled_section=\u00a0\u00bbno\u00a0\u00bb text_align=\u00a0\u00bbleft\u00a0\u00bb background_image_as_pattern=\u00a0\u00bbwithout_pattern\u00a0\u00bb padding_top=\u00a0\u00bb0&Prime; padding_bottom=\u00a0\u00bb0&Prime;][vc_column][vc_separator type=\u00a0\u00bbnormal\u00a0\u00bb up=\u00a0\u00bb0&Prime; down=\u00a0\u00bb0&Prime;][\/vc_column][\/vc_row][vc_row css_animation=\u00a0\u00bb\u00a0\u00bb row_type=\u00a0\u00bbrow\u00a0\u00bb use_row_as_full_screen_section=\u00a0\u00bbno\u00a0\u00bb type=\u00a0\u00bbfull_width\u00a0\u00bb angled_section=\u00a0\u00bbno\u00a0\u00bb text_align=\u00a0\u00bbcenter\u00a0\u00bb background_image_as_pattern=\u00a0\u00bbwithout_pattern\u00a0\u00bb padding_top=\u00a0\u00bb42&Prime; padding_bottom=\u00a0\u00bb0&Prime;][vc_column][vc_column_text]<\/p>\n<h3 style=\"text-align: center;\"><strong>PRODUITS EN VEDETTE<\/strong><\/h3>\n<p>[\/vc_column_text][vc_separator type=\u00a0\u00bbtransparent\u00a0\u00bb up=\u00a0\u00bb40&Prime; down=\u00a0\u00bb0&Prime;]<div class=\"woocommerce columns-3 \"><ul class=\"products\">\n<li class=\"product type-product post-18619 status-publish first instock product_cat-styling-finishing-fr has-post-thumbnail featured shipping-taxable product-type-simple\">\n\t\n\t\t\n    <div class=\"top-product-section\">\n\n        <a itemprop=\"url\" href=\"https:\/\/koster-italia.it\/fr\/prodotto\/energy-liss-iron-spray\/\" class=\"product-category\">\n            <span class=\"image-wrapper\">\n            <img loading=\"lazy\" decoding=\"async\" width=\"300\" height=\"300\" src=\"https:\/\/koster-italia.it\/wp-content\/uploads\/2016\/04\/53005_koster_energy_hair_liss_iron_150ml-300x300.png\" class=\"attachment-woocommerce_thumbnail size-woocommerce_thumbnail\" alt=\"Energy \u2013 Liss Iron Spray\" srcset=\"https:\/\/koster-italia.it\/wp-content\/uploads\/2016\/04\/53005_koster_energy_hair_liss_iron_150ml-300x300.png 300w, https:\/\/koster-italia.it\/wp-content\/uploads\/2016\/04\/53005_koster_energy_hair_liss_iron_150ml-150x150.png 150w, https:\/\/koster-italia.it\/wp-content\/uploads\/2016\/04\/53005_koster_energy_hair_liss_iron_150ml-570x570.png 570w, https:\/\/koster-italia.it\/wp-content\/uploads\/2016\/04\/53005_koster_energy_hair_liss_iron_150ml-500x500.png 500w, https:\/\/koster-italia.it\/wp-content\/uploads\/2016\/04\/53005_koster_energy_hair_liss_iron_150ml-100x100.png 100w, https:\/\/koster-italia.it\/wp-content\/uploads\/2016\/04\/53005_koster_energy_hair_liss_iron_150ml.png 600w\" sizes=\"auto, (max-width: 300px) 100vw, 300px\" \/>            <\/span>\n        <\/a>\n\n\t\t<span class=\"add-to-cart-button-outer\"><span class=\"add-to-cart-button-inner\"><a href=\"https:\/\/koster-italia.it\/fr\/prodotto\/energy-liss-iron-spray\/\" aria-describedby=\"woocommerce_loop_add_to_cart_link_describedby_18619\" data-quantity=\"1\" class=\"button product_type_simple qbutton add-to-cart-button\" data-product_id=\"18619\" data-product_sku=\"\" aria-label=\"En savoir plus sur &ldquo;Energy \u2013 Liss Iron Spray&rdquo;\" rel=\"nofollow\" data-success_message=\"\">Lire la suite<\/a><\/span><\/span>\t<span id=\"woocommerce_loop_add_to_cart_link_describedby_18619\" class=\"screen-reader-text\">\n\t\t\t<\/span>\n\n    <\/div>\n        <a itemprop=\"url\" href=\"https:\/\/koster-italia.it\/fr\/prodotto\/energy-liss-iron-spray\/\" class=\"product-category product-info\">\n        <h6 itemprop=\"name\">Energy \u2013 Liss Iron Spray<\/h6>\n\t    \n\t                <div class=\"separator after-title-spearator small center\"><\/div>\n        \n        \n    <\/a>\n    <\/li>\n<li class=\"product type-product post-18992 status-publish instock product_cat-colouring-fr product_cat-hi-sense-fr has-post-thumbnail featured shipping-taxable purchasable product-type-variable\">\n\t\n\t\t\n    <div class=\"top-product-section\">\n\n        <a itemprop=\"url\" href=\"https:\/\/koster-italia.it\/fr\/prodotto\/hi-sense-coloration-cosmetique-permanente\/\" class=\"product-category\">\n            <span class=\"image-wrapper\">\n            <img loading=\"lazy\" decoding=\"async\" width=\"300\" height=\"300\" src=\"https:\/\/koster-italia.it\/wp-content\/uploads\/2023\/03\/koster_hi_sense-1-300x300.png\" class=\"attachment-woocommerce_thumbnail size-woocommerce_thumbnail\" alt=\"Hi_Sense \u2013 Coloration cosm\u00e9tique permanente\" srcset=\"https:\/\/koster-italia.it\/wp-content\/uploads\/2023\/03\/koster_hi_sense-1-300x300.png 300w, https:\/\/koster-italia.it\/wp-content\/uploads\/2023\/03\/koster_hi_sense-1-150x150.png 150w, https:\/\/koster-italia.it\/wp-content\/uploads\/2023\/03\/koster_hi_sense-1-570x570.png 570w, https:\/\/koster-italia.it\/wp-content\/uploads\/2023\/03\/koster_hi_sense-1-500x500.png 500w, https:\/\/koster-italia.it\/wp-content\/uploads\/2023\/03\/koster_hi_sense-1-100x100.png 100w, https:\/\/koster-italia.it\/wp-content\/uploads\/2023\/03\/koster_hi_sense-1.png 600w\" sizes=\"auto, (max-width: 300px) 100vw, 300px\" \/>            <\/span>\n        <\/a>\n\n\t\t<span class=\"add-to-cart-button-outer\"><span class=\"add-to-cart-button-inner\"><a href=\"https:\/\/koster-italia.it\/fr\/prodotto\/hi-sense-coloration-cosmetique-permanente\/\" aria-describedby=\"woocommerce_loop_add_to_cart_link_describedby_18992\" data-quantity=\"1\" class=\"button product_type_variable add_to_cart_button qbutton add-to-cart-button\" data-product_id=\"18992\" data-product_sku=\"\" aria-label=\"S\u00e9lectionner les options pour &ldquo;Hi_Sense \u2013 Coloration cosm\u00e9tique permanente&rdquo;\" rel=\"nofollow\">Choix des options<\/a><\/span><\/span>\t<span id=\"woocommerce_loop_add_to_cart_link_describedby_18992\" class=\"screen-reader-text\">\n\t\tCe produit a plusieurs variations. Les options peuvent \u00eatre choisies sur la page du produit\t<\/span>\n\n    <\/div>\n        <a itemprop=\"url\" href=\"https:\/\/koster-italia.it\/fr\/prodotto\/hi-sense-coloration-cosmetique-permanente\/\" class=\"product-category product-info\">\n        <h6 itemprop=\"name\">Hi_Sense \u2013 Coloration cosm\u00e9tique permanente<\/h6>\n\t    \n\t                <div class=\"separator after-title-spearator small center\"><\/div>\n        \n        \n\t<span class=\"price\"><span class=\"woocommerce-Price-amount amount\"><bdi><span class=\"woocommerce-Price-currencySymbol\">&pound;<\/span>0.00<\/bdi><\/span><\/span>\n    <\/a>\n    <\/li><\/ul>\n<\/div>[\/vc_column][\/vc_row]<\/p>\n<\/div>","protected":false},"excerpt":{"rendered":"<p>[vc_row css_animation=\u00a0\u00bb\u00a0\u00bb row_type=\u00a0\u00bbrow\u00a0\u00bb use_row_as_full_screen_section=\u00a0\u00bbno\u00a0\u00bb type=\u00a0\u00bbfull_width\u00a0\u00bb angled_section=\u00a0\u00bbno\u00a0\u00bb text_align=\u00a0\u00bbleft\u00a0\u00bb background_image_as_pattern=\u00a0\u00bbwithout_pattern\u00a0\u00bb padding_top=\u00a0\u00bb0&Prime; padding_bottom=\u00a0\u00bb0&Prime;][vc_column][layerslider_vc id=\u00a0\u00bb5&Prime;][\/vc_column][\/vc_row][vc_row css_animation=\u00a0\u00bb\u00a0\u00bb row_type=\u00a0\u00bbrow\u00a0\u00bb use_row_as_full_screen_section=\u00a0\u00bbno\u00a0\u00bb type=\u00a0\u00bbfull_width\u00a0\u00bb angled_section=\u00a0\u00bbno\u00a0\u00bb text_align=\u00a0\u00bbcenter\u00a0\u00bb background_image_as_pattern=\u00a0\u00bbwithout_pattern\u00a0\u00bb padding_top=\u00a0\u00bb59&Prime; padding_bottom=\u00a0\u00bb54&Prime;][vc_column width=\u00a0\u00bb1\/6&Prime;][\/vc_column][vc_column width=\u00a0\u00bb2\/3&Prime;][vc_column_text] CR\u00c9EZ UN STYLE UNIQUE ET FAITES IMPRESSION: C\u2019EST POSSIBLE AVEC KOSTER [\/vc_column_text][vc_separator type=\u00a0\u00bbtransparent\u00a0\u00bb up=\u00a0\u00bb10&Prime; down=\u00a0\u00bb0&Prime;][vc_column_text] Du c\u00f4t\u00e9 du professionnel, tous les jours. Koster&#8230;<\/p>\n","protected":false},"author":2,"featured_media":0,"parent":0,"menu_order":0,"comment_status":"closed","ping_status":"closed","template":"","meta":{"footnotes":""},"class_list":["post-18423","page","type-page","status-publish","hentry"],"yoast_head":"<!-- This site is optimized with the Yoast SEO plugin v26.8 - https:\/\/yoast.com\/product\/yoast-seo-wordpress\/ -->\n<title>Koster Comprof | Soin, Styling &amp; Coloration<\/title>\n<meta name=\"description\" content=\"Efficacit\u00e9, haute tol\u00e9rance, respect du bien-\u00eatre capillaire: ce sont les valeurs auxquelles nous nous attachons pour cr\u00e9er nos produits professionnels pour cheveux.\" \/>\n<meta name=\"robots\" content=\"index, follow, max-snippet:-1, max-image-preview:large, max-video-preview:-1\" \/>\n<link rel=\"canonical\" href=\"https:\/\/koster-italia.it\/fr\/\" \/>\n<meta property=\"og:locale\" content=\"fr_FR\" \/>\n<meta property=\"og:type\" content=\"article\" \/>\n<meta property=\"og:title\" content=\"Koster Comprof | Soin, Styling &amp; Coloration\" \/>\n<meta property=\"og:description\" content=\"Efficacit\u00e9, haute tol\u00e9rance, respect du bien-\u00eatre capillaire: ce sont les valeurs auxquelles nous nous attachons pour cr\u00e9er nos produits professionnels pour cheveux.\" \/>\n<meta property=\"og:url\" content=\"https:\/\/koster-italia.it\/fr\/\" \/>\n<meta property=\"og:site_name\" content=\"Koster Italia\" \/>\n<meta property=\"article:modified_time\" content=\"2023-03-06T13:30:59+00:00\" \/>\n<meta name=\"twitter:card\" content=\"summary_large_image\" \/>\n<meta name=\"twitter:label1\" content=\"Dur\u00e9e de lecture estim\u00e9e\" \/>\n\t<meta name=\"twitter:data1\" content=\"2 minutes\" \/>\n<script type=\"application\/ld+json\" class=\"yoast-schema-graph\">{\"@context\":\"https:\/\/schema.org\",\"@graph\":[{\"@type\":\"WebPage\",\"@id\":\"https:\/\/koster-italia.it\/fr\/\",\"url\":\"https:\/\/koster-italia.it\/fr\/\",\"name\":\"Koster Comprof | Soin, Styling & Coloration\",\"isPartOf\":{\"@id\":\"https:\/\/koster-italia.it\/fr\/#website\"},\"datePublished\":\"2015-05-08T12:06:28+00:00\",\"dateModified\":\"2023-03-06T13:30:59+00:00\",\"description\":\"Efficacit\u00e9, haute tol\u00e9rance, respect du bien-\u00eatre capillaire: ce sont les valeurs auxquelles nous nous attachons pour cr\u00e9er nos produits professionnels pour cheveux.\",\"breadcrumb\":{\"@id\":\"https:\/\/koster-italia.it\/fr\/#breadcrumb\"},\"inLanguage\":\"fr-FR\",\"potentialAction\":[{\"@type\":\"ReadAction\",\"target\":[\"https:\/\/koster-italia.it\/fr\/\"]}]},{\"@type\":\"BreadcrumbList\",\"@id\":\"https:\/\/koster-italia.it\/fr\/#breadcrumb\",\"itemListElement\":[{\"@type\":\"ListItem\",\"position\":1,\"name\":\"Home\",\"item\":\"https:\/\/koster-italia.it\/fr\/\"},{\"@type\":\"ListItem\",\"position\":2,\"name\":\"Home\"}]},{\"@type\":\"WebSite\",\"@id\":\"https:\/\/koster-italia.it\/fr\/#website\",\"url\":\"https:\/\/koster-italia.it\/fr\/\",\"name\":\"Koster Italia\",\"description\":\"Prodotti professionali per parrucchieri\",\"potentialAction\":[{\"@type\":\"SearchAction\",\"target\":{\"@type\":\"EntryPoint\",\"urlTemplate\":\"https:\/\/koster-italia.it\/fr\/?s={search_term_string}\"},\"query-input\":{\"@type\":\"PropertyValueSpecification\",\"valueRequired\":true,\"valueName\":\"search_term_string\"}}],\"inLanguage\":\"fr-FR\"}]}<\/script>\n<!-- \/ Yoast SEO plugin. -->","yoast_head_json":{"title":"Koster Comprof | Soin, Styling & Coloration","description":"Efficacit\u00e9, haute tol\u00e9rance, respect du bien-\u00eatre capillaire: ce sont les valeurs auxquelles nous nous attachons pour cr\u00e9er nos produits professionnels pour cheveux.","robots":{"index":"index","follow":"follow","max-snippet":"max-snippet:-1","max-image-preview":"max-image-preview:large","max-video-preview":"max-video-preview:-1"},"canonical":"https:\/\/koster-italia.it\/fr\/","og_locale":"fr_FR","og_type":"article","og_title":"Koster Comprof | Soin, Styling & Coloration","og_description":"Efficacit\u00e9, haute tol\u00e9rance, respect du bien-\u00eatre capillaire: ce sont les valeurs auxquelles nous nous attachons pour cr\u00e9er nos produits professionnels pour cheveux.","og_url":"https:\/\/koster-italia.it\/fr\/","og_site_name":"Koster Italia","article_modified_time":"2023-03-06T13:30:59+00:00","twitter_card":"summary_large_image","twitter_misc":{"Dur\u00e9e de lecture estim\u00e9e":"2 minutes"},"schema":{"@context":"https:\/\/schema.org","@graph":[{"@type":"WebPage","@id":"https:\/\/koster-italia.it\/fr\/","url":"https:\/\/koster-italia.it\/fr\/","name":"Koster Comprof | Soin, Styling & Coloration","isPartOf":{"@id":"https:\/\/koster-italia.it\/fr\/#website"},"datePublished":"2015-05-08T12:06:28+00:00","dateModified":"2023-03-06T13:30:59+00:00","description":"Efficacit\u00e9, haute tol\u00e9rance, respect du bien-\u00eatre capillaire: ce sont les valeurs auxquelles nous nous attachons pour cr\u00e9er nos produits professionnels pour cheveux.","breadcrumb":{"@id":"https:\/\/koster-italia.it\/fr\/#breadcrumb"},"inLanguage":"fr-FR","potentialAction":[{"@type":"ReadAction","target":["https:\/\/koster-italia.it\/fr\/"]}]},{"@type":"BreadcrumbList","@id":"https:\/\/koster-italia.it\/fr\/#breadcrumb","itemListElement":[{"@type":"ListItem","position":1,"name":"Home","item":"https:\/\/koster-italia.it\/fr\/"},{"@type":"ListItem","position":2,"name":"Home"}]},{"@type":"WebSite","@id":"https:\/\/koster-italia.it\/fr\/#website","url":"https:\/\/koster-italia.it\/fr\/","name":"Koster Italia","description":"Prodotti professionali per parrucchieri","potentialAction":[{"@type":"SearchAction","target":{"@type":"EntryPoint","urlTemplate":"https:\/\/koster-italia.it\/fr\/?s={search_term_string}"},"query-input":{"@type":"PropertyValueSpecification","valueRequired":true,"valueName":"search_term_string"}}],"inLanguage":"fr-FR"}]}},"_links":{"self":[{"href":"https:\/\/koster-italia.it\/fr\/wp-json\/wp\/v2\/pages\/18423","targetHints":{"allow":["GET"]}}],"collection":[{"href":"https:\/\/koster-italia.it\/fr\/wp-json\/wp\/v2\/pages"}],"about":[{"href":"https:\/\/koster-italia.it\/fr\/wp-json\/wp\/v2\/types\/page"}],"author":[{"embeddable":true,"href":"https:\/\/koster-italia.it\/fr\/wp-json\/wp\/v2\/users\/2"}],"replies":[{"embeddable":true,"href":"https:\/\/koster-italia.it\/fr\/wp-json\/wp\/v2\/comments?post=18423"}],"version-history":[{"count":0,"href":"https:\/\/koster-italia.it\/fr\/wp-json\/wp\/v2\/pages\/18423\/revisions"}],"wp:attachment":[{"href":"https:\/\/koster-italia.it\/fr\/wp-json\/wp\/v2\/media?parent=18423"}],"curies":[{"name":"wp","href":"https:\/\/api.w.org\/{rel}","templated":true}]}}