{"id":18401,"date":"2018-10-18T16:33:21","date_gmt":"2018-10-18T14:33:21","guid":{"rendered":"https:\/\/koster-italia.it\/donnees-completes-de-la-societe\/"},"modified":"2018-10-18T16:33:21","modified_gmt":"2018-10-18T14:33:21","slug":"donnees-completes-de-la-societe","status":"publish","type":"page","link":"https:\/\/koster-italia.it\/fr\/donnees-completes-de-la-societe\/","title":{"rendered":"Donnees completes de la societe"},"content":{"rendered":"<div class=\"wpb-content-wrapper\"><p>DONNEES COMPLETES DE LA SOCIETE:<\/p>\n<div class=\"vc_row wpb_row vc_row-fluid\">\n<div class=\"wpb_column vc_column_container vc_col-sm-12\">\n<div class=\"vc_column-inner \">\n<div class=\"wpb_wrapper\">\n<div class=\"wpb_text_column wpb_content_element \">\n<div class=\"wpb_wrapper\">\n<p>Comprof Milano S.r.l.<\/p>\n<p>Num\u00e9ro de T.V.A. : IT07479001211<\/p>\n<p>Si\u00e8gle social: P.zza S. Maria degli Angeli a Pizzofalcone 1, 80132 Napoli (Na)<\/p>\n<p>Si\u00e8ge d\u2019exploitation: Cis di Nola Isola 8, lotto 8024, 80035 Nola (Na)<\/p>\n<p>Service du Registre du Commerce et des Soci\u00e9t\u00e9s: Napoli<\/p>\n<p>Num\u00e9ro d\u2019inscription au registre des entreprises: 07479001211<\/p>\n<p>Capital social lib\u00e9r\u00e9: \u20ac 100.000,00<\/p>\n<p>Adresse de courrier \u00e9lectronique certifi\u00e9: \u00a0<a href=\"mailto:comprofmilano@legalmail.it\">comprofmilano@legalmail.it<\/a><\/p>\n<\/div>\n<\/div>\n<\/div>\n<\/div>\n<\/div>\n<\/div>\n<\/div>","protected":false},"excerpt":{"rendered":"<p>DONNEES COMPLETES DE LA SOCIETE: Comprof Milano S.r.l. Num\u00e9ro de T.V.A. : IT07479001211 Si\u00e8gle social: P.zza S. Maria degli Angeli a Pizzofalcone 1, 80132 Napoli (Na) Si\u00e8ge d\u2019exploitation: Cis di Nola Isola 8, lotto 8024, 80035 Nola (Na) Service du Registre du Commerce et des&#8230;<\/p>\n","protected":false},"author":2,"featured_media":0,"parent":0,"menu_order":0,"comment_status":"closed","ping_status":"closed","template":"","meta":{"footnotes":""},"class_list":["post-18401","page","type-page","status-publish","hentry"],"yoast_head":"<!-- This site is optimized with the Yoast SEO plugin v26.8 - https:\/\/yoast.com\/product\/yoast-seo-wordpress\/ -->\n<title>Donnees completes de la societe - Koster Italia<\/title>\n<meta name=\"robots\" content=\"noindex, nofollow\" \/>\n<meta property=\"og:locale\" content=\"fr_FR\" \/>\n<meta property=\"og:type\" content=\"article\" \/>\n<meta property=\"og:title\" content=\"Donnees completes de la societe - Koster Italia\" \/>\n<meta property=\"og:description\" content=\"DONNEES COMPLETES DE LA SOCIETE: Comprof Milano S.r.l. Num\u00e9ro de T.V.A. : IT07479001211 Si\u00e8gle social: P.zza S. Maria degli Angeli a Pizzofalcone 1, 80132 Napoli (Na) Si\u00e8ge d\u2019exploitation: Cis di Nola Isola 8, lotto 8024, 80035 Nola (Na) Service du Registre du Commerce et des...\" \/>\n<meta property=\"og:url\" content=\"https:\/\/koster-italia.it\/fr\/donnees-completes-de-la-societe\/\" \/>\n<meta property=\"og:site_name\" content=\"Koster Italia\" \/>\n<meta name=\"twitter:card\" content=\"summary_large_image\" \/>\n<script type=\"application\/ld+json\" class=\"yoast-schema-graph\">{\"@context\":\"https:\/\/schema.org\",\"@graph\":[{\"@type\":\"WebPage\",\"@id\":\"https:\/\/koster-italia.it\/fr\/donnees-completes-de-la-societe\/\",\"url\":\"https:\/\/koster-italia.it\/fr\/donnees-completes-de-la-societe\/\",\"name\":\"Donnees completes de la societe - Koster Italia\",\"isPartOf\":{\"@id\":\"https:\/\/koster-italia.it\/fr\/#website\"},\"datePublished\":\"2018-10-18T14:33:21+00:00\",\"breadcrumb\":{\"@id\":\"https:\/\/koster-italia.it\/fr\/donnees-completes-de-la-societe\/#breadcrumb\"},\"inLanguage\":\"fr-FR\",\"potentialAction\":[{\"@type\":\"ReadAction\",\"target\":[\"https:\/\/koster-italia.it\/fr\/donnees-completes-de-la-societe\/\"]}]},{\"@type\":\"BreadcrumbList\",\"@id\":\"https:\/\/koster-italia.it\/fr\/donnees-completes-de-la-societe\/#breadcrumb\",\"itemListElement\":[{\"@type\":\"ListItem\",\"position\":1,\"name\":\"Home\",\"item\":\"https:\/\/koster-italia.it\/fr\/\"},{\"@type\":\"ListItem\",\"position\":2,\"name\":\"Donnees completes de la societe\"}]},{\"@type\":\"WebSite\",\"@id\":\"https:\/\/koster-italia.it\/fr\/#website\",\"url\":\"https:\/\/koster-italia.it\/fr\/\",\"name\":\"Koster Italia\",\"description\":\"Prodotti professionali per parrucchieri\",\"potentialAction\":[{\"@type\":\"SearchAction\",\"target\":{\"@type\":\"EntryPoint\",\"urlTemplate\":\"https:\/\/koster-italia.it\/fr\/?s={search_term_string}\"},\"query-input\":{\"@type\":\"PropertyValueSpecification\",\"valueRequired\":true,\"valueName\":\"search_term_string\"}}],\"inLanguage\":\"fr-FR\"}]}<\/script>\n<!-- \/ Yoast SEO plugin. -->","yoast_head_json":{"title":"Donnees completes de la societe - Koster Italia","robots":{"index":"noindex","follow":"nofollow"},"og_locale":"fr_FR","og_type":"article","og_title":"Donnees completes de la societe - Koster Italia","og_description":"DONNEES COMPLETES DE LA SOCIETE: Comprof Milano S.r.l. Num\u00e9ro de T.V.A. : IT07479001211 Si\u00e8gle social: P.zza S. Maria degli Angeli a Pizzofalcone 1, 80132 Napoli (Na) Si\u00e8ge d\u2019exploitation: Cis di Nola Isola 8, lotto 8024, 80035 Nola (Na) Service du Registre du Commerce et des...","og_url":"https:\/\/koster-italia.it\/fr\/donnees-completes-de-la-societe\/","og_site_name":"Koster Italia","twitter_card":"summary_large_image","schema":{"@context":"https:\/\/schema.org","@graph":[{"@type":"WebPage","@id":"https:\/\/koster-italia.it\/fr\/donnees-completes-de-la-societe\/","url":"https:\/\/koster-italia.it\/fr\/donnees-completes-de-la-societe\/","name":"Donnees completes de la societe - Koster Italia","isPartOf":{"@id":"https:\/\/koster-italia.it\/fr\/#website"},"datePublished":"2018-10-18T14:33:21+00:00","breadcrumb":{"@id":"https:\/\/koster-italia.it\/fr\/donnees-completes-de-la-societe\/#breadcrumb"},"inLanguage":"fr-FR","potentialAction":[{"@type":"ReadAction","target":["https:\/\/koster-italia.it\/fr\/donnees-completes-de-la-societe\/"]}]},{"@type":"BreadcrumbList","@id":"https:\/\/koster-italia.it\/fr\/donnees-completes-de-la-societe\/#breadcrumb","itemListElement":[{"@type":"ListItem","position":1,"name":"Home","item":"https:\/\/koster-italia.it\/fr\/"},{"@type":"ListItem","position":2,"name":"Donnees completes de la societe"}]},{"@type":"WebSite","@id":"https:\/\/koster-italia.it\/fr\/#website","url":"https:\/\/koster-italia.it\/fr\/","name":"Koster Italia","description":"Prodotti professionali per parrucchieri","potentialAction":[{"@type":"SearchAction","target":{"@type":"EntryPoint","urlTemplate":"https:\/\/koster-italia.it\/fr\/?s={search_term_string}"},"query-input":{"@type":"PropertyValueSpecification","valueRequired":true,"valueName":"search_term_string"}}],"inLanguage":"fr-FR"}]}},"_links":{"self":[{"href":"https:\/\/koster-italia.it\/fr\/wp-json\/wp\/v2\/pages\/18401","targetHints":{"allow":["GET"]}}],"collection":[{"href":"https:\/\/koster-italia.it\/fr\/wp-json\/wp\/v2\/pages"}],"about":[{"href":"https:\/\/koster-italia.it\/fr\/wp-json\/wp\/v2\/types\/page"}],"author":[{"embeddable":true,"href":"https:\/\/koster-italia.it\/fr\/wp-json\/wp\/v2\/users\/2"}],"replies":[{"embeddable":true,"href":"https:\/\/koster-italia.it\/fr\/wp-json\/wp\/v2\/comments?post=18401"}],"version-history":[{"count":0,"href":"https:\/\/koster-italia.it\/fr\/wp-json\/wp\/v2\/pages\/18401\/revisions"}],"wp:attachment":[{"href":"https:\/\/koster-italia.it\/fr\/wp-json\/wp\/v2\/media?parent=18401"}],"curies":[{"name":"wp","href":"https:\/\/api.w.org\/{rel}","templated":true}]}}