{"id":18393,"date":"2016-03-31T11:58:55","date_gmt":"2016-03-31T09:58:55","guid":{"rendered":"https:\/\/koster-italia.it\/contacts\/"},"modified":"2026-04-09T15:58:29","modified_gmt":"2026-04-09T13:58:29","slug":"contacts","status":"publish","type":"page","link":"https:\/\/koster-italia.it\/fr\/contacts\/","title":{"rendered":"Contacts"},"content":{"rendered":"<div class=\"wpb-content-wrapper\"><p>[vc_row css_animation=\u00a0\u00bb\u00a0\u00bb row_type=\u00a0\u00bbrow\u00a0\u00bb use_row_as_full_screen_section=\u00a0\u00bbno\u00a0\u00bb type=\u00a0\u00bbfull_width\u00a0\u00bb angled_section=\u00a0\u00bbno\u00a0\u00bb text_align=\u00a0\u00bbleft\u00a0\u00bb background_image_as_pattern=\u00a0\u00bbwithout_pattern\u00a0\u00bb][vc_column][vc_single_image image=\u00a0\u00bb17341&Prime; img_size=\u00a0\u00bbfull\u00a0\u00bb alignment=\u00a0\u00bbcenter\u00a0\u00bb qode_css_animation=\u00a0\u00bb\u00a0\u00bb][\/vc_column][\/vc_row][vc_row css_animation=\u00a0\u00bb\u00a0\u00bb row_type=\u00a0\u00bbrow\u00a0\u00bb use_row_as_full_screen_section=\u00a0\u00bbno\u00a0\u00bb type=\u00a0\u00bbfull_width\u00a0\u00bb angled_section=\u00a0\u00bbno\u00a0\u00bb text_align=\u00a0\u00bbleft\u00a0\u00bb background_image_as_pattern=\u00a0\u00bbwithout_pattern\u00a0\u00bb][vc_column][vc_empty_space height=\u00a0\u00bb100px\u00a0\u00bb][\/vc_column][\/vc_row][vc_row css_animation=\u00a0\u00bb\u00a0\u00bb row_type=\u00a0\u00bbrow\u00a0\u00bb use_row_as_full_screen_section=\u00a0\u00bbno\u00a0\u00bb type=\u00a0\u00bbfull_width\u00a0\u00bb angled_section=\u00a0\u00bbno\u00a0\u00bb text_align=\u00a0\u00bbleft\u00a0\u00bb background_image_as_pattern=\u00a0\u00bbwithout_pattern\u00a0\u00bb][vc_column width=\u00a0\u00bb1\/2&Prime;][vc_column_text css=\u00a0\u00bb\u00a0\u00bb]<\/p>\n<h3>\u00c0 PROPOS DE NOUS<\/h3>\n<p><span style=\"font-weight: 400;\">Nous croyons dans une <\/span><b>beaut\u00e9 accessible \u00e0 tous, d\u00e9mocratique, dynamique <\/b><span style=\"font-weight: 400;\">et en rythme avec la vitesse de la contemporan\u00e9it\u00e9, pour permettre \u00e0 toute femme d\u2019<\/span><b>exprimer avec d\u00e9cision sa propre personnalit\u00e9. <\/b><span style=\"font-weight: 400;\">Nous observons le monde et les tendances en constante \u00e9volution, en r\u00e9pondant avec vitesse et versatilit\u00e9 aux changements et aux nouveaux stimuli.<\/span><\/p>\n<p>&nbsp;<\/p>\n<p><span style=\"font-weight: 400;\">D\u00e9cision, caract\u00e8re et certitude d\u00e9finissent notre force et ce que nous voulons transmettre \u00e0 travers nos produits.Nous croyions dans une \u00e9nergie int\u00e9rieure que tout bouge, une impulsion \u00e0 ne jamais s&rsquo;arr\u00eater, une charge de vitalit\u00e9 qui pousse \u00e0 exprimer toujours sa propre essence.Nous croyons que qualit\u00e9 et style ne doivent pas \u00eatre une exclusivit\u00e9 mais accessibles \u00e0 tous ceux qui le d\u00e9sirent, sans contrainte et sans compromis.<\/span><\/p>\n<h3><\/h3>\n<h3 style=\"text-align: justify;\"><span style=\"color: #000000;\"><strong>SERVICE CLIENTS<\/strong><\/span><\/h3>\n<p>Vous souhaitez poser une question ou demander des <strong>informations<\/strong> sur les<strong> produits<\/strong> Koster\u00a0?<\/p>\n<p>Si vous avez besoin d\u2019un support, notre service clients r\u00e9pondra \u00e0 toutes vos questions.<\/p>\n<p>Vous pouvez nous contacter en remplissant le formulaire que vous trouverez sur cette page, ou en t\u00e9l\u00e9phonant ou en envoyant un e-mail \u00e0 notre service clients.<\/p>\n<p>&nbsp;<\/p>\n<h3 style=\"text-align: justify;\"><\/h3>\n<h3 style=\"text-align: justify;\"><span style=\"color: #000000;\"><strong>CONTACTS<\/strong><\/span><\/h3>\n<p><i class=\"fa fa-mobile\"><\/i> 800 273 708<\/p>\n<p><i class=\"fa fa-envelope-o\"><\/i> <a href=\"mailto:info@koster-italia.it\">info@koster-italia.it<\/a><\/p>\n<p>&nbsp;<\/p>\n<h3 style=\"text-align: justify;\"><span style=\"color: #000000;\"><strong>PRODUITS<\/strong><\/span><\/h3>\n<p><i class=\"fa fa-book\"><\/i> <a href=\"https:\/\/comprof.it\/cataloghi\/koster\/koster_products_book.pdf?__hstc=8850922.d1d2b2d2388d58653dafa1c60c234065.1741795915620.1753968035558.1754042175971.7&amp;__hssc=8850922.16.1754042175971&amp;__hsfp=3091472217\">T\u00e9l\u00e9chargez le Catalogue<\/a>[\/vc_column_text][\/vc_column][vc_column width=\u00a0\u00bb1\/2&Prime;][vc_raw_html css=\u00a0\u00bb\u00a0\u00bb]JTNDJTIxLS0lMjBDdXN0b20lMjBGb3JtJTNBJTIwS29zdGVyJTIwRlIlMjAtLSUzRSUwQSUzQ2xpbmslMjByZWwlM0QlMjJzdHlsZXNoZWV0JTIyJTIwaHJlZiUzRCUyMmh0dHBzJTNBJTJGJTJGaGVscGRlc2suY29tcHJvZi5pdCUyRmFzc2V0cyUyRmN1c3RvbS1mb3JtJTJGY3VzdG9tLWZvcm0uY3NzJTIyJTNFJTBBJTNDZGl2JTIwaWQlM0QlMjJjdXN0b20tZm9ybS0yaGF1b1NiZyUyMiUzRSUzQyUyRmRpdiUzRSUwQSUzQ3NjcmlwdCUyMHNyYyUzRCUyMmh0dHBzJTNBJTJGJTJGaGVscGRlc2suY29tcHJvZi5pdCUyRmFzc2V0cyUyRmN1c3RvbS1mb3JtJTJGY3VzdG9tLWZvcm0uanMlMjIlM0UlM0MlMkZzY3JpcHQlM0UlMEElM0NzY3JpcHQlM0UlMEElMjAlMjBaYW1tYWRDdXN0b21Gb3JtLmluaXQlMjglN0IlMEElMjAlMjAlMjAlMjBlbCUzQSUyMCUyMCUyMCUyMCUyMCUyMCUyNyUyM2N1c3RvbS1mb3JtLTJoYXVvU2JnJTI3JTJDJTBBJTIwJTIwJTIwJTIwdG9rZW4lM0ElMjAlMjAlMjAlMjcyaGF1b1NiZ0JKYVU0aGQ1WmhrNEw4Vkk2Vm5CYThHSlN2WUVVZVJfckNtZzBmXzUwLU5RUVhwZjBJUmQyc0VIJTI3JTJDJTBBJTIwJTIwJTIwJTIwYmFzZVVybCUzQSUyMCUyN2h0dHBzJTNBJTJGJTJGaGVscGRlc2suY29tcHJvZi5pdCUyNyUwQSUyMCUyMCU3RCUyOSUzQiUwQSUzQyUyRnNjcmlwdCUzRQ==[\/vc_raw_html][\/vc_column][\/vc_row]<\/p>\n<\/div>","protected":false},"excerpt":{"rendered":"<p>[vc_row css_animation=\u00a0\u00bb\u00a0\u00bb row_type=\u00a0\u00bbrow\u00a0\u00bb use_row_as_full_screen_section=\u00a0\u00bbno\u00a0\u00bb type=\u00a0\u00bbfull_width\u00a0\u00bb angled_section=\u00a0\u00bbno\u00a0\u00bb text_align=\u00a0\u00bbleft\u00a0\u00bb background_image_as_pattern=\u00a0\u00bbwithout_pattern\u00a0\u00bb][vc_column][vc_single_image image=\u00a0\u00bb17341&Prime; img_size=\u00a0\u00bbfull\u00a0\u00bb alignment=\u00a0\u00bbcenter\u00a0\u00bb qode_css_animation=\u00a0\u00bb\u00a0\u00bb][\/vc_column][\/vc_row][vc_row css_animation=\u00a0\u00bb\u00a0\u00bb row_type=\u00a0\u00bbrow\u00a0\u00bb use_row_as_full_screen_section=\u00a0\u00bbno\u00a0\u00bb type=\u00a0\u00bbfull_width\u00a0\u00bb angled_section=\u00a0\u00bbno\u00a0\u00bb text_align=\u00a0\u00bbleft\u00a0\u00bb background_image_as_pattern=\u00a0\u00bbwithout_pattern\u00a0\u00bb][vc_column][vc_empty_space height=\u00a0\u00bb100px\u00a0\u00bb][\/vc_column][\/vc_row][vc_row css_animation=\u00a0\u00bb\u00a0\u00bb row_type=\u00a0\u00bbrow\u00a0\u00bb use_row_as_full_screen_section=\u00a0\u00bbno\u00a0\u00bb type=\u00a0\u00bbfull_width\u00a0\u00bb angled_section=\u00a0\u00bbno\u00a0\u00bb text_align=\u00a0\u00bbleft\u00a0\u00bb background_image_as_pattern=\u00a0\u00bbwithout_pattern\u00a0\u00bb][vc_column width=\u00a0\u00bb1\/2&Prime;][vc_column_text css=\u00a0\u00bb\u00a0\u00bb] \u00c0 PROPOS DE NOUS Nous croyons dans une beaut\u00e9 accessible \u00e0 tous, d\u00e9mocratique, dynamique et en&#8230;<\/p>\n","protected":false},"author":2,"featured_media":0,"parent":0,"menu_order":0,"comment_status":"closed","ping_status":"closed","template":"","meta":{"footnotes":""},"class_list":["post-18393","page","type-page","status-publish","hentry"],"yoast_head":"<!-- This site is optimized with the Yoast SEO plugin v26.8 - https:\/\/yoast.com\/product\/yoast-seo-wordpress\/ -->\n<title>Koster Comprof - Contacts<\/title>\n<meta name=\"description\" content=\"Vous souhaitez poser une question ou demander des informations sur les produits Koster ?\" \/>\n<meta name=\"robots\" content=\"index, follow, max-snippet:-1, max-image-preview:large, max-video-preview:-1\" \/>\n<link rel=\"canonical\" href=\"https:\/\/koster-italia.it\/fr\/contacts\/\" \/>\n<meta property=\"og:locale\" content=\"fr_FR\" \/>\n<meta property=\"og:type\" content=\"article\" \/>\n<meta property=\"og:title\" content=\"Koster Comprof - Contacts\" \/>\n<meta property=\"og:description\" content=\"Vous souhaitez poser une question ou demander des informations sur les produits Koster ?\" \/>\n<meta property=\"og:url\" content=\"https:\/\/koster-italia.it\/fr\/contacts\/\" \/>\n<meta property=\"og:site_name\" content=\"Koster Italia\" \/>\n<meta property=\"article:modified_time\" content=\"2026-04-09T13:58:29+00:00\" \/>\n<meta name=\"twitter:card\" content=\"summary_large_image\" \/>\n<meta name=\"twitter:label1\" content=\"Dur\u00e9e de lecture estim\u00e9e\" \/>\n\t<meta name=\"twitter:data1\" content=\"2 minutes\" \/>\n<script type=\"application\/ld+json\" class=\"yoast-schema-graph\">{\"@context\":\"https:\/\/schema.org\",\"@graph\":[{\"@type\":\"WebPage\",\"@id\":\"https:\/\/koster-italia.it\/fr\/contacts\/\",\"url\":\"https:\/\/koster-italia.it\/fr\/contacts\/\",\"name\":\"Koster Comprof - Contacts\",\"isPartOf\":{\"@id\":\"https:\/\/koster-italia.it\/fr\/#website\"},\"datePublished\":\"2016-03-31T09:58:55+00:00\",\"dateModified\":\"2026-04-09T13:58:29+00:00\",\"description\":\"Vous souhaitez poser une question ou demander des informations sur les produits Koster ?\",\"breadcrumb\":{\"@id\":\"https:\/\/koster-italia.it\/fr\/contacts\/#breadcrumb\"},\"inLanguage\":\"fr-FR\",\"potentialAction\":[{\"@type\":\"ReadAction\",\"target\":[\"https:\/\/koster-italia.it\/fr\/contacts\/\"]}]},{\"@type\":\"BreadcrumbList\",\"@id\":\"https:\/\/koster-italia.it\/fr\/contacts\/#breadcrumb\",\"itemListElement\":[{\"@type\":\"ListItem\",\"position\":1,\"name\":\"Home\",\"item\":\"https:\/\/koster-italia.it\/fr\/\"},{\"@type\":\"ListItem\",\"position\":2,\"name\":\"Contacts\"}]},{\"@type\":\"WebSite\",\"@id\":\"https:\/\/koster-italia.it\/fr\/#website\",\"url\":\"https:\/\/koster-italia.it\/fr\/\",\"name\":\"Koster Italia\",\"description\":\"Prodotti professionali per parrucchieri\",\"potentialAction\":[{\"@type\":\"SearchAction\",\"target\":{\"@type\":\"EntryPoint\",\"urlTemplate\":\"https:\/\/koster-italia.it\/fr\/?s={search_term_string}\"},\"query-input\":{\"@type\":\"PropertyValueSpecification\",\"valueRequired\":true,\"valueName\":\"search_term_string\"}}],\"inLanguage\":\"fr-FR\"}]}<\/script>\n<!-- \/ Yoast SEO plugin. -->","yoast_head_json":{"title":"Koster Comprof - Contacts","description":"Vous souhaitez poser une question ou demander des informations sur les produits Koster ?","robots":{"index":"index","follow":"follow","max-snippet":"max-snippet:-1","max-image-preview":"max-image-preview:large","max-video-preview":"max-video-preview:-1"},"canonical":"https:\/\/koster-italia.it\/fr\/contacts\/","og_locale":"fr_FR","og_type":"article","og_title":"Koster Comprof - Contacts","og_description":"Vous souhaitez poser une question ou demander des informations sur les produits Koster ?","og_url":"https:\/\/koster-italia.it\/fr\/contacts\/","og_site_name":"Koster Italia","article_modified_time":"2026-04-09T13:58:29+00:00","twitter_card":"summary_large_image","twitter_misc":{"Dur\u00e9e de lecture estim\u00e9e":"2 minutes"},"schema":{"@context":"https:\/\/schema.org","@graph":[{"@type":"WebPage","@id":"https:\/\/koster-italia.it\/fr\/contacts\/","url":"https:\/\/koster-italia.it\/fr\/contacts\/","name":"Koster Comprof - Contacts","isPartOf":{"@id":"https:\/\/koster-italia.it\/fr\/#website"},"datePublished":"2016-03-31T09:58:55+00:00","dateModified":"2026-04-09T13:58:29+00:00","description":"Vous souhaitez poser une question ou demander des informations sur les produits Koster ?","breadcrumb":{"@id":"https:\/\/koster-italia.it\/fr\/contacts\/#breadcrumb"},"inLanguage":"fr-FR","potentialAction":[{"@type":"ReadAction","target":["https:\/\/koster-italia.it\/fr\/contacts\/"]}]},{"@type":"BreadcrumbList","@id":"https:\/\/koster-italia.it\/fr\/contacts\/#breadcrumb","itemListElement":[{"@type":"ListItem","position":1,"name":"Home","item":"https:\/\/koster-italia.it\/fr\/"},{"@type":"ListItem","position":2,"name":"Contacts"}]},{"@type":"WebSite","@id":"https:\/\/koster-italia.it\/fr\/#website","url":"https:\/\/koster-italia.it\/fr\/","name":"Koster Italia","description":"Prodotti professionali per parrucchieri","potentialAction":[{"@type":"SearchAction","target":{"@type":"EntryPoint","urlTemplate":"https:\/\/koster-italia.it\/fr\/?s={search_term_string}"},"query-input":{"@type":"PropertyValueSpecification","valueRequired":true,"valueName":"search_term_string"}}],"inLanguage":"fr-FR"}]}},"_links":{"self":[{"href":"https:\/\/koster-italia.it\/fr\/wp-json\/wp\/v2\/pages\/18393","targetHints":{"allow":["GET"]}}],"collection":[{"href":"https:\/\/koster-italia.it\/fr\/wp-json\/wp\/v2\/pages"}],"about":[{"href":"https:\/\/koster-italia.it\/fr\/wp-json\/wp\/v2\/types\/page"}],"author":[{"embeddable":true,"href":"https:\/\/koster-italia.it\/fr\/wp-json\/wp\/v2\/users\/2"}],"replies":[{"embeddable":true,"href":"https:\/\/koster-italia.it\/fr\/wp-json\/wp\/v2\/comments?post=18393"}],"version-history":[{"count":1,"href":"https:\/\/koster-italia.it\/fr\/wp-json\/wp\/v2\/pages\/18393\/revisions"}],"predecessor-version":[{"id":21564,"href":"https:\/\/koster-italia.it\/fr\/wp-json\/wp\/v2\/pages\/18393\/revisions\/21564"}],"wp:attachment":[{"href":"https:\/\/koster-italia.it\/fr\/wp-json\/wp\/v2\/media?parent=18393"}],"curies":[{"name":"wp","href":"https:\/\/api.w.org\/{rel}","templated":true}]}}